{"id":820,"date":"2025-11-03T08:14:41","date_gmt":"2025-11-03T08:14:41","guid":{"rendered":"https:\/\/www.cxjsmartcard.com\/?post_type=product&#038;p=820"},"modified":"2025-12-29T01:27:09","modified_gmt":"2025-12-29T01:27:09","slug":"uhf-rfid-textile-label-for-apparel-tracking","status":"publish","type":"product","link":"https:\/\/www.cxjsmartcard.com\/tr\/uhf-rfid-textile-label-for-apparel-tracking\/","title":{"rendered":"Giyim Takibi i\u00e7in UHF RFID Tekstil Etiketi"},"content":{"rendered":"<p data-start=\"55\" data-end=\"315\">H\u0131zl\u0131 ve do\u011fru giysi takibi i\u00e7in g\u00f6m\u00fcl\u00fc EPC Gen2 ek par\u00e7alar\u0131na sahip yumu\u015fak, y\u0131kanabilir UHF tekstil etiketleri. Dikilebilir veya \u00fct\u00fcyle yap\u0131\u015ft\u0131r\u0131labilir yap\u0131s\u0131, stok say\u0131mlar\u0131, \u00e7ama\u015f\u0131r al\u0131m\u0131 ve da\u011f\u0131t\u0131m\u0131 s\u0131ras\u0131nda toplu okumalar\u0131 destekleyerek g\u00f6r\u00fcn\u00fcrl\u00fc\u011f\u00fc art\u0131r\u0131r ve kayb\u0131 azalt\u0131r.<\/p>\n<p data-start=\"317\" data-end=\"335\"><strong data-start=\"317\" data-end=\"333\">Temel Faydalar<\/strong><\/p>\n<ul data-start=\"336\" data-end=\"662\">\n<li data-start=\"336\" data-end=\"407\">\n<p data-start=\"338\" data-end=\"407\"><strong data-start=\"338\" data-end=\"358\">H\u0131zl\u0131 \u00e7oklu okuma:<\/strong> H\u0131zl\u0131 toplu tarama i\u00e7in 1\u201310 m okuma mesafesi.<\/p>\n<\/li>\n<li data-start=\"408\" data-end=\"500\">\n<p data-start=\"410\" data-end=\"500\"><strong data-start=\"410\" data-end=\"429\">Yumu\u015fak ve dayan\u0131kl\u0131:<\/strong> Giyimde rahatt\u0131r; y\u0131kamaya, \u00fct\u00fclemeye ve kuru temizlemeye dayan\u0131kl\u0131d\u0131r.<\/p>\n<\/li>\n<li data-start=\"501\" data-end=\"579\">\n<p data-start=\"503\" data-end=\"579\"><strong data-start=\"503\" data-end=\"523\">Standartlara dayal\u0131:<\/strong> UHF 860\u2013960 MHz, ISO\/IEC 18000-6C (EPC S\u0131n\u0131f 1 Gen2).<\/p>\n<\/li>\n<li data-start=\"580\" data-end=\"662\">\n<p data-start=\"582\" data-end=\"662\"><strong data-start=\"582\" data-end=\"598\">Markaya haz\u0131r:<\/strong> \u00d6zel boyutlar, malzemeler, sanat eseri ve tam bask\u0131\/kodlama.<\/p>\n<\/li>\n<\/ul>\n<p data-start=\"664\" data-end=\"809\"><strong data-start=\"664\" data-end=\"680\">Uygulamalar<\/strong><br data-start=\"680\" data-end=\"683\" \/>Perakende envanteri ve d\u00f6ng\u00fc say\u0131mlar\u0131 \u2022 Giyim\/konfeksiyon takibi \u2022 \u00c7ama\u015f\u0131rhane ve \u00fcniforma programlar\u0131 \u2022 Ayakkab\u0131 ve tekstil tedarik zinciri.<\/p>\n<p data-start=\"811\" data-end=\"1039\"><strong data-start=\"811\" data-end=\"834\">Se\u00e7enekler ve Sonland\u0131rma<\/strong><br data-start=\"834\" data-end=\"837\" \/>Malzemeler: polyester, saten, pamuk, PET, dokusuz kuma\u015f \u2022 Boyutlar: 60\u00d730 mm, 80\u00d738 mm veya \u00f6zel \u2022 \u00c7ipler: NXP UCODE 8\/9; Impinj Monza R6\/R6-P \u2022 Bask\u0131\/kodlama: logo, seri\/UID, barkod, QR, de\u011fi\u015fken veri.<\/p>\n<h2 data-start=\"1041\" data-end=\"1066\">Tablo (\u00d6zellikler)<\/h2>\n<div class=\"_tableContainer_1rjym_1\">\n<div class=\"group _tableWrapper_1rjym_13 flex w-fit flex-col-reverse\" tabindex=\"-1\">\n<table class=\"w-fit min-w-(--thread-content-width)\" data-start=\"1068\" data-end=\"2897\">\n<thead data-start=\"1068\" data-end=\"1189\">\n<tr data-start=\"1068\" data-end=\"1189\">\n<th data-start=\"1068\" data-end=\"1090\" data-col-size=\"sm\">Kategori<\/th>\n<th data-start=\"1090\" data-end=\"1116\" data-col-size=\"sm\">Parametre<\/th>\n<th data-start=\"1116\" data-end=\"1189\" data-col-size=\"md\">De\u011fer<\/th>\n<\/tr>\n<\/thead>\n<tbody data-start=\"1312\" data-end=\"2897\">\n<tr data-start=\"1312\" data-end=\"1432\">\n<td data-start=\"1312\" data-end=\"1334\" data-col-size=\"sm\">\u00dcr\u00fcn<\/td>\n<td data-col-size=\"sm\" data-start=\"1334\" data-end=\"1360\">Tip<\/td>\n<td data-col-size=\"md\" data-start=\"1360\" data-end=\"1432\">UHF RFID y\u0131kama bak\u0131m\u0131 \/ tekstil etiketi<\/td>\n<\/tr>\n<tr data-start=\"1433\" data-end=\"1554\">\n<td data-start=\"1433\" data-end=\"1455\" data-col-size=\"sm\">RFID<\/td>\n<td data-col-size=\"sm\" data-start=\"1455\" data-end=\"1481\">Protokol<\/td>\n<td data-col-size=\"md\" data-start=\"1481\" data-end=\"1554\">ISO\/IEC 18000-6C, EPC S\u0131n\u0131f 1 Gen 2<\/td>\n<\/tr>\n<tr data-start=\"1555\" data-end=\"1676\">\n<td data-start=\"1555\" data-end=\"1577\" data-col-size=\"sm\"><\/td>\n<td data-col-size=\"sm\" data-start=\"1577\" data-end=\"1603\">S\u0131kl\u0131k<\/td>\n<td data-col-size=\"md\" data-start=\"1603\" data-end=\"1676\">860\u2013960 MHz<\/td>\n<\/tr>\n<tr data-start=\"1677\" data-end=\"1798\">\n<td data-start=\"1677\" data-end=\"1699\" data-col-size=\"sm\">IC Se\u00e7enekleri<\/td>\n<td data-col-size=\"sm\" data-start=\"1699\" data-end=\"1725\">\u00c7ip Modelleri<\/td>\n<td data-col-size=\"md\" data-start=\"1725\" data-end=\"1798\">NXP UCODE 8 \/ UCODE 9; Impinj Monza R6 \/ R6-P<\/td>\n<\/tr>\n<tr data-start=\"1799\" data-end=\"1920\">\n<td data-start=\"1799\" data-end=\"1821\" data-col-size=\"sm\">Haf\u0131za<\/td>\n<td data-col-size=\"sm\" data-start=\"1821\" data-end=\"1847\">EPC \/ Kullan\u0131c\u0131 \/ TID<\/td>\n<td data-col-size=\"md\" data-start=\"1847\" data-end=\"1920\">EPC 96\u2013496 bit (yap\u0131land\u0131r\u0131labilir) \/ Kullan\u0131c\u0131 iste\u011fe ba\u011fl\u0131 \/ TID 96 bit<\/td>\n<\/tr>\n<tr data-start=\"1921\" data-end=\"2042\">\n<td data-start=\"1921\" data-end=\"1943\" data-col-size=\"sm\">Performans<\/td>\n<td data-col-size=\"sm\" data-start=\"1943\" data-end=\"1969\">Okuma Mesafesi<\/td>\n<td data-col-size=\"md\" data-start=\"1969\" data-end=\"2042\">1\u201310 m (okuyucuya\/ortama ba\u011fl\u0131)<\/td>\n<\/tr>\n<tr data-start=\"2043\" data-end=\"2165\">\n<td data-start=\"2043\" data-end=\"2065\" data-col-size=\"sm\">Yap\u0131<\/td>\n<td data-col-size=\"sm\" data-start=\"2065\" data-end=\"2091\">Malzemeler<\/td>\n<td data-col-size=\"md\" data-start=\"2091\" data-end=\"2165\">Polyester, saten, pamuk, PET, dokusuz kuma\u015f<\/td>\n<\/tr>\n<tr data-start=\"2166\" data-end=\"2287\">\n<td data-start=\"2166\" data-end=\"2188\" data-col-size=\"sm\">Boyutlar<\/td>\n<td data-col-size=\"sm\" data-start=\"2188\" data-end=\"2214\">Standart Boyutlar<\/td>\n<td data-col-size=\"md\" data-start=\"2214\" data-end=\"2287\">60\u00d730 mm; 80\u00d738 mm; \u00f6zel \u00f6l\u00e7\u00fc mevcuttur<\/td>\n<\/tr>\n<tr data-start=\"2288\" data-end=\"2409\">\n<td data-start=\"2288\" data-end=\"2310\" data-col-size=\"sm\">Entegrasyon<\/td>\n<td data-col-size=\"sm\" data-start=\"2310\" data-end=\"2336\">Ba\u011flanma Y\u00f6ntemleri<\/td>\n<td data-col-size=\"md\" data-start=\"2336\" data-end=\"2409\">Dikilebilir veya \u00fct\u00fclenebilir<\/td>\n<\/tr>\n<tr data-start=\"2410\" data-end=\"2531\">\n<td data-start=\"2410\" data-end=\"2432\" data-col-size=\"sm\">Bask\u0131 ve Veri<\/td>\n<td data-col-size=\"sm\" data-start=\"2432\" data-end=\"2458\">Ki\u015fiselle\u015ftirme<\/td>\n<td data-col-size=\"md\" data-start=\"2458\" data-end=\"2531\">Logo, seri\/UID, barkod, QR, de\u011fi\u015fken veri; \u00f6n kodlama desteklenir<\/td>\n<\/tr>\n<tr data-start=\"2532\" data-end=\"2653\">\n<td data-start=\"2532\" data-end=\"2554\" data-col-size=\"sm\">Dayan\u0131kl\u0131l\u0131k<\/td>\n<td data-col-size=\"sm\" data-start=\"2554\" data-end=\"2580\">Proses Direnci<\/td>\n<td data-col-size=\"md\" data-start=\"2580\" data-end=\"2653\">Y\u0131kanabilir; \u00fct\u00fclenebilir ve kuru temizlemeye dayan\u0131kl\u0131d\u0131r<\/td>\n<\/tr>\n<tr data-start=\"2654\" data-end=\"2775\">\n<td data-start=\"2654\" data-end=\"2676\" data-col-size=\"sm\">Ya\u015fam d\u00f6ng\u00fcs\u00fc<\/td>\n<td data-col-size=\"sm\" data-start=\"2676\" data-end=\"2702\">IC Dayan\u0131kl\u0131l\u0131k \/ Tutma<\/td>\n<td data-col-size=\"md\" data-start=\"2702\" data-end=\"2775\">100.000 programlama d\u00f6ng\u00fcs\u00fc; 10 y\u0131ll\u0131k veri saklama<\/td>\n<\/tr>\n<tr data-start=\"2776\" data-end=\"2897\">\n<td data-start=\"2776\" data-end=\"2798\" data-col-size=\"sm\">Kullan\u0131m \u00d6rnekleri<\/td>\n<td data-start=\"2798\" data-end=\"2824\" data-col-size=\"sm\">Tipik Uygulamalar<\/td>\n<td data-col-size=\"md\" data-start=\"2824\" data-end=\"2897\">Giyim takibi, perakende envanteri, tedarik zinciri, ayakkab\u0131\/tekstil<\/td>\n<\/tr>\n<\/tbody>\n<\/table>\n<\/div>\n<\/div>","protected":false},"excerpt":{"rendered":"<p>Giyim i\u00e7in yumu\u015fak, y\u0131kanabilir UHF RFID tekstil etiketleri\u20141\u201310 m toplu okuma, EPC Gen2 uyumlu, \u00f6zel malzeme, boyut, bask\u0131 ve kodlama ile dikilebilir veya \u00fct\u00fclenebilir.<\/p>","protected":false},"featured_media":821,"template":"","meta":{"_gspb_post_css":""},"product_brand":[],"product_cat":[22],"product_tag":[],"class_list":{"0":"post-820","1":"product","2":"type-product","3":"status-publish","4":"has-post-thumbnail","6":"product_cat-rfid-wash-care-labels","8":"first","9":"instock","10":"shipping-taxable","11":"purchasable","12":"product-type-simple"},"_links":{"self":[{"href":"https:\/\/www.cxjsmartcard.com\/tr\/wp-json\/wp\/v2\/product\/820","targetHints":{"allow":["GET"]}}],"collection":[{"href":"https:\/\/www.cxjsmartcard.com\/tr\/wp-json\/wp\/v2\/product"}],"about":[{"href":"https:\/\/www.cxjsmartcard.com\/tr\/wp-json\/wp\/v2\/types\/product"}],"wp:featuredmedia":[{"embeddable":true,"href":"https:\/\/www.cxjsmartcard.com\/tr\/wp-json\/wp\/v2\/media\/821"}],"wp:attachment":[{"href":"https:\/\/www.cxjsmartcard.com\/tr\/wp-json\/wp\/v2\/media?parent=820"}],"wp:term":[{"taxonomy":"product_brand","embeddable":true,"href":"https:\/\/www.cxjsmartcard.com\/tr\/wp-json\/wp\/v2\/product_brand?post=820"},{"taxonomy":"product_cat","embeddable":true,"href":"https:\/\/www.cxjsmartcard.com\/tr\/wp-json\/wp\/v2\/product_cat?post=820"},{"taxonomy":"product_tag","embeddable":true,"href":"https:\/\/www.cxjsmartcard.com\/tr\/wp-json\/wp\/v2\/product_tag?post=820"}],"curies":[{"name":"wp","href":"https:\/\/api.w.org\/{rel}","templated":true}]}}