{"id":815,"date":"2025-11-03T08:03:51","date_gmt":"2025-11-03T08:03:51","guid":{"rendered":"https:\/\/www.cxjsmartcard.com\/?post_type=product&#038;p=815"},"modified":"2025-12-29T01:27:09","modified_gmt":"2025-12-29T01:27:09","slug":"ribbon-satin-garment-uhf-rfid-wash-care-label-tag","status":"publish","type":"product","link":"https:\/\/www.cxjsmartcard.com\/tr\/ribbon-satin-garment-uhf-rfid-wash-care-label-tag\/","title":{"rendered":"Kurdele Saten Giysi UHF RFID Y\u0131kama Bak\u0131m Etiketi"},"content":{"rendered":"<p data-start=\"61\" data-end=\"309\">UHF RFID bak\u0131m etiketleri, ger\u00e7ek zamanl\u0131 envanter g\u00f6r\u00fcn\u00fcrl\u00fc\u011f\u00fc i\u00e7in y\u0131kanabilir giysi etiketlerine EPC Gen2 teknolojisini entegre eder. End\u00fcstriyel y\u0131kama, \u00fct\u00fcleme ve g\u00fcnl\u00fck kullan\u0131m i\u00e7in \u00fcretilen bu etiketler, \u00e7ekmeyi azalt\u0131r, stok t\u00fckenmesini \u00f6nler ve manuel say\u0131m\u0131 ortadan kald\u0131r\u0131r.<\/p>\n<p data-start=\"311\" data-end=\"329\"><strong data-start=\"311\" data-end=\"327\">Temel \u00d6zellikler<\/strong><\/p>\n<ul data-start=\"330\" data-end=\"1000\">\n<li data-start=\"330\" data-end=\"408\">\n<p data-start=\"332\" data-end=\"408\"><strong data-start=\"332\" data-end=\"346\">Malzemeler:<\/strong> Polyester, saten, kompozisyon etiketi, pamuk, dokusuz kuma\u015f, PET<\/p>\n<\/li>\n<li data-start=\"409\" data-end=\"461\">\n<p data-start=\"411\" data-end=\"461\"><strong data-start=\"411\" data-end=\"421\">Boyutlar:<\/strong> 80 \u00d7 38 mm, 60 \u00d7 30 mm veya \u00f6zelle\u015ftirilmi\u015f<\/p>\n<\/li>\n<li data-start=\"462\" data-end=\"492\">\n<p data-start=\"464\" data-end=\"492\"><strong data-start=\"464\" data-end=\"473\">Tip:<\/strong> Pasif UHF RFID<\/p>\n<\/li>\n<li data-start=\"493\" data-end=\"566\">\n<p data-start=\"495\" data-end=\"566\"><strong data-start=\"495\" data-end=\"518\">Protokol\/S\u0131kl\u0131k:<\/strong> ISO 18000-6C \/ EPC S\u0131n\u0131f 1 Nesil 2; 860\u2013960 MHz<\/p>\n<\/li>\n<li data-start=\"567\" data-end=\"623\">\n<p data-start=\"569\" data-end=\"623\"><strong data-start=\"569\" data-end=\"579\">Cipsler:<\/strong> Impinj Monza R6\/R6-P; NXP UCODE 8\/UCODE 9<\/p>\n<\/li>\n<li data-start=\"624\" data-end=\"680\">\n<p data-start=\"626\" data-end=\"680\"><strong data-start=\"626\" data-end=\"644\">Okuma Mesafesi:<\/strong> 1\u201310 m (okuyucu\/antene ba\u011fl\u0131)<\/p>\n<\/li>\n<li data-start=\"681\" data-end=\"718\">\n<p data-start=\"683\" data-end=\"718\"><strong data-start=\"683\" data-end=\"698\">EK:<\/strong> Dikilebilir veya \u00fct\u00fclenebilir<\/p>\n<\/li>\n<li data-start=\"719\" data-end=\"780\">\n<p data-start=\"721\" data-end=\"780\"><strong data-start=\"721\" data-end=\"741\">Bask\u0131 ve Veri:<\/strong> \u00d6zel sanat eseri, seri\/UID, kodlama<\/p>\n<\/li>\n<li data-start=\"781\" data-end=\"853\">\n<p data-start=\"783\" data-end=\"853\"><strong data-start=\"783\" data-end=\"800\">IC Dayan\u0131kl\u0131l\u0131\u011f\u0131:<\/strong> 100.000 programlama d\u00f6ng\u00fcs\u00fc; 10 y\u0131ll\u0131k veri saklama<\/p>\n<\/li>\n<li data-start=\"854\" data-end=\"904\">\n<p data-start=\"856\" data-end=\"904\"><strong data-start=\"856\" data-end=\"868\">\u00d6rnekler:<\/strong> Talep \u00fczerine \u00fccretsiz numuneler mevcuttur<\/p>\n<\/li>\n<li data-start=\"905\" data-end=\"1000\">\n<p data-start=\"907\" data-end=\"1000\"><strong data-start=\"907\" data-end=\"924\">Uygulamalar:<\/strong> Envanter y\u00f6netimi, tedarik zinciri, perakende; giyim, \u00e7anta, ayakkab\u0131<\/p>\n<\/li>\n<\/ul>\n<h2 data-start=\"1002\" data-end=\"1027\">Tablo (\u00d6zellikler)<\/h2>\n<div class=\"_tableContainer_1rjym_1\">\n<div class=\"group _tableWrapper_1rjym_13 flex w-fit flex-col-reverse\" tabindex=\"-1\">\n<table class=\"w-fit min-w-(--thread-content-width)\" data-start=\"1029\" data-end=\"2619\">\n<thead data-start=\"1029\" data-end=\"1128\">\n<tr data-start=\"1029\" data-end=\"1128\">\n<th data-start=\"1029\" data-end=\"1051\" data-col-size=\"sm\">Kategori<\/th>\n<th data-start=\"1051\" data-end=\"1072\" data-col-size=\"sm\">Parametre<\/th>\n<th data-start=\"1072\" data-end=\"1128\" data-col-size=\"md\">De\u011fer<\/th>\n<\/tr>\n<\/thead>\n<tbody data-start=\"1228\" data-end=\"2619\">\n<tr data-start=\"1228\" data-end=\"1326\">\n<td data-start=\"1228\" data-end=\"1249\" data-col-size=\"sm\">\u00dcr\u00fcn<\/td>\n<td data-start=\"1249\" data-end=\"1270\" data-col-size=\"sm\">\u0130sim<\/td>\n<td data-col-size=\"md\" data-start=\"1270\" data-end=\"1326\">RFID Bak\u0131m Etiketi<\/td>\n<\/tr>\n<tr data-start=\"1327\" data-end=\"1431\">\n<td data-start=\"1327\" data-end=\"1348\" data-col-size=\"sm\">Yap\u0131<\/td>\n<td data-col-size=\"sm\" data-start=\"1348\" data-end=\"1369\">Malzemeler<\/td>\n<td data-col-size=\"md\" data-start=\"1369\" data-end=\"1431\">Polyester \/ Saten \/ Kompozisyon \/ Pamuk \/ Dokumas\u0131z \/ PET<\/td>\n<\/tr>\n<tr data-start=\"1432\" data-end=\"1530\">\n<td data-start=\"1432\" data-end=\"1453\" data-col-size=\"sm\">Boyutlar<\/td>\n<td data-col-size=\"sm\" data-start=\"1453\" data-end=\"1474\">Standart Boyutlar<\/td>\n<td data-col-size=\"md\" data-start=\"1474\" data-end=\"1530\">80 \u00d7 38 mm; 60 \u00d7 30 mm; \u00f6zel<\/td>\n<\/tr>\n<tr data-start=\"1531\" data-end=\"1629\">\n<td data-start=\"1531\" data-end=\"1552\" data-col-size=\"sm\">RFID<\/td>\n<td data-col-size=\"sm\" data-start=\"1552\" data-end=\"1573\">Tip<\/td>\n<td data-col-size=\"md\" data-start=\"1573\" data-end=\"1629\">Pasif UHF<\/td>\n<\/tr>\n<tr data-start=\"1630\" data-end=\"1728\">\n<td data-start=\"1630\" data-end=\"1651\" data-col-size=\"sm\"><\/td>\n<td data-col-size=\"sm\" data-start=\"1651\" data-end=\"1672\">Protokol<\/td>\n<td data-col-size=\"md\" data-start=\"1672\" data-end=\"1728\">ISO 18000-6C; EPC S\u0131n\u0131f 1 Nesil 2<\/td>\n<\/tr>\n<tr data-start=\"1729\" data-end=\"1827\">\n<td data-start=\"1729\" data-end=\"1750\" data-col-size=\"sm\"><\/td>\n<td data-col-size=\"sm\" data-start=\"1750\" data-end=\"1771\">S\u0131kl\u0131k<\/td>\n<td data-col-size=\"md\" data-start=\"1771\" data-end=\"1827\">860\u2013960 MHz<\/td>\n<\/tr>\n<tr data-start=\"1828\" data-end=\"1926\">\n<td data-start=\"1828\" data-end=\"1849\" data-col-size=\"sm\">IC Se\u00e7enekleri<\/td>\n<td data-col-size=\"sm\" data-start=\"1849\" data-end=\"1870\">Cipsler<\/td>\n<td data-col-size=\"md\" data-start=\"1870\" data-end=\"1926\">Impinj Monza R6 \/ R6-P; NXP UCODE 8 \/ UCODE 9<\/td>\n<\/tr>\n<tr data-start=\"1927\" data-end=\"2025\">\n<td data-start=\"1927\" data-end=\"1948\" data-col-size=\"sm\">Performans<\/td>\n<td data-col-size=\"sm\" data-start=\"1948\" data-end=\"1969\">Okuma Mesafesi<\/td>\n<td data-col-size=\"md\" data-start=\"1969\" data-end=\"2025\">1\u201310 m (okuyucuya ve antene ba\u011fl\u0131)<\/td>\n<\/tr>\n<tr data-start=\"2026\" data-end=\"2124\">\n<td data-start=\"2026\" data-end=\"2047\" data-col-size=\"sm\">Kurulum<\/td>\n<td data-col-size=\"sm\" data-start=\"2047\" data-end=\"2068\">Sabitleme Y\u00f6ntemi<\/td>\n<td data-col-size=\"md\" data-start=\"2068\" data-end=\"2124\">Diki\u015f veya \u00fct\u00fcleme<\/td>\n<\/tr>\n<tr data-start=\"2125\" data-end=\"2223\">\n<td data-start=\"2125\" data-end=\"2146\" data-col-size=\"sm\">Ki\u015fiselle\u015ftirme<\/td>\n<td data-start=\"2146\" data-end=\"2167\" data-col-size=\"sm\">Yazd\u0131rma\/Kodlama<\/td>\n<td data-col-size=\"md\" data-start=\"2167\" data-end=\"2223\">Yazd\u0131rma, seri\/UID, tasar\u0131m, veri kodlama<\/td>\n<\/tr>\n<tr data-start=\"2224\" data-end=\"2322\">\n<td data-start=\"2224\" data-end=\"2245\" data-col-size=\"sm\">Dayan\u0131kl\u0131l\u0131k<\/td>\n<td data-start=\"2245\" data-end=\"2266\" data-col-size=\"sm\">Programlama D\u00f6ng\u00fcleri<\/td>\n<td data-col-size=\"md\" data-start=\"2266\" data-end=\"2322\">100,000<\/td>\n<\/tr>\n<tr data-start=\"2323\" data-end=\"2421\">\n<td data-start=\"2323\" data-end=\"2344\" data-col-size=\"sm\">Veri<\/td>\n<td data-col-size=\"sm\" data-start=\"2344\" data-end=\"2365\">Tutulma<\/td>\n<td data-col-size=\"md\" data-start=\"2365\" data-end=\"2421\">10 y\u0131l<\/td>\n<\/tr>\n<tr data-start=\"2422\" data-end=\"2520\">\n<td data-start=\"2422\" data-end=\"2443\" data-col-size=\"sm\">\u00d6rnekleme<\/td>\n<td data-col-size=\"sm\" data-start=\"2443\" data-end=\"2464\">Kullan\u0131labilirlik<\/td>\n<td data-col-size=\"md\" data-start=\"2464\" data-end=\"2520\">\u00dccretsiz numuneler mevcuttur<\/td>\n<\/tr>\n<tr data-start=\"2521\" data-end=\"2619\">\n<td data-start=\"2521\" data-end=\"2542\" data-col-size=\"sm\">Kullan\u0131m \u00d6rnekleri<\/td>\n<td data-col-size=\"sm\" data-start=\"2542\" data-end=\"2563\">Uygulamalar<\/td>\n<td data-col-size=\"md\" data-start=\"2563\" data-end=\"2619\">Envanter, tedarik zinciri, perakende; giyim\/\u00e7anta\/ayakkab\u0131<\/td>\n<\/tr>\n<\/tbody>\n<\/table>\n<\/div>\n<\/div>","protected":false},"excerpt":{"rendered":"<p>Giysiler i\u00e7in saten\/polyesterden yap\u0131lm\u0131\u015f y\u0131kanabilir UHF RFID bak\u0131m etiketleri\u20141\u201310 m okuma aral\u0131\u011f\u0131, ISO 18000-6C EPC Gen2, dikilebilir veya \u00fct\u00fclenebilir, \u00f6zelle\u015ftirilebilir bask\u0131 ve kodlama.<\/p>","protected":false},"featured_media":816,"template":"","meta":{"_gspb_post_css":""},"product_brand":[],"product_cat":[22],"product_tag":[],"class_list":{"0":"post-815","1":"product","2":"type-product","3":"status-publish","4":"has-post-thumbnail","6":"product_cat-rfid-wash-care-labels","8":"first","9":"instock","10":"shipping-taxable","11":"purchasable","12":"product-type-simple"},"_links":{"self":[{"href":"https:\/\/www.cxjsmartcard.com\/tr\/wp-json\/wp\/v2\/product\/815","targetHints":{"allow":["GET"]}}],"collection":[{"href":"https:\/\/www.cxjsmartcard.com\/tr\/wp-json\/wp\/v2\/product"}],"about":[{"href":"https:\/\/www.cxjsmartcard.com\/tr\/wp-json\/wp\/v2\/types\/product"}],"wp:featuredmedia":[{"embeddable":true,"href":"https:\/\/www.cxjsmartcard.com\/tr\/wp-json\/wp\/v2\/media\/816"}],"wp:attachment":[{"href":"https:\/\/www.cxjsmartcard.com\/tr\/wp-json\/wp\/v2\/media?parent=815"}],"wp:term":[{"taxonomy":"product_brand","embeddable":true,"href":"https:\/\/www.cxjsmartcard.com\/tr\/wp-json\/wp\/v2\/product_brand?post=815"},{"taxonomy":"product_cat","embeddable":true,"href":"https:\/\/www.cxjsmartcard.com\/tr\/wp-json\/wp\/v2\/product_cat?post=815"},{"taxonomy":"product_tag","embeddable":true,"href":"https:\/\/www.cxjsmartcard.com\/tr\/wp-json\/wp\/v2\/product_tag?post=815"}],"curies":[{"name":"wp","href":"https:\/\/api.w.org\/{rel}","templated":true}]}}