{"id":811,"date":"2025-11-03T08:01:29","date_gmt":"2025-11-03T08:01:29","guid":{"rendered":"https:\/\/www.cxjsmartcard.com\/?post_type=product&#038;p=811"},"modified":"2025-12-29T01:27:09","modified_gmt":"2025-12-29T01:27:09","slug":"nylon-woven-uhf-rfid-wash-care-label-tags","status":"publish","type":"product","link":"https:\/\/www.cxjsmartcard.com\/tr\/nylon-woven-uhf-rfid-wash-care-label-tags\/","title":{"rendered":"Naylon Dokuma UHF RFID Y\u0131kama Bak\u0131m Etiketi Etiketleri"},"content":{"rendered":"<p data-start=\"53\" data-end=\"357\">Naylon dokuma UHF y\u0131kama bak\u0131m etiketleri, standart kuma\u015f etiketlerine benzer g\u00f6r\u00fcn\u00fcm ve his sunar; ancak h\u0131zl\u0131, \u00e7ok okunabilir giysi takibi i\u00e7in bir EPC Gen2\/UHF ek par\u00e7as\u0131na sahiptir. Dayan\u0131kl\u0131, y\u0131kanabilir ve dikilebilir olan bu etiketler, stok say\u0131mlar\u0131n\u0131, \u00e7ama\u015f\u0131r al\u0131m\u0131n\u0131 ve tedarik zinciri g\u00f6r\u00fcn\u00fcrl\u00fc\u011f\u00fcn\u00fc kolayla\u015ft\u0131r\u0131r.<\/p>\n<p data-start=\"359\" data-end=\"377\"><strong data-start=\"359\" data-end=\"375\">Temel \u00d6zellikler<\/strong><\/p>\n<ul data-start=\"378\" data-end=\"955\">\n<li data-start=\"378\" data-end=\"452\">\n<p data-start=\"380\" data-end=\"452\"><strong data-start=\"380\" data-end=\"400\">UHF performans\u0131:<\/strong> 860\u2013960 MHz; ISO\/IEC 18000-6C (EPC S\u0131n\u0131f 1 Nesil 2)<\/p>\n<\/li>\n<li data-start=\"453\" data-end=\"516\">\n<p data-start=\"455\" data-end=\"516\"><strong data-start=\"455\" data-end=\"465\">Cipsler:<\/strong> NXP UCODE 8\/9, Impinj M4QT, MR6-P (\u00f6zelle\u015ftirilebilir)<\/p>\n<\/li>\n<li data-start=\"517\" data-end=\"603\">\n<p data-start=\"519\" data-end=\"603\"><strong data-start=\"519\" data-end=\"538\">Bellek profili:<\/strong> EPC 96\u2013128 bit; Kullan\u0131c\u0131 0\u2013512 bit; TID 96 bit; Yedek 64 bit<\/p>\n<\/li>\n<li data-start=\"604\" data-end=\"652\">\n<p data-start=\"606\" data-end=\"652\"><strong data-start=\"606\" data-end=\"621\">Okuma aral\u0131\u011f\u0131:<\/strong> 0\u20138 m (etiket\/okuyucuya ba\u011fl\u0131)<\/p>\n<\/li>\n<li data-start=\"653\" data-end=\"721\">\n<p data-start=\"655\" data-end=\"721\"><strong data-start=\"655\" data-end=\"672\">Yap\u0131:<\/strong> Naylon kuma\u015f veya PET y\u00fczey; dikilebilir etiket formatlar\u0131<\/p>\n<\/li>\n<li data-start=\"722\" data-end=\"797\">\n<p data-start=\"724\" data-end=\"797\"><strong data-start=\"724\" data-end=\"738\">Dayan\u0131kl\u0131l\u0131k:<\/strong> 100.000 defaya kadar yeniden yaz\u0131labilir; veri saklama s\u00fcresi &gt;50 y\u0131ld\u0131r<\/p>\n<\/li>\n<li data-start=\"798\" data-end=\"864\">\n<p data-start=\"800\" data-end=\"864\"><strong data-start=\"800\" data-end=\"816\">Etiket boyutlar\u0131:<\/strong> Standart veya \u00f6zel (\u00f6rne\u011fin, 64\u00d721 mm, 81\u00d730 mm)<\/p>\n<\/li>\n<li data-start=\"865\" data-end=\"955\">\n<p data-start=\"867\" data-end=\"955\"><strong data-start=\"867\" data-end=\"891\">Yazd\u0131rma ve kodlama:<\/strong> Termal transfer, serigrafi, veri kodlamal\u0131 di\u011fer se\u00e7enekler<\/p>\n<\/li>\n<\/ul>\n<p data-start=\"957\" data-end=\"1084\"><strong data-start=\"957\" data-end=\"973\">Uygulamalar<\/strong><br data-start=\"973\" data-end=\"976\" \/>Giyim ve ayakkab\u0131 envanteri \u2022 \u00c7ama\u015f\u0131rhane ve tekstil takibi \u2022 Giyim tedarik zinciri ve da\u011f\u0131t\u0131m kontrol\u00fc.<\/p>\n<p data-start=\"1086\" data-end=\"1224\"><strong data-start=\"1086\" data-end=\"1111\">\u00d6zelle\u015ftirme Se\u00e7enekleri<\/strong><br data-start=\"1111\" data-end=\"1114\" \/>\u00c7ip t\u00fcr\u00fc, etiket boyutlar\u0131, y\u00fczey malzemesi (naylon\/PET), sanat eseri (logo\/metin\/seri\/QR) ve tam veri kodlamas\u0131.<\/p>\n<h2 data-start=\"1226\" data-end=\"1251\">Tablo (\u00d6zellikler)<\/h2>\n<div class=\"_tableContainer_1rjym_1\">\n<div class=\"group _tableWrapper_1rjym_13 flex w-fit flex-col-reverse\" tabindex=\"-1\">\n<table class=\"w-fit min-w-(--thread-content-width)\" data-start=\"1253\" data-end=\"3546\">\n<thead data-start=\"1253\" data-end=\"1381\">\n<tr data-start=\"1253\" data-end=\"1381\">\n<th data-start=\"1253\" data-end=\"1275\" data-col-size=\"sm\">Kategori<\/th>\n<th data-start=\"1275\" data-end=\"1298\" data-col-size=\"sm\">Parametre<\/th>\n<th data-start=\"1298\" data-end=\"1381\" data-col-size=\"md\">De\u011fer<\/th>\n<\/tr>\n<\/thead>\n<tbody data-start=\"1510\" data-end=\"3546\">\n<tr data-start=\"1510\" data-end=\"1636\">\n<td data-start=\"1510\" data-end=\"1531\" data-col-size=\"sm\">\u00dcr\u00fcn<\/td>\n<td data-start=\"1531\" data-end=\"1554\" data-col-size=\"sm\">\u0130sim<\/td>\n<td data-col-size=\"md\" data-start=\"1554\" data-end=\"1636\">UHF RFID Y\u0131kama Bak\u0131m Etiketi<\/td>\n<\/tr>\n<tr data-start=\"1637\" data-end=\"1763\">\n<td data-start=\"1637\" data-end=\"1658\" data-col-size=\"sm\">RF<\/td>\n<td data-start=\"1658\" data-end=\"1681\" data-col-size=\"sm\">S\u0131kl\u0131k<\/td>\n<td data-col-size=\"md\" data-start=\"1681\" data-end=\"1763\">860\u2013960 MHz<\/td>\n<\/tr>\n<tr data-start=\"1764\" data-end=\"1890\">\n<td data-start=\"1764\" data-end=\"1785\" data-col-size=\"sm\"><\/td>\n<td data-col-size=\"sm\" data-start=\"1785\" data-end=\"1808\">Protokol<\/td>\n<td data-col-size=\"md\" data-start=\"1808\" data-end=\"1890\">ISO\/IEC 18000-6C, EPC S\u0131n\u0131f 1 Gen 2<\/td>\n<\/tr>\n<tr data-start=\"1891\" data-end=\"2017\">\n<td data-start=\"1891\" data-end=\"1912\" data-col-size=\"sm\">IC Se\u00e7enekleri<\/td>\n<td data-col-size=\"sm\" data-start=\"1912\" data-end=\"1935\">Cipsler<\/td>\n<td data-col-size=\"md\" data-start=\"1935\" data-end=\"2017\">NXP UCODE 8 \/ UCODE 9; Impinj M4QT; MR6-P<\/td>\n<\/tr>\n<tr data-start=\"2018\" data-end=\"2144\">\n<td data-start=\"2018\" data-end=\"2039\" data-col-size=\"sm\">Haf\u0131za<\/td>\n<td data-col-size=\"sm\" data-start=\"2039\" data-end=\"2062\">EPC \/ Kullan\u0131c\u0131 \/ TID<\/td>\n<td data-col-size=\"md\" data-start=\"2062\" data-end=\"2144\">96\u2013128 bit \/ 0\u2013512 bit \/ 96 bit<\/td>\n<\/tr>\n<tr data-start=\"2145\" data-end=\"2272\">\n<td data-start=\"2145\" data-end=\"2166\" data-col-size=\"sm\"><\/td>\n<td data-col-size=\"sm\" data-start=\"2166\" data-end=\"2189\">Rezerv<\/td>\n<td data-col-size=\"md\" data-start=\"2189\" data-end=\"2272\">64 bit<\/td>\n<\/tr>\n<tr data-start=\"2273\" data-end=\"2399\">\n<td data-start=\"2273\" data-end=\"2294\" data-col-size=\"sm\">Mekanik<\/td>\n<td data-col-size=\"sm\" data-start=\"2294\" data-end=\"2317\">Y\u00fcz Malzemesi<\/td>\n<td data-col-size=\"md\" data-start=\"2317\" data-end=\"2399\">Naylon kuma\u015f, PET veya \u00f6zelle\u015ftirilmi\u015f<\/td>\n<\/tr>\n<tr data-start=\"2400\" data-end=\"2526\">\n<td data-start=\"2400\" data-end=\"2421\" data-col-size=\"sm\">Boyutlar<\/td>\n<td data-col-size=\"sm\" data-start=\"2421\" data-end=\"2444\">Etiket Boyutu<\/td>\n<td data-col-size=\"md\" data-start=\"2444\" data-end=\"2526\">Standart veya \u00f6zel (\u00f6rne\u011fin, 64\u00d721 mm, 81\u00d730 mm)<\/td>\n<\/tr>\n<tr data-start=\"2527\" data-end=\"2653\">\n<td data-start=\"2527\" data-end=\"2548\" data-col-size=\"sm\">Performans<\/td>\n<td data-col-size=\"sm\" data-start=\"2548\" data-end=\"2571\">Okuma Mesafesi<\/td>\n<td data-col-size=\"md\" data-start=\"2571\" data-end=\"2653\">0\u20138 m (okuyucuya, ortama ve giysiye ba\u011fl\u0131)<\/td>\n<\/tr>\n<tr data-start=\"2654\" data-end=\"2780\">\n<td data-start=\"2654\" data-end=\"2675\" data-col-size=\"sm\">Ya\u015fam d\u00f6ng\u00fcs\u00fc<\/td>\n<td data-col-size=\"sm\" data-start=\"2675\" data-end=\"2698\">Yeniden Yaz\u0131labilir\/Saklanabilir<\/td>\n<td data-col-size=\"md\" data-start=\"2698\" data-end=\"2780\">100.000&#039;e kadar yazma; &gt;50 y\u0131l veri saklama<\/td>\n<\/tr>\n<tr data-start=\"2781\" data-end=\"2908\">\n<td data-start=\"2781\" data-end=\"2802\" data-col-size=\"sm\">\u00c7evre<\/td>\n<td data-col-size=\"sm\" data-start=\"2802\" data-end=\"2825\">\u00c7al\u0131\u015fma S\u0131cakl\u0131\u011f\u0131\/RH<\/td>\n<td data-col-size=\"md\" data-start=\"2825\" data-end=\"2908\">0\u201360 \u2103 \/ 20\u201380% RH<\/td>\n<\/tr>\n<tr data-start=\"2909\" data-end=\"3036\">\n<td data-start=\"2909\" data-end=\"2930\" data-col-size=\"sm\"><\/td>\n<td data-col-size=\"sm\" data-start=\"2930\" data-end=\"2953\">Depolama S\u0131cakl\u0131\u011f\u0131\/RH<\/td>\n<td data-col-size=\"md\" data-start=\"2953\" data-end=\"3036\">20\u201330 \u2103 \/ 20\u201360% RH<\/td>\n<\/tr>\n<tr data-start=\"3037\" data-end=\"3163\">\n<td data-start=\"3037\" data-end=\"3058\" data-col-size=\"sm\">\u00dcretme<\/td>\n<td data-start=\"3058\" data-end=\"3081\" data-col-size=\"sm\">Bask\u0131 Y\u00f6ntemleri<\/td>\n<td data-col-size=\"md\" data-start=\"3081\" data-end=\"3163\">Termal transfer, ipek ekran, di\u011ferleri<\/td>\n<\/tr>\n<tr data-start=\"3164\" data-end=\"3291\">\n<td data-start=\"3164\" data-end=\"3185\" data-col-size=\"sm\">Entegrasyon<\/td>\n<td data-col-size=\"sm\" data-start=\"3185\" data-end=\"3208\">EK<\/td>\n<td data-col-size=\"md\" data-start=\"3208\" data-end=\"3291\">Giysilere dikilebilir<\/td>\n<\/tr>\n<tr data-start=\"3292\" data-end=\"3418\">\n<td data-start=\"3292\" data-end=\"3313\" data-col-size=\"sm\">Faydalar<\/td>\n<td data-col-size=\"sm\" data-start=\"3313\" data-end=\"3336\">\u00d6nemli Noktalar<\/td>\n<td data-col-size=\"md\" data-start=\"3336\" data-end=\"3418\">H\u0131zl\u0131 \u00e7oklu okuma, y\u0131kanabilir ve dayan\u0131kl\u0131, izlenebilirlik ve envanter y\u00f6netimi<\/td>\n<\/tr>\n<tr data-start=\"3419\" data-end=\"3546\">\n<td data-start=\"3419\" data-end=\"3440\" data-col-size=\"sm\">Kullan\u0131m \u00d6rnekleri<\/td>\n<td data-col-size=\"sm\" data-start=\"3440\" data-end=\"3463\">Uygulamalar<\/td>\n<td data-col-size=\"md\" data-start=\"3463\" data-end=\"3546\">Giyim ve ayakkab\u0131 y\u00f6netimi; \u00e7ama\u015f\u0131rhane ve tekstil takibi; tedarik zinciri kontrol\u00fc<\/td>\n<\/tr>\n<\/tbody>\n<\/table>\n<\/div>\n<\/div>","protected":false},"excerpt":{"rendered":"<p>Dayan\u0131kl\u0131, dikilebilir UHF RFID y\u0131kama bak\u0131m etiketleri naylon veya PET\u2014EPC Gen2, 0\u20138 m okuma, 100.000&#039;e kadar yeniden yazma ve giyim, \u00e7ama\u015f\u0131rhane ve tedarik zinciri takibi i\u00e7in &gt;50 y\u0131ll\u0131k saklama s\u00fcresi.<\/p>","protected":false},"featured_media":812,"template":"","meta":{"_gspb_post_css":""},"product_brand":[],"product_cat":[22],"product_tag":[],"class_list":{"0":"post-811","1":"product","2":"type-product","3":"status-publish","4":"has-post-thumbnail","6":"product_cat-rfid-wash-care-labels","8":"first","9":"instock","10":"shipping-taxable","11":"purchasable","12":"product-type-simple"},"_links":{"self":[{"href":"https:\/\/www.cxjsmartcard.com\/tr\/wp-json\/wp\/v2\/product\/811","targetHints":{"allow":["GET"]}}],"collection":[{"href":"https:\/\/www.cxjsmartcard.com\/tr\/wp-json\/wp\/v2\/product"}],"about":[{"href":"https:\/\/www.cxjsmartcard.com\/tr\/wp-json\/wp\/v2\/types\/product"}],"wp:featuredmedia":[{"embeddable":true,"href":"https:\/\/www.cxjsmartcard.com\/tr\/wp-json\/wp\/v2\/media\/812"}],"wp:attachment":[{"href":"https:\/\/www.cxjsmartcard.com\/tr\/wp-json\/wp\/v2\/media?parent=811"}],"wp:term":[{"taxonomy":"product_brand","embeddable":true,"href":"https:\/\/www.cxjsmartcard.com\/tr\/wp-json\/wp\/v2\/product_brand?post=811"},{"taxonomy":"product_cat","embeddable":true,"href":"https:\/\/www.cxjsmartcard.com\/tr\/wp-json\/wp\/v2\/product_cat?post=811"},{"taxonomy":"product_tag","embeddable":true,"href":"https:\/\/www.cxjsmartcard.com\/tr\/wp-json\/wp\/v2\/product_tag?post=811"}],"curies":[{"name":"wp","href":"https:\/\/api.w.org\/{rel}","templated":true}]}}