{"id":801,"date":"2025-11-03T07:55:36","date_gmt":"2025-11-03T07:55:36","guid":{"rendered":"https:\/\/www.cxjsmartcard.com\/?post_type=product&#038;p=801"},"modified":"2025-12-29T01:27:09","modified_gmt":"2025-12-29T01:27:09","slug":"printable-fabric-ntag213-nfc-elastic-rfid-bracelet","status":"publish","type":"product","link":"https:\/\/www.cxjsmartcard.com\/tr\/printable-fabric-ntag213-nfc-elastic-rfid-bracelet\/","title":{"rendered":"Bask\u0131l\u0131 Kuma\u015f NTAG213 NFC Elastik RFID Bileklik"},"content":{"rendered":"<p data-start=\"63\" data-end=\"246\">Etkinliklerde eri\u015fim kontrol\u00fc ve nakitsiz kullan\u0131m i\u00e7in NTAG213 (HF 13.56 MHz) \u00f6zellikli elastik kuma\u015f bileklik. Su ge\u00e7irmez, tekrar kullan\u0131labilir ve uzun s\u00fcreli kullan\u0131m i\u00e7in rahatt\u0131r.<\/p>\n<p data-start=\"248\" data-end=\"262\"><strong data-start=\"248\" data-end=\"260\">\u00d6zellikler<\/strong><\/p>\n<ul data-start=\"263\" data-end=\"444\">\n<li data-start=\"263\" data-end=\"289\">\n<p data-start=\"265\" data-end=\"289\">Dayan\u0131kl\u0131 ve su ge\u00e7irmez<\/p>\n<\/li>\n<li data-start=\"290\" data-end=\"343\">\n<p data-start=\"292\" data-end=\"343\">Elastik uyum; farkl\u0131 bilek boyutlar\u0131na g\u00f6re ayarlanabilir<\/p>\n<\/li>\n<li data-start=\"344\" data-end=\"396\">\n<p data-start=\"346\" data-end=\"396\">Tekrar kullan\u0131labilir; uzun seanslar i\u00e7in yumu\u015fak ve rahat<\/p>\n<\/li>\n<li data-start=\"397\" data-end=\"444\">\n<p data-start=\"399\" data-end=\"444\">Kimlikler veya markalama i\u00e7in yazd\u0131r\u0131labilir kart\/yama alan\u0131<\/p>\n<\/li>\n<\/ul>\n<p data-start=\"446\" data-end=\"627\"><strong data-start=\"446\" data-end=\"463\">\u00d6zelle\u015ftirme<\/strong><br data-start=\"463\" data-end=\"466\" \/>Renkler, logolar, seri numaralar\u0131, QR kodlar\u0131 ve etkinlik detaylar\u0131. Desteklenen y\u00f6ntemler: dokuma, termal transfer bask\u0131, serigrafi; iste\u011fe ba\u011fl\u0131 lazer grav\u00fcr veya UV bask\u0131.<\/p>\n<p data-start=\"629\" data-end=\"755\"><strong data-start=\"629\" data-end=\"645\">Uygulamalar<\/strong><br data-start=\"645\" data-end=\"648\" \/>Tatil k\u00f6yleri, barlar, partiler, sergiler, konferanslar, spor m\u00fcsabakalar\u0131, konserler, sosyal mekanlar ve gece kul\u00fcpleri.<\/p>\n<h2 data-start=\"757\" data-end=\"782\">Tablo (\u00d6zellikler)<\/h2>\n<div class=\"_tableContainer_1rjym_1\">\n<div class=\"group _tableWrapper_1rjym_13 flex w-fit flex-col-reverse\" tabindex=\"-1\">\n<table class=\"w-fit min-w-(--thread-content-width)\" data-start=\"784\" data-end=\"2223\">\n<thead data-start=\"784\" data-end=\"903\">\n<tr data-start=\"784\" data-end=\"903\">\n<th data-start=\"784\" data-end=\"802\" data-col-size=\"sm\">Kategori<\/th>\n<th data-start=\"802\" data-end=\"830\" data-col-size=\"sm\">Parametre<\/th>\n<th data-start=\"830\" data-end=\"903\" data-col-size=\"md\">De\u011fer<\/th>\n<\/tr>\n<\/thead>\n<tbody data-start=\"1024\" data-end=\"2223\">\n<tr data-start=\"1024\" data-end=\"1143\">\n<td data-start=\"1024\" data-end=\"1042\" data-col-size=\"sm\">\u00dcr\u00fcn<\/td>\n<td data-start=\"1042\" data-end=\"1070\" data-col-size=\"sm\">\u0130sim<\/td>\n<td data-col-size=\"md\" data-start=\"1070\" data-end=\"1143\">Bask\u0131l\u0131 Kuma\u015f NTAG 213 NFC Elastik RFID Bileklik<\/td>\n<\/tr>\n<tr data-start=\"1144\" data-end=\"1263\">\n<td data-start=\"1144\" data-end=\"1162\" data-col-size=\"sm\">\u00d6zellikler<\/td>\n<td data-start=\"1162\" data-end=\"1190\" data-col-size=\"sm\">Nitelikler<\/td>\n<td data-col-size=\"md\" data-start=\"1190\" data-end=\"1263\">Su ge\u00e7irmez, tekrar kullan\u0131labilir, yumu\u015fak, rahat<\/td>\n<\/tr>\n<tr data-start=\"1264\" data-end=\"1383\">\n<td data-start=\"1264\" data-end=\"1282\" data-col-size=\"sm\">Boyutlar<\/td>\n<td data-col-size=\"sm\" data-start=\"1282\" data-end=\"1310\">Geni\u015flik Se\u00e7enekleri<\/td>\n<td data-col-size=\"md\" data-start=\"1310\" data-end=\"1383\">15 mm \/ 20 mm \/ 25 mm<\/td>\n<\/tr>\n<tr data-start=\"1384\" data-end=\"1503\">\n<td data-start=\"1384\" data-end=\"1402\" data-col-size=\"sm\"><\/td>\n<td data-col-size=\"sm\" data-start=\"1402\" data-end=\"1430\">Uzunluk Aral\u0131\u011f\u0131<\/td>\n<td data-col-size=\"md\" data-start=\"1430\" data-end=\"1503\">145\u2013210 mm (\u00f6zelle\u015ftirilebilir)<\/td>\n<\/tr>\n<tr data-start=\"1504\" data-end=\"1623\">\n<td data-start=\"1504\" data-end=\"1522\" data-col-size=\"sm\"><\/td>\n<td data-col-size=\"sm\" data-start=\"1522\" data-end=\"1550\">\u00d6nerilen Boyutlar<\/td>\n<td data-col-size=\"md\" data-start=\"1550\" data-end=\"1623\">25\u00d7145 mm (\u00e7ocuklar) \u2022 25\u00d7160 mm (gen\u00e7ler) \u2022 25\u00d7180 mm (yeti\u015fkinler)<\/td>\n<\/tr>\n<tr data-start=\"1624\" data-end=\"1743\">\n<td data-start=\"1624\" data-end=\"1642\" data-col-size=\"sm\">Ki\u015fiselle\u015ftirme<\/td>\n<td data-col-size=\"sm\" data-start=\"1642\" data-end=\"1670\">\u00d6zel Se\u00e7enekler<\/td>\n<td data-col-size=\"md\" data-start=\"1670\" data-end=\"1743\">Logo, bask\u0131, boyut<\/td>\n<\/tr>\n<tr data-start=\"1744\" data-end=\"1863\">\n<td data-start=\"1744\" data-end=\"1762\" data-col-size=\"sm\">El sanatlar\u0131<\/td>\n<td data-col-size=\"sm\" data-start=\"1762\" data-end=\"1790\">Y\u00f6ntemler<\/td>\n<td data-col-size=\"md\" data-start=\"1790\" data-end=\"1863\">Dokuma, termal transfer bask\u0131, serigrafi<\/td>\n<\/tr>\n<tr data-start=\"1864\" data-end=\"1983\">\n<td data-start=\"1864\" data-end=\"1882\" data-col-size=\"sm\">RFID<\/td>\n<td data-col-size=\"sm\" data-start=\"1882\" data-end=\"1910\">HF \u00c7ipi<\/td>\n<td data-col-size=\"md\" data-start=\"1910\" data-end=\"1983\">NTAG213 (13,56 MHz NFC)<\/td>\n<\/tr>\n<tr data-start=\"1984\" data-end=\"2103\">\n<td data-start=\"1984\" data-end=\"2002\" data-col-size=\"sm\"><\/td>\n<td data-col-size=\"sm\" data-start=\"2002\" data-end=\"2030\">Di\u011fer \u00c7ip Se\u00e7enekleri<\/td>\n<td data-col-size=\"md\" data-start=\"2030\" data-end=\"2103\">LF 125 kHz ve talep \u00fczerine ek HF se\u00e7enekleri<\/td>\n<\/tr>\n<tr data-start=\"2104\" data-end=\"2223\">\n<td data-start=\"2104\" data-end=\"2122\" data-col-size=\"sm\">Kullan\u0131m \u00d6rnekleri<\/td>\n<td data-col-size=\"sm\" data-start=\"2122\" data-end=\"2150\">Tipik Uygulamalar<\/td>\n<td data-col-size=\"md\" data-start=\"2150\" data-end=\"2223\">Etkinlik ve mekanlarda eri\u015fim kontrol\u00fc, nakitsiz \u00f6deme, kat\u0131l\u0131mc\u0131 kimli\u011fi<\/td>\n<\/tr>\n<\/tbody>\n<\/table>\n<\/div>\n<\/div>","protected":false},"excerpt":{"rendered":"<p>NTAG213 ile elastik, bask\u0131 yap\u0131labilir NFC bileklik; su ge\u00e7irmez, tekrar kullan\u0131labilir ve rahat. Geni\u015flikleri 15\/20\/25 mm, uzunluklar\u0131 145\u2013210 mm, \u00f6zel renkler, logolar ve QR\/seri numaralar\u0131 mevcuttur.<\/p>","protected":false},"featured_media":802,"template":"","meta":{"_gspb_post_css":""},"product_brand":[],"product_cat":[21],"product_tag":[],"class_list":{"0":"post-801","1":"product","2":"type-product","3":"status-publish","4":"has-post-thumbnail","6":"product_cat-rfid-nfc-bracelets","8":"first","9":"instock","10":"shipping-taxable","11":"purchasable","12":"product-type-simple"},"_links":{"self":[{"href":"https:\/\/www.cxjsmartcard.com\/tr\/wp-json\/wp\/v2\/product\/801","targetHints":{"allow":["GET"]}}],"collection":[{"href":"https:\/\/www.cxjsmartcard.com\/tr\/wp-json\/wp\/v2\/product"}],"about":[{"href":"https:\/\/www.cxjsmartcard.com\/tr\/wp-json\/wp\/v2\/types\/product"}],"wp:featuredmedia":[{"embeddable":true,"href":"https:\/\/www.cxjsmartcard.com\/tr\/wp-json\/wp\/v2\/media\/802"}],"wp:attachment":[{"href":"https:\/\/www.cxjsmartcard.com\/tr\/wp-json\/wp\/v2\/media?parent=801"}],"wp:term":[{"taxonomy":"product_brand","embeddable":true,"href":"https:\/\/www.cxjsmartcard.com\/tr\/wp-json\/wp\/v2\/product_brand?post=801"},{"taxonomy":"product_cat","embeddable":true,"href":"https:\/\/www.cxjsmartcard.com\/tr\/wp-json\/wp\/v2\/product_cat?post=801"},{"taxonomy":"product_tag","embeddable":true,"href":"https:\/\/www.cxjsmartcard.com\/tr\/wp-json\/wp\/v2\/product_tag?post=801"}],"curies":[{"name":"wp","href":"https:\/\/api.w.org\/{rel}","templated":true}]}}