{"id":796,"date":"2025-11-03T07:51:07","date_gmt":"2025-11-03T07:51:07","guid":{"rendered":"https:\/\/www.cxjsmartcard.com\/?post_type=product&#038;p=796"},"modified":"2025-12-29T01:27:09","modified_gmt":"2025-12-29T01:27:09","slug":"paper-tyvek-rfid-bracelets-nfc-wristband-for-concert-festival","status":"publish","type":"product","link":"https:\/\/www.cxjsmartcard.com\/tr\/paper-tyvek-rfid-bracelets-nfc-wristband-for-concert-festival\/","title":{"rendered":"Konser Festivali i\u00e7in Ka\u011f\u0131t Tyvek RFID Bileklikler NFC Bileklik"},"content":{"rendered":"<p data-start=\"73\" data-end=\"388\">Paper Tyvek RFID NFC bileklikler, \u00e7evre dostu Tyvek\u00ae malzemesini g\u00f6m\u00fcl\u00fc RFID\/NFC \u00e7ipleriyle birle\u015ftirerek konserlerde, festivallerde ve b\u00fcy\u00fck mekanlarda giri\u015f, eri\u015fim kontrol\u00fc ve nakitsiz \u00f6demeleri kolayla\u015ft\u0131r\u0131r. Hafif, dayan\u0131kl\u0131 ve son derece \u00f6zelle\u015ftirilebilir olan bu bileklikler, h\u0131zl\u0131 giri\u015f ve g\u00fcvenli kimlik do\u011frulamas\u0131 sa\u011flar.<\/p>\n<p data-start=\"390\" data-end=\"459\"><strong data-start=\"390\" data-end=\"402\">Malzeme<\/strong><br data-start=\"402\" data-end=\"405\" \/>Tyvek\u00ae ka\u011f\u0131t (hafif, dayan\u0131kl\u0131 ve \u00e7evre dostu).<\/p>\n<p data-start=\"461\" data-end=\"479\"><strong data-start=\"461\" data-end=\"477\">Temel \u00d6zellikler<\/strong><\/p>\n<ul data-start=\"480\" data-end=\"953\">\n<li data-start=\"480\" data-end=\"544\">\n<p data-start=\"482\" data-end=\"544\"><strong data-start=\"482\" data-end=\"492\">Boyutlar:<\/strong> 250 \u00d7 25 mm; 250 \u00d7 20 mm (\u00f6zel boyutlar mevcuttur)<\/p>\n<\/li>\n<li data-start=\"545\" data-end=\"588\">\n<p data-start=\"547\" data-end=\"588\"><strong data-start=\"547\" data-end=\"558\">Renkler:<\/strong> CMYK\/Pantone renk e\u015fle\u015ftirme<\/p>\n<\/li>\n<li data-start=\"589\" data-end=\"703\">\n<p data-start=\"591\" data-end=\"703\"><strong data-start=\"591\" data-end=\"604\">Bask\u0131:<\/strong> Logolar, resimler, metinler, barkodlar, QR kodlar\u0131, seri numaralar\u0131 veya d\u00fcz renkler i\u00e7in tam renkli bask\u0131<\/p>\n<\/li>\n<li data-start=\"704\" data-end=\"744\">\n<p data-start=\"706\" data-end=\"744\"><strong data-start=\"706\" data-end=\"718\">Kapan\u0131\u015f:<\/strong> Yeniden kullan\u0131labilir kapatma tasar\u0131m\u0131<\/p>\n<\/li>\n<li data-start=\"745\" data-end=\"765\">\n<p data-start=\"747\" data-end=\"765\"><strong data-start=\"747\" data-end=\"755\">Minimum Sipari\u015f Adedi:<\/strong> 500 adet<\/p>\n<\/li>\n<li data-start=\"766\" data-end=\"953\">\n<p data-start=\"768\" data-end=\"790\"><strong data-start=\"768\" data-end=\"788\">Mevcut \u00c7ipler:<\/strong><\/p>\n<ul data-start=\"793\" data-end=\"953\">\n<li data-start=\"793\" data-end=\"824\">\n<p data-start=\"795\" data-end=\"824\">NTAG\u00ae 203 \/ 213 \/ 215 \/ 216<\/p>\n<\/li>\n<li data-start=\"827\" data-end=\"854\">\n<p data-start=\"829\" data-end=\"854\">MIFARE Classic\u00ae 1K \/ 4K<\/p>\n<\/li>\n<li data-start=\"857\" data-end=\"886\">\n<p data-start=\"859\" data-end=\"886\">MIFARE Plus\u00ae 1K \/ 2K \/ 4K<\/p>\n<\/li>\n<li data-start=\"889\" data-end=\"919\">\n<p data-start=\"891\" data-end=\"919\">MIFARE Ultralight\u00ae EV1 \/ C<\/p>\n<\/li>\n<li data-start=\"922\" data-end=\"953\">\n<p data-start=\"924\" data-end=\"953\">MIFARE\u00ae DESFire\u00ae 2K \/ 4K \/ 8K<\/p>\n<\/li>\n<\/ul>\n<\/li>\n<\/ul>\n<p data-start=\"955\" data-end=\"1168\"><strong data-start=\"955\" data-end=\"971\">Uygulamalar<\/strong><br data-start=\"971\" data-end=\"974\" \/>Etkinlikler ve festivaller; konserler; sergiler; e\u011flence ve su parklar\u0131; sporlar (maratonlar ve yar\u0131\u015fmalar); kul\u00fcpler ve barlar; hastaneler\/sa\u011fl\u0131k kurulu\u015flar\u0131 (hasta kimli\u011fi); so\u011fuk hava depolar\u0131; e\u011fitim ve daha fazlas\u0131.<\/p>\n<p data-start=\"1170\" data-end=\"1202\"><strong data-start=\"1170\" data-end=\"1200\">Paketleme ve Sertifikalar<\/strong><\/p>\n<ul data-start=\"1203\" data-end=\"1372\">\n<li data-start=\"1203\" data-end=\"1285\">\n<p data-start=\"1205\" data-end=\"1285\"><strong data-start=\"1205\" data-end=\"1217\">Paketleme:<\/strong> PP torba ba\u015f\u0131na 1000 adet; i\u00e7 kutu ba\u015f\u0131na 2000 adet; karton ba\u015f\u0131na 20000 adet<\/p>\n<\/li>\n<li data-start=\"1286\" data-end=\"1326\">\n<p data-start=\"1288\" data-end=\"1326\"><strong data-start=\"1288\" data-end=\"1307\">Sertifikalar:<\/strong> ISO \/ RoHS \/ SGS<\/p>\n<\/li>\n<li data-start=\"1327\" data-end=\"1372\">\n<p data-start=\"1329\" data-end=\"1372\"><strong data-start=\"1329\" data-end=\"1342\">Teslimat:<\/strong> Deniz, hava kargo veya ekspres yoluyla<\/p>\n<\/li>\n<\/ul>\n<h2 data-start=\"1374\" data-end=\"1399\">Tablo (\u00d6zellikler)<\/h2>\n<div class=\"_tableContainer_1rjym_1\">\n<div class=\"group _tableWrapper_1rjym_13 flex w-fit flex-col-reverse\" tabindex=\"-1\">\n<table class=\"w-fit min-w-(--thread-content-width)\" data-start=\"1401\" data-end=\"3139\">\n<thead data-start=\"1401\" data-end=\"1532\">\n<tr data-start=\"1401\" data-end=\"1532\">\n<th data-start=\"1401\" data-end=\"1419\" data-col-size=\"sm\">Kategori<\/th>\n<th data-start=\"1419\" data-end=\"1442\" data-col-size=\"sm\">Parametre<\/th>\n<th data-start=\"1442\" data-end=\"1532\" data-col-size=\"md\">De\u011fer<\/th>\n<\/tr>\n<\/thead>\n<tbody data-start=\"1665\" data-end=\"3139\">\n<tr data-start=\"1665\" data-end=\"1796\">\n<td data-start=\"1665\" data-end=\"1683\" data-col-size=\"sm\">Malzeme<\/td>\n<td data-col-size=\"sm\" data-start=\"1683\" data-end=\"1706\">V\u00fccut<\/td>\n<td data-col-size=\"md\" data-start=\"1706\" data-end=\"1796\">Tyvek\u00ae ka\u011f\u0131d\u0131<\/td>\n<\/tr>\n<tr data-start=\"1797\" data-end=\"1928\">\n<td data-start=\"1797\" data-end=\"1815\" data-col-size=\"sm\">Boyutlar<\/td>\n<td data-start=\"1815\" data-end=\"1838\" data-col-size=\"sm\">Boyut Se\u00e7enekleri<\/td>\n<td data-col-size=\"md\" data-start=\"1838\" data-end=\"1928\">250 \u00d7 25 mm; 250 \u00d7 20 mm; \u00f6zel boyutlar mevcuttur<\/td>\n<\/tr>\n<tr data-start=\"1929\" data-end=\"2060\">\n<td data-start=\"1929\" data-end=\"1947\" data-col-size=\"sm\">Renk<\/td>\n<td data-col-size=\"sm\" data-start=\"1947\" data-end=\"1970\">Se\u00e7enekler<\/td>\n<td data-col-size=\"md\" data-start=\"1970\" data-end=\"2060\">CMYK \/ Pantone<\/td>\n<\/tr>\n<tr data-start=\"2061\" data-end=\"2192\">\n<td data-start=\"2061\" data-end=\"2079\" data-col-size=\"sm\">Bask\u0131<\/td>\n<td data-col-size=\"sm\" data-start=\"2079\" data-end=\"2102\">Y\u00f6ntemler<\/td>\n<td data-col-size=\"md\" data-start=\"2102\" data-end=\"2192\">Tam renkli logolar, resimler, metinler, barkodlar, QR kodlar\u0131, seri numaralar\u0131; d\u00fcz renkler<\/td>\n<\/tr>\n<tr data-start=\"2193\" data-end=\"2338\">\n<td data-start=\"2193\" data-end=\"2211\" data-col-size=\"sm\">Donan\u0131m<\/td>\n<td data-col-size=\"sm\" data-start=\"2211\" data-end=\"2234\">\u00c7ip Se\u00e7enekleri<\/td>\n<td data-col-size=\"md\" data-start=\"2234\" data-end=\"2338\">NTAG 203\/213\/215\/216; MIFARE Classic 1K\/4K; MIFARE Plus 1K\/2K\/4K; Ultralight EV1\/C; DESFire 2K\/4K\/8K<\/td>\n<\/tr>\n<tr data-start=\"2339\" data-end=\"2470\">\n<td data-start=\"2339\" data-end=\"2357\" data-col-size=\"sm\">Kapan\u0131\u015f<\/td>\n<td data-col-size=\"sm\" data-start=\"2357\" data-end=\"2380\">Tip<\/td>\n<td data-col-size=\"md\" data-start=\"2380\" data-end=\"2470\">Tekrar kullan\u0131labilir kapatma<\/td>\n<\/tr>\n<tr data-start=\"2471\" data-end=\"2602\">\n<td data-start=\"2471\" data-end=\"2489\" data-col-size=\"sm\">Minimum Sipari\u015f Adedi<\/td>\n<td data-col-size=\"sm\" data-start=\"2489\" data-end=\"2512\">Minimum Sipari\u015f<\/td>\n<td data-col-size=\"md\" data-start=\"2512\" data-end=\"2602\">500 adet<\/td>\n<\/tr>\n<tr data-start=\"2603\" data-end=\"2734\">\n<td data-start=\"2603\" data-end=\"2621\" data-col-size=\"sm\">Ambalajlama<\/td>\n<td data-col-size=\"sm\" data-start=\"2621\" data-end=\"2644\">Standart Paketler<\/td>\n<td data-col-size=\"md\" data-start=\"2644\" data-end=\"2734\">1000 adet\/PP torba; 2000 adet\/i\u00e7 kutu; 20000 adet\/karton<\/td>\n<\/tr>\n<tr data-start=\"2735\" data-end=\"2866\">\n<td data-start=\"2735\" data-end=\"2753\" data-col-size=\"sm\">Sertifikalar<\/td>\n<td data-col-size=\"sm\" data-start=\"2753\" data-end=\"2776\">Uyumluluk<\/td>\n<td data-col-size=\"md\" data-start=\"2776\" data-end=\"2866\">ISO \/ RoHS \/ SGS<\/td>\n<\/tr>\n<tr data-start=\"2867\" data-end=\"2998\">\n<td data-start=\"2867\" data-end=\"2885\" data-col-size=\"sm\">Lojistik<\/td>\n<td data-col-size=\"sm\" data-start=\"2885\" data-end=\"2908\">Teslimat Y\u00f6ntemleri<\/td>\n<td data-col-size=\"md\" data-start=\"2908\" data-end=\"2998\">Deniz, hava kargo, ekspres<\/td>\n<\/tr>\n<tr data-start=\"2999\" data-end=\"3139\">\n<td data-start=\"2999\" data-end=\"3017\" data-col-size=\"sm\">Uygulamalar<\/td>\n<td data-col-size=\"sm\" data-start=\"3017\" data-end=\"3040\">Kullan\u0131m \u00d6rnekleri<\/td>\n<td data-col-size=\"md\" data-start=\"3040\" data-end=\"3139\">Etkinlikler, festivaller, konserler, sergiler, e\u011flence\/su parklar\u0131, sporlar, kul\u00fcpler, barlar, hastaneler<\/td>\n<\/tr>\n<\/tbody>\n<\/table>\n<\/div>\n<\/div>","protected":false},"excerpt":{"rendered":"<p>Etkinlikler i\u00e7in \u00e7evre dostu Tyvek\u00ae RFID\/NFC bileklikler; hafif, dayan\u0131kl\u0131 ve g\u00fcvenli eri\u015fim ve nakitsiz \u00f6demeler i\u00e7in renk, bask\u0131 ve \u00e7ip se\u00e7enekleriyle tamamen \u00f6zelle\u015ftirilebilir.<\/p>","protected":false},"featured_media":797,"template":"","meta":{"_gspb_post_css":""},"product_brand":[],"product_cat":[21],"product_tag":[],"class_list":{"0":"post-796","1":"product","2":"type-product","3":"status-publish","4":"has-post-thumbnail","6":"product_cat-rfid-nfc-bracelets","8":"first","9":"instock","10":"shipping-taxable","11":"purchasable","12":"product-type-simple"},"_links":{"self":[{"href":"https:\/\/www.cxjsmartcard.com\/tr\/wp-json\/wp\/v2\/product\/796","targetHints":{"allow":["GET"]}}],"collection":[{"href":"https:\/\/www.cxjsmartcard.com\/tr\/wp-json\/wp\/v2\/product"}],"about":[{"href":"https:\/\/www.cxjsmartcard.com\/tr\/wp-json\/wp\/v2\/types\/product"}],"wp:featuredmedia":[{"embeddable":true,"href":"https:\/\/www.cxjsmartcard.com\/tr\/wp-json\/wp\/v2\/media\/797"}],"wp:attachment":[{"href":"https:\/\/www.cxjsmartcard.com\/tr\/wp-json\/wp\/v2\/media?parent=796"}],"wp:term":[{"taxonomy":"product_brand","embeddable":true,"href":"https:\/\/www.cxjsmartcard.com\/tr\/wp-json\/wp\/v2\/product_brand?post=796"},{"taxonomy":"product_cat","embeddable":true,"href":"https:\/\/www.cxjsmartcard.com\/tr\/wp-json\/wp\/v2\/product_cat?post=796"},{"taxonomy":"product_tag","embeddable":true,"href":"https:\/\/www.cxjsmartcard.com\/tr\/wp-json\/wp\/v2\/product_tag?post=796"}],"curies":[{"name":"wp","href":"https:\/\/api.w.org\/{rel}","templated":true}]}}