{"id":791,"date":"2025-11-03T07:42:05","date_gmt":"2025-11-03T07:42:05","guid":{"rendered":"https:\/\/www.cxjsmartcard.com\/?post_type=product&#038;p=791"},"modified":"2025-12-29T01:27:09","modified_gmt":"2025-12-29T01:27:09","slug":"fabric-woven-rfid-bracelet-disposable-nfc-wristband","status":"publish","type":"product","link":"https:\/\/www.cxjsmartcard.com\/tr\/fabric-woven-rfid-bracelet-disposable-nfc-wristband\/","title":{"rendered":"Kuma\u015f Dokuma RFID Bileklik Tek Kullan\u0131ml\u0131k NFC Bileklik"},"content":{"rendered":"<p data-start=\"63\" data-end=\"390\">Kuma\u015f Dokuma RFID Tek Kullan\u0131ml\u0131k NFC Bileklik, misafirlere sorunsuz bir deneyim sunmak, giri\u015f, \u00f6deme ve eri\u015fim kontrol\u00fcn\u00fc kolayla\u015ft\u0131rmak i\u00e7in tasarlanm\u0131\u015ft\u0131r. Festivallerde, etkinliklerde veya di\u011fer mekanlarda, bu bileklikler uzun kuyruklardan, kay\u0131p biletlerden ve nakit i\u015flemlerinden ka\u00e7\u0131nmak i\u00e7in tek bir dokunu\u015fla sorunsuz bir \u00e7\u00f6z\u00fcm sunar.<\/p>\n<p data-start=\"392\" data-end=\"410\"><strong data-start=\"392\" data-end=\"408\">Temel \u00d6zellikler<\/strong><\/p>\n<ul data-start=\"411\" data-end=\"1069\">\n<li data-start=\"411\" data-end=\"514\">\n<p data-start=\"413\" data-end=\"514\"><strong data-start=\"413\" data-end=\"422\">Boyut:<\/strong> 350 \u00d7 15 mm (standart); ak\u0131ll\u0131 kart boyutu: 42 \u00d7 26 mm \/ 36 \u00d7 26 mm (\u00f6zel boyutlar mevcuttur)<\/p>\n<\/li>\n<li data-start=\"515\" data-end=\"555\">\n<p data-start=\"517\" data-end=\"555\"><strong data-start=\"517\" data-end=\"537\">Dayan\u0131kl\u0131l\u0131\u011f\u0131 Yaz:<\/strong> \u2265100.000 d\u00f6ng\u00fc<\/p>\n<\/li>\n<li data-start=\"556\" data-end=\"624\">\n<p data-start=\"558\" data-end=\"624\"><strong data-start=\"558\" data-end=\"573\">Okuma Aral\u0131\u011f\u0131:<\/strong> 0\u20135 cm (okuyucuya ve ortama ba\u011fl\u0131)<\/p>\n<\/li>\n<li data-start=\"625\" data-end=\"749\">\n<p data-start=\"627\" data-end=\"749\"><strong data-start=\"627\" data-end=\"648\">\u00dcretim Se\u00e7enekleri:<\/strong> \u00d6zel bask\u0131 (renk, logo, metin, QR kodu, barkod, seri numaras\u0131, de\u011fi\u015fken veri, serile\u015ftirme)<\/p>\n<\/li>\n<li data-start=\"750\" data-end=\"1069\">\n<p data-start=\"752\" data-end=\"778\"><strong data-start=\"752\" data-end=\"776\">Mevcut Malzemeler:<\/strong><\/p>\n<ul data-start=\"781\" data-end=\"1069\">\n<li data-start=\"781\" data-end=\"823\">\n<p data-start=\"783\" data-end=\"823\"><strong data-start=\"783\" data-end=\"807\">Tekrar kullan\u0131labilir bileklikler:<\/strong> Silikon, PVC<\/p>\n<\/li>\n<li data-start=\"826\" data-end=\"895\">\n<p data-start=\"828\" data-end=\"895\"><strong data-start=\"828\" data-end=\"854\">Ayarlanabilir bileklikler:<\/strong> Polyester, tekstil dokuma, saten kurdele<\/p>\n<\/li>\n<li data-start=\"898\" data-end=\"967\">\n<p data-start=\"900\" data-end=\"967\"><strong data-start=\"900\" data-end=\"926\">Tek kullan\u0131ml\u0131k bileklikler:<\/strong> Polyester, tekstil dokuma, saten kurdele<\/p>\n<\/li>\n<li data-start=\"970\" data-end=\"1015\">\n<p data-start=\"972\" data-end=\"1015\"><strong data-start=\"972\" data-end=\"1004\">Karanl\u0131kta parlayan bileklikler:<\/strong> Silikon<\/p>\n<\/li>\n<li data-start=\"1018\" data-end=\"1069\">\n<p data-start=\"1020\" data-end=\"1069\"><strong data-start=\"1020\" data-end=\"1048\">LED \u0131\u015f\u0131kl\u0131 bileklikler:<\/strong> Silikon, PVC, ABS<\/p>\n<\/li>\n<\/ul>\n<\/li>\n<\/ul>\n<p data-start=\"1071\" data-end=\"1089\"><strong data-start=\"1071\" data-end=\"1087\">Uygulamalar<\/strong><\/p>\n<ul data-start=\"1090\" data-end=\"1512\">\n<li data-start=\"1090\" data-end=\"1153\">\n<p data-start=\"1092\" data-end=\"1153\"><strong data-start=\"1092\" data-end=\"1110\">Veri Transferi:<\/strong> Etkinlikler i\u00e7in verimli bilgi payla\u015f\u0131m\u0131<\/p>\n<\/li>\n<li data-start=\"1154\" data-end=\"1206\">\n<p data-start=\"1156\" data-end=\"1206\"><strong data-start=\"1156\" data-end=\"1175\">Eri\u015fim Kontrol\u00fc:<\/strong> G\u00fcvenli ve h\u0131zl\u0131 mekan giri\u015fi<\/p>\n<\/li>\n<li data-start=\"1207\" data-end=\"1290\">\n<p data-start=\"1209\" data-end=\"1290\"><strong data-start=\"1209\" data-end=\"1232\">\u00d6deme Y\u00f6netimi:<\/strong> Festivaller ve e\u011flence parklar\u0131 i\u00e7in nakitsiz i\u015flemler<\/p>\n<\/li>\n<li data-start=\"1291\" data-end=\"1354\">\n<p data-start=\"1293\" data-end=\"1354\"><strong data-start=\"1293\" data-end=\"1320\">Sa\u011fl\u0131k ve Hastaneler:<\/strong> G\u00fcvenilir hasta tan\u0131mlamas\u0131<\/p>\n<\/li>\n<li data-start=\"1355\" data-end=\"1434\">\n<p data-start=\"1357\" data-end=\"1434\"><strong data-start=\"1357\" data-end=\"1385\">Y\u00fczme Havuzlar\u0131 ve Saunalar:<\/strong> Su bazl\u0131 ortamlar i\u00e7in su ge\u00e7irmez tasar\u0131m<\/p>\n<\/li>\n<li data-start=\"1435\" data-end=\"1512\">\n<p data-start=\"1437\" data-end=\"1512\"><strong data-start=\"1437\" data-end=\"1460\">So\u011fuk Hava Depolar\u0131:<\/strong> S\u0131cakl\u0131\u011fa duyarl\u0131 mallar i\u00e7in kolay tan\u0131mlama<\/p>\n<\/li>\n<\/ul>\n<p data-start=\"1514\" data-end=\"1539\"><strong data-start=\"1514\" data-end=\"1537\">Ek \u00d6zellikler<\/strong><\/p>\n<ul data-start=\"1540\" data-end=\"1718\">\n<li data-start=\"1540\" data-end=\"1643\">\n<p data-start=\"1542\" data-end=\"1643\">Dayan\u0131kl\u0131 ve su ge\u00e7irmez, festivaller, konserler, su parklar\u0131, sa\u011fl\u0131k hizmetleri ve e\u011flence parklar\u0131 i\u00e7in idealdir<\/p>\n<\/li>\n<li data-start=\"1644\" data-end=\"1718\">\n<p data-start=\"1646\" data-end=\"1718\">Etkinlik markalamas\u0131, sponsor logolar\u0131, QR kodlar\u0131 ve daha fazlas\u0131 i\u00e7in tamamen \u00f6zelle\u015ftirilebilir<\/p>\n<\/li>\n<\/ul>\n<p data-start=\"1720\" data-end=\"1975\"><strong data-start=\"1720\" data-end=\"1750\">Bu Bilekli\u011fi Neden Se\u00e7melisiniz?<\/strong><br data-start=\"1750\" data-end=\"1753\" \/>RFID bileklikler, bekleme s\u00fcrelerini azaltmaya ve giri\u015f kontrol\u00fcn\u00fc kolayla\u015ft\u0131rmaya yard\u0131mc\u0131 olur. Bileklikler, RFID \u00e7\u00f6z\u00fcmleriyle tamamen uyumludur ve etkinlikler i\u00e7in nakitsiz \u00f6deme, verimli eri\u015fim kontrol\u00fc ve sosyal medya entegrasyonu sunar.<\/p>\n<p data-start=\"1977\" data-end=\"2052\"><strong data-start=\"1977\" data-end=\"1996\">Teslim S\u00fcresi<\/strong><br data-start=\"1996\" data-end=\"1999\" \/>H\u0131zl\u0131 teslimat i\u00e7in sekt\u00f6r lideri teslim s\u00fcreleri.<\/p>\n<h2 data-start=\"2054\" data-end=\"2079\">Tablo (\u00d6zellikler)<\/h2>\n<div class=\"_tableContainer_1rjym_1\">\n<div class=\"group _tableWrapper_1rjym_13 flex w-fit flex-col-reverse\" tabindex=\"-1\">\n<table class=\"w-fit min-w-(--thread-content-width)\" data-start=\"2081\" data-end=\"3642\">\n<thead data-start=\"2081\" data-end=\"2200\">\n<tr data-start=\"2081\" data-end=\"2200\">\n<th data-start=\"2081\" data-end=\"2101\" data-col-size=\"sm\">Kategori<\/th>\n<th data-start=\"2101\" data-end=\"2127\" data-col-size=\"sm\">Parametre<\/th>\n<th data-start=\"2127\" data-end=\"2200\" data-col-size=\"md\">De\u011fer<\/th>\n<\/tr>\n<\/thead>\n<tbody data-start=\"2321\" data-end=\"3642\">\n<tr data-start=\"2321\" data-end=\"2439\">\n<td data-start=\"2321\" data-end=\"2341\" data-col-size=\"sm\">\u00dcr\u00fcn<\/td>\n<td data-col-size=\"sm\" data-start=\"2341\" data-end=\"2367\">Tip<\/td>\n<td data-col-size=\"md\" data-start=\"2367\" data-end=\"2439\">Tek Kullan\u0131ml\u0131k RFID Bileklik<\/td>\n<\/tr>\n<tr data-start=\"2440\" data-end=\"2559\">\n<td data-start=\"2440\" data-end=\"2460\" data-col-size=\"sm\">Malzemeler<\/td>\n<td data-col-size=\"sm\" data-start=\"2460\" data-end=\"2486\">V\u00fccut<\/td>\n<td data-col-size=\"md\" data-start=\"2486\" data-end=\"2559\">Polyester, Tekstil Dokuma, Saten Kurdele, Silikon, PVC<\/td>\n<\/tr>\n<tr data-start=\"2560\" data-end=\"2679\">\n<td data-start=\"2560\" data-end=\"2580\" data-col-size=\"sm\">RF<\/td>\n<td data-start=\"2580\" data-end=\"2606\" data-col-size=\"sm\">S\u0131kl\u0131k<\/td>\n<td data-col-size=\"md\" data-start=\"2606\" data-end=\"2679\">13,56 MHz (HF)<\/td>\n<\/tr>\n<tr data-start=\"2680\" data-end=\"2799\">\n<td data-start=\"2680\" data-end=\"2700\" data-col-size=\"sm\"><\/td>\n<td data-col-size=\"sm\" data-start=\"2700\" data-end=\"2726\">Protokol<\/td>\n<td data-col-size=\"md\" data-start=\"2726\" data-end=\"2799\">ISO14443A, ISO15693<\/td>\n<\/tr>\n<tr data-start=\"2800\" data-end=\"2919\">\n<td data-start=\"2800\" data-end=\"2820\" data-col-size=\"sm\"><\/td>\n<td data-col-size=\"sm\" data-start=\"2820\" data-end=\"2846\">Dayan\u0131kl\u0131l\u0131k Yaz<\/td>\n<td data-col-size=\"md\" data-start=\"2846\" data-end=\"2919\">\u2265100.000 d\u00f6ng\u00fc<\/td>\n<\/tr>\n<tr data-start=\"2920\" data-end=\"3039\">\n<td data-start=\"2920\" data-end=\"2940\" data-col-size=\"sm\">Okuma Aral\u0131\u011f\u0131<\/td>\n<td data-col-size=\"sm\" data-start=\"2940\" data-end=\"2966\">Mesafe<\/td>\n<td data-col-size=\"md\" data-start=\"2966\" data-end=\"3039\">0\u20135 cm (okuyucuya ba\u011fl\u0131 olarak)<\/td>\n<\/tr>\n<tr data-start=\"3040\" data-end=\"3161\">\n<td data-start=\"3040\" data-end=\"3060\" data-col-size=\"sm\">\u00d6zelle\u015ftirme<\/td>\n<td data-col-size=\"sm\" data-start=\"3060\" data-end=\"3086\">El sanatlar\u0131<\/td>\n<td data-col-size=\"md\" data-start=\"3086\" data-end=\"3161\">Tam renkli bask\u0131, logo, metin, seri numaras\u0131, QR, barkod, veri kodlama<\/td>\n<\/tr>\n<tr data-start=\"3162\" data-end=\"3280\">\n<td data-start=\"3162\" data-end=\"3182\" data-col-size=\"sm\">Dayan\u0131kl\u0131l\u0131k<\/td>\n<td data-col-size=\"sm\" data-start=\"3182\" data-end=\"3208\">Su ge\u00e7irmez<\/td>\n<td data-col-size=\"md\" data-start=\"3208\" data-end=\"3280\">Evet, su ge\u00e7irmez ve dayan\u0131kl\u0131<\/td>\n<\/tr>\n<tr data-start=\"3281\" data-end=\"3403\">\n<td data-start=\"3281\" data-end=\"3301\" data-col-size=\"sm\">Uygulamalar<\/td>\n<td data-col-size=\"sm\" data-start=\"3301\" data-end=\"3327\">Kullan\u0131m \u00d6rnekleri<\/td>\n<td data-col-size=\"md\" data-start=\"3327\" data-end=\"3403\">Etkinlik giri\u015fi, nakitsiz \u00f6demeler, sa\u011fl\u0131k kimli\u011fi, eri\u015fim kontrol\u00fc, bilet<\/td>\n<\/tr>\n<tr data-start=\"3404\" data-end=\"3522\">\n<td data-start=\"3404\" data-end=\"3424\" data-col-size=\"sm\"><\/td>\n<td data-col-size=\"sm\" data-start=\"3424\" data-end=\"3450\"><\/td>\n<td data-col-size=\"md\" data-start=\"3450\" data-end=\"3522\">Y\u00fczme havuzlar\u0131, e\u011flence parklar\u0131 ve daha fazlas\u0131<\/td>\n<\/tr>\n<tr data-start=\"3523\" data-end=\"3642\">\n<td data-start=\"3523\" data-end=\"3543\" data-col-size=\"sm\">Teslim S\u00fcresi<\/td>\n<td data-col-size=\"sm\" data-start=\"3543\" data-end=\"3569\">Teslimat s\u00fcresi<\/td>\n<td data-col-size=\"md\" data-start=\"3569\" data-end=\"3642\">Sekt\u00f6r lideri teslim s\u00fcreleri<\/td>\n<\/tr>\n<\/tbody>\n<\/table>\n<\/div>\n<\/div>","protected":false},"excerpt":{"rendered":"<p>Etkinlikler, festivaller ve eri\u015fim kontrol\u00fc i\u00e7in \u00f6zelle\u015ftirilebilir tek kullan\u0131ml\u0131k RFID NFC bileklik\u201413,56 MHz, su ge\u00e7irmez, dayan\u0131kl\u0131 ve logolar, metinler ve verilerle tamamen \u00f6zelle\u015ftirilebilir.<\/p>","protected":false},"featured_media":792,"template":"","meta":{"_gspb_post_css":""},"product_brand":[],"product_cat":[21],"product_tag":[],"class_list":{"0":"post-791","1":"product","2":"type-product","3":"status-publish","4":"has-post-thumbnail","6":"product_cat-rfid-nfc-bracelets","8":"first","9":"instock","10":"shipping-taxable","11":"purchasable","12":"product-type-simple"},"_links":{"self":[{"href":"https:\/\/www.cxjsmartcard.com\/tr\/wp-json\/wp\/v2\/product\/791","targetHints":{"allow":["GET"]}}],"collection":[{"href":"https:\/\/www.cxjsmartcard.com\/tr\/wp-json\/wp\/v2\/product"}],"about":[{"href":"https:\/\/www.cxjsmartcard.com\/tr\/wp-json\/wp\/v2\/types\/product"}],"wp:featuredmedia":[{"embeddable":true,"href":"https:\/\/www.cxjsmartcard.com\/tr\/wp-json\/wp\/v2\/media\/792"}],"wp:attachment":[{"href":"https:\/\/www.cxjsmartcard.com\/tr\/wp-json\/wp\/v2\/media?parent=791"}],"wp:term":[{"taxonomy":"product_brand","embeddable":true,"href":"https:\/\/www.cxjsmartcard.com\/tr\/wp-json\/wp\/v2\/product_brand?post=791"},{"taxonomy":"product_cat","embeddable":true,"href":"https:\/\/www.cxjsmartcard.com\/tr\/wp-json\/wp\/v2\/product_cat?post=791"},{"taxonomy":"product_tag","embeddable":true,"href":"https:\/\/www.cxjsmartcard.com\/tr\/wp-json\/wp\/v2\/product_tag?post=791"}],"curies":[{"name":"wp","href":"https:\/\/api.w.org\/{rel}","templated":true}]}}