{"id":782,"date":"2025-11-03T07:34:16","date_gmt":"2025-11-03T07:34:16","guid":{"rendered":"https:\/\/www.cxjsmartcard.com\/?post_type=product&#038;p=782"},"modified":"2025-12-29T01:27:09","modified_gmt":"2025-12-29T01:27:09","slug":"customized-rfid-silicone-nfc-bracelets","status":"publish","type":"product","link":"https:\/\/www.cxjsmartcard.com\/tr\/customized-rfid-silicone-nfc-bracelets\/","title":{"rendered":"\u00d6zelle\u015ftirilmi\u015f RFID Silikon NFC Bileklikler"},"content":{"rendered":"<p data-start=\"50\" data-end=\"327\">\u00d6zel RFID silikon NFC bileklikler, eri\u015fim kontrol\u00fc, nakitsiz \u00f6deme, etkinlik y\u00f6netimi ve personel takibi i\u00e7in \u015f\u0131k tasar\u0131m\u0131 g\u00fcvenli RFID\/NFC teknolojisiyle birle\u015ftirir. \u00c7evre dostu silikondan \u00fcretilen bileklikler su ge\u00e7irmez, dayan\u0131kl\u0131, rahat ve tekrar kullan\u0131labilirdir.<\/p>\n<p data-start=\"329\" data-end=\"343\"><strong data-start=\"329\" data-end=\"341\">\u00d6zellikler<\/strong><\/p>\n<ul data-start=\"344\" data-end=\"594\">\n<li data-start=\"344\" data-end=\"384\">\n<p data-start=\"346\" data-end=\"384\">\u00d6zel boyutlar ve Pantone\/CMYK renkleri<\/p>\n<\/li>\n<li data-start=\"385\" data-end=\"435\">\n<p data-start=\"387\" data-end=\"435\">\u00c7oklu frekanslar (LF\/HF\/UHF) ve protokoller<\/p>\n<\/li>\n<li data-start=\"436\" data-end=\"485\">\n<p data-start=\"438\" data-end=\"485\">\u00c7ip kodlamal\u0131 bask\u0131\/grav\u00fcr se\u00e7enekleri<\/p>\n<\/li>\n<li data-start=\"486\" data-end=\"545\">\n<p data-start=\"488\" data-end=\"545\">Islak ortamlar i\u00e7in uygundur (su parklar\u0131, spor salonlar\u0131, havuzlar)<\/p>\n<\/li>\n<li data-start=\"546\" data-end=\"594\">\n<p data-start=\"548\" data-end=\"594\">\u00dccretsiz numuneler mevcuttur; esnek \u00f6deme ko\u015fullar\u0131<\/p>\n<\/li>\n<\/ul>\n<p data-start=\"596\" data-end=\"944\"><strong data-start=\"596\" data-end=\"612\">Uygulamalar<\/strong><br data-start=\"612\" data-end=\"615\" \/>Fitness ve spa (spor salonu eri\u015fimi, dolaplar, nakitsiz \u00f6deme) \u2022 Konserler ve etkinlikler (bilet, VIP eri\u015fimi, kalabal\u0131k kontrol\u00fc) \u2022 Oteller ve tatil k\u00f6yleri (anahtars\u0131z oda\/dolap eri\u015fimi) \u2022 Su parklar\u0131 ve havuzlar (su ge\u00e7irmez kimlik ve \u00f6deme) \u2022 Sa\u011fl\u0131k (hasta kimli\u011fi, ziyaret\u00e7i y\u00f6netimi) \u2022 E\u011flence\/tema parklar\u0131 \u2022 Okullar ve hayvanat bah\u00e7eleri \u2022 G\u00fcvenlik ve personel y\u00f6netimi.<\/p>\n<h2 data-start=\"946\" data-end=\"971\">Tablo (\u00d6zellikler)<\/h2>\n<div class=\"_tableContainer_1rjym_1\">\n<div class=\"group _tableWrapper_1rjym_13 flex w-fit flex-col-reverse\" tabindex=\"-1\">\n<table class=\"w-fit min-w-(--thread-content-width)\" data-start=\"972\" data-end=\"2511\">\n<thead data-start=\"972\" data-end=\"1086\">\n<tr data-start=\"972\" data-end=\"1086\">\n<th data-start=\"972\" data-end=\"990\" data-col-size=\"sm\">Kategori<\/th>\n<th data-start=\"990\" data-end=\"1013\" data-col-size=\"sm\">Parametre<\/th>\n<th data-start=\"1013\" data-end=\"1086\" data-col-size=\"lg\">De\u011fer<\/th>\n<\/tr>\n<\/thead>\n<tbody data-start=\"1202\" data-end=\"2511\">\n<tr data-start=\"1202\" data-end=\"1316\">\n<td data-start=\"1202\" data-end=\"1220\" data-col-size=\"sm\">\u00dcr\u00fcn<\/td>\n<td data-col-size=\"sm\" data-start=\"1220\" data-end=\"1243\">Tip<\/td>\n<td data-col-size=\"lg\" data-start=\"1243\" data-end=\"1316\">RFID silikon NFC bileklik<\/td>\n<\/tr>\n<tr data-start=\"1317\" data-end=\"1431\">\n<td data-start=\"1317\" data-end=\"1335\" data-col-size=\"sm\">Malzemeler<\/td>\n<td data-col-size=\"sm\" data-start=\"1335\" data-end=\"1358\">V\u00fccut<\/td>\n<td data-col-size=\"lg\" data-start=\"1358\" data-end=\"1431\">\u00c7evre dostu silikon<\/td>\n<\/tr>\n<tr data-start=\"1432\" data-end=\"1546\">\n<td data-start=\"1432\" data-end=\"1450\" data-col-size=\"sm\">Boyutlar<\/td>\n<td data-col-size=\"sm\" data-start=\"1450\" data-end=\"1473\">Boyut Se\u00e7enekleri<\/td>\n<td data-col-size=\"lg\" data-start=\"1473\" data-end=\"1546\">\u00d6zelle\u015ftirilmi\u015f<\/td>\n<\/tr>\n<tr data-start=\"1547\" data-end=\"1661\">\n<td data-start=\"1547\" data-end=\"1565\" data-col-size=\"sm\">RF<\/td>\n<td data-col-size=\"sm\" data-start=\"1565\" data-end=\"1588\">Protokoller<\/td>\n<td data-col-size=\"lg\" data-start=\"1588\" data-end=\"1661\">ISO14443A; ISO15693; ISO 18000-6C<\/td>\n<\/tr>\n<tr data-start=\"1662\" data-end=\"1776\">\n<td data-start=\"1662\" data-end=\"1680\" data-col-size=\"sm\"><\/td>\n<td data-col-size=\"sm\" data-start=\"1680\" data-end=\"1703\">Frekanslar<\/td>\n<td data-col-size=\"lg\" data-start=\"1703\" data-end=\"1776\">LF 125 kHz; HF 13,56 MHz; UHF 860\u2013960 MHz<\/td>\n<\/tr>\n<tr data-start=\"1777\" data-end=\"1891\">\n<td data-start=\"1777\" data-end=\"1795\" data-col-size=\"sm\">Ki\u015fiselle\u015ftirme<\/td>\n<td data-col-size=\"sm\" data-start=\"1795\" data-end=\"1818\">Renk<\/td>\n<td data-col-size=\"lg\" data-start=\"1818\" data-end=\"1891\">Pantone veya CMYK<\/td>\n<\/tr>\n<tr data-start=\"1892\" data-end=\"2006\">\n<td data-start=\"1892\" data-end=\"1910\" data-col-size=\"sm\">El sanatlar\u0131<\/td>\n<td data-col-size=\"sm\" data-start=\"1910\" data-end=\"1933\">Bask\u0131\/\u0130\u015faretleme<\/td>\n<td data-col-size=\"lg\" data-start=\"1933\" data-end=\"2006\">Serigrafi, lazer grav\u00fcr, \u0131s\u0131 transfer bask\u0131<\/td>\n<\/tr>\n<tr data-start=\"2007\" data-end=\"2120\">\n<td data-start=\"2007\" data-end=\"2025\" data-col-size=\"sm\">Kodlama<\/td>\n<td data-col-size=\"sm\" data-start=\"2025\" data-end=\"2048\">Veri Hizmetleri<\/td>\n<td data-col-size=\"lg\" data-start=\"2048\" data-end=\"2120\">Seri\/UID, QR, say\u0131; \u00e7ip programlama\/kodlama\/kilitleme\/\u015fifreleme<\/td>\n<\/tr>\n<tr data-start=\"2121\" data-end=\"2281\">\n<td data-start=\"2121\" data-end=\"2139\" data-col-size=\"sm\">Uygulamalar<\/td>\n<td data-col-size=\"sm\" data-start=\"2139\" data-end=\"2162\">Tipik Kullan\u0131m \u00d6rnekleri<\/td>\n<td data-col-size=\"lg\" data-start=\"2162\" data-end=\"2281\">Spor salonlar\u0131 ve spalar; konserler\/etkinlikler; oteller\/tatil k\u00f6yleri; su parklar\u0131; hastaneler; tema parklar\u0131; okullar; hayvanat bah\u00e7eleri; g\u00fcvenlik\/personel<\/td>\n<\/tr>\n<tr data-start=\"2282\" data-end=\"2396\">\n<td data-start=\"2282\" data-end=\"2300\" data-col-size=\"sm\">\u00d6rnekleme<\/td>\n<td data-col-size=\"sm\" data-start=\"2300\" data-end=\"2323\">\u00dccretsiz \u00d6rnekler<\/td>\n<td data-col-size=\"lg\" data-start=\"2323\" data-end=\"2396\">Mevcut<\/td>\n<\/tr>\n<tr data-start=\"2397\" data-end=\"2511\">\n<td data-start=\"2397\" data-end=\"2415\" data-col-size=\"sm\">\u00d6demeler<\/td>\n<td data-col-size=\"sm\" data-start=\"2415\" data-end=\"2438\">\u00d6deme Ko\u015fullar\u0131<\/td>\n<td data-col-size=\"lg\" data-start=\"2438\" data-end=\"2511\">T\/T, PayPal, Western Union, Ali ihra\u00e7 transferi<\/td>\n<\/tr>\n<\/tbody>\n<\/table>\n<\/div>\n<\/div>","protected":false},"excerpt":{"rendered":"<p>\u00d6zel silikon RFID\/NFC bileklikler\u2014su ge\u00e7irmez, dayan\u0131kl\u0131 ve tekrar kullan\u0131labilir; LF\/HF\/UHF, \u00f6zel boyutlar\/renkler, bask\u0131\/grav\u00fcr ve etkinlikler ve eri\u015fim kontrol\u00fc i\u00e7in \u00e7ip kodlamay\u0131 destekler.<\/p>","protected":false},"featured_media":786,"template":"","meta":{"_gspb_post_css":""},"product_brand":[],"product_cat":[21],"product_tag":[],"class_list":{"0":"post-782","1":"product","2":"type-product","3":"status-publish","4":"has-post-thumbnail","6":"product_cat-rfid-nfc-bracelets","8":"first","9":"instock","10":"shipping-taxable","11":"purchasable","12":"product-type-simple"},"_links":{"self":[{"href":"https:\/\/www.cxjsmartcard.com\/tr\/wp-json\/wp\/v2\/product\/782","targetHints":{"allow":["GET"]}}],"collection":[{"href":"https:\/\/www.cxjsmartcard.com\/tr\/wp-json\/wp\/v2\/product"}],"about":[{"href":"https:\/\/www.cxjsmartcard.com\/tr\/wp-json\/wp\/v2\/types\/product"}],"wp:featuredmedia":[{"embeddable":true,"href":"https:\/\/www.cxjsmartcard.com\/tr\/wp-json\/wp\/v2\/media\/786"}],"wp:attachment":[{"href":"https:\/\/www.cxjsmartcard.com\/tr\/wp-json\/wp\/v2\/media?parent=782"}],"wp:term":[{"taxonomy":"product_brand","embeddable":true,"href":"https:\/\/www.cxjsmartcard.com\/tr\/wp-json\/wp\/v2\/product_brand?post=782"},{"taxonomy":"product_cat","embeddable":true,"href":"https:\/\/www.cxjsmartcard.com\/tr\/wp-json\/wp\/v2\/product_cat?post=782"},{"taxonomy":"product_tag","embeddable":true,"href":"https:\/\/www.cxjsmartcard.com\/tr\/wp-json\/wp\/v2\/product_tag?post=782"}],"curies":[{"name":"wp","href":"https:\/\/api.w.org\/{rel}","templated":true}]}}