{"id":777,"date":"2025-11-03T07:31:45","date_gmt":"2025-11-03T07:31:45","guid":{"rendered":"https:\/\/www.cxjsmartcard.com\/?post_type=product&#038;p=777"},"modified":"2025-12-29T01:27:10","modified_gmt":"2025-12-29T01:27:10","slug":"customized-elastic-rfid-nfc-wristband-bracelet","status":"publish","type":"product","link":"https:\/\/www.cxjsmartcard.com\/tr\/customized-elastic-rfid-nfc-wristband-bracelet\/","title":{"rendered":"\u00d6zelle\u015ftirilmi\u015f Elastik RFID NFC Bileklik"},"content":{"rendered":"<p data-start=\"58\" data-end=\"331\">Ak\u0131ll\u0131 teknolojiyi \u015f\u0131k bir dokuma bantla birle\u015ftiren elastik RFID\/NFC bileklik; festivaller, konserler, bilet sat\u0131\u015flar\u0131 ve g\u00fcvenli eri\u015fim kontrol\u00fc i\u00e7in idealdir. Giri\u015fin yan\u0131 s\u0131ra, nakitsiz \u00f6deme, kimlik do\u011frulama, kul\u00fcp \u00fcyeli\u011fi ve \u015firket grubu etkinliklerini de destekleyebilir.<\/p>\n<p data-start=\"333\" data-end=\"375\"><strong data-start=\"333\" data-end=\"373\">RFID Elastik Esnek Dokuma Bileklik<\/strong><\/p>\n<ul data-start=\"376\" data-end=\"1218\">\n<li data-start=\"376\" data-end=\"422\">\n<p data-start=\"378\" data-end=\"422\"><strong data-start=\"378\" data-end=\"395\">\u00dcr\u00fcn ad\u0131:<\/strong> Mutlu RFID NFCC bilezi\u011fi<\/p>\n<\/li>\n<li data-start=\"423\" data-end=\"460\">\n<p data-start=\"425\" data-end=\"460\"><strong data-start=\"425\" data-end=\"438\">Malzeme:<\/strong> Polyester ve naylon<\/p>\n<\/li>\n<li data-start=\"461\" data-end=\"581\">\n<p data-start=\"463\" data-end=\"581\"><strong data-start=\"463\" data-end=\"473\">Boyutlar:<\/strong> 185\u00d713 mm (b\u00fcy\u00fck yeti\u015fkin), 160\u00d713 mm (gen\u00e7\/k\u00fc\u00e7\u00fck yeti\u015fkin); y\u00fckseklik 13 mm; uzunluk 140\u2013210 mm aras\u0131nda \u00f6zelle\u015ftirilebilir<\/p>\n<\/li>\n<li data-start=\"582\" data-end=\"612\">\n<p data-start=\"584\" data-end=\"612\"><strong data-start=\"584\" data-end=\"597\">NFC \u00e7ipi:<\/strong> HF 13.56 MHz<\/p>\n<\/li>\n<li data-start=\"613\" data-end=\"682\">\n<p data-start=\"615\" data-end=\"682\"><strong data-start=\"615\" data-end=\"629\">Protokoller:<\/strong> ISO14443A, ISO15693, ISO7814, ISO7815, ISO18000-6C<\/p>\n<\/li>\n<li data-start=\"683\" data-end=\"726\">\n<p data-start=\"685\" data-end=\"726\"><strong data-start=\"685\" data-end=\"705\">Bileklik rengi:<\/strong> PMS&#039;ye g\u00f6re \u00f6zelle\u015ftirilmi\u015f<\/p>\n<\/li>\n<li data-start=\"727\" data-end=\"797\">\n<p data-start=\"729\" data-end=\"797\"><strong data-start=\"729\" data-end=\"742\">Bask\u0131:<\/strong> Tam renkli boya s\u00fcblimasyonu (i\u00e7\/d\u0131\u015f y\u00fczeyler)<\/p>\n<\/li>\n<li data-start=\"798\" data-end=\"926\">\n<p data-start=\"800\" data-end=\"926\"><strong data-start=\"800\" data-end=\"811\">El sanatlar\u0131:<\/strong> Seri\/UID numaras\u0131 bas\u0131m\u0131, QR, barkod; \u00e7ip programlama\/kodlama\/kilitleme\/\u015fifreleme (URL, metin, say\u0131, vCard)<\/p>\n<\/li>\n<li data-start=\"927\" data-end=\"960\">\n<p data-start=\"929\" data-end=\"960\"><strong data-start=\"929\" data-end=\"942\">\u00d6zellikler:<\/strong> 100% su ge\u00e7irmez<\/p>\n<\/li>\n<li data-start=\"961\" data-end=\"1130\">\n<p data-start=\"963\" data-end=\"1130\"><strong data-start=\"963\" data-end=\"980\">Uygulamalar:<\/strong> Bilet, sa\u011fl\u0131k hizmetleri, seyahat, eri\u015fim kontrol\u00fc ve g\u00fcvenlik, zaman takibi, park etme ve \u00f6deme, kul\u00fcp\/SPA \u00fcyelik y\u00f6netimi, \u00f6d\u00fcller ve promosyonlar<\/p>\n<\/li>\n<li data-start=\"1131\" data-end=\"1151\">\n<p data-start=\"1133\" data-end=\"1151\"><strong data-start=\"1133\" data-end=\"1141\">Minimum Sipari\u015f Adedi:<\/strong> 500 adet<\/p>\n<\/li>\n<li data-start=\"1152\" data-end=\"1218\">\n<p data-start=\"1154\" data-end=\"1218\"><strong data-start=\"1154\" data-end=\"1172\">\u00d6rnek politika:<\/strong> \u00dccretsiz stok test \u00f6rne\u011fi; al\u0131c\u0131 navlun \u00fccretini \u00f6der<\/p>\n<\/li>\n<\/ul>\n<p data-start=\"1220\" data-end=\"1603\"><strong data-start=\"1220\" data-end=\"1260\">Esnek Dokuma Varyant\u0131 (Temel Avantajlar)<\/strong><br data-start=\"1260\" data-end=\"1263\" \/>Ultra konforlu elastik polyester; bilek boyutuna g\u00f6re ayarlanabilir; \u00e7\u0131kar\u0131labilir, tekrar kullan\u0131labilir ve su ge\u00e7irmezdir; \u00e7ok g\u00fcnl\u00fck kullan\u0131m veya sezonluk ge\u00e7i\u015f programlar\u0131 i\u00e7in idealdir.<br data-start=\"1407\" data-end=\"1410\" \/><strong data-start=\"1410\" data-end=\"1423\">Faydalar:<\/strong> Konfor ve esneklik \u2022 Yeniden kullan\u0131labilir ve dayan\u0131kl\u0131 \u2022 100% su ge\u00e7irmez \u2022 Markalamaya haz\u0131r (tam renkli bask\u0131, logo, benzersiz kimlik kodlamas\u0131) \u2022 \u00c7o\u011fu NFC \u00f6zellikli cihaz ve RFID okuyucuyla \u00e7al\u0131\u015f\u0131r.<\/p>\n<h2 data-start=\"1605\" data-end=\"1630\">Tablo (\u00d6zellikler)<\/h2>\n<div class=\"_tableContainer_1rjym_1\">\n<div class=\"group _tableWrapper_1rjym_13 flex w-fit flex-col-reverse\" tabindex=\"-1\">\n<table class=\"w-fit min-w-(--thread-content-width)\" data-start=\"1632\" data-end=\"3623\">\n<thead data-start=\"1632\" data-end=\"1754\">\n<tr data-start=\"1632\" data-end=\"1754\">\n<th data-start=\"1632\" data-end=\"1653\" data-col-size=\"sm\">Kategori<\/th>\n<th data-start=\"1653\" data-end=\"1681\" data-col-size=\"sm\">Parametre<\/th>\n<th data-start=\"1681\" data-end=\"1754\" data-col-size=\"lg\">De\u011fer<\/th>\n<\/tr>\n<\/thead>\n<tbody data-start=\"1877\" data-end=\"3623\">\n<tr data-start=\"1877\" data-end=\"1998\">\n<td data-start=\"1877\" data-end=\"1897\" data-col-size=\"sm\">\u00dcr\u00fcn<\/td>\n<td data-col-size=\"sm\" data-start=\"1897\" data-end=\"1925\">Tip<\/td>\n<td data-col-size=\"lg\" data-start=\"1925\" data-end=\"1998\">\u00d6zelle\u015ftirilmi\u015f Elastik RFID\/NFC Bileklik<\/td>\n<\/tr>\n<tr data-start=\"1999\" data-end=\"2120\">\n<td data-start=\"1999\" data-end=\"2019\" data-col-size=\"sm\">Malzemeler<\/td>\n<td data-col-size=\"sm\" data-start=\"2019\" data-end=\"2047\">Bant<\/td>\n<td data-col-size=\"lg\" data-start=\"2047\" data-end=\"2120\">Polyester ve naylon<\/td>\n<\/tr>\n<tr data-start=\"2121\" data-end=\"2242\">\n<td data-start=\"2121\" data-end=\"2141\" data-col-size=\"sm\">Boyutlar<\/td>\n<td data-col-size=\"sm\" data-start=\"2141\" data-end=\"2169\">Standart Boyutlar<\/td>\n<td data-col-size=\"lg\" data-start=\"2169\" data-end=\"2242\">185\u00d713 mm (b\u00fcy\u00fck yeti\u015fkin); 160\u00d713 mm (gen\u00e7\/k\u00fc\u00e7\u00fck yeti\u015fkin)<\/td>\n<\/tr>\n<tr data-start=\"2243\" data-end=\"2364\">\n<td data-start=\"2243\" data-end=\"2263\" data-col-size=\"sm\"><\/td>\n<td data-col-size=\"sm\" data-start=\"2263\" data-end=\"2291\">\u00d6zel Aral\u0131k<\/td>\n<td data-col-size=\"lg\" data-start=\"2291\" data-end=\"2364\">Uzunluk 140\u2013210 mm; y\u00fckseklik 13 mm<\/td>\n<\/tr>\n<tr data-start=\"2365\" data-end=\"2486\">\n<td data-start=\"2365\" data-end=\"2385\" data-col-size=\"sm\">RF<\/td>\n<td data-col-size=\"sm\" data-start=\"2385\" data-end=\"2413\">S\u0131kl\u0131k<\/td>\n<td data-col-size=\"lg\" data-start=\"2413\" data-end=\"2486\">HF 13.56 MHz<\/td>\n<\/tr>\n<tr data-start=\"2487\" data-end=\"2608\">\n<td data-start=\"2487\" data-end=\"2507\" data-col-size=\"sm\"><\/td>\n<td data-col-size=\"sm\" data-start=\"2507\" data-end=\"2535\">Protokoller<\/td>\n<td data-col-size=\"lg\" data-start=\"2535\" data-end=\"2608\">ISO14443A; ISO15693; ISO7814; ISO7815; ISO18000-6C<\/td>\n<\/tr>\n<tr data-start=\"2609\" data-end=\"2730\">\n<td data-start=\"2609\" data-end=\"2629\" data-col-size=\"sm\">Ki\u015fiselle\u015ftirme<\/td>\n<td data-col-size=\"sm\" data-start=\"2629\" data-end=\"2657\">Renk<\/td>\n<td data-col-size=\"lg\" data-start=\"2657\" data-end=\"2730\">\u00d6zel PMS renkleri<\/td>\n<\/tr>\n<tr data-start=\"2731\" data-end=\"2852\">\n<td data-start=\"2731\" data-end=\"2751\" data-col-size=\"sm\"><\/td>\n<td data-col-size=\"sm\" data-start=\"2751\" data-end=\"2779\">Bask\u0131<\/td>\n<td data-col-size=\"lg\" data-start=\"2779\" data-end=\"2852\">Tam renkli boya s\u00fcblimasyonu (i\u00e7\/d\u0131\u015f)<\/td>\n<\/tr>\n<tr data-start=\"2853\" data-end=\"2978\">\n<td data-start=\"2853\" data-end=\"2873\" data-col-size=\"sm\">El sanatlar\u0131<\/td>\n<td data-col-size=\"sm\" data-start=\"2873\" data-end=\"2901\">Kodlama\/\u0130\u015faretleme<\/td>\n<td data-col-size=\"lg\" data-start=\"2901\" data-end=\"2978\">Seri\/UID, QR, barkod; \u00e7ip kodlama\/kilitleme\/\u015fifreleme (URL\/metin\/say\u0131\/vCard)<\/td>\n<\/tr>\n<tr data-start=\"2979\" data-end=\"3100\">\n<td data-start=\"2979\" data-end=\"2999\" data-col-size=\"sm\">Performans<\/td>\n<td data-col-size=\"sm\" data-start=\"2999\" data-end=\"3027\">\u00d6zellik<\/td>\n<td data-col-size=\"lg\" data-start=\"3027\" data-end=\"3100\">100% su ge\u00e7irmez<\/td>\n<\/tr>\n<tr data-start=\"3101\" data-end=\"3257\">\n<td data-start=\"3101\" data-end=\"3121\" data-col-size=\"sm\">Uygulamalar<\/td>\n<td data-col-size=\"sm\" data-start=\"3121\" data-end=\"3149\">Kullan\u0131m \u00d6rnekleri<\/td>\n<td data-col-size=\"lg\" data-start=\"3149\" data-end=\"3257\">Bilet, eri\u015fim kontrol\u00fc, nakitsiz \u00f6deme, sa\u011fl\u0131k hizmeti, zaman ve kat\u0131l\u0131m, park etme, \u00fcyelik, \u00f6d\u00fcller<\/td>\n<\/tr>\n<tr data-start=\"3258\" data-end=\"3379\">\n<td data-start=\"3258\" data-end=\"3278\" data-col-size=\"sm\">Lojistik<\/td>\n<td data-col-size=\"sm\" data-start=\"3278\" data-end=\"3306\">Minimum Sipari\u015f Adedi<\/td>\n<td data-col-size=\"lg\" data-start=\"3306\" data-end=\"3379\">500 adet<\/td>\n<\/tr>\n<tr data-start=\"3380\" data-end=\"3501\">\n<td data-start=\"3380\" data-end=\"3400\" data-col-size=\"sm\">\u00d6rnekleme<\/td>\n<td data-col-size=\"sm\" data-start=\"3400\" data-end=\"3428\">Politika<\/td>\n<td data-col-size=\"lg\" data-start=\"3428\" data-end=\"3501\">\u00dccretsiz stok \u00f6rne\u011fi; al\u0131c\u0131 navlun \u00fccretini \u00f6der<\/td>\n<\/tr>\n<tr data-start=\"3502\" data-end=\"3623\">\n<td data-start=\"3502\" data-end=\"3522\" data-col-size=\"sm\">Faydalar<\/td>\n<td data-col-size=\"sm\" data-start=\"3522\" data-end=\"3550\">\u00d6nemli Noktalar<\/td>\n<td data-col-size=\"lg\" data-start=\"3550\" data-end=\"3623\">Elastik uyum, yeniden kullan\u0131labilir, markalamaya haz\u0131r, NFC\/RFID okuyucu uyumlulu\u011fu<\/td>\n<\/tr>\n<\/tbody>\n<\/table>\n<\/div>\n<\/div>","protected":false},"excerpt":{"rendered":"<p>Etkinlikler ve eri\u015fim kontrol\u00fc i\u00e7in elastik dokuma RFID\/NFC bileklik\u2014\u00f6zel boyutlar\/renkler, 100% su ge\u00e7irmez, yeniden kullan\u0131labilir ve tam renkli bask\u0131 ve \u00e7ip kodlamas\u0131yla markalamaya haz\u0131r.<\/p>","protected":false},"featured_media":778,"template":"","meta":{"_gspb_post_css":""},"product_brand":[],"product_cat":[21],"product_tag":[],"class_list":{"0":"post-777","1":"product","2":"type-product","3":"status-publish","4":"has-post-thumbnail","6":"product_cat-rfid-nfc-bracelets","8":"first","9":"instock","10":"shipping-taxable","11":"purchasable","12":"product-type-simple"},"_links":{"self":[{"href":"https:\/\/www.cxjsmartcard.com\/tr\/wp-json\/wp\/v2\/product\/777","targetHints":{"allow":["GET"]}}],"collection":[{"href":"https:\/\/www.cxjsmartcard.com\/tr\/wp-json\/wp\/v2\/product"}],"about":[{"href":"https:\/\/www.cxjsmartcard.com\/tr\/wp-json\/wp\/v2\/types\/product"}],"wp:featuredmedia":[{"embeddable":true,"href":"https:\/\/www.cxjsmartcard.com\/tr\/wp-json\/wp\/v2\/media\/778"}],"wp:attachment":[{"href":"https:\/\/www.cxjsmartcard.com\/tr\/wp-json\/wp\/v2\/media?parent=777"}],"wp:term":[{"taxonomy":"product_brand","embeddable":true,"href":"https:\/\/www.cxjsmartcard.com\/tr\/wp-json\/wp\/v2\/product_brand?post=777"},{"taxonomy":"product_cat","embeddable":true,"href":"https:\/\/www.cxjsmartcard.com\/tr\/wp-json\/wp\/v2\/product_cat?post=777"},{"taxonomy":"product_tag","embeddable":true,"href":"https:\/\/www.cxjsmartcard.com\/tr\/wp-json\/wp\/v2\/product_tag?post=777"}],"curies":[{"name":"wp","href":"https:\/\/api.w.org\/{rel}","templated":true}]}}