{"id":772,"date":"2025-11-03T07:28:48","date_gmt":"2025-11-03T07:28:48","guid":{"rendered":"https:\/\/www.cxjsmartcard.com\/?post_type=product&#038;p=772"},"modified":"2025-12-29T01:27:10","modified_gmt":"2025-12-29T01:27:10","slug":"custom-nfc-fabric-woven-bracelet-rfid-wristband-for-festival","status":"publish","type":"product","link":"https:\/\/www.cxjsmartcard.com\/tr\/custom-nfc-fabric-woven-bracelet-rfid-wristband-for-festival\/","title":{"rendered":"Festival \u0130\u00e7in \u00d6zel NFC Kuma\u015f Dokuma Bileklik RFID Bileklik"},"content":{"rendered":"<p data-start=\"72\" data-end=\"240\">\u00d6zel NFC Kuma\u015f Dokuma Bileklik RFID Bileklik, eri\u015fim kontrol\u00fc, nakitsiz \u00f6deme ve etkinlik y\u00f6netimi i\u00e7in dayan\u0131kl\u0131, su ge\u00e7irmez ve g\u00fcvenli bir \u00e7\u00f6z\u00fcmd\u00fcr.<\/p>\n<p data-start=\"242\" data-end=\"277\"><strong data-start=\"242\" data-end=\"255\">Malzemeler<\/strong><br data-start=\"255\" data-end=\"258\" \/>PVC + dokuma kuma\u015f.<\/p>\n<p data-start=\"279\" data-end=\"342\"><strong data-start=\"279\" data-end=\"292\">Protokoller<\/strong><br data-start=\"292\" data-end=\"295\" \/>ISO 11785, ISO 15693, ISO 14443A, ISO 18000-6C.<\/p>\n<p data-start=\"344\" data-end=\"443\"><strong data-start=\"344\" data-end=\"368\">Boyutlar (\u00f6zelle\u015ftirilebilir)<\/strong><br data-start=\"368\" data-end=\"371\" \/>47\u00d747\u00d70,8 mm; 55,21\u00d756\u00d70,8 mm; 45\u00d740\u00d70,8 mm; 30\u00d747\u00d70,8 mm; 41\u00d726\u00d70,8 mm.<\/p>\n<p data-start=\"445\" data-end=\"519\"><strong data-start=\"445\" data-end=\"479\">Okuma Mesafesi (\u00e7ipe ba\u011fl\u0131)<\/strong><br data-start=\"479\" data-end=\"482\" \/>LF: 1\u20134 cm \u2022 HF: 1\u20136 cm \u2022 UHF: 1\u20136 m.<\/p>\n<p data-start=\"521\" data-end=\"644\"><strong data-start=\"521\" data-end=\"541\">Mevcut El Sanatlar\u0131<\/strong><br data-start=\"541\" data-end=\"544\" \/>Serigrafi veya \u00e7ok renkli bask\u0131; logo\/lazer UID kodu; seri numaras\u0131; QR kodu; veri kodlama.<\/p>\n<p data-start=\"646\" data-end=\"752\"><strong data-start=\"646\" data-end=\"662\">Uygulamalar<\/strong><br data-start=\"662\" data-end=\"665\" \/>Etkinlikler, festivaller, okullar, e\u011flence parklar\u0131, m\u00fczik merkezleri ve genel eri\u015fim kontrol\u00fc.<\/p>\n<p data-start=\"754\" data-end=\"844\"><strong data-start=\"754\" data-end=\"778\">Kurulum Se\u00e7enekleri<\/strong><br data-start=\"778\" data-end=\"781\" \/>Tek kullan\u0131ml\u0131k s\u00fcrg\u00fcl\u00fc kilitli bileklik; ayarlanabilir tekrar kullan\u0131labilir bileklik.<\/p>\n<p data-start=\"846\" data-end=\"1312\"><strong data-start=\"846\" data-end=\"877\">RFID Bilekliklerin Faydalar\u0131<\/strong><br data-start=\"877\" data-end=\"880\" \/>Geliri art\u0131r\u0131n; karl\u0131l\u0131\u011f\u0131 en \u00fcst d\u00fczeye \u00e7\u0131kar\u0131n; hizmet h\u0131z\u0131n\u0131 art\u0131r\u0131n; operasyonel verimlili\u011fi geli\u015ftirin; nakit i\u015fleme sorunlar\u0131n\u0131 ortadan kald\u0131r\u0131n; s\u00fcre\u00e7leri ve prosed\u00fcrleri kolayla\u015ft\u0131r\u0131n; sahte veya taklit giri\u015fleri \u00f6nleyin.<br data-start=\"1093\" data-end=\"1096\" \/>Bilekliklere yerle\u015ftirilen RFID \u00e7ipleri, eri\u015fim kontrol\u00fc, nakitsiz \u00f6demeler, veri toplama, sosyal etkile\u015fimler ve daha fazlas\u0131n\u0131 m\u00fcmk\u00fcn k\u0131l\u0131yor; \u00e7e\u015fitli da\u011f\u0131t\u0131mlara uyum sa\u011flamak i\u00e7in LF (125\u2013134 kHz), HF (13,56 MHz) ve UHF&#039;yi (860\u2013960 MHz) destekliyor.<\/p>\n<h2 data-start=\"1314\" data-end=\"1339\">Tablo (\u00d6zellikler)<\/h2>\n<div class=\"_tableContainer_1rjym_1\">\n<div class=\"group _tableWrapper_1rjym_13 flex w-fit flex-col-reverse\" tabindex=\"-1\">\n<table class=\"w-fit min-w-(--thread-content-width)\" data-start=\"1341\" data-end=\"2618\">\n<thead data-start=\"1341\" data-end=\"1455\">\n<tr data-start=\"1341\" data-end=\"1455\">\n<th data-start=\"1341\" data-end=\"1359\" data-col-size=\"sm\">Kategori<\/th>\n<th data-start=\"1359\" data-end=\"1382\" data-col-size=\"sm\">Parametre<\/th>\n<th data-start=\"1382\" data-end=\"1455\" data-col-size=\"md\">De\u011fer<\/th>\n<\/tr>\n<\/thead>\n<tbody data-start=\"1571\" data-end=\"2618\">\n<tr data-start=\"1571\" data-end=\"1685\">\n<td data-start=\"1571\" data-end=\"1589\" data-col-size=\"sm\">\u00dcr\u00fcn<\/td>\n<td data-col-size=\"sm\" data-start=\"1589\" data-end=\"1612\">Tip<\/td>\n<td data-col-size=\"md\" data-start=\"1612\" data-end=\"1685\">\u00d6zel NFC Kuma\u015f Dokuma Bileklik RFID Bileklik<\/td>\n<\/tr>\n<tr data-start=\"1686\" data-end=\"1800\">\n<td data-start=\"1686\" data-end=\"1704\" data-col-size=\"sm\">Malzemeler<\/td>\n<td data-col-size=\"sm\" data-start=\"1704\" data-end=\"1727\">V\u00fccut<\/td>\n<td data-col-size=\"md\" data-start=\"1727\" data-end=\"1800\">PVC + Dokuma<\/td>\n<\/tr>\n<tr data-start=\"1801\" data-end=\"1915\">\n<td data-start=\"1801\" data-end=\"1819\" data-col-size=\"sm\">RF<\/td>\n<td data-col-size=\"sm\" data-start=\"1819\" data-end=\"1842\">Protokoller<\/td>\n<td data-col-size=\"md\" data-start=\"1842\" data-end=\"1915\">ISO 11785; ISO 15693; ISO 14443A; ISO 18000-6C<\/td>\n<\/tr>\n<tr data-start=\"1916\" data-end=\"2030\">\n<td data-start=\"1916\" data-end=\"1934\" data-col-size=\"sm\"><\/td>\n<td data-col-size=\"sm\" data-start=\"1934\" data-end=\"1957\">Frekanslar<\/td>\n<td data-col-size=\"md\" data-start=\"1957\" data-end=\"2030\">LF 125\u2013134 kHz; HF 13,56 MHz; UHF 860\u2013960 MHz<\/td>\n<\/tr>\n<tr data-start=\"2031\" data-end=\"2145\">\n<td data-start=\"2031\" data-end=\"2049\" data-col-size=\"sm\">Performans<\/td>\n<td data-col-size=\"sm\" data-start=\"2049\" data-end=\"2072\">Okuma Mesafesi<\/td>\n<td data-col-size=\"md\" data-start=\"2072\" data-end=\"2145\">LF 1\u20134 cm; HF 1\u20136 cm; UHF 1\u20136 m (\u00e7ip\/okuyucuya ba\u011fl\u0131)<\/td>\n<\/tr>\n<tr data-start=\"2146\" data-end=\"2262\">\n<td data-start=\"2146\" data-end=\"2164\" data-col-size=\"sm\">Boyutlar<\/td>\n<td data-col-size=\"sm\" data-start=\"2164\" data-end=\"2187\">Boyut Se\u00e7enekleri<\/td>\n<td data-col-size=\"md\" data-start=\"2187\" data-end=\"2262\">47\u00d747\u00d70,8 mm; 55,21\u00d756\u00d70,8 mm; 45\u00d740\u00d70,8 mm; 30\u00d747\u00d70,8 mm; 41\u00d726\u00d70,8 mm<\/td>\n<\/tr>\n<tr data-start=\"2263\" data-end=\"2385\">\n<td data-start=\"2263\" data-end=\"2281\" data-col-size=\"sm\">Ki\u015fiselle\u015ftirme<\/td>\n<td data-col-size=\"sm\" data-start=\"2281\" data-end=\"2304\">Yazd\u0131rma\/Kodlama<\/td>\n<td data-col-size=\"md\" data-start=\"2304\" data-end=\"2385\">Ekran veya \u00e7ok renkli bask\u0131; logo\/lazer UID; seri no.; QR; veri kodlama<\/td>\n<\/tr>\n<tr data-start=\"2386\" data-end=\"2503\">\n<td data-start=\"2386\" data-end=\"2404\" data-col-size=\"sm\">Uygulamalar<\/td>\n<td data-col-size=\"sm\" data-start=\"2404\" data-end=\"2427\">Tipik Kullan\u0131m \u00d6rnekleri<\/td>\n<td data-col-size=\"md\" data-start=\"2427\" data-end=\"2503\">Etkinlik\/festival giri\u015fi, okul ve m\u00fczik merkezi y\u00f6netimi, eri\u015fim kontrol\u00fc<\/td>\n<\/tr>\n<tr data-start=\"2504\" data-end=\"2618\">\n<td data-start=\"2504\" data-end=\"2522\" data-col-size=\"sm\">Kurulum<\/td>\n<td data-col-size=\"sm\" data-start=\"2522\" data-end=\"2545\">Bileklik \u00c7e\u015fitleri<\/td>\n<td data-col-size=\"md\" data-start=\"2545\" data-end=\"2618\">Tek kullan\u0131ml\u0131k s\u00fcrg\u00fcl\u00fc kilit; ayarlanabilir yeniden kullan\u0131labilir<\/td>\n<\/tr>\n<\/tbody>\n<\/table>\n<\/div>\n<\/div>","protected":false},"excerpt":{"rendered":"<p>Etkinlikler ve eri\u015fim kontrol\u00fc i\u00e7in kuma\u015f dokuma RFID bileklik - dayan\u0131kl\u0131, su ge\u00e7irmez ve \u00f6zelle\u015ftirilebilir; LF\/HF\/UHF, \u00e7oklu boyutlar ve tek kullan\u0131ml\u0131k veya yeniden kullan\u0131labilir bantlar\u0131 destekler.<\/p>","protected":false},"featured_media":773,"template":"","meta":{"_gspb_post_css":""},"product_brand":[],"product_cat":[21],"product_tag":[],"class_list":{"0":"post-772","1":"product","2":"type-product","3":"status-publish","4":"has-post-thumbnail","6":"product_cat-rfid-nfc-bracelets","8":"first","9":"instock","10":"shipping-taxable","11":"purchasable","12":"product-type-simple"},"_links":{"self":[{"href":"https:\/\/www.cxjsmartcard.com\/tr\/wp-json\/wp\/v2\/product\/772","targetHints":{"allow":["GET"]}}],"collection":[{"href":"https:\/\/www.cxjsmartcard.com\/tr\/wp-json\/wp\/v2\/product"}],"about":[{"href":"https:\/\/www.cxjsmartcard.com\/tr\/wp-json\/wp\/v2\/types\/product"}],"wp:featuredmedia":[{"embeddable":true,"href":"https:\/\/www.cxjsmartcard.com\/tr\/wp-json\/wp\/v2\/media\/773"}],"wp:attachment":[{"href":"https:\/\/www.cxjsmartcard.com\/tr\/wp-json\/wp\/v2\/media?parent=772"}],"wp:term":[{"taxonomy":"product_brand","embeddable":true,"href":"https:\/\/www.cxjsmartcard.com\/tr\/wp-json\/wp\/v2\/product_brand?post=772"},{"taxonomy":"product_cat","embeddable":true,"href":"https:\/\/www.cxjsmartcard.com\/tr\/wp-json\/wp\/v2\/product_cat?post=772"},{"taxonomy":"product_tag","embeddable":true,"href":"https:\/\/www.cxjsmartcard.com\/tr\/wp-json\/wp\/v2\/product_tag?post=772"}],"curies":[{"name":"wp","href":"https:\/\/api.w.org\/{rel}","templated":true}]}}