{"id":767,"date":"2025-11-03T07:23:32","date_gmt":"2025-11-03T07:23:32","guid":{"rendered":"https:\/\/www.cxjsmartcard.com\/?post_type=product&#038;p=767"},"modified":"2025-12-29T01:27:10","modified_gmt":"2025-12-29T01:27:10","slug":"waterproof-uhf-industrial-rfid-flexible-silicone-laundry-tag","status":"publish","type":"product","link":"https:\/\/www.cxjsmartcard.com\/tr\/waterproof-uhf-industrial-rfid-flexible-silicone-laundry-tag\/","title":{"rendered":"Su Ge\u00e7irmez UHF End\u00fcstriyel RFID Esnek Silikon \u00c7ama\u015f\u0131r Etiketi"},"content":{"rendered":"<p data-start=\"72\" data-end=\"463\">End\u00fcstriyel y\u0131kama ve tekstil y\u00f6netimi i\u00e7in tasarlanm\u0131\u015f esnek silikon UHF \u00e7ama\u015f\u0131r etiketi. Su ge\u00e7irmez, \u0131s\u0131ya ve hava ko\u015fullar\u0131na dayan\u0131kl\u0131d\u0131r, 860-960 MHz band\u0131nda \u00e7al\u0131\u015f\u0131r ve ISO\/IEC 18000-6C (EPC Gen2) standard\u0131n\u0131 destekler. \u00d6zellikle giysi ve keten end\u00fcstriyel y\u0131kama i\u00e7in uygundur ve y\u00fcksek s\u0131cakl\u0131kta \u00fct\u00fcleme, y\u00fcksek bas\u0131n\u00e7 ve 200&#039;den fazla end\u00fcstriyel y\u0131kama d\u00f6ng\u00fcs\u00fcne dayan\u0131kl\u0131d\u0131r.<\/p>\n<p data-start=\"465\" data-end=\"488\"><strong data-start=\"465\" data-end=\"486\">Kalite G\u00fcvencesi<\/strong><\/p>\n<ul data-start=\"489\" data-end=\"581\">\n<li data-start=\"489\" data-end=\"545\">\n<p data-start=\"491\" data-end=\"545\">100% fonksiyonu Voyantic Performans Test Cihaz\u0131 taraf\u0131ndan test edildi.<\/p>\n<\/li>\n<li data-start=\"546\" data-end=\"581\">\n<p data-start=\"548\" data-end=\"581\">100% EPC ve Kullan\u0131c\u0131 belle\u011fi kontrol edildi.<\/p>\n<\/li>\n<\/ul>\n<p data-start=\"583\" data-end=\"614\"><strong data-start=\"583\" data-end=\"612\">Elektriksel \u00d6zellikler<\/strong><\/p>\n<ul data-start=\"615\" data-end=\"886\">\n<li data-start=\"615\" data-end=\"664\">\n<p data-start=\"617\" data-end=\"664\">Hava aray\u00fcz\u00fc: EPC S\u0131n\u0131f 1 Gen2, ISO 18000-6C<\/p>\n<\/li>\n<li data-start=\"665\" data-end=\"705\">\n<p data-start=\"667\" data-end=\"705\">Cihaz t\u00fcr\u00fc: Pasif UHF transponder<\/p>\n<\/li>\n<li data-start=\"706\" data-end=\"744\">\n<p data-start=\"708\" data-end=\"744\">\u00c7al\u0131\u015fma frekans\u0131: 865\u2013928 MHz<\/p>\n<\/li>\n<li data-start=\"745\" data-end=\"834\">\n<p data-start=\"747\" data-end=\"834\">Bellek (tipik IC yap\u0131land\u0131rmas\u0131): EPC 128 bit; Kullan\u0131c\u0131 32 bit; Parola 32 bit; TID 96 bit<\/p>\n<\/li>\n<li data-start=\"835\" data-end=\"859\">\n<p data-start=\"837\" data-end=\"859\">Polarizasyon: Do\u011frusal<\/p>\n<\/li>\n<li data-start=\"860\" data-end=\"886\">\n<p data-start=\"862\" data-end=\"886\">Veri saklama s\u00fcresi: 10 y\u0131l<\/p>\n<\/li>\n<\/ul>\n<p data-start=\"888\" data-end=\"916\"><strong data-start=\"888\" data-end=\"914\">Mekanik ve Malzemeler<\/strong><\/p>\n<ul data-start=\"917\" data-end=\"1077\">\n<li data-start=\"917\" data-end=\"960\">\n<p data-start=\"919\" data-end=\"960\">Boyutlar (kuma\u015f etiketi): 60 \u00d7 20 \u00d7 1 mm<\/p>\n<\/li>\n<li data-start=\"961\" data-end=\"1043\">\n<p data-start=\"963\" data-end=\"1043\">Boyutlar (silikon etiket): 85 \u00d7 27 \u00d7 4 mm; 55 \u00d7 12 \u00d7 2,5 mm (di\u011ferleri mevcuttur)<\/p>\n<\/li>\n<li data-start=\"1044\" data-end=\"1077\">\n<p data-start=\"1046\" data-end=\"1077\">Etiket malzemeleri: Kuma\u015f, Silikon<\/p>\n<\/li>\n<\/ul>\n<p data-start=\"1079\" data-end=\"1118\"><strong data-start=\"1079\" data-end=\"1116\">\u00c7evresel ve Proses Dayan\u0131kl\u0131l\u0131\u011f\u0131<\/strong><\/p>\n<ul data-start=\"1119\" data-end=\"1352\">\n<li data-start=\"1119\" data-end=\"1181\">\n<p data-start=\"1121\" data-end=\"1181\">Depolama s\u0131cakl\u0131\u011f\u0131: -40 \u00b0C ila +120 \u00b0C (-40 \u00b0F ila +248 \u00b0F)<\/p>\n<\/li>\n<li data-start=\"1182\" data-end=\"1219\">\n<p data-start=\"1184\" data-end=\"1219\">\u00dct\u00fc: 180 \u00b0C \u00d7 15 sn, 200 d\u00f6ng\u00fc<\/p>\n<\/li>\n<li data-start=\"1220\" data-end=\"1316\">\n<p data-start=\"1222\" data-end=\"1316\">Kurutucu: 85 \u00b0C \u00d7 120 dk, 200 \u00e7evrim; 120 \u00b0C \u00d7 60 dk, 200 \u00e7evrim; 150 \u00b0C \u00d7 20 dk, 200 \u00e7evrim<\/p>\n<\/li>\n<li data-start=\"1317\" data-end=\"1352\">\n<p data-start=\"1319\" data-end=\"1352\">Bas\u0131n\u00e7 dayan\u0131m\u0131: 56 bara kadar<\/p>\n<\/li>\n<\/ul>\n<p data-start=\"1354\" data-end=\"1372\"><strong data-start=\"1354\" data-end=\"1370\">Uygulamalar<\/strong><\/p>\n<ul data-start=\"1373\" data-end=\"1510\">\n<li data-start=\"1373\" data-end=\"1394\">\n<p data-start=\"1375\" data-end=\"1394\">Nevresim y\u00f6netimi<\/p>\n<\/li>\n<li data-start=\"1395\" data-end=\"1417\">\n<p data-start=\"1397\" data-end=\"1417\">Tekd\u00fcze y\u00f6netim<\/p>\n<\/li>\n<li data-start=\"1418\" data-end=\"1449\">\n<p data-start=\"1420\" data-end=\"1449\">Hastane \u00e7ama\u015f\u0131rhane y\u00f6netimi<\/p>\n<\/li>\n<li data-start=\"1450\" data-end=\"1478\">\n<p data-start=\"1452\" data-end=\"1478\">Otel \u00e7ama\u015f\u0131rhane y\u00f6netimi<\/p>\n<\/li>\n<li data-start=\"1479\" data-end=\"1510\">\n<p data-start=\"1481\" data-end=\"1510\">End\u00fcstriyel tekstil y\u00f6netimi<\/p>\n<\/li>\n<\/ul>\n<p data-start=\"1512\" data-end=\"1666\"><strong data-start=\"1512\" data-end=\"1520\">SSS<\/strong><br data-start=\"1520\" data-end=\"1523\" \/><strong data-start=\"1523\" data-end=\"1530\">S1:<\/strong> Bu RFID etiketleri \u00fcniformalara veya giysilere dikilebilir mi?<br data-start=\"1585\" data-end=\"1588\" \/><strong data-start=\"1588\" data-end=\"1594\">A:<\/strong> Evet. Esnek silikon etiket dikilebilir, \u0131s\u0131yla kapat\u0131labilir veya g\u00f6m\u00fclebilir.<\/p>\n<p data-start=\"1668\" data-end=\"1791\"><strong data-start=\"1668\" data-end=\"1675\">S2:<\/strong> Bu etiket ka\u00e7 y\u0131kamaya dayanabilir?<br data-start=\"1717\" data-end=\"1720\" \/><strong data-start=\"1720\" data-end=\"1726\">A:<\/strong> Deterjan ve s\u0131cakl\u0131\u011fa ba\u011fl\u0131 olarak 200&#039;e kadar y\u0131kama se\u00e7ene\u011fi.<\/p>\n<p data-start=\"1793\" data-end=\"1916\"><strong data-start=\"1793\" data-end=\"1800\">S3:<\/strong> \u00d6zelle\u015ftirme m\u00fcmk\u00fcn m\u00fc?<br data-start=\"1828\" data-end=\"1831\" \/><strong data-start=\"1831\" data-end=\"1837\">A:<\/strong> Evet. Boyutlar, renkler ve markalama (logo bask\u0131s\u0131 veya QR kodlar\u0131) \u00f6zelle\u015ftirilebilir.<\/p>\n<h2 data-start=\"1918\" data-end=\"1943\">Tablo (\u00d6zellikler)<\/h2>\n<div class=\"_tableContainer_1rjym_1\">\n<div class=\"group _tableWrapper_1rjym_13 flex w-fit flex-col-reverse\" tabindex=\"-1\">\n<table class=\"w-fit min-w-(--thread-content-width)\" data-start=\"1945\" data-end=\"4087\">\n<thead data-start=\"1945\" data-end=\"2071\">\n<tr data-start=\"1945\" data-end=\"2071\">\n<th data-start=\"1945\" data-end=\"1970\" data-col-size=\"sm\">Kategori<\/th>\n<th data-start=\"1970\" data-end=\"1998\" data-col-size=\"sm\">Parametre<\/th>\n<th data-start=\"1998\" data-end=\"2071\" data-col-size=\"md\">De\u011fer<\/th>\n<\/tr>\n<\/thead>\n<tbody data-start=\"2198\" data-end=\"4087\">\n<tr data-start=\"2198\" data-end=\"2323\">\n<td data-start=\"2198\" data-end=\"2222\" data-col-size=\"sm\">RF Aray\u00fcz\u00fc<\/td>\n<td data-col-size=\"sm\" data-start=\"2222\" data-end=\"2250\">Protokol<\/td>\n<td data-col-size=\"md\" data-start=\"2250\" data-end=\"2323\">EPC S\u0131n\u0131f 1 Gen2 \/ ISO 18000-6C<\/td>\n<\/tr>\n<tr data-start=\"2324\" data-end=\"2449\">\n<td data-start=\"2324\" data-end=\"2348\" data-col-size=\"sm\"><\/td>\n<td data-col-size=\"sm\" data-start=\"2348\" data-end=\"2376\">Cihaz T\u00fcr\u00fc<\/td>\n<td data-col-size=\"md\" data-start=\"2376\" data-end=\"2449\">Pasif UHF transponder<\/td>\n<\/tr>\n<tr data-start=\"2450\" data-end=\"2575\">\n<td data-start=\"2450\" data-end=\"2474\" data-col-size=\"sm\"><\/td>\n<td data-col-size=\"sm\" data-start=\"2474\" data-end=\"2502\">S\u0131kl\u0131k<\/td>\n<td data-col-size=\"md\" data-start=\"2502\" data-end=\"2575\">865\u2013928 MHz (\u00e7al\u0131\u015f\u0131r durumda); 860\u2013960 MHz destekleniyor<\/td>\n<\/tr>\n<tr data-start=\"2576\" data-end=\"2701\">\n<td data-start=\"2576\" data-end=\"2600\" data-col-size=\"sm\">Haf\u0131za<\/td>\n<td data-col-size=\"sm\" data-start=\"2600\" data-end=\"2628\">EPC \/ Kullan\u0131c\u0131 \/ \u015eifre \/ TID<\/td>\n<td data-col-size=\"md\" data-start=\"2628\" data-end=\"2701\">128 bit \/ 32 bit \/ 32 bit \/ 96 bit<\/td>\n<\/tr>\n<tr data-start=\"2702\" data-end=\"2827\">\n<td data-start=\"2702\" data-end=\"2726\" data-col-size=\"sm\">Veri<\/td>\n<td data-col-size=\"sm\" data-start=\"2726\" data-end=\"2754\">Tutulma<\/td>\n<td data-col-size=\"md\" data-start=\"2754\" data-end=\"2827\">10 y\u0131l<\/td>\n<\/tr>\n<tr data-start=\"2828\" data-end=\"2953\">\n<td data-start=\"2828\" data-end=\"2852\" data-col-size=\"sm\">Anten<\/td>\n<td data-col-size=\"sm\" data-start=\"2852\" data-end=\"2880\">Polarizasyon<\/td>\n<td data-col-size=\"md\" data-start=\"2880\" data-end=\"2953\">Do\u011frusal<\/td>\n<\/tr>\n<tr data-start=\"2954\" data-end=\"3079\">\n<td data-start=\"2954\" data-end=\"2978\" data-col-size=\"sm\">Malzemeler<\/td>\n<td data-col-size=\"sm\" data-start=\"2978\" data-end=\"3006\">Etiket Malzemesi<\/td>\n<td data-col-size=\"md\" data-start=\"3006\" data-end=\"3079\">Kuma\u015f, Silikon<\/td>\n<\/tr>\n<tr data-start=\"3080\" data-end=\"3205\">\n<td data-start=\"3080\" data-end=\"3104\" data-col-size=\"sm\">Boyutlar (Kuma\u015f)<\/td>\n<td data-col-size=\"sm\" data-start=\"3104\" data-end=\"3132\">Boyut<\/td>\n<td data-col-size=\"md\" data-start=\"3132\" data-end=\"3205\">60 \u00d7 20 \u00d7 1 mm<\/td>\n<\/tr>\n<tr data-start=\"3206\" data-end=\"3331\">\n<td data-start=\"3206\" data-end=\"3230\" data-col-size=\"sm\">Boyutlar (Silikon)<\/td>\n<td data-col-size=\"sm\" data-start=\"3230\" data-end=\"3258\">Boyut Se\u00e7enekleri<\/td>\n<td data-col-size=\"md\" data-start=\"3258\" data-end=\"3331\">85 \u00d7 27 \u00d7 4 mm; 55 \u00d7 12 \u00d7 2,5 mm<\/td>\n<\/tr>\n<tr data-start=\"3332\" data-end=\"3457\">\n<td data-start=\"3332\" data-end=\"3356\" data-col-size=\"sm\">\u00c7evre<\/td>\n<td data-col-size=\"sm\" data-start=\"3356\" data-end=\"3384\">Depolama S\u0131cakl\u0131\u011f\u0131<\/td>\n<td data-col-size=\"md\" data-start=\"3384\" data-end=\"3457\">-40 \u00b0C ila +120 \u00b0C<\/td>\n<\/tr>\n<tr data-start=\"3458\" data-end=\"3583\">\n<td data-start=\"3458\" data-end=\"3482\" data-col-size=\"sm\">S\u00fcre\u00e7 Dayan\u0131kl\u0131l\u0131\u011f\u0131<\/td>\n<td data-col-size=\"sm\" data-start=\"3482\" data-end=\"3510\">\u00dct\u00fcc\u00fc<\/td>\n<td data-col-size=\"md\" data-start=\"3510\" data-end=\"3583\">180 \u00b0C \u00d7 15 s, 200 d\u00f6ng\u00fc<\/td>\n<\/tr>\n<tr data-start=\"3584\" data-end=\"3709\">\n<td data-start=\"3584\" data-end=\"3608\" data-col-size=\"sm\"><\/td>\n<td data-col-size=\"sm\" data-start=\"3608\" data-end=\"3636\">Kurutma makinesi<\/td>\n<td data-col-size=\"md\" data-start=\"3636\" data-end=\"3709\">85 \u00b0C \u00d7 120 dk; 120 \u00b0C \u00d7 60 dk; 150 \u00b0C \u00d7 20 dk (t\u00fcm 200 d\u00f6ng\u00fc)<\/td>\n<\/tr>\n<tr data-start=\"3710\" data-end=\"3835\">\n<td data-start=\"3710\" data-end=\"3734\" data-col-size=\"sm\">Mekanik<\/td>\n<td data-col-size=\"sm\" data-start=\"3734\" data-end=\"3762\">Bas\u0131n\u00e7 Direnci<\/td>\n<td data-col-size=\"md\" data-start=\"3762\" data-end=\"3835\">56 bara kadar<\/td>\n<\/tr>\n<tr data-start=\"3836\" data-end=\"3961\">\n<td data-start=\"3836\" data-end=\"3860\" data-col-size=\"sm\">Uygulamalar<\/td>\n<td data-col-size=\"sm\" data-start=\"3860\" data-end=\"3888\">Tipik Kullan\u0131m \u00d6rnekleri<\/td>\n<td data-col-size=\"md\" data-start=\"3888\" data-end=\"3961\">Nevresimler, \u00fcniformalar, hastane ve otel \u00e7ama\u015f\u0131rhaneleri, end\u00fcstriyel tekstiller<\/td>\n<\/tr>\n<tr data-start=\"3962\" data-end=\"4087\">\n<td data-start=\"3962\" data-end=\"3986\" data-col-size=\"sm\">QA<\/td>\n<td data-col-size=\"sm\" data-start=\"3986\" data-end=\"4014\">Test<\/td>\n<td data-col-size=\"md\" data-start=\"4014\" data-end=\"4087\">Voyantic performans\u0131 test edildi; 100% EPC ve Kullan\u0131c\u0131 belle\u011fi kontrol edildi<\/td>\n<\/tr>\n<\/tbody>\n<\/table>\n<\/div>\n<\/div>","protected":false},"excerpt":{"rendered":"<p>End\u00fcstriyel tekstiller i\u00e7in esnek, su ge\u00e7irmez UHF RFID silikon \u00e7ama\u015f\u0131r etiketi\u2014EPC Gen2, 865\u2013928 MHz, 200 d\u00f6ng\u00fcye kadar, 56 bar bas\u0131nca dayan\u0131kl\u0131; dikin, \u0131s\u0131yla yap\u0131\u015ft\u0131r\u0131n veya g\u00f6m\u00fcn.<\/p>","protected":false},"featured_media":768,"template":"","meta":{"_gspb_post_css":""},"product_brand":[],"product_cat":[17,20],"product_tag":[],"class_list":{"0":"post-767","1":"product","2":"type-product","3":"status-publish","4":"has-post-thumbnail","6":"product_cat-rfid-laundry-tags","7":"product_cat-silicone-rfid-laundry-tags","9":"first","10":"instock","11":"shipping-taxable","12":"purchasable","13":"product-type-simple"},"_links":{"self":[{"href":"https:\/\/www.cxjsmartcard.com\/tr\/wp-json\/wp\/v2\/product\/767","targetHints":{"allow":["GET"]}}],"collection":[{"href":"https:\/\/www.cxjsmartcard.com\/tr\/wp-json\/wp\/v2\/product"}],"about":[{"href":"https:\/\/www.cxjsmartcard.com\/tr\/wp-json\/wp\/v2\/types\/product"}],"wp:featuredmedia":[{"embeddable":true,"href":"https:\/\/www.cxjsmartcard.com\/tr\/wp-json\/wp\/v2\/media\/768"}],"wp:attachment":[{"href":"https:\/\/www.cxjsmartcard.com\/tr\/wp-json\/wp\/v2\/media?parent=767"}],"wp:term":[{"taxonomy":"product_brand","embeddable":true,"href":"https:\/\/www.cxjsmartcard.com\/tr\/wp-json\/wp\/v2\/product_brand?post=767"},{"taxonomy":"product_cat","embeddable":true,"href":"https:\/\/www.cxjsmartcard.com\/tr\/wp-json\/wp\/v2\/product_cat?post=767"},{"taxonomy":"product_tag","embeddable":true,"href":"https:\/\/www.cxjsmartcard.com\/tr\/wp-json\/wp\/v2\/product_tag?post=767"}],"curies":[{"name":"wp","href":"https:\/\/api.w.org\/{rel}","templated":true}]}}