{"id":762,"date":"2025-11-03T07:20:27","date_gmt":"2025-11-03T07:20:27","guid":{"rendered":"https:\/\/www.cxjsmartcard.com\/?post_type=product&#038;p=762"},"modified":"2025-12-29T01:27:10","modified_gmt":"2025-12-29T01:27:10","slug":"passive-silicone-washable-uhf-rfid-laundry-label-for-washing-management","status":"publish","type":"product","link":"https:\/\/www.cxjsmartcard.com\/tr\/passive-silicone-washable-uhf-rfid-laundry-label-for-washing-management\/","title":{"rendered":"Y\u0131kama Y\u00f6netimi i\u00e7in Pasif Silikon Y\u0131kanabilir UHF RFID \u00c7ama\u015f\u0131r Etiketi"},"content":{"rendered":"<p data-start=\"83\" data-end=\"330\">Pasif Silikon Y\u0131kanabilir UHF RFID \u00c7ama\u015f\u0131r Etiketi, \u00e7ama\u015f\u0131r y\u0131kama ko\u015fullar\u0131na uygun olarak tasarlanm\u0131\u015ft\u0131r. \u0130ster hastane \u00e7ar\u015faflar\u0131, ister otel havlular\u0131 veya i\u015f \u00fcniformalar\u0131 olsun, bu etiket y\u0131kama y\u00f6netimini daha kolay ve daha g\u00fcvenilir hale getirmek i\u00e7in tasarlanm\u0131\u015ft\u0131r.<\/p>\n<p data-start=\"332\" data-end=\"538\"><strong data-start=\"332\" data-end=\"378\">Kusursuz Entegrasyon i\u00e7in Esnek Silikon<\/strong><br data-start=\"378\" data-end=\"381\" \/>Yumu\u015fak silikondan yap\u0131lm\u0131\u015ft\u0131r, boyutu <strong data-start=\"415\" data-end=\"435\">55 \u00d7 12 \u00d7 2,5 mm<\/strong> Yakalar\u0131n veya etek u\u00e7lar\u0131n\u0131n i\u00e7ine gizlenebilecek kadar incedir; \u00fcniformalar, ameliyat \u00f6nl\u00fckleri ve hatta hassas kuma\u015flar i\u00e7in m\u00fckemmeldir.<\/p>\n<p data-start=\"540\" data-end=\"746\"><strong data-start=\"540\" data-end=\"575\">\u00c7evre Dostu ve Maliyet Etkin<\/strong><br data-start=\"575\" data-end=\"578\" \/>Tekrar kullan\u0131labilir <strong data-start=\"591\" data-end=\"602\">100\u2013200<\/strong> At\u0131klar\u0131 azaltmak ve eksik \u00fcr\u00fcnlerden kaynaklanan kay\u0131plar\u0131 azaltmak i\u00e7in d\u00f6ng\u00fcler. Daha iyi takip ayn\u0131 zamanda daha az a\u015f\u0131r\u0131 stok anlam\u0131na gelir; bu da b\u00fct\u00e7eler ve \u00e7evre i\u00e7in iyidir.<\/p>\n<p data-start=\"748\" data-end=\"901\"><strong data-start=\"748\" data-end=\"756\">SSS<\/strong><br data-start=\"756\" data-end=\"759\" \/><strong data-start=\"759\" data-end=\"765\">Q:<\/strong> Etiketi giysiye dikebilir miyim?<br data-start=\"798\" data-end=\"801\" \/><strong data-start=\"801\" data-end=\"807\">A:<\/strong> Evet, esnek tasar\u0131m\u0131 sayesinde diki\u015f, \u0131s\u0131yla yap\u0131\u015ft\u0131rma veya diki\u015flere ve yakalara yerle\u015ftirme i\u015flemlerini destekler.<\/p>\n<p data-start=\"903\" data-end=\"1071\"><strong data-start=\"903\" data-end=\"909\">Q:<\/strong> Etiket ticari \u00e7ama\u015f\u0131r ve kurutma makinelerinde kullan\u0131labilir mi?<br data-start=\"961\" data-end=\"964\" \/><strong data-start=\"964\" data-end=\"970\">A:<\/strong> Kesinlikle. Test edildi <strong data-start=\"999\" data-end=\"1010\">100\u2013200<\/strong> Y\u00fcksek s\u0131cakl\u0131kta kurutma dahil olmak \u00fczere end\u00fcstriyel y\u0131kama \u00e7evrimleri.<\/p>\n<p data-start=\"1073\" data-end=\"1158\"><strong data-start=\"1073\" data-end=\"1079\">Q:<\/strong> Bir numune alabilir miyim?<br data-start=\"1099\" data-end=\"1102\" \/><strong data-start=\"1102\" data-end=\"1108\">A:<\/strong> Evet, talep \u00fczerine test i\u00e7in numuneler mevcuttur.<\/p>\n<h2 data-start=\"1213\" data-end=\"1238\">Tablo (\u00d6zellikler)<\/h2>\n<div class=\"_tableContainer_1rjym_1\">\n<div class=\"group _tableWrapper_1rjym_13 flex w-fit flex-col-reverse\" tabindex=\"-1\">\n<table class=\"w-fit min-w-(--thread-content-width)\" data-start=\"1240\" data-end=\"2206\">\n<thead data-start=\"1240\" data-end=\"1319\">\n<tr data-start=\"1240\" data-end=\"1319\">\n<th data-start=\"1240\" data-end=\"1258\" data-col-size=\"sm\">Kategori<\/th>\n<th data-start=\"1258\" data-end=\"1280\" data-col-size=\"sm\">Parametre<\/th>\n<th data-start=\"1280\" data-end=\"1319\" data-col-size=\"md\">De\u011fer<\/th>\n<\/tr>\n<\/thead>\n<tbody data-start=\"1400\" data-end=\"2206\">\n<tr data-start=\"1400\" data-end=\"1479\">\n<td data-start=\"1400\" data-end=\"1418\" data-col-size=\"sm\">RF<\/td>\n<td data-col-size=\"sm\" data-start=\"1418\" data-end=\"1440\">S\u0131kl\u0131k<\/td>\n<td data-col-size=\"md\" data-start=\"1440\" data-end=\"1479\">860\u2013960 MHz (UHF)<\/td>\n<\/tr>\n<tr data-start=\"1480\" data-end=\"1559\">\n<td data-start=\"1480\" data-end=\"1498\" data-col-size=\"sm\"><\/td>\n<td data-start=\"1498\" data-end=\"1520\" data-col-size=\"sm\">Protokol<\/td>\n<td data-col-size=\"md\" data-start=\"1520\" data-end=\"1559\">ISO\/IEC 18000-6C (EPC Gen2)<\/td>\n<\/tr>\n<tr data-start=\"1560\" data-end=\"1639\">\n<td data-start=\"1560\" data-end=\"1578\" data-col-size=\"sm\">\u00c7ip Se\u00e7enekleri<\/td>\n<td data-col-size=\"sm\" data-start=\"1578\" data-end=\"1600\">IC<\/td>\n<td data-col-size=\"md\" data-start=\"1600\" data-end=\"1639\">U8 \/ U9<\/td>\n<\/tr>\n<tr data-start=\"1640\" data-end=\"1719\">\n<td data-start=\"1640\" data-end=\"1658\" data-col-size=\"sm\">Performans<\/td>\n<td data-start=\"1658\" data-end=\"1680\" data-col-size=\"sm\">Okuma Aral\u0131\u011f\u0131<\/td>\n<td data-col-size=\"md\" data-start=\"1680\" data-end=\"1719\">3 m&#039;ye kadar<\/td>\n<\/tr>\n<tr data-start=\"1720\" data-end=\"1799\">\n<td data-start=\"1720\" data-end=\"1738\" data-col-size=\"sm\"><\/td>\n<td data-col-size=\"sm\" data-start=\"1738\" data-end=\"1760\">Programlama D\u00f6ng\u00fcleri<\/td>\n<td data-col-size=\"md\" data-start=\"1760\" data-end=\"1799\">100,000+<\/td>\n<\/tr>\n<tr data-start=\"1800\" data-end=\"1879\">\n<td data-start=\"1800\" data-end=\"1818\" data-col-size=\"sm\">Dayan\u0131kl\u0131l\u0131k<\/td>\n<td data-col-size=\"sm\" data-start=\"1818\" data-end=\"1840\">Y\u0131kama D\u00f6ng\u00fcleri<\/td>\n<td data-col-size=\"md\" data-start=\"1840\" data-end=\"1879\">100\u2013200<\/td>\n<\/tr>\n<tr data-start=\"1880\" data-end=\"1959\">\n<td data-start=\"1880\" data-end=\"1898\" data-col-size=\"sm\">\u00c7evre<\/td>\n<td data-col-size=\"sm\" data-start=\"1898\" data-end=\"1920\">S\u0131cakl\u0131k Aral\u0131\u011f\u0131<\/td>\n<td data-col-size=\"md\" data-start=\"1920\" data-end=\"1959\">-20 \u2103 ila +100 \u2103<\/td>\n<\/tr>\n<tr data-start=\"1960\" data-end=\"2039\">\n<td data-start=\"1960\" data-end=\"1978\" data-col-size=\"sm\">Fiziksel<\/td>\n<td data-col-size=\"sm\" data-start=\"1978\" data-end=\"2000\">Malzeme<\/td>\n<td data-col-size=\"md\" data-start=\"2000\" data-end=\"2039\">Silikon<\/td>\n<\/tr>\n<tr data-start=\"2040\" data-end=\"2119\">\n<td data-start=\"2040\" data-end=\"2058\" data-col-size=\"sm\"><\/td>\n<td data-start=\"2058\" data-end=\"2080\" data-col-size=\"sm\">Boyut<\/td>\n<td data-col-size=\"md\" data-start=\"2080\" data-end=\"2119\">55 \u00d7 12 \u00d7 2,5 mm<\/td>\n<\/tr>\n<tr data-start=\"2120\" data-end=\"2206\">\n<td data-start=\"2120\" data-end=\"2138\" data-col-size=\"sm\">Uygulamalar<\/td>\n<td data-col-size=\"sm\" data-start=\"2138\" data-end=\"2160\">Tipik Kullan\u0131m \u00d6rnekleri<\/td>\n<td data-col-size=\"md\" data-start=\"2160\" data-end=\"2206\">\u00c7ama\u015f\u0131rhane, giyim, keten, tekstil takibi<\/td>\n<\/tr>\n<\/tbody>\n<\/table>\n<\/div>\n<\/div>","protected":false},"excerpt":{"rendered":"<p>Esnek silikon UHF \u00e7ama\u015f\u0131r etiketi\u201455\u00d712\u00d72,5 mm, EPC Gen2 (U8\/U9), 3 metreye kadar okuma ve giysiler, \u00e7ar\u015faflar ve \u00fcniformalar i\u00e7in 100\u2013200 y\u0131kama d\u00f6ng\u00fcs\u00fc dayan\u0131kl\u0131l\u0131\u011f\u0131.<\/p>","protected":false},"featured_media":763,"template":"","meta":{"_gspb_post_css":""},"product_brand":[],"product_cat":[17,20],"product_tag":[],"class_list":{"0":"post-762","1":"product","2":"type-product","3":"status-publish","4":"has-post-thumbnail","6":"product_cat-rfid-laundry-tags","7":"product_cat-silicone-rfid-laundry-tags","9":"first","10":"instock","11":"shipping-taxable","12":"purchasable","13":"product-type-simple"},"_links":{"self":[{"href":"https:\/\/www.cxjsmartcard.com\/tr\/wp-json\/wp\/v2\/product\/762","targetHints":{"allow":["GET"]}}],"collection":[{"href":"https:\/\/www.cxjsmartcard.com\/tr\/wp-json\/wp\/v2\/product"}],"about":[{"href":"https:\/\/www.cxjsmartcard.com\/tr\/wp-json\/wp\/v2\/types\/product"}],"wp:featuredmedia":[{"embeddable":true,"href":"https:\/\/www.cxjsmartcard.com\/tr\/wp-json\/wp\/v2\/media\/763"}],"wp:attachment":[{"href":"https:\/\/www.cxjsmartcard.com\/tr\/wp-json\/wp\/v2\/media?parent=762"}],"wp:term":[{"taxonomy":"product_brand","embeddable":true,"href":"https:\/\/www.cxjsmartcard.com\/tr\/wp-json\/wp\/v2\/product_brand?post=762"},{"taxonomy":"product_cat","embeddable":true,"href":"https:\/\/www.cxjsmartcard.com\/tr\/wp-json\/wp\/v2\/product_cat?post=762"},{"taxonomy":"product_tag","embeddable":true,"href":"https:\/\/www.cxjsmartcard.com\/tr\/wp-json\/wp\/v2\/product_tag?post=762"}],"curies":[{"name":"wp","href":"https:\/\/api.w.org\/{rel}","templated":true}]}}