{"id":756,"date":"2025-11-03T07:16:39","date_gmt":"2025-11-03T07:16:39","guid":{"rendered":"https:\/\/www.cxjsmartcard.com\/?post_type=product&#038;p=756"},"modified":"2025-12-29T01:27:10","modified_gmt":"2025-12-29T01:27:10","slug":"860-960mhz-washable-uhf-rfid-silicone-tag","status":"publish","type":"product","link":"https:\/\/www.cxjsmartcard.com\/tr\/860-960mhz-washable-uhf-rfid-silicone-tag\/","title":{"rendered":"860\u2013960MHz Y\u0131kanabilir UHF RFID Silikon Etiketi"},"content":{"rendered":"<p data-start=\"53\" data-end=\"360\">Bu y\u0131kanabilir UHF RFID silikon etiket, oteller, hastaneler ve di\u011fer y\u00fcksek verimli ortamlarda end\u00fcstriyel \u00e7ama\u015f\u0131rhane ve \u00fcniforma y\u00f6netimi i\u00e7in tasarlanm\u0131\u015ft\u0131r. Tekstil \u00fcr\u00fcnlerinin kenarlar\u0131na dikilebilir veya \u00fcr\u00fcne g\u00f6m\u00fclebilir ve y\u0131kama, kuru temizleme ve y\u00fcksek s\u0131cakl\u0131kta sterilizasyona dayan\u0131kl\u0131d\u0131r.<\/p>\n<p data-start=\"362\" data-end=\"376\"><strong data-start=\"362\" data-end=\"374\">\u00d6zellikler<\/strong><\/p>\n<ul data-start=\"377\" data-end=\"599\">\n<li data-start=\"377\" data-end=\"408\">\n<p data-start=\"379\" data-end=\"408\">Y\u00fcksek s\u0131cakl\u0131k direnci<\/p>\n<\/li>\n<li data-start=\"409\" data-end=\"443\">\n<p data-start=\"411\" data-end=\"443\">Suya, toza dayan\u0131kl\u0131, dayan\u0131kl\u0131<\/p>\n<\/li>\n<li data-start=\"444\" data-end=\"498\">\n<p data-start=\"446\" data-end=\"498\">\u00c7arp\u0131\u015fma \u00f6nleyici; y\u00fcksek performansl\u0131 okuma kararl\u0131l\u0131\u011f\u0131<\/p>\n<\/li>\n<li data-start=\"499\" data-end=\"550\">\n<p data-start=\"501\" data-end=\"550\">IP68 korumas\u0131; bas\u0131n\u00e7 ve alkali direnci<\/p>\n<\/li>\n<li data-start=\"551\" data-end=\"599\">\n<p data-start=\"553\" data-end=\"599\">Y\u00fcksek hacimli, istikrarl\u0131 \u00fcretimde mevcuttur<\/p>\n<\/li>\n<\/ul>\n<p data-start=\"601\" data-end=\"809\"><strong data-start=\"601\" data-end=\"617\">Uygulamalar<\/strong><br data-start=\"617\" data-end=\"620\" \/>Otel\/hastane tekstili ve giysileri i\u00e7in \u00e7ama\u015f\u0131r takibi; otomotiv motorlar\u0131nda bak\u0131m etiketleri; giyim \u00fcretim y\u00f6netimi; depo envanteri; okul \u00fcniformalar\u0131 ve \u00f6zel giysiler.<\/p>\n<p data-start=\"811\" data-end=\"972\"><strong data-start=\"811\" data-end=\"819\">SSS<\/strong><br data-start=\"819\" data-end=\"822\" \/><strong data-start=\"822\" data-end=\"829\">S1:<\/strong> Bu etiketler end\u00fcstriyel \u00e7ama\u015f\u0131r makinelerine dayanabilir mi?<br data-start=\"881\" data-end=\"884\" \/><strong data-start=\"884\" data-end=\"890\">A:<\/strong> Evet, end\u00fcstriyel \u00e7ama\u015f\u0131rhanelerde \u0131s\u0131, su ve kimyasallar i\u00e7in \u00f6zel olarak tasarlanm\u0131\u015ft\u0131r.<\/p>\n<p data-start=\"974\" data-end=\"1065\"><strong data-start=\"974\" data-end=\"981\">S2:<\/strong> Etiketlerin pile ihtiyac\u0131 var m\u0131?<br data-start=\"1009\" data-end=\"1012\" \/><strong data-start=\"1012\" data-end=\"1018\">A:<\/strong> Hay\u0131r, pasif UHF etiketlerinin g\u00fc\u00e7 kayna\u011f\u0131na ihtiyac\u0131 yoktur.<\/p>\n<p data-start=\"1067\" data-end=\"1140\"><strong data-start=\"1067\" data-end=\"1074\">S3:<\/strong> Numune alabilir miyim?<br data-start=\"1093\" data-end=\"1096\" \/><strong data-start=\"1096\" data-end=\"1102\">A:<\/strong> Evet, talep \u00fczerine numune g\u00f6nderilebilir.<\/p>\n<h2 data-start=\"1142\" data-end=\"1167\">Tablo (\u00d6zellikler)<\/h2>\n<div class=\"_tableContainer_1rjym_1\">\n<div class=\"group _tableWrapper_1rjym_13 flex w-fit flex-col-reverse\" tabindex=\"-1\">\n<table class=\"w-fit min-w-(--thread-content-width)\" data-start=\"1168\" data-end=\"2660\">\n<thead data-start=\"1168\" data-end=\"1272\">\n<tr data-start=\"1168\" data-end=\"1272\">\n<th data-start=\"1168\" data-end=\"1189\" data-col-size=\"sm\">Kategori<\/th>\n<th data-start=\"1189\" data-end=\"1216\" data-col-size=\"sm\">Parametre<\/th>\n<th data-start=\"1216\" data-end=\"1272\" data-col-size=\"md\">De\u011fer<\/th>\n<\/tr>\n<\/thead>\n<tbody data-start=\"1377\" data-end=\"2660\">\n<tr data-start=\"1377\" data-end=\"1480\">\n<td data-start=\"1377\" data-end=\"1397\" data-col-size=\"sm\">Fiziksel<\/td>\n<td data-col-size=\"sm\" data-start=\"1397\" data-end=\"1424\">Boyut<\/td>\n<td data-col-size=\"md\" data-start=\"1424\" data-end=\"1480\">85 \u00d7 27 \u00d7 4 mm<\/td>\n<\/tr>\n<tr data-start=\"1481\" data-end=\"1584\">\n<td data-start=\"1481\" data-end=\"1501\" data-col-size=\"sm\"><\/td>\n<td data-col-size=\"sm\" data-start=\"1501\" data-end=\"1528\">Malzeme<\/td>\n<td data-col-size=\"md\" data-start=\"1528\" data-end=\"1584\">Kau\u00e7uk silikon<\/td>\n<\/tr>\n<tr data-start=\"1585\" data-end=\"1688\">\n<td data-start=\"1585\" data-end=\"1605\" data-col-size=\"sm\">Koruma<\/td>\n<td data-col-size=\"sm\" data-start=\"1605\" data-end=\"1632\">Giri\u015f derecesi<\/td>\n<td data-col-size=\"md\" data-start=\"1632\" data-end=\"1688\">IP68<\/td>\n<\/tr>\n<tr data-start=\"1689\" data-end=\"1792\">\n<td data-start=\"1689\" data-end=\"1709\" data-col-size=\"sm\">RF<\/td>\n<td data-col-size=\"sm\" data-start=\"1709\" data-end=\"1736\">S\u0131kl\u0131k<\/td>\n<td data-col-size=\"md\" data-start=\"1736\" data-end=\"1792\">860\u2013960 MHz (UHF); ayr\u0131ca 13,56 MHz se\u00e7enekleri de mevcuttur<\/td>\n<\/tr>\n<tr data-start=\"1793\" data-end=\"1896\">\n<td data-start=\"1793\" data-end=\"1813\" data-col-size=\"sm\"><\/td>\n<td data-col-size=\"sm\" data-start=\"1813\" data-end=\"1840\">Protokol<\/td>\n<td data-col-size=\"md\" data-start=\"1840\" data-end=\"1896\">ISO 18000-6C \/ 6B; ISO 15693<\/td>\n<\/tr>\n<tr data-start=\"1897\" data-end=\"2000\">\n<td data-start=\"1897\" data-end=\"1917\" data-col-size=\"sm\">\u00c7ip Se\u00e7enekleri<\/td>\n<td data-col-size=\"sm\" data-start=\"1917\" data-end=\"1944\">UHF IC<\/td>\n<td data-col-size=\"md\" data-start=\"1944\" data-end=\"2000\">R6 \/ U8 \/ U9<\/td>\n<\/tr>\n<tr data-start=\"2001\" data-end=\"2104\">\n<td data-start=\"2001\" data-end=\"2021\" data-col-size=\"sm\">\u00c7evre<\/td>\n<td data-start=\"2021\" data-end=\"2048\" data-col-size=\"sm\">S\u0131cakl\u0131k Aral\u0131\u011f\u0131<\/td>\n<td data-col-size=\"md\" data-start=\"2048\" data-end=\"2104\">-30 \u2103 ila +220 \u2103<\/td>\n<\/tr>\n<tr data-start=\"2105\" data-end=\"2208\">\n<td data-start=\"2105\" data-end=\"2125\" data-col-size=\"sm\">Dayan\u0131kl\u0131l\u0131k<\/td>\n<td data-col-size=\"sm\" data-start=\"2125\" data-end=\"2152\">Y\u0131kama Hayat\u0131<\/td>\n<td data-col-size=\"md\" data-start=\"2152\" data-end=\"2208\">200 y\u0131kama d\u00f6ng\u00fcs\u00fc veya g\u00f6nderim tarihinden itibaren 3 y\u0131l<\/td>\n<\/tr>\n<tr data-start=\"2209\" data-end=\"2312\">\n<td data-start=\"2209\" data-end=\"2229\" data-col-size=\"sm\">\u0130\u015flem S\u0131n\u0131rlar\u0131<\/td>\n<td data-col-size=\"sm\" data-start=\"2229\" data-end=\"2256\">Y\u0131kama<\/td>\n<td data-col-size=\"md\" data-start=\"2256\" data-end=\"2312\">15 dakika boyunca 90 \u2103<\/td>\n<\/tr>\n<tr data-start=\"2313\" data-end=\"2416\">\n<td data-start=\"2313\" data-end=\"2333\" data-col-size=\"sm\">Kurulum<\/td>\n<td data-col-size=\"sm\" data-start=\"2333\" data-end=\"2360\">EK<\/td>\n<td data-col-size=\"md\" data-start=\"2360\" data-end=\"2416\">Kenar boyunca dikin veya kuma\u015fa g\u00f6m\u00fcn<\/td>\n<\/tr>\n<tr data-start=\"2417\" data-end=\"2520\">\n<td data-start=\"2417\" data-end=\"2437\" data-col-size=\"sm\">Nitelikler<\/td>\n<td data-col-size=\"sm\" data-start=\"2437\" data-end=\"2464\">Temel \u00d6zellikler<\/td>\n<td data-col-size=\"md\" data-start=\"2464\" data-end=\"2520\">Su ge\u00e7irmez, toz ge\u00e7irmez, \u00e7arp\u0131\u015fma \u00f6nleyici, dayan\u0131kl\u0131<\/td>\n<\/tr>\n<tr data-start=\"2521\" data-end=\"2660\">\n<td data-start=\"2521\" data-end=\"2541\" data-col-size=\"sm\">Kullan\u0131m \u00d6rnekleri<\/td>\n<td data-col-size=\"sm\" data-start=\"2541\" data-end=\"2568\">Tipik Uygulamalar<\/td>\n<td data-col-size=\"md\" data-start=\"2568\" data-end=\"2660\">\u00c7ama\u015f\u0131rhane, otel\/hastane \u00e7ar\u015faflar\u0131, motor bak\u0131m etiketleri, depo envanteri, \u00fcniformalar<\/td>\n<\/tr>\n<\/tbody>\n<\/table>\n<\/div>\n<\/div>","protected":false},"excerpt":{"rendered":"<p>\u00c7ama\u015f\u0131r ve tekstil \u00fcr\u00fcnleri i\u00e7in IP68 dereceli y\u0131kanabilir UHF RFID silikon etiket\u2014200 y\u0131kama d\u00f6ng\u00fcs\u00fcne dayan\u0131kl\u0131, -30\u2013220 \u2103 toleransl\u0131, dikilebilir veya g\u00f6m\u00fclebilir, R6\/U8\/U9 \u00e7ip se\u00e7enekleriyle.<\/p>","protected":false},"featured_media":757,"template":"","meta":{"_gspb_post_css":""},"product_brand":[],"product_cat":[17,20],"product_tag":[],"class_list":{"0":"post-756","1":"product","2":"type-product","3":"status-publish","4":"has-post-thumbnail","6":"product_cat-rfid-laundry-tags","7":"product_cat-silicone-rfid-laundry-tags","9":"first","10":"instock","11":"shipping-taxable","12":"purchasable","13":"product-type-simple"},"_links":{"self":[{"href":"https:\/\/www.cxjsmartcard.com\/tr\/wp-json\/wp\/v2\/product\/756","targetHints":{"allow":["GET"]}}],"collection":[{"href":"https:\/\/www.cxjsmartcard.com\/tr\/wp-json\/wp\/v2\/product"}],"about":[{"href":"https:\/\/www.cxjsmartcard.com\/tr\/wp-json\/wp\/v2\/types\/product"}],"wp:featuredmedia":[{"embeddable":true,"href":"https:\/\/www.cxjsmartcard.com\/tr\/wp-json\/wp\/v2\/media\/757"}],"wp:attachment":[{"href":"https:\/\/www.cxjsmartcard.com\/tr\/wp-json\/wp\/v2\/media?parent=756"}],"wp:term":[{"taxonomy":"product_brand","embeddable":true,"href":"https:\/\/www.cxjsmartcard.com\/tr\/wp-json\/wp\/v2\/product_brand?post=756"},{"taxonomy":"product_cat","embeddable":true,"href":"https:\/\/www.cxjsmartcard.com\/tr\/wp-json\/wp\/v2\/product_cat?post=756"},{"taxonomy":"product_tag","embeddable":true,"href":"https:\/\/www.cxjsmartcard.com\/tr\/wp-json\/wp\/v2\/product_tag?post=756"}],"curies":[{"name":"wp","href":"https:\/\/api.w.org\/{rel}","templated":true}]}}