{"id":751,"date":"2025-11-03T07:09:04","date_gmt":"2025-11-03T07:09:04","guid":{"rendered":"https:\/\/www.cxjsmartcard.com\/?post_type=product&#038;p=751"},"modified":"2025-12-29T01:27:10","modified_gmt":"2025-12-29T01:27:10","slug":"writable-heat-resist-washable-nfc-pps-laundry-tag","status":"publish","type":"product","link":"https:\/\/www.cxjsmartcard.com\/tr\/writable-heat-resist-washable-nfc-pps-laundry-tag\/","title":{"rendered":"Yaz\u0131labilir Is\u0131ya Dayan\u0131kl\u0131 Y\u0131kanabilir NFC PPS \u00c7ama\u015f\u0131r Etiketi"},"content":{"rendered":"<p data-start=\"61\" data-end=\"498\">Yaz\u0131labilir, Is\u0131ya Dayan\u0131kl\u0131, Y\u0131kanabilir NFC PPS \u00c7ama\u015f\u0131r Etiketi, genellikle \u00fcr\u00fcn ve giysi\/aksesuar entegrasyonunda kullan\u0131lan dayan\u0131kl\u0131 bir \u00fcnitedir. Is\u0131ya dayan\u0131kl\u0131 PPS malzemeden \u00fcretilen bu etiket, suya, \u0131s\u0131ya, bas\u0131nca ve kimyasallara dayan\u0131kl\u0131d\u0131r. Otellerde, hastanelerde, okullarda ve di\u011fer kurumlarda envanter i\u015flemlerini ger\u00e7ekle\u015ftirmek ve do\u011frulamak i\u00e7in kullan\u0131l\u0131r. \u00c7ar\u015faf, havlu, pe\u00e7ete ve di\u011fer giyim e\u015fyalar\u0131na kolayca dikilebilir.<\/p>\n<p data-start=\"500\" data-end=\"638\"><strong data-start=\"500\" data-end=\"527\">S\u0131cakl\u0131k Performans\u0131<\/strong><br data-start=\"527\" data-end=\"530\" \/>Tamamen su ge\u00e7irmez; \u00e7al\u0131\u015f\u0131r <strong data-start=\"562\" data-end=\"580\">-25 \u2103 ila +85 \u2103<\/strong> ve uzun s\u00fcreli maruziyete dayan\u0131kl\u0131d\u0131r <strong data-start=\"618\" data-end=\"637\">-30 \u2103 ila +120 \u2103<\/strong>.<\/p>\n<p data-start=\"640\" data-end=\"760\"><strong data-start=\"640\" data-end=\"660\">\u00dcr\u00fcn \u00d6zellikleri<\/strong><br data-start=\"660\" data-end=\"663\" \/>Esnek, giyilmesi kolay, kullan\u0131m\u0131 kolay; suya, neme, darbeye ve \u0131s\u0131ya dayan\u0131kl\u0131d\u0131r.<\/p>\n<p data-start=\"762\" data-end=\"934\"><strong data-start=\"762\" data-end=\"792\">SSS \u2014 Sat\u0131n Almadan \u00d6nce Bilmeniz Gerekenler<\/strong><br data-start=\"792\" data-end=\"795\" \/><strong data-start=\"795\" data-end=\"801\">Q:<\/strong> Bu etiket end\u00fcstriyel kurutuculara ve buharl\u0131 preslere dayanabilir mi?<br data-start=\"860\" data-end=\"863\" \/><strong data-start=\"863\" data-end=\"869\">A:<\/strong> Evet. Test edildi <strong data-start=\"891\" data-end=\"911\">200&#039;den fazla y\u0131kama d\u00f6ng\u00fcs\u00fc<\/strong> y\u00fcksek s\u0131cakl\u0131kta.<\/p>\n<p data-start=\"936\" data-end=\"1082\"><strong data-start=\"936\" data-end=\"942\">Q:<\/strong> Bellek boyutunu \u00f6zelle\u015ftirebilir miyiz veya logomuzu basabilir miyiz?<br data-start=\"994\" data-end=\"997\" \/><strong data-start=\"997\" data-end=\"1003\">A:<\/strong> Evet. \u00d6zel RFID se\u00e7enekleri aras\u0131nda logo bask\u0131s\u0131, kodlama ve boyut \u00e7e\u015fitleri yer almaktad\u0131r.<\/p>\n<p data-start=\"1084\" data-end=\"1211\"><strong data-start=\"1084\" data-end=\"1090\">Q:<\/strong> Hangi renkler mevcut?<br data-start=\"1117\" data-end=\"1120\" \/><strong data-start=\"1120\" data-end=\"1126\">A:<\/strong> <strong data-start=\"1127\" data-end=\"1163\">Siyah, beyaz, k\u0131rm\u0131z\u0131, ye\u015fil, sar\u0131<\/strong>, vb. gibi, kolay toplu s\u0131ralama ve renk kodlamas\u0131 i\u00e7in.<\/p>\n<h2 data-start=\"1213\" data-end=\"1238\">Tablo (\u00d6zellikler)<\/h2>\n<div class=\"_tableContainer_1rjym_1\">\n<div class=\"group _tableWrapper_1rjym_13 flex w-fit flex-col-reverse\" tabindex=\"-1\">\n<table class=\"w-fit min-w-(--thread-content-width)\" data-start=\"1239\" data-end=\"2513\">\n<thead data-start=\"1239\" data-end=\"1330\">\n<tr data-start=\"1239\" data-end=\"1330\">\n<th data-start=\"1239\" data-end=\"1260\" data-col-size=\"sm\">Kategori<\/th>\n<th data-start=\"1260\" data-end=\"1281\" data-col-size=\"sm\">Parametre<\/th>\n<th data-start=\"1281\" data-end=\"1330\" data-col-size=\"sm\">De\u011fer<\/th>\n<\/tr>\n<\/thead>\n<tbody data-start=\"1422\" data-end=\"2513\">\n<tr data-start=\"1422\" data-end=\"1512\">\n<td data-start=\"1422\" data-end=\"1442\" data-col-size=\"sm\">RF<\/td>\n<td data-col-size=\"sm\" data-start=\"1442\" data-end=\"1463\">S\u0131kl\u0131k<\/td>\n<td data-col-size=\"sm\" data-start=\"1463\" data-end=\"1512\">13,56 MHz<\/td>\n<\/tr>\n<tr data-start=\"1513\" data-end=\"1603\">\n<td data-start=\"1513\" data-end=\"1533\" data-col-size=\"sm\"><\/td>\n<td data-start=\"1533\" data-end=\"1554\" data-col-size=\"sm\">Protokol<\/td>\n<td data-col-size=\"sm\" data-start=\"1554\" data-end=\"1603\">ISO14443A \/ ISO15693<\/td>\n<\/tr>\n<tr data-start=\"1604\" data-end=\"1694\">\n<td data-start=\"1604\" data-end=\"1624\" data-col-size=\"sm\">\u00c7ip<\/td>\n<td data-start=\"1624\" data-end=\"1645\" data-col-size=\"sm\">\u00c7ip T\u00fcr\u00fc<\/td>\n<td data-col-size=\"sm\" data-start=\"1645\" data-end=\"1694\">ICODE SLIX, NTAG213, MIFARE 1K, vb.<\/td>\n<\/tr>\n<tr data-start=\"1695\" data-end=\"1785\">\n<td data-start=\"1695\" data-end=\"1715\" data-col-size=\"sm\">Malzemeler<\/td>\n<td data-start=\"1715\" data-end=\"1736\" data-col-size=\"sm\">V\u00fccut<\/td>\n<td data-col-size=\"sm\" data-start=\"1736\" data-end=\"1785\">PPS (\u0131s\u0131ya dayan\u0131kl\u0131)<\/td>\n<\/tr>\n<tr data-start=\"1786\" data-end=\"1876\">\n<td data-start=\"1786\" data-end=\"1806\" data-col-size=\"sm\">Boyutlar<\/td>\n<td data-col-size=\"sm\" data-start=\"1806\" data-end=\"1827\">Boyut Se\u00e7enekleri<\/td>\n<td data-col-size=\"sm\" data-start=\"1827\" data-end=\"1876\">14 mm, 18 mm, 20 mm vb.<\/td>\n<\/tr>\n<tr data-start=\"1877\" data-end=\"1967\">\n<td data-start=\"1877\" data-end=\"1897\" data-col-size=\"sm\">D\u0131\u015f g\u00f6r\u00fcn\u00fc\u015f<\/td>\n<td data-col-size=\"sm\" data-start=\"1897\" data-end=\"1918\">Renk Se\u00e7enekleri<\/td>\n<td data-col-size=\"sm\" data-start=\"1918\" data-end=\"1967\">Siyah, Beyaz, K\u0131rm\u0131z\u0131, Ye\u015fil, Sar\u0131<\/td>\n<\/tr>\n<tr data-start=\"1968\" data-end=\"2058\">\n<td data-start=\"1968\" data-end=\"1988\" data-col-size=\"sm\">Koruma<\/td>\n<td data-col-size=\"sm\" data-start=\"1988\" data-end=\"2009\">Su Ge\u00e7irmezlik Seviyesi<\/td>\n<td data-col-size=\"sm\" data-start=\"2009\" data-end=\"2058\">Su ge\u00e7irmez \/ Hava ko\u015fullar\u0131na dayan\u0131kl\u0131<\/td>\n<\/tr>\n<tr data-start=\"2059\" data-end=\"2149\">\n<td data-start=\"2059\" data-end=\"2079\" data-col-size=\"sm\">Dayan\u0131kl\u0131l\u0131k<\/td>\n<td data-col-size=\"sm\" data-start=\"2079\" data-end=\"2100\">Y\u0131kama Hayat\u0131<\/td>\n<td data-col-size=\"sm\" data-start=\"2100\" data-end=\"2149\">&gt;200 y\u0131kama d\u00f6ng\u00fcs\u00fc<\/td>\n<\/tr>\n<tr data-start=\"2150\" data-end=\"2240\">\n<td data-start=\"2150\" data-end=\"2170\" data-col-size=\"sm\">\u00c7evre<\/td>\n<td data-col-size=\"sm\" data-start=\"2170\" data-end=\"2191\">\u00c7al\u0131\u015fma S\u0131cakl\u0131\u011f\u0131<\/td>\n<td data-col-size=\"sm\" data-start=\"2191\" data-end=\"2240\">-25 \u2103 ila +85 \u2103<\/td>\n<\/tr>\n<tr data-start=\"2241\" data-end=\"2331\">\n<td data-start=\"2241\" data-end=\"2261\" data-col-size=\"sm\"><\/td>\n<td data-col-size=\"sm\" data-start=\"2261\" data-end=\"2282\">Uzun Vadeli Maruz Kalma<\/td>\n<td data-col-size=\"sm\" data-start=\"2282\" data-end=\"2331\">-30 \u2103 ila +120 \u2103<\/td>\n<\/tr>\n<tr data-start=\"2332\" data-end=\"2422\">\n<td data-start=\"2332\" data-end=\"2352\" data-col-size=\"sm\">Uygulamalar<\/td>\n<td data-col-size=\"sm\" data-start=\"2352\" data-end=\"2373\">Uygulama Alanlar\u0131<\/td>\n<td data-col-size=\"sm\" data-start=\"2373\" data-end=\"2422\">\u00c7ama\u015f\u0131rhane, Giyim, Keten, UHF Kullan\u0131m\u0131<\/td>\n<\/tr>\n<tr data-start=\"2423\" data-end=\"2513\">\n<td data-start=\"2423\" data-end=\"2443\" data-col-size=\"sm\">K\u00f6keni<\/td>\n<td data-col-size=\"sm\" data-start=\"2443\" data-end=\"2464\">Men\u015fe Yeri<\/td>\n<td data-col-size=\"sm\" data-start=\"2464\" data-end=\"2513\">Guangdong, \u00c7in<\/td>\n<\/tr>\n<\/tbody>\n<\/table>\n<\/div>\n<\/div>","protected":false},"excerpt":{"rendered":"<p>Is\u0131ya dayan\u0131kl\u0131, y\u0131kanabilir NFC \u00e7ama\u015f\u0131r etiketi PPS&#039;den \u00fcretilmi\u015ftir; su ge\u00e7irmez ve kimyasallara dayan\u0131kl\u0131d\u0131r, &gt;200 y\u0131kama d\u00f6ng\u00fcs\u00fc, kolay dikilebilir kurulum ve \u00e7oklu \u00e7ip\/renk se\u00e7enekleri.<\/p>","protected":false},"featured_media":752,"template":"","meta":{"_gspb_post_css":""},"product_brand":[],"product_cat":[17,19],"product_tag":[],"class_list":{"0":"post-751","1":"product","2":"type-product","3":"status-publish","4":"has-post-thumbnail","6":"product_cat-rfid-laundry-tags","7":"product_cat-pps-rfid-laundry-tags","9":"first","10":"instock","11":"shipping-taxable","12":"purchasable","13":"product-type-simple"},"_links":{"self":[{"href":"https:\/\/www.cxjsmartcard.com\/tr\/wp-json\/wp\/v2\/product\/751","targetHints":{"allow":["GET"]}}],"collection":[{"href":"https:\/\/www.cxjsmartcard.com\/tr\/wp-json\/wp\/v2\/product"}],"about":[{"href":"https:\/\/www.cxjsmartcard.com\/tr\/wp-json\/wp\/v2\/types\/product"}],"wp:featuredmedia":[{"embeddable":true,"href":"https:\/\/www.cxjsmartcard.com\/tr\/wp-json\/wp\/v2\/media\/752"}],"wp:attachment":[{"href":"https:\/\/www.cxjsmartcard.com\/tr\/wp-json\/wp\/v2\/media?parent=751"}],"wp:term":[{"taxonomy":"product_brand","embeddable":true,"href":"https:\/\/www.cxjsmartcard.com\/tr\/wp-json\/wp\/v2\/product_brand?post=751"},{"taxonomy":"product_cat","embeddable":true,"href":"https:\/\/www.cxjsmartcard.com\/tr\/wp-json\/wp\/v2\/product_cat?post=751"},{"taxonomy":"product_tag","embeddable":true,"href":"https:\/\/www.cxjsmartcard.com\/tr\/wp-json\/wp\/v2\/product_tag?post=751"}],"curies":[{"name":"wp","href":"https:\/\/api.w.org\/{rel}","templated":true}]}}