{"id":746,"date":"2025-11-03T07:05:39","date_gmt":"2025-11-03T07:05:39","guid":{"rendered":"https:\/\/www.cxjsmartcard.com\/?post_type=product&#038;p=746"},"modified":"2025-12-29T01:27:10","modified_gmt":"2025-12-29T01:27:10","slug":"washable-pps-iso15693-icode-slix-laundry-rfid-tag","status":"publish","type":"product","link":"https:\/\/www.cxjsmartcard.com\/tr\/washable-pps-iso15693-icode-slix-laundry-rfid-tag\/","title":{"rendered":"Y\u0131kanabilir PPS ISO15693 ICODE SLIX \u00c7ama\u015f\u0131r RFID Etiketi"},"content":{"rendered":"<p data-start=\"61\" data-end=\"361\">Bu ISO15693 ICODE SLIX \u00e7ama\u015f\u0131r RFID etiketi, sa\u011flam bir kullan\u0131m i\u00e7in \u00e7ift tarafl\u0131 PPS ambalaj\u0131 ile y\u00fcksek s\u0131cakl\u0131kl\u0131 PPS malzemesini kullan\u0131r., <strong data-start=\"199\" data-end=\"249\">su ge\u00e7irmez, darbeye dayan\u0131kl\u0131 ve neme dayan\u0131kl\u0131<\/strong> Yap\u0131n. Giysilere dikilebilir veya etiketlere yerle\u015ftirilebilir ve do\u011frudan serigrafi veya lazer numaraland\u0131rmay\u0131 destekler.<\/p>\n<p data-start=\"363\" data-end=\"377\"><strong data-start=\"363\" data-end=\"375\">\u00d6zellikler<\/strong><\/p>\n<ol data-start=\"378\" data-end=\"757\">\n<li data-start=\"378\" data-end=\"444\">\n<p data-start=\"381\" data-end=\"444\">Giysi uygulamalar\u0131 i\u00e7in y\u0131kanabilir tan\u0131mlama transponderi.<\/p>\n<\/li>\n<li data-start=\"445\" data-end=\"521\">\n<p data-start=\"448\" data-end=\"521\">Zorlu \u00e7ama\u015f\u0131r ortamlar\u0131na uygun sa\u011flam tasar\u0131m; a\u015f\u0131nd\u0131r\u0131c\u0131 maddelere kar\u015f\u0131 dayan\u0131kl\u0131d\u0131r.<\/p>\n<\/li>\n<li data-start=\"522\" data-end=\"600\">\n<p data-start=\"525\" data-end=\"600\">100% su ge\u00e7irmez ve y\u00fcksek s\u0131cakl\u0131\u011fa dayan\u0131kl\u0131d\u0131r; \u00e7evre dostudur.<\/p>\n<\/li>\n<li data-start=\"601\" data-end=\"678\">\n<p data-start=\"604\" data-end=\"678\">Giyim, \u00fcniforma, kost\u00fcm ve hastane hasta k\u0131yafetleri i\u00e7in uygundur.<\/p>\n<\/li>\n<li data-start=\"679\" data-end=\"757\">\n<p data-start=\"682\" data-end=\"757\">Sisteminize uyacak \u015fekilde \u00f6zelle\u015ftirilebilir \u00e7ip se\u00e7imiyle Okuma\/Yazma i\u015flemi.<\/p>\n<\/li>\n<\/ol>\n<p data-start=\"759\" data-end=\"930\"><strong data-start=\"759\" data-end=\"775\">Uygulamalar<\/strong><br data-start=\"775\" data-end=\"778\" \/>Giyim y\u00f6netimi, g\u00fcvenlik kontrol\u00fc, \u00e7ama\u015f\u0131rhaneler (end\u00fcstriyel s\u0131n\u0131f dahil) ve dayan\u0131kl\u0131, y\u0131kanabilir RFID etiketleme gerektiren di\u011fer zorlu ortamlar.<\/p>\n<h2 data-start=\"932\" data-end=\"957\">Tablo (\u00d6zellikler)<\/h2>\n<div class=\"_tableContainer_1rjym_1\">\n<div class=\"group _tableWrapper_1rjym_13 flex w-fit flex-col-reverse\" tabindex=\"-1\">\n<table class=\"w-fit min-w-(--thread-content-width)\" data-start=\"958\" data-end=\"2813\">\n<thead data-start=\"958\" data-end=\"1073\">\n<tr data-start=\"958\" data-end=\"1073\">\n<th data-start=\"958\" data-end=\"984\" data-col-size=\"sm\">Kategori<\/th>\n<th data-start=\"984\" data-end=\"1010\" data-col-size=\"sm\">Parametre<\/th>\n<th data-start=\"1010\" data-end=\"1073\" data-col-size=\"sm\">De\u011fer<\/th>\n<\/tr>\n<\/thead>\n<tbody data-start=\"1190\" data-end=\"2813\">\n<tr data-start=\"1190\" data-end=\"1305\">\n<td data-start=\"1190\" data-end=\"1216\" data-col-size=\"sm\">\u00dcr\u00fcn<\/td>\n<td data-col-size=\"sm\" data-start=\"1216\" data-end=\"1242\">\u00d6\u011fe<\/td>\n<td data-col-size=\"sm\" data-start=\"1242\" data-end=\"1305\">PPS RFID \u00e7ama\u015f\u0131r etiketi<\/td>\n<\/tr>\n<tr data-start=\"1306\" data-end=\"1421\">\n<td data-start=\"1306\" data-end=\"1332\" data-col-size=\"sm\">\u00d6zel \u00d6zellikler<\/td>\n<td data-col-size=\"sm\" data-start=\"1332\" data-end=\"1358\">Nitelikler<\/td>\n<td data-col-size=\"sm\" data-start=\"1358\" data-end=\"1421\">Su ge\u00e7irmez \/ Hava ko\u015fullar\u0131na dayan\u0131kl\u0131, Mini etiket<\/td>\n<\/tr>\n<tr data-start=\"1422\" data-end=\"1537\">\n<td data-start=\"1422\" data-end=\"1448\" data-col-size=\"sm\">\u0130leti\u015fim<\/td>\n<td data-col-size=\"sm\" data-start=\"1448\" data-end=\"1474\">Aray\u00fcz<\/td>\n<td data-col-size=\"sm\" data-start=\"1474\" data-end=\"1537\">RFID, NFC<\/td>\n<\/tr>\n<tr data-start=\"1538\" data-end=\"1653\">\n<td data-start=\"1538\" data-end=\"1564\" data-col-size=\"sm\">Malzemeler<\/td>\n<td data-col-size=\"sm\" data-start=\"1564\" data-end=\"1590\">V\u00fccut<\/td>\n<td data-col-size=\"sm\" data-start=\"1590\" data-end=\"1653\">PPS<\/td>\n<\/tr>\n<tr data-start=\"1654\" data-end=\"1769\">\n<td data-start=\"1654\" data-end=\"1680\" data-col-size=\"sm\">Boyutlar<\/td>\n<td data-col-size=\"sm\" data-start=\"1680\" data-end=\"1706\">Boyut Se\u00e7enekleri<\/td>\n<td data-col-size=\"sm\" data-start=\"1706\" data-end=\"1769\">\u00d818mm, \u00d820mm, \u00d822mm, \u00d830mm<\/td>\n<\/tr>\n<tr data-start=\"1770\" data-end=\"1885\">\n<td data-start=\"1770\" data-end=\"1796\" data-col-size=\"sm\">RF<\/td>\n<td data-col-size=\"sm\" data-start=\"1796\" data-end=\"1822\">S\u0131kl\u0131k<\/td>\n<td data-col-size=\"sm\" data-start=\"1822\" data-end=\"1885\">13,56 MHz<\/td>\n<\/tr>\n<tr data-start=\"1886\" data-end=\"2001\">\n<td data-start=\"1886\" data-end=\"1912\" data-col-size=\"sm\"><\/td>\n<td data-col-size=\"sm\" data-start=\"1912\" data-end=\"1938\">Protokol<\/td>\n<td data-col-size=\"sm\" data-start=\"1938\" data-end=\"2001\">ISO\/IEC 15693<\/td>\n<\/tr>\n<tr data-start=\"2002\" data-end=\"2117\">\n<td data-start=\"2002\" data-end=\"2028\" data-col-size=\"sm\">\u00c7evre<\/td>\n<td data-start=\"2028\" data-end=\"2054\" data-col-size=\"sm\">\u00c7al\u0131\u015fma S\u0131cakl\u0131\u011f\u0131<\/td>\n<td data-col-size=\"sm\" data-start=\"2054\" data-end=\"2117\">-25 \u2103 ila +75 \u2103<\/td>\n<\/tr>\n<tr data-start=\"2118\" data-end=\"2233\">\n<td data-start=\"2118\" data-end=\"2144\" data-col-size=\"sm\"><\/td>\n<td data-col-size=\"sm\" data-start=\"2144\" data-end=\"2170\">Depolama S\u0131cakl\u0131\u011f\u0131<\/td>\n<td data-col-size=\"sm\" data-start=\"2170\" data-end=\"2233\">-55 \u2103 ila +220 \u2103<\/td>\n<\/tr>\n<tr data-start=\"2234\" data-end=\"2349\">\n<td data-start=\"2234\" data-end=\"2260\" data-col-size=\"sm\">Proses Uyumlulu\u011fu<\/td>\n<td data-col-size=\"sm\" data-start=\"2260\" data-end=\"2286\">Y\u0131kama Y\u00f6ntemi<\/td>\n<td data-col-size=\"sm\" data-start=\"2286\" data-end=\"2349\">\u00c7ama\u015f\u0131rhane, kuru temizleme<\/td>\n<\/tr>\n<tr data-start=\"2350\" data-end=\"2465\">\n<td data-start=\"2350\" data-end=\"2376\" data-col-size=\"sm\">Dayan\u0131kl\u0131l\u0131k<\/td>\n<td data-col-size=\"sm\" data-start=\"2376\" data-end=\"2402\">Y\u0131kama Hayat\u0131<\/td>\n<td data-col-size=\"sm\" data-start=\"2402\" data-end=\"2465\">200 y\u0131kama d\u00f6ng\u00fcs\u00fc<\/td>\n<\/tr>\n<tr data-start=\"2466\" data-end=\"2581\">\n<td data-start=\"2466\" data-end=\"2492\" data-col-size=\"sm\">Veri<\/td>\n<td data-col-size=\"sm\" data-start=\"2492\" data-end=\"2518\">\u00c7ip Veri Saklama<\/td>\n<td data-col-size=\"sm\" data-start=\"2518\" data-end=\"2581\">10 y\u0131l<\/td>\n<\/tr>\n<tr data-start=\"2582\" data-end=\"2697\">\n<td data-start=\"2582\" data-end=\"2608\" data-col-size=\"sm\">Etiketleme Y\u00f6ntemi<\/td>\n<td data-col-size=\"sm\" data-start=\"2608\" data-end=\"2634\">EK<\/td>\n<td data-col-size=\"sm\" data-start=\"2634\" data-end=\"2697\">Diki\u015f, ekleme<\/td>\n<\/tr>\n<tr data-start=\"2698\" data-end=\"2813\">\n<td data-start=\"2698\" data-end=\"2724\" data-col-size=\"sm\">Operasyon<\/td>\n<td data-col-size=\"sm\" data-start=\"2724\" data-end=\"2750\">\u00c7al\u0131\u015fma Modu<\/td>\n<td data-col-size=\"sm\" data-start=\"2750\" data-end=\"2813\">Okuma\/Yazma<\/td>\n<\/tr>\n<\/tbody>\n<\/table>\n<\/div>\n<\/div>","protected":false},"excerpt":{"rendered":"<p>Y\u0131kanabilir PPS ISO15693 ICODE SLIX \u00e7ama\u015f\u0131r etiketi - giysiler ve \u00fcniformalar i\u00e7in sa\u011flam, su ge\u00e7irmez ve kimyasallara dayan\u0131kl\u0131; 200 \u00e7evrim dayan\u0131kl\u0131l\u0131\u011f\u0131na sahip 13,56 MHz Okuma\/Yazma.<\/p>","protected":false},"featured_media":747,"template":"","meta":{"_gspb_post_css":""},"product_brand":[],"product_cat":[17,19],"product_tag":[],"class_list":{"0":"post-746","1":"product","2":"type-product","3":"status-publish","4":"has-post-thumbnail","6":"product_cat-rfid-laundry-tags","7":"product_cat-pps-rfid-laundry-tags","9":"first","10":"instock","11":"shipping-taxable","12":"purchasable","13":"product-type-simple"},"_links":{"self":[{"href":"https:\/\/www.cxjsmartcard.com\/tr\/wp-json\/wp\/v2\/product\/746","targetHints":{"allow":["GET"]}}],"collection":[{"href":"https:\/\/www.cxjsmartcard.com\/tr\/wp-json\/wp\/v2\/product"}],"about":[{"href":"https:\/\/www.cxjsmartcard.com\/tr\/wp-json\/wp\/v2\/types\/product"}],"wp:featuredmedia":[{"embeddable":true,"href":"https:\/\/www.cxjsmartcard.com\/tr\/wp-json\/wp\/v2\/media\/747"}],"wp:attachment":[{"href":"https:\/\/www.cxjsmartcard.com\/tr\/wp-json\/wp\/v2\/media?parent=746"}],"wp:term":[{"taxonomy":"product_brand","embeddable":true,"href":"https:\/\/www.cxjsmartcard.com\/tr\/wp-json\/wp\/v2\/product_brand?post=746"},{"taxonomy":"product_cat","embeddable":true,"href":"https:\/\/www.cxjsmartcard.com\/tr\/wp-json\/wp\/v2\/product_cat?post=746"},{"taxonomy":"product_tag","embeddable":true,"href":"https:\/\/www.cxjsmartcard.com\/tr\/wp-json\/wp\/v2\/product_tag?post=746"}],"curies":[{"name":"wp","href":"https:\/\/api.w.org\/{rel}","templated":true}]}}