{"id":741,"date":"2025-11-03T07:04:00","date_gmt":"2025-11-03T07:04:00","guid":{"rendered":"https:\/\/www.cxjsmartcard.com\/?post_type=product&#038;p=741"},"modified":"2025-12-29T01:27:10","modified_gmt":"2025-12-29T01:27:10","slug":"pps-uhf-rfid-washable-tag-disc-button-for-laundry","status":"publish","type":"product","link":"https:\/\/www.cxjsmartcard.com\/tr\/pps-uhf-rfid-washable-tag-disc-button-for-laundry\/","title":{"rendered":"\u00c7ama\u015f\u0131rhane i\u00e7in PPS UHF RFID Y\u0131kanabilir Etiket Disk D\u00fc\u011fmesi"},"content":{"rendered":"<p data-start=\"61\" data-end=\"888\">PPS UHF RFID Y\u0131kanabilir Etiket Disk D\u00fc\u011fmesi, elektronik etiket i\u00e7in PPS plastik paketini kullan\u0131r ve <strong data-start=\"179\" data-end=\"280\">y\u00fcksek s\u0131cakl\u0131k direnci, alev geciktiricili\u011fi, kimyasal korozyon direnci ve a\u015f\u0131nma direnci<\/strong>. Etiket son derece incedir ve k\u00fc\u00e7\u00fck bir bez torbaya veya do\u011frudan y\u00f6netilecek kuma\u015f\u0131n \u00fczerine dikilebilir ve diki\u015f pozisyonunu bulmak kolayd\u0131r. Yayg\u0131n olarak kullan\u0131l\u0131r. <strong data-start=\"455\" data-end=\"466\">\u00e7ama\u015f\u0131r<\/strong>, <strong data-start=\"468\" data-end=\"491\">y\u00fcksek kaliteli giyim<\/strong>, <strong data-start=\"493\" data-end=\"512\">okul \u00fcniformalar\u0131<\/strong>, <strong data-start=\"514\" data-end=\"534\">\u00f6zel giysiler<\/strong>, <strong data-start=\"536\" data-end=\"570\">giyim \u00fcretim y\u00f6netimi<\/strong>, <strong data-start=\"572\" data-end=\"592\">\u00fcr\u00fcn takibi<\/strong>, <strong data-start=\"594\" data-end=\"617\">depo envanteri<\/strong>, <strong data-start=\"619\" data-end=\"658\">otomotiv motor bak\u0131m i\u015faretleri<\/strong>, <strong data-start=\"660\" data-end=\"696\">kimyasal hammadde y\u00f6netimi<\/strong>, ve di\u011fer zorlu ortamlar.<br data-start=\"727\" data-end=\"730\" \/>\u00c7ama\u015f\u0131rhane senaryolar\u0131 i\u00e7in (otel, hastane, kuru temizlemeci, havayolu battaniye y\u00f6netimi) etiketler genellikle \u015fu \u015fekilde mevcuttur: <strong data-start=\"843\" data-end=\"873\">PPS, silikon ve tekstil<\/strong> yap\u0131lar.<\/p>\n<p data-start=\"890\" data-end=\"904\"><strong data-start=\"890\" data-end=\"902\">\u00d6zellikler<\/strong><\/p>\n<ol data-start=\"905\" data-end=\"1050\">\n<li data-start=\"905\" data-end=\"938\">\n<p data-start=\"908\" data-end=\"938\">Y\u00fcksek s\u0131cakl\u0131k dayan\u0131m\u0131.<\/p>\n<\/li>\n<li data-start=\"939\" data-end=\"964\">\n<p data-start=\"942\" data-end=\"964\">Bas\u0131nca dayan\u0131kl\u0131l\u0131k.<\/p>\n<\/li>\n<li data-start=\"965\" data-end=\"991\">\n<p data-start=\"968\" data-end=\"991\">Korozyon direnci.<\/p>\n<\/li>\n<li data-start=\"992\" data-end=\"1020\">\n<p data-start=\"995\" data-end=\"1020\">Su ge\u00e7irmez ve dayan\u0131kl\u0131d\u0131r.<\/p>\n<\/li>\n<li data-start=\"1021\" data-end=\"1050\">\n<p data-start=\"1024\" data-end=\"1050\">Ki\u015fiye \u00f6zel tasar\u0131m se\u00e7enekleri.<\/p>\n<\/li>\n<\/ol>\n<p data-start=\"1052\" data-end=\"1165\"><strong data-start=\"1052\" data-end=\"1065\">Fonksiyonlar<\/strong><br data-start=\"1065\" data-end=\"1068\" \/>End\u00fcstriyel \u00e7ama\u015f\u0131rhane ve tekstil i\u015f ak\u0131\u015flar\u0131nda eri\u015fim kontrol\u00fc, kimlik ve bilgi toplama.<\/p>\n<h2 data-start=\"1167\" data-end=\"1192\">Tablo (\u00d6zellikler)<\/h2>\n<div class=\"_tableContainer_1rjym_1\">\n<div class=\"group _tableWrapper_1rjym_13 flex w-fit flex-col-reverse\" tabindex=\"-1\">\n<table class=\"w-fit min-w-(--thread-content-width)\" data-start=\"1193\" data-end=\"3418\">\n<thead data-start=\"1193\" data-end=\"1338\">\n<tr data-start=\"1193\" data-end=\"1338\">\n<th data-start=\"1193\" data-end=\"1218\" data-col-size=\"sm\">Kategori<\/th>\n<th data-start=\"1218\" data-end=\"1249\" data-col-size=\"sm\">Parametre<\/th>\n<th data-start=\"1249\" data-end=\"1338\" data-col-size=\"lg\">De\u011fer<\/th>\n<\/tr>\n<\/thead>\n<tbody data-start=\"1484\" data-end=\"3418\">\n<tr data-start=\"1484\" data-end=\"1629\">\n<td data-start=\"1484\" data-end=\"1508\" data-col-size=\"sm\">Fiziksel<\/td>\n<td data-col-size=\"sm\" data-start=\"1508\" data-end=\"1540\">Malzeme<\/td>\n<td data-col-size=\"lg\" data-start=\"1540\" data-end=\"1629\">PPS (polifenilen s\u00fclf\u00fcr)<\/td>\n<\/tr>\n<tr data-start=\"1630\" data-end=\"1775\">\n<td data-start=\"1630\" data-end=\"1654\" data-col-size=\"sm\"><\/td>\n<td data-start=\"1654\" data-end=\"1686\" data-col-size=\"sm\">Form fakt\u00f6r\u00fc<\/td>\n<td data-col-size=\"lg\" data-start=\"1686\" data-end=\"1775\">Disk \/ d\u00fc\u011fme<\/td>\n<\/tr>\n<tr data-start=\"1776\" data-end=\"1921\">\n<td data-start=\"1776\" data-end=\"1800\" data-col-size=\"sm\"><\/td>\n<td data-col-size=\"sm\" data-start=\"1800\" data-end=\"1832\">Boyutlar<\/td>\n<td data-col-size=\"lg\" data-start=\"1832\" data-end=\"1921\">\u00d818 mm \/ \u00d820 mm \/ \u00d825,5 mm; kal\u0131nl\u0131k 2,75 mm; <strong data-start=\"1881\" data-end=\"1898\">delik \u00d8 1,5 mm<\/strong><\/td>\n<\/tr>\n<tr data-start=\"1922\" data-end=\"2067\">\n<td data-start=\"1922\" data-end=\"1946\" data-col-size=\"sm\"><\/td>\n<td data-col-size=\"sm\" data-start=\"1946\" data-end=\"1978\">EK<\/td>\n<td data-col-size=\"lg\" data-start=\"1978\" data-end=\"2067\">K\u00fc\u00e7\u00fck bir bez \u00e7antaya dikin veya do\u011frudan tekstilin \u00fczerine dikin<\/td>\n<\/tr>\n<tr data-start=\"2068\" data-end=\"2213\">\n<td data-start=\"2068\" data-end=\"2092\" data-col-size=\"sm\">\u00c7evre<\/td>\n<td data-col-size=\"sm\" data-start=\"2092\" data-end=\"2124\">S\u0131cakl\u0131k aral\u0131\u011f\u0131<\/td>\n<td data-col-size=\"lg\" data-start=\"2124\" data-end=\"2213\">-30 \u2103 ila +220 \u2103<\/td>\n<\/tr>\n<tr data-start=\"2214\" data-end=\"2359\">\n<td data-start=\"2214\" data-end=\"2238\" data-col-size=\"sm\">Ki\u015fiselle\u015ftirme<\/td>\n<td data-col-size=\"sm\" data-start=\"2238\" data-end=\"2270\">\u00d6zelle\u015ftirme<\/td>\n<td data-col-size=\"lg\" data-start=\"2270\" data-end=\"2359\">\u00d6zel logo bask\u0131s\u0131; yaz\u0131labilir \u00e7ip verileri (\u00f6rne\u011fin, URL\/web sitesi, seri numaralar\u0131)<\/td>\n<\/tr>\n<tr data-start=\"2360\" data-end=\"2505\">\n<td data-start=\"2360\" data-end=\"2384\" data-col-size=\"sm\">Nitelikler<\/td>\n<td data-col-size=\"sm\" data-start=\"2384\" data-end=\"2416\">Koruyucu \u00f6zellikler<\/td>\n<td data-col-size=\"lg\" data-start=\"2416\" data-end=\"2505\">Y\u00fcksek s\u0131cakl\u0131k, bas\u0131n\u00e7, korozyon direnci; su ge\u00e7irmez; dayan\u0131kl\u0131<\/td>\n<\/tr>\n<tr data-start=\"2506\" data-end=\"2651\">\n<td data-start=\"2506\" data-end=\"2530\" data-col-size=\"sm\">RFID<\/td>\n<td data-col-size=\"sm\" data-start=\"2530\" data-end=\"2562\">S\u0131kl\u0131k<\/td>\n<td data-col-size=\"lg\" data-start=\"2562\" data-end=\"2651\">860\u2013960 MHz (UHF)<\/td>\n<\/tr>\n<tr data-start=\"2652\" data-end=\"2797\">\n<td data-start=\"2652\" data-end=\"2676\" data-col-size=\"sm\"><\/td>\n<td data-col-size=\"sm\" data-start=\"2676\" data-end=\"2708\">Protokol<\/td>\n<td data-col-size=\"lg\" data-start=\"2708\" data-end=\"2797\">ISO 18000-6C<\/td>\n<\/tr>\n<tr data-start=\"2798\" data-end=\"2943\">\n<td data-start=\"2798\" data-end=\"2822\" data-col-size=\"sm\"><\/td>\n<td data-start=\"2822\" data-end=\"2854\" data-col-size=\"sm\">\u00c7ip se\u00e7enekleri<\/td>\n<td data-col-size=\"lg\" data-start=\"2854\" data-end=\"2943\">H9, H10, U9, U10, M4\/5\/6<\/td>\n<\/tr>\n<tr data-start=\"2944\" data-end=\"3089\">\n<td data-start=\"2944\" data-end=\"2968\" data-col-size=\"sm\">Performans<\/td>\n<td data-col-size=\"sm\" data-start=\"2968\" data-end=\"3000\">Okuma mesafesi<\/td>\n<td data-col-size=\"lg\" data-start=\"3000\" data-end=\"3089\">1\u20138 m (okuyucuya\/ortama ba\u011fl\u0131)<\/td>\n<\/tr>\n<tr data-start=\"3090\" data-end=\"3272\">\n<td data-start=\"3090\" data-end=\"3114\" data-col-size=\"sm\">Kullan\u0131m \u00d6rnekleri<\/td>\n<td data-col-size=\"sm\" data-start=\"3114\" data-end=\"3146\">Tipik uygulamalar<\/td>\n<td data-col-size=\"lg\" data-start=\"3146\" data-end=\"3272\">\u00c7ama\u015f\u0131rhane, y\u00fcksek kaliteli giysiler, okul \u00fcniformalar\u0131, \u00f6zel giysiler, \u00fcretim y\u00f6netimi, \u00fcr\u00fcn takibi, depo envanteri<\/td>\n<\/tr>\n<tr data-start=\"3273\" data-end=\"3418\">\n<td data-start=\"3273\" data-end=\"3297\" data-col-size=\"sm\">End\u00fcstri \u00f6rnekleri<\/td>\n<td data-col-size=\"sm\" data-start=\"3297\" data-end=\"3329\">\u00c7ama\u015f\u0131rhane dikeyleri<\/td>\n<td data-col-size=\"lg\" data-start=\"3329\" data-end=\"3418\">Otel, hastane, kuru temizleme, havayolu battaniyesi y\u00f6netimi<\/td>\n<\/tr>\n<\/tbody>\n<\/table>\n<\/div>\n<\/div>","protected":false},"excerpt":{"rendered":"<p>\u00c7ama\u015f\u0131rhane i\u00e7in y\u0131kanabilir PPS UHF RFID disk\/d\u00fc\u011fme etiketi\u2014su ge\u00e7irmez, alev geciktirici, korozyona dayan\u0131kl\u0131, -30\u2013220 \u2103, 1\u20138 m okuma; dikilebilir veya kese; \u00f6zel logo\/veri desteklenir.<\/p>","protected":false},"featured_media":743,"template":"","meta":{"_gspb_post_css":""},"product_brand":[],"product_cat":[17,19],"product_tag":[],"class_list":{"0":"post-741","1":"product","2":"type-product","3":"status-publish","4":"has-post-thumbnail","6":"product_cat-rfid-laundry-tags","7":"product_cat-pps-rfid-laundry-tags","9":"first","10":"instock","11":"shipping-taxable","12":"purchasable","13":"product-type-simple"},"_links":{"self":[{"href":"https:\/\/www.cxjsmartcard.com\/tr\/wp-json\/wp\/v2\/product\/741","targetHints":{"allow":["GET"]}}],"collection":[{"href":"https:\/\/www.cxjsmartcard.com\/tr\/wp-json\/wp\/v2\/product"}],"about":[{"href":"https:\/\/www.cxjsmartcard.com\/tr\/wp-json\/wp\/v2\/types\/product"}],"wp:featuredmedia":[{"embeddable":true,"href":"https:\/\/www.cxjsmartcard.com\/tr\/wp-json\/wp\/v2\/media\/743"}],"wp:attachment":[{"href":"https:\/\/www.cxjsmartcard.com\/tr\/wp-json\/wp\/v2\/media?parent=741"}],"wp:term":[{"taxonomy":"product_brand","embeddable":true,"href":"https:\/\/www.cxjsmartcard.com\/tr\/wp-json\/wp\/v2\/product_brand?post=741"},{"taxonomy":"product_cat","embeddable":true,"href":"https:\/\/www.cxjsmartcard.com\/tr\/wp-json\/wp\/v2\/product_cat?post=741"},{"taxonomy":"product_tag","embeddable":true,"href":"https:\/\/www.cxjsmartcard.com\/tr\/wp-json\/wp\/v2\/product_tag?post=741"}],"curies":[{"name":"wp","href":"https:\/\/api.w.org\/{rel}","templated":true}]}}