{"id":736,"date":"2025-11-03T07:01:57","date_gmt":"2025-11-03T07:01:57","guid":{"rendered":"https:\/\/www.cxjsmartcard.com\/?post_type=product&#038;p=736"},"modified":"2025-12-29T01:27:10","modified_gmt":"2025-12-29T01:27:10","slug":"durable-pps-commercial-reusable-washable-rfid-tags-for-laundry-industry","status":"publish","type":"product","link":"https:\/\/www.cxjsmartcard.com\/tr\/durable-pps-commercial-reusable-washable-rfid-tags-for-laundry-industry\/","title":{"rendered":"\u00c7ama\u015f\u0131rhane End\u00fcstrisi i\u00e7in Dayan\u0131kl\u0131 PPS Ticari Yeniden Kullan\u0131labilir Y\u0131kanabilir RFID Etiketleri"},"content":{"rendered":"<p data-start=\"83\" data-end=\"381\">Dayan\u0131kl\u0131 PPS yeniden kullan\u0131labilir y\u0131kanabilir RFID etiketleri, end\u00fcstriyel \u00e7ama\u015f\u0131rhanelerin zorlu ko\u015fullar\u0131 i\u00e7in tasarlanm\u0131\u015ft\u0131r. <strong data-start=\"214\" data-end=\"233\">13,56 MHz (NFC)<\/strong>, her su ge\u00e7irmez etiket bir <strong data-start=\"262\" data-end=\"301\">PPS kabuklu re\u00e7ine + epoksi \u00e7ekirdek<\/strong> y\u00fcksek s\u0131cakl\u0131klara, suya bat\u0131r\u0131lmaya, kimyasallara ve s\u00fcrekli tekrar kullan\u0131ma dayan\u0131kl\u0131d\u0131r.<\/p>\n<p data-start=\"383\" data-end=\"721\"><strong data-start=\"383\" data-end=\"426\">End\u00fcstriyel \u00c7ama\u015f\u0131rhane Dayan\u0131kl\u0131l\u0131\u011f\u0131 \u0130\u00e7in \u00dcretildi<\/strong><br data-start=\"426\" data-end=\"429\" \/>Bu etiketler \u00e7ama\u015f\u0131rhane tesisleri i\u00e7in \u00f6zel olarak \u00fcretilmi\u015ftir ve \u015funlar\u0131 yapabilir: <strong data-start=\"496\" data-end=\"516\">200&#039;den fazla y\u0131kama d\u00f6ng\u00fcs\u00fc<\/strong>, y\u00fcksek nem ve <strong data-start=\"537\" data-end=\"556\">-25 \u2103 ila +120 \u2103<\/strong> \u0130\u015flem. PPS (y\u00fcksek performansl\u0131 bir termoplastik) y\u0131kama, kurutma ve preslemede tutarl\u0131 performans i\u00e7in m\u00fckemmel kimyasal ve mekanik diren\u00e7 sa\u011flar.<\/p>\n<p data-start=\"723\" data-end=\"927\"><strong data-start=\"723\" data-end=\"757\">Uzun Vadeli Tasarruflar \u0130\u00e7in Yeniden Kullan\u0131labilir<\/strong><br data-start=\"757\" data-end=\"760\" \/>Kaps\u00fclleme, buharl\u0131 presleme ve end\u00fcstriyel \u00fct\u00fcleme yoluyla verileri g\u00fcvende tutar. Bir\u00e7ok d\u00f6ng\u00fcde yeniden kullan\u0131m, \u00fcr\u00fcn ba\u015f\u0131na takip maliyetlerini d\u00fc\u015f\u00fcr\u00fcr ve s\u00fcrd\u00fcr\u00fclebilirlik hedeflerini destekler.<\/p>\n<p data-start=\"929\" data-end=\"943\"><strong data-start=\"929\" data-end=\"941\">\u00d6zellikler<\/strong><\/p>\n<ul data-start=\"944\" data-end=\"1206\">\n<li data-start=\"944\" data-end=\"989\">\n<p data-start=\"946\" data-end=\"989\">13,56 MHz NFC; <strong data-start=\"961\" data-end=\"987\">ISO 15693 \/ ISO 14443A<\/strong><\/p>\n<\/li>\n<li data-start=\"990\" data-end=\"1045\">\n<p data-start=\"992\" data-end=\"1045\"><strong data-start=\"992\" data-end=\"1030\">Su ge\u00e7irmez, hava ko\u015fullar\u0131na dayan\u0131kl\u0131, tekrar kullan\u0131labilir<\/strong> yap\u0131<\/p>\n<\/li>\n<li data-start=\"1046\" data-end=\"1094\">\n<p data-start=\"1048\" data-end=\"1094\">Okuma aral\u0131\u011f\u0131 en fazla <strong data-start=\"1065\" data-end=\"1074\">0\u20131 m<\/strong> (kuruluma ba\u011fl\u0131)<\/p>\n<\/li>\n<li data-start=\"1095\" data-end=\"1150\">\n<p data-start=\"1097\" data-end=\"1150\"><strong data-start=\"1097\" data-end=\"1111\">R21 \u00d7 2 mm<\/strong> form fakt\u00f6r\u00fc (di\u011fer boyutlar talep \u00fczerine)<\/p>\n<\/li>\n<li data-start=\"1151\" data-end=\"1206\">\n<p data-start=\"1153\" data-end=\"1206\">\u00d6zel hizmetler mevcuttur (kodlama, \u015fekil, markalama)<\/p>\n<\/li>\n<\/ul>\n<p data-start=\"1208\" data-end=\"1307\"><strong data-start=\"1208\" data-end=\"1224\">Uygulamalar<\/strong><br data-start=\"1224\" data-end=\"1227\" \/>\u00c7ama\u015f\u0131rhane tesisleri, keten hizmetleri, haz\u0131r giyim fabrikalar\u0131, otel ve misafirperverlik tekstilleri.<\/p>\n<p data-start=\"1309\" data-end=\"1652\"><strong data-start=\"1309\" data-end=\"1317\">SSS<\/strong><br data-start=\"1317\" data-end=\"1320\" \/><strong data-start=\"1320\" data-end=\"1326\">Q:<\/strong> Bu etiketler end\u00fcstriyel y\u0131kama ve kurutmaya dayanabilir mi?<br data-start=\"1380\" data-end=\"1383\" \/><strong data-start=\"1383\" data-end=\"1389\">A:<\/strong> Evet, 200&#039;den fazla \u00e7evrim, y\u00fcksek s\u0131cakl\u0131k ve bas\u0131n\u00e7 i\u00e7in \u00fcretilmi\u015ftir.<br data-start=\"1448\" data-end=\"1451\" \/><strong data-start=\"1451\" data-end=\"1457\">Q:<\/strong> Tipik okuma aral\u0131\u011f\u0131 nedir?<br data-start=\"1488\" data-end=\"1491\" \/><strong data-start=\"1491\" data-end=\"1497\">A:<\/strong> Okuyucuya ve ortama ba\u011fl\u0131 olarak 1 m&#039;ye kadar.<br data-start=\"1544\" data-end=\"1547\" \/><strong data-start=\"1547\" data-end=\"1553\">Q:<\/strong> \u00d6zel kodlama veya boyutlar alabilir miyim?<br data-start=\"1589\" data-end=\"1592\" \/><strong data-start=\"1592\" data-end=\"1598\">A:<\/strong> Evet, \u00f6zel \u00e7ipler, \u015fekiller ve markalamalar mevcuttur.<\/p>\n<h2 data-start=\"1654\" data-end=\"1679\">Tablo (\u00d6zellikler)<\/h2>\n<div class=\"_tableContainer_1rjym_1\">\n<div class=\"group _tableWrapper_1rjym_13 flex w-fit flex-col-reverse\" tabindex=\"-1\">\n<table class=\"w-fit min-w-(--thread-content-width)\" data-start=\"1680\" data-end=\"2927\">\n<thead data-start=\"1680\" data-end=\"1769\">\n<tr data-start=\"1680\" data-end=\"1769\">\n<th data-start=\"1680\" data-end=\"1703\" data-col-size=\"sm\">Kategori<\/th>\n<th data-start=\"1703\" data-end=\"1727\" data-col-size=\"sm\">Parametre<\/th>\n<th data-start=\"1727\" data-end=\"1769\" data-col-size=\"sm\">De\u011fer<\/th>\n<\/tr>\n<\/thead>\n<tbody data-start=\"1859\" data-end=\"2927\">\n<tr data-start=\"1859\" data-end=\"1947\">\n<td data-start=\"1859\" data-end=\"1881\" data-col-size=\"sm\">\u00dcr\u00fcn<\/td>\n<td data-col-size=\"sm\" data-start=\"1881\" data-end=\"1905\">\u00d6\u011fe ad\u0131<\/td>\n<td data-col-size=\"sm\" data-start=\"1905\" data-end=\"1947\">Su Ge\u00e7irmez RFID Etiketleri<\/td>\n<\/tr>\n<tr data-start=\"1948\" data-end=\"2036\">\n<td data-start=\"1948\" data-end=\"1970\" data-col-size=\"sm\">RF<\/td>\n<td data-col-size=\"sm\" data-start=\"1970\" data-end=\"1994\">S\u0131kl\u0131k<\/td>\n<td data-col-size=\"sm\" data-start=\"1994\" data-end=\"2036\">13,56 MHz (NFC)<\/td>\n<\/tr>\n<tr data-start=\"2037\" data-end=\"2125\">\n<td data-start=\"2037\" data-end=\"2059\" data-col-size=\"sm\"><\/td>\n<td data-col-size=\"sm\" data-start=\"2059\" data-end=\"2083\">Protokol<\/td>\n<td data-col-size=\"sm\" data-start=\"2083\" data-end=\"2125\">ISO 15693 \/ ISO 14443A<\/td>\n<\/tr>\n<tr data-start=\"2126\" data-end=\"2214\">\n<td data-start=\"2126\" data-end=\"2148\" data-col-size=\"sm\">Haf\u0131za<\/td>\n<td data-col-size=\"sm\" data-start=\"2148\" data-end=\"2172\">Kapasite<\/td>\n<td data-col-size=\"sm\" data-start=\"2172\" data-end=\"2214\">1024 bit (se\u00e7enekler mevcuttur)<\/td>\n<\/tr>\n<tr data-start=\"2215\" data-end=\"2303\">\n<td data-start=\"2215\" data-end=\"2237\" data-col-size=\"sm\">Malzemeler<\/td>\n<td data-col-size=\"sm\" data-start=\"2237\" data-end=\"2261\">Yap\u0131<\/td>\n<td data-col-size=\"sm\" data-start=\"2261\" data-end=\"2303\">Re\u00e7ine + Epoksi \u00e7ekirdek, <strong data-start=\"2283\" data-end=\"2297\">PPS kasas\u0131<\/strong><\/td>\n<\/tr>\n<tr data-start=\"2304\" data-end=\"2392\">\n<td data-start=\"2304\" data-end=\"2326\" data-col-size=\"sm\">Boyutlar<\/td>\n<td data-col-size=\"sm\" data-start=\"2326\" data-end=\"2350\">Boyut<\/td>\n<td data-col-size=\"sm\" data-start=\"2350\" data-end=\"2392\"><strong data-start=\"2352\" data-end=\"2366\">R21 \u00d7 2 mm<\/strong><\/td>\n<\/tr>\n<tr data-start=\"2393\" data-end=\"2482\">\n<td data-start=\"2393\" data-end=\"2415\" data-col-size=\"sm\">Performans<\/td>\n<td data-col-size=\"sm\" data-start=\"2415\" data-end=\"2439\">Okuma aral\u0131\u011f\u0131<\/td>\n<td data-col-size=\"sm\" data-start=\"2439\" data-end=\"2482\"><strong data-start=\"2441\" data-end=\"2450\">0\u20131 m<\/strong> (okuyucuya\/ortama ba\u011fl\u0131)<\/td>\n<\/tr>\n<tr data-start=\"2483\" data-end=\"2571\">\n<td data-start=\"2483\" data-end=\"2505\" data-col-size=\"sm\">\u00c7evre<\/td>\n<td data-col-size=\"sm\" data-start=\"2505\" data-end=\"2529\">\u00c7al\u0131\u015fma s\u0131cakl\u0131\u011f\u0131<\/td>\n<td data-col-size=\"sm\" data-start=\"2529\" data-end=\"2571\"><strong data-start=\"2531\" data-end=\"2550\">-25 \u2103 ila +120 \u2103<\/strong><\/td>\n<\/tr>\n<tr data-start=\"2572\" data-end=\"2660\">\n<td data-start=\"2572\" data-end=\"2594\" data-col-size=\"sm\">Dayan\u0131kl\u0131l\u0131k<\/td>\n<td data-col-size=\"sm\" data-start=\"2594\" data-end=\"2618\">Y\u0131kama d\u00f6ng\u00fcleri<\/td>\n<td data-col-size=\"sm\" data-start=\"2618\" data-end=\"2660\"><strong data-start=\"2620\" data-end=\"2628\">200+<\/strong> (end\u00fcstriyel s\u00fcre\u00e7ler)<\/td>\n<\/tr>\n<tr data-start=\"2661\" data-end=\"2749\">\n<td data-start=\"2661\" data-end=\"2683\" data-col-size=\"sm\">Uygulamalar<\/td>\n<td data-col-size=\"sm\" data-start=\"2683\" data-end=\"2707\">Alanlar<\/td>\n<td data-col-size=\"sm\" data-start=\"2707\" data-end=\"2749\">\u00c7ama\u015f\u0131rhane, Keten, Giyim Fabrikalar\u0131<\/td>\n<\/tr>\n<tr data-start=\"2750\" data-end=\"2838\">\n<td data-start=\"2750\" data-end=\"2772\" data-col-size=\"sm\">\u00d6zel \u00d6zellikler<\/td>\n<td data-col-size=\"sm\" data-start=\"2772\" data-end=\"2796\">Nitelikler<\/td>\n<td data-col-size=\"sm\" data-start=\"2796\" data-end=\"2838\">Su ge\u00e7irmez \/ Hava ko\u015fullar\u0131na dayan\u0131kl\u0131 \/ Tekrar kullan\u0131labilir<\/td>\n<\/tr>\n<tr data-start=\"2839\" data-end=\"2927\">\n<td data-start=\"2839\" data-end=\"2861\" data-col-size=\"sm\">K\u00f6keni<\/td>\n<td data-col-size=\"sm\" data-start=\"2861\" data-end=\"2885\">Men\u015fe yeri<\/td>\n<td data-col-size=\"sm\" data-start=\"2885\" data-end=\"2927\">Shenzhen, \u00c7in<\/td>\n<\/tr>\n<\/tbody>\n<\/table>\n<\/div>\n<\/div>","protected":false},"excerpt":{"rendered":"<p>Dayan\u0131kl\u0131 13,56 MHz PPS RFID \u00e7ama\u015f\u0131r etiketleri - su ge\u00e7irmez, yeniden kullan\u0131labilir ve kimyasallara dayan\u0131kl\u0131d\u0131r, 0\u20131 m okuma ve end\u00fcstriyel tekstil takibi i\u00e7in 200&#039;den fazla y\u0131kama d\u00f6ng\u00fcs\u00fc dayan\u0131kl\u0131l\u0131\u011f\u0131na sahiptir.<\/p>","protected":false},"featured_media":737,"template":"","meta":{"_gspb_post_css":""},"product_brand":[],"product_cat":[17,19],"product_tag":[],"class_list":{"0":"post-736","1":"product","2":"type-product","3":"status-publish","4":"has-post-thumbnail","6":"product_cat-rfid-laundry-tags","7":"product_cat-pps-rfid-laundry-tags","9":"first","10":"instock","11":"shipping-taxable","12":"purchasable","13":"product-type-simple"},"_links":{"self":[{"href":"https:\/\/www.cxjsmartcard.com\/tr\/wp-json\/wp\/v2\/product\/736","targetHints":{"allow":["GET"]}}],"collection":[{"href":"https:\/\/www.cxjsmartcard.com\/tr\/wp-json\/wp\/v2\/product"}],"about":[{"href":"https:\/\/www.cxjsmartcard.com\/tr\/wp-json\/wp\/v2\/types\/product"}],"wp:featuredmedia":[{"embeddable":true,"href":"https:\/\/www.cxjsmartcard.com\/tr\/wp-json\/wp\/v2\/media\/737"}],"wp:attachment":[{"href":"https:\/\/www.cxjsmartcard.com\/tr\/wp-json\/wp\/v2\/media?parent=736"}],"wp:term":[{"taxonomy":"product_brand","embeddable":true,"href":"https:\/\/www.cxjsmartcard.com\/tr\/wp-json\/wp\/v2\/product_brand?post=736"},{"taxonomy":"product_cat","embeddable":true,"href":"https:\/\/www.cxjsmartcard.com\/tr\/wp-json\/wp\/v2\/product_cat?post=736"},{"taxonomy":"product_tag","embeddable":true,"href":"https:\/\/www.cxjsmartcard.com\/tr\/wp-json\/wp\/v2\/product_tag?post=736"}],"curies":[{"name":"wp","href":"https:\/\/api.w.org\/{rel}","templated":true}]}}