{"id":731,"date":"2025-11-03T06:59:28","date_gmt":"2025-11-03T06:59:28","guid":{"rendered":"https:\/\/www.cxjsmartcard.com\/?post_type=product&#038;p=731"},"modified":"2025-12-29T01:27:10","modified_gmt":"2025-12-29T01:27:10","slug":"125khz-heat-resistant-washable-pps-rfid-laundry-tag-button-token","status":"publish","type":"product","link":"https:\/\/www.cxjsmartcard.com\/tr\/125khz-heat-resistant-washable-pps-rfid-laundry-tag-button-token\/","title":{"rendered":"125kHz Is\u0131ya Dayan\u0131kl\u0131 Y\u0131kanabilir PPS RFID \u00c7ama\u015f\u0131r Etiketi (D\u00fc\u011fme Jeton)"},"content":{"rendered":"<p data-start=\"78\" data-end=\"810\">PPS RFID \u00c7ama\u015f\u0131r Etiketleri, \u00e7ar\u015faflar\u0131, \u00fcniformalar\u0131 ve di\u011fer giysileri takip etmek i\u00e7in idealdir. Web sitemizi s\u00fcrekli olarak g\u00fcncelliyor ve RFID \u00fcr\u00fcnleri ekliyoruz; ancak arad\u0131\u011f\u0131n\u0131z ancak bulamad\u0131\u011f\u0131n\u0131z belirli bir \u00c7ama\u015f\u0131r Etiketi varsa, l\u00fctfen bizimle ileti\u015fime ge\u00e7in; muhtemelen size sa\u011flayabiliriz.<br data-start=\"396\" data-end=\"399\" \/>PPS RFID token etiketi, enjeksiyon kal\u0131plama y\u00f6ntemiyle m\u00fchendislik plasti\u011finden ve kaps\u00fcllenmi\u015f bir RFID \u00e7ipinden \u00fcretilmi\u015ftir. Kuma\u015f ve kazaklar\u0131n a\u011fart\u0131lmas\u0131 ve boyanmas\u0131, sert deterjanl\u0131 y\u0131kama, kimyasal malzeme \u00fcretimi ve \u00f6zel t\u0131bbi \u00e7al\u0131\u015fma ortamlar\u0131nda yayg\u0131n olarak kullan\u0131l\u0131r. A\u015f\u0131nmaya dayan\u0131kl\u0131, y\u00fcksek s\u0131cakl\u0131\u011fa, asit-alkaliye dayan\u0131kl\u0131, \u00e7evre dostudur ve uzun s\u00fcreli \u00e7ama\u015f\u0131r takibi i\u00e7in tasarlanm\u0131\u015ft\u0131r.<\/p>\n<p data-start=\"812\" data-end=\"826\"><strong data-start=\"812\" data-end=\"824\">\u00d6zellikler<\/strong><\/p>\n<ol data-start=\"827\" data-end=\"972\">\n<li data-start=\"827\" data-end=\"860\">\n<p data-start=\"830\" data-end=\"860\">Y\u00fcksek s\u0131cakl\u0131k dayan\u0131m\u0131.<\/p>\n<\/li>\n<li data-start=\"861\" data-end=\"886\">\n<p data-start=\"864\" data-end=\"886\">Bas\u0131nca dayan\u0131kl\u0131l\u0131k.<\/p>\n<\/li>\n<li data-start=\"887\" data-end=\"913\">\n<p data-start=\"890\" data-end=\"913\">Korozyon direnci.<\/p>\n<\/li>\n<li data-start=\"914\" data-end=\"942\">\n<p data-start=\"917\" data-end=\"942\">Su ge\u00e7irmez ve dayan\u0131kl\u0131d\u0131r.<\/p>\n<\/li>\n<li data-start=\"943\" data-end=\"972\">\n<p data-start=\"946\" data-end=\"972\">Ki\u015fiye \u00f6zel tasar\u0131m se\u00e7enekleri.<\/p>\n<\/li>\n<\/ol>\n<p data-start=\"974\" data-end=\"992\"><strong data-start=\"974\" data-end=\"990\">Uygulamalar<\/strong><\/p>\n<ul data-start=\"993\" data-end=\"1179\">\n<li data-start=\"993\" data-end=\"1051\">\n<p data-start=\"995\" data-end=\"1051\">\u00c7ama\u015f\u0131r, \u00fcniforma, giysi gibi \u00fcr\u00fcnlerin varl\u0131k takibi.<\/p>\n<\/li>\n<li data-start=\"1052\" data-end=\"1116\">\n<p data-start=\"1054\" data-end=\"1116\">End\u00fcstriyel i\u015flemler: a\u011fartma\/boyama, kimyasal \u00fcretim.<\/p>\n<\/li>\n<li data-start=\"1117\" data-end=\"1179\">\n<p data-start=\"1119\" data-end=\"1179\">Dayan\u0131kl\u0131 etiketler gerektiren t\u0131bbi ve di\u011fer zorlu ortamlar.<\/p>\n<\/li>\n<\/ul>\n<h2 data-start=\"1181\" data-end=\"1206\">Tablo (\u00d6zellikler)<\/h2>\n<div class=\"_tableContainer_1rjym_1\">\n<div class=\"group _tableWrapper_1rjym_13 flex w-fit flex-col-reverse\" tabindex=\"-1\">\n<table class=\"w-fit min-w-(--thread-content-width)\" data-start=\"1207\" data-end=\"2835\">\n<thead data-start=\"1207\" data-end=\"1341\">\n<tr data-start=\"1207\" data-end=\"1341\">\n<th data-start=\"1207\" data-end=\"1225\" data-col-size=\"sm\">Kategori<\/th>\n<th data-start=\"1225\" data-end=\"1248\" data-col-size=\"sm\">Parametre<\/th>\n<th data-start=\"1248\" data-end=\"1341\" data-col-size=\"md\">De\u011fer<\/th>\n<\/tr>\n<\/thead>\n<tbody data-start=\"1477\" data-end=\"2835\">\n<tr data-start=\"1477\" data-end=\"1612\">\n<td data-start=\"1477\" data-end=\"1495\" data-col-size=\"sm\">\u00dcr\u00fcn<\/td>\n<td data-col-size=\"sm\" data-start=\"1495\" data-end=\"1519\">Tip<\/td>\n<td data-col-size=\"md\" data-start=\"1519\" data-end=\"1612\">PPS RFID \u00c7ama\u015f\u0131r Etiketi \/ D\u00fc\u011fme Jetonu<\/td>\n<\/tr>\n<tr data-start=\"1613\" data-end=\"1748\">\n<td data-start=\"1613\" data-end=\"1631\" data-col-size=\"sm\">Malzemeler<\/td>\n<td data-col-size=\"sm\" data-start=\"1631\" data-end=\"1655\">V\u00fccut<\/td>\n<td data-col-size=\"md\" data-start=\"1655\" data-end=\"1748\">PPS (polifenilen s\u00fclf\u00fcr) m\u00fchendislik plasti\u011fi<\/td>\n<\/tr>\n<tr data-start=\"1749\" data-end=\"1884\">\n<td data-start=\"1749\" data-end=\"1767\" data-col-size=\"sm\">RF<\/td>\n<td data-col-size=\"sm\" data-start=\"1767\" data-end=\"1791\">S\u0131kl\u0131k<\/td>\n<td data-col-size=\"md\" data-start=\"1791\" data-end=\"1884\">LF: 125 kHz<\/td>\n<\/tr>\n<tr data-start=\"1885\" data-end=\"2020\">\n<td data-start=\"1885\" data-end=\"1903\" data-col-size=\"sm\"><\/td>\n<td data-col-size=\"sm\" data-start=\"1903\" data-end=\"1927\">\u00c7ip Se\u00e7enekleri<\/td>\n<td data-col-size=\"md\" data-start=\"1927\" data-end=\"2020\">TK4100, EM4200, EM4305, T5577<\/td>\n<\/tr>\n<tr data-start=\"2021\" data-end=\"2155\">\n<td data-start=\"2021\" data-end=\"2039\" data-col-size=\"sm\">Dayan\u0131kl\u0131l\u0131k<\/td>\n<td data-col-size=\"sm\" data-start=\"2039\" data-end=\"2063\">\u00d6m\u00fcr boyu<\/td>\n<td data-col-size=\"md\" data-start=\"2063\" data-end=\"2155\">200 y\u0131kama d\u00f6ng\u00fcs\u00fc <strong data-start=\"2081\" data-end=\"2087\">veya<\/strong> Sevkiyat tarihinden itibaren 2 y\u0131l (hangisi \u00f6nce gelirse)<\/td>\n<\/tr>\n<tr data-start=\"2156\" data-end=\"2291\">\n<td data-start=\"2156\" data-end=\"2174\" data-col-size=\"sm\">\u00c7evre<\/td>\n<td data-col-size=\"sm\" data-start=\"2174\" data-end=\"2198\">\u00d6n kurutma (tumbler)<\/td>\n<td data-col-size=\"md\" data-start=\"2198\" data-end=\"2291\">180 \u2103 (320 \u2109), 30 dakika<\/td>\n<\/tr>\n<tr data-start=\"2292\" data-end=\"2427\">\n<td data-start=\"2292\" data-end=\"2310\" data-col-size=\"sm\"><\/td>\n<td data-col-size=\"sm\" data-start=\"2310\" data-end=\"2334\">\u00dct\u00fcleme<\/td>\n<td data-col-size=\"md\" data-start=\"2334\" data-end=\"2427\">180 \u2103 (356 \u2109), 10 saniye, 200 d\u00f6ng\u00fc<\/td>\n<\/tr>\n<tr data-start=\"2428\" data-end=\"2563\">\n<td data-start=\"2428\" data-end=\"2446\" data-col-size=\"sm\"><\/td>\n<td data-start=\"2446\" data-end=\"2470\" data-col-size=\"sm\">Sterilizasyon<\/td>\n<td data-col-size=\"md\" data-start=\"2470\" data-end=\"2563\">135 \u2103 (275 \u2109), 20 dakika<\/td>\n<\/tr>\n<tr data-start=\"2564\" data-end=\"2699\">\n<td data-start=\"2564\" data-end=\"2582\" data-col-size=\"sm\">Performans<\/td>\n<td data-col-size=\"sm\" data-start=\"2582\" data-end=\"2606\">Mekanik<\/td>\n<td data-col-size=\"md\" data-start=\"2606\" data-end=\"2699\">Bas\u0131nca dayan\u0131kl\u0131; korozyona dayan\u0131kl\u0131; su ge\u00e7irmez; a\u015f\u0131nmaya dayan\u0131kl\u0131<\/td>\n<\/tr>\n<tr data-start=\"2700\" data-end=\"2835\">\n<td data-start=\"2700\" data-end=\"2718\" data-col-size=\"sm\">\u00d6zelle\u015ftirme<\/td>\n<td data-col-size=\"sm\" data-start=\"2718\" data-end=\"2742\">Se\u00e7enekler<\/td>\n<td data-col-size=\"md\" data-start=\"2742\" data-end=\"2835\">\u00d6zelle\u015ftirilmi\u015f tasar\u0131mlar mevcuttur<\/td>\n<\/tr>\n<\/tbody>\n<\/table>\n<\/div>\n<\/div>","protected":false},"excerpt":{"rendered":"<p>\u00c7ar\u015faflar ve \u00fcniformalar i\u00e7in \u0131s\u0131ya dayan\u0131kl\u0131, y\u0131kanabilir PPS RFID \u00e7ama\u015f\u0131r d\u00fc\u011fmesi etiketi; su ge\u00e7irmez, bas\u0131nca\/korozyona dayan\u0131kl\u0131, \u00e7oklu LF \u00e7ip se\u00e7enekleriyle 200 d\u00f6ng\u00fc dayan\u0131kl\u0131l\u0131\u011f\u0131na sahiptir.<\/p>","protected":false},"featured_media":734,"template":"","meta":{"_gspb_post_css":""},"product_brand":[],"product_cat":[17,19],"product_tag":[],"class_list":{"0":"post-731","1":"product","2":"type-product","3":"status-publish","4":"has-post-thumbnail","6":"product_cat-rfid-laundry-tags","7":"product_cat-pps-rfid-laundry-tags","9":"first","10":"instock","11":"shipping-taxable","12":"purchasable","13":"product-type-simple"},"_links":{"self":[{"href":"https:\/\/www.cxjsmartcard.com\/tr\/wp-json\/wp\/v2\/product\/731","targetHints":{"allow":["GET"]}}],"collection":[{"href":"https:\/\/www.cxjsmartcard.com\/tr\/wp-json\/wp\/v2\/product"}],"about":[{"href":"https:\/\/www.cxjsmartcard.com\/tr\/wp-json\/wp\/v2\/types\/product"}],"wp:featuredmedia":[{"embeddable":true,"href":"https:\/\/www.cxjsmartcard.com\/tr\/wp-json\/wp\/v2\/media\/734"}],"wp:attachment":[{"href":"https:\/\/www.cxjsmartcard.com\/tr\/wp-json\/wp\/v2\/media?parent=731"}],"wp:term":[{"taxonomy":"product_brand","embeddable":true,"href":"https:\/\/www.cxjsmartcard.com\/tr\/wp-json\/wp\/v2\/product_brand?post=731"},{"taxonomy":"product_cat","embeddable":true,"href":"https:\/\/www.cxjsmartcard.com\/tr\/wp-json\/wp\/v2\/product_cat?post=731"},{"taxonomy":"product_tag","embeddable":true,"href":"https:\/\/www.cxjsmartcard.com\/tr\/wp-json\/wp\/v2\/product_tag?post=731"}],"curies":[{"name":"wp","href":"https:\/\/api.w.org\/{rel}","templated":true}]}}