{"id":726,"date":"2025-11-03T06:55:07","date_gmt":"2025-11-03T06:55:07","guid":{"rendered":"https:\/\/www.cxjsmartcard.com\/?post_type=product&#038;p=726"},"modified":"2025-12-29T01:27:10","modified_gmt":"2025-12-29T01:27:10","slug":"13-56mhz-rewritable-washable-waterproof-coin-nfc-pps-laundry-tags","status":"publish","type":"product","link":"https:\/\/www.cxjsmartcard.com\/tr\/13-56mhz-rewritable-washable-waterproof-coin-nfc-pps-laundry-tags\/","title":{"rendered":"13.56MHz Yeniden Yaz\u0131labilir Y\u0131kanabilir Su Ge\u00e7irmez Jetonlu NFC PPS \u00c7ama\u015f\u0131r Etiketleri"},"content":{"rendered":"<p data-start=\"77\" data-end=\"334\">13,56 MHz Yeniden Yaz\u0131labilir Y\u0131kanabilir Su Ge\u00e7irmez Jetonlu NFC PPS \u00c7ama\u015f\u0131r Etiketi, \u00e7ama\u015f\u0131r y\u00f6netimi, \u00e7ama\u015f\u0131r takibi ve giysi tan\u0131mlama i\u00e7in tasarlanm\u0131\u015ft\u0131r. Sa\u011flam PPS d\u0131\u015f y\u00fczeyi, tekrarlanan y\u0131kama d\u00f6ng\u00fcleri boyunca y\u00fcksek s\u0131cakl\u0131klara, kimyasallara ve suya kar\u015f\u0131 dayan\u0131kl\u0131d\u0131r.<\/p>\n<p data-start=\"336\" data-end=\"644\"><strong data-start=\"336\" data-end=\"382\">Ak\u0131ll\u0131 \u0130zleme i\u00e7in Yeniden Yaz\u0131labilir NFC \u0130\u015flevi<\/strong><br data-start=\"382\" data-end=\"385\" \/>NFC \u00e7ipleri ile desteklenmektedir <strong data-start=\"414\" data-end=\"425\">NTAG213<\/strong>, <strong data-start=\"427\" data-end=\"438\">NTAG216<\/strong>, Ve <strong data-start=\"444\" data-end=\"458\">ICODE SLIX<\/strong>, Etiket, envanter verileri, giysi durumu ve y\u0131kama ge\u00e7mi\u015fi i\u00e7in yeniden yaz\u0131labilir belle\u011fi destekler. Personel, do\u011fru ve ger\u00e7ek zamanl\u0131 izleme i\u00e7in standart RFID okuyucularla veya hatta ak\u0131ll\u0131 telefonlarla tarama yapabilir.<\/p>\n<p data-start=\"646\" data-end=\"660\"><strong data-start=\"646\" data-end=\"658\">\u00d6zellikler<\/strong><\/p>\n<ul data-start=\"661\" data-end=\"962\">\n<li data-start=\"661\" data-end=\"710\">\n<p data-start=\"663\" data-end=\"710\">Yeniden yaz\u0131labilir belle\u011fe sahip 13,56 MHz NFC i\u015flemi<\/p>\n<\/li>\n<li data-start=\"711\" data-end=\"771\">\n<p data-start=\"713\" data-end=\"771\">Dayan\u0131kl\u0131 PPS \/ silikon \/ ABS \/ yumu\u015fak plastik yap\u0131<\/p>\n<\/li>\n<li data-start=\"772\" data-end=\"841\">\n<p data-start=\"774\" data-end=\"841\">Y\u0131kanabilir, su ge\u00e7irmez, neme dayan\u0131kl\u0131, darbeye dayan\u0131kl\u0131, \u0131s\u0131ya dayan\u0131kl\u0131<\/p>\n<\/li>\n<li data-start=\"842\" data-end=\"909\">\n<p data-start=\"844\" data-end=\"909\">Kolay dikim, yerle\u015ftirme veya keseleme i\u00e7in k\u00fc\u00e7\u00fck madeni para form fakt\u00f6rleri<\/p>\n<\/li>\n<li data-start=\"910\" data-end=\"962\">\n<p data-start=\"912\" data-end=\"962\">H\u0131zl\u0131 saha tan\u0131mlamas\u0131 i\u00e7in ak\u0131ll\u0131 telefon dostu<\/p>\n<\/li>\n<\/ul>\n<p data-start=\"964\" data-end=\"1068\"><strong data-start=\"964\" data-end=\"980\">Uygulamalar<\/strong><br data-start=\"980\" data-end=\"983\" \/>Giyim, ayakkab\u0131, \u00e7anta, otel tekstili, t\u0131bbi tekstil ve \u00fcniforma kiralama i\u015flemleri.<\/p>\n<h2 data-start=\"1138\" data-end=\"1163\">Tablo (\u00d6zellikler)<\/h2>\n<div class=\"_tableContainer_1rjym_1\">\n<div class=\"group _tableWrapper_1rjym_13 flex w-fit flex-col-reverse\" tabindex=\"-1\">\n<table class=\"w-fit min-w-(--thread-content-width)\" data-start=\"1164\" data-end=\"2558\">\n<thead data-start=\"1164\" data-end=\"1278\">\n<tr data-start=\"1164\" data-end=\"1278\">\n<th data-start=\"1164\" data-end=\"1186\" data-col-size=\"sm\">Kategori<\/th>\n<th data-start=\"1186\" data-end=\"1205\" data-col-size=\"sm\">Parametre<\/th>\n<th data-start=\"1205\" data-end=\"1278\" data-col-size=\"md\">De\u011fer<\/th>\n<\/tr>\n<\/thead>\n<tbody data-start=\"1394\" data-end=\"2558\">\n<tr data-start=\"1394\" data-end=\"1508\">\n<td data-start=\"1394\" data-end=\"1416\" data-col-size=\"sm\">RF<\/td>\n<td data-col-size=\"sm\" data-start=\"1416\" data-end=\"1435\">S\u0131kl\u0131k<\/td>\n<td data-col-size=\"md\" data-start=\"1435\" data-end=\"1508\">13,56 MHz<\/td>\n<\/tr>\n<tr data-start=\"1509\" data-end=\"1623\">\n<td data-start=\"1509\" data-end=\"1531\" data-col-size=\"sm\"><\/td>\n<td data-col-size=\"sm\" data-start=\"1531\" data-end=\"1550\">Protokol<\/td>\n<td data-col-size=\"md\" data-start=\"1550\" data-end=\"1623\">ISO14443A \/ ISO15693 \/ ISO18000-6C<\/td>\n<\/tr>\n<tr data-start=\"1624\" data-end=\"1738\">\n<td data-start=\"1624\" data-end=\"1646\" data-col-size=\"sm\">IC \/ Bellek<\/td>\n<td data-col-size=\"sm\" data-start=\"1646\" data-end=\"1665\">\u00c7ip Se\u00e7enekleri<\/td>\n<td data-col-size=\"md\" data-start=\"1665\" data-end=\"1738\">NTAG213 \/ NTAG216 \/ ICODE SLIX<\/td>\n<\/tr>\n<tr data-start=\"1739\" data-end=\"1853\">\n<td data-start=\"1739\" data-end=\"1761\" data-col-size=\"sm\"><\/td>\n<td data-col-size=\"sm\" data-start=\"1761\" data-end=\"1780\">Haf\u0131za<\/td>\n<td data-col-size=\"md\" data-start=\"1780\" data-end=\"1853\">1K, 144 bayt vb. (\u00e7ipe g\u00f6re de\u011fi\u015fir)<\/td>\n<\/tr>\n<tr data-start=\"1854\" data-end=\"1968\">\n<td data-start=\"1854\" data-end=\"1876\" data-col-size=\"sm\">Fiziksel<\/td>\n<td data-col-size=\"sm\" data-start=\"1876\" data-end=\"1895\">Malzemeler<\/td>\n<td data-col-size=\"md\" data-start=\"1895\" data-end=\"1968\">PPS \/ Silikon \/ ABS \/ Yumu\u015fak plastik<\/td>\n<\/tr>\n<tr data-start=\"1969\" data-end=\"2083\">\n<td data-start=\"1969\" data-end=\"1991\" data-col-size=\"sm\"><\/td>\n<td data-col-size=\"sm\" data-start=\"1991\" data-end=\"2010\">Boyut Se\u00e7enekleri<\/td>\n<td data-col-size=\"md\" data-start=\"2010\" data-end=\"2083\">\u00d818 mm \/ \u00d820 mm \/ \u00d825 mm \/ \u00d830 mm veya \u00f6zel<\/td>\n<\/tr>\n<tr data-start=\"2084\" data-end=\"2198\">\n<td data-start=\"2084\" data-end=\"2106\" data-col-size=\"sm\">Performans<\/td>\n<td data-col-size=\"sm\" data-start=\"2106\" data-end=\"2125\">Okuma Aral\u0131\u011f\u0131<\/td>\n<td data-col-size=\"md\" data-start=\"2125\" data-end=\"2198\">2\u201310 cm (\u00e7ip ve okuyucuya ba\u011fl\u0131)<\/td>\n<\/tr>\n<tr data-start=\"2199\" data-end=\"2314\">\n<td data-start=\"2199\" data-end=\"2221\" data-col-size=\"sm\">\u00c7evre<\/td>\n<td data-col-size=\"sm\" data-start=\"2221\" data-end=\"2240\">S\u0131cakl\u0131k<\/td>\n<td data-col-size=\"md\" data-start=\"2240\" data-end=\"2314\">-25 \u2103 ila +120 \u2103<\/td>\n<\/tr>\n<tr data-start=\"2315\" data-end=\"2429\">\n<td data-start=\"2315\" data-end=\"2337\" data-col-size=\"sm\">Kullan\u0131m \u00d6rnekleri<\/td>\n<td data-col-size=\"sm\" data-start=\"2337\" data-end=\"2356\">Uygulamalar<\/td>\n<td data-col-size=\"md\" data-start=\"2356\" data-end=\"2429\">Giyim, Ayakkab\u0131, \u00c7anta, Otel Tekstili, T\u0131bbi, \u00dcniforma Kiralama sekt\u00f6r\u00fc<\/td>\n<\/tr>\n<tr data-start=\"2430\" data-end=\"2558\">\n<td data-start=\"2430\" data-end=\"2452\" data-col-size=\"sm\">\u00dcr\u00fcn \u00d6zellikleri<\/td>\n<td data-col-size=\"sm\" data-start=\"2452\" data-end=\"2471\">Nitelikler<\/td>\n<td data-col-size=\"md\" data-start=\"2471\" data-end=\"2558\">Esnek, giyilmesi\/kullan\u0131m\u0131 kolay; suya, neme, darbeye, \u0131s\u0131ya dayan\u0131kl\u0131<\/td>\n<\/tr>\n<\/tbody>\n<\/table>\n<\/div>\n<\/div>","protected":false},"excerpt":{"rendered":"<p>Yeniden yaz\u0131labilir 13.56MHz madeni para tarz\u0131 NFC PPS \u00e7ama\u015f\u0131r etiketi - y\u0131kanabilir, su ge\u00e7irmez ve end\u00fcstriyel \u00e7evrimlere dayan\u0131kl\u0131d\u0131r; h\u0131zl\u0131 tekstil takibi i\u00e7in ak\u0131ll\u0131 telefonla taranabilir.<\/p>","protected":false},"featured_media":728,"template":"","meta":{"_gspb_post_css":""},"product_brand":[],"product_cat":[17,19],"product_tag":[],"class_list":{"0":"post-726","1":"product","2":"type-product","3":"status-publish","4":"has-post-thumbnail","6":"product_cat-rfid-laundry-tags","7":"product_cat-pps-rfid-laundry-tags","9":"first","10":"instock","11":"shipping-taxable","12":"purchasable","13":"product-type-simple"},"_links":{"self":[{"href":"https:\/\/www.cxjsmartcard.com\/tr\/wp-json\/wp\/v2\/product\/726","targetHints":{"allow":["GET"]}}],"collection":[{"href":"https:\/\/www.cxjsmartcard.com\/tr\/wp-json\/wp\/v2\/product"}],"about":[{"href":"https:\/\/www.cxjsmartcard.com\/tr\/wp-json\/wp\/v2\/types\/product"}],"wp:featuredmedia":[{"embeddable":true,"href":"https:\/\/www.cxjsmartcard.com\/tr\/wp-json\/wp\/v2\/media\/728"}],"wp:attachment":[{"href":"https:\/\/www.cxjsmartcard.com\/tr\/wp-json\/wp\/v2\/media?parent=726"}],"wp:term":[{"taxonomy":"product_brand","embeddable":true,"href":"https:\/\/www.cxjsmartcard.com\/tr\/wp-json\/wp\/v2\/product_brand?post=726"},{"taxonomy":"product_cat","embeddable":true,"href":"https:\/\/www.cxjsmartcard.com\/tr\/wp-json\/wp\/v2\/product_cat?post=726"},{"taxonomy":"product_tag","embeddable":true,"href":"https:\/\/www.cxjsmartcard.com\/tr\/wp-json\/wp\/v2\/product_tag?post=726"}],"curies":[{"name":"wp","href":"https:\/\/api.w.org\/{rel}","templated":true}]}}