{"id":721,"date":"2025-11-03T06:52:46","date_gmt":"2025-11-03T06:52:46","guid":{"rendered":"https:\/\/www.cxjsmartcard.com\/?post_type=product&#038;p=721"},"modified":"2025-12-29T01:27:11","modified_gmt":"2025-12-29T01:27:11","slug":"washable-rfid-tags-for-laundry-management","status":"publish","type":"product","link":"https:\/\/www.cxjsmartcard.com\/tr\/washable-rfid-tags-for-laundry-management\/","title":{"rendered":"\u00c7ama\u015f\u0131rhane Y\u00f6netimi i\u00e7in Y\u0131kanabilir RFID Etiketleri"},"content":{"rendered":"<p data-start=\"53\" data-end=\"465\">Y\u0131kanabilir RFID etiketleri, end\u00fcstriyel ortamlarda dayan\u0131kl\u0131l\u0131k ve verimlilik i\u00e7in tasarlanm\u0131\u015f, modern \u00e7ama\u015f\u0131rhane y\u00f6netimi i\u00e7in vazge\u00e7ilmez bir ara\u00e7t\u0131r. UHF RFID teknolojisi sayesinde bu etiketler, s\u00fcre\u00e7 boyunca giysileri, \u00e7ar\u015faflar\u0131 ve \u00fcniformalar\u0131 do\u011fru bir \u015fekilde takip ederek organizasyonu iyile\u015ftirir ve kay\u0131plar\u0131 azalt\u0131r. Su ge\u00e7irmez, y\u00fcksek s\u0131cakl\u0131\u011fa dayan\u0131kl\u0131 ve y\u0131kanabilir olmalar\u0131, y\u00fcksek performansl\u0131 \u00e7ama\u015f\u0131rhane sistemleri i\u00e7in idealdir.<\/p>\n<p data-start=\"467\" data-end=\"481\"><strong data-start=\"467\" data-end=\"479\">\u00d6zellikler<\/strong><\/p>\n<ol data-start=\"482\" data-end=\"895\">\n<li data-start=\"482\" data-end=\"545\">\n<p data-start=\"485\" data-end=\"545\">Kuma\u015f yap\u0131s\u0131 (naylon), ultra dayan\u0131kl\u0131 ve su ge\u00e7irmez.<\/p>\n<\/li>\n<li data-start=\"546\" data-end=\"589\">\n<p data-start=\"549\" data-end=\"589\">ISO18000-6C protokol\u00fc; UHF 860\u2013960 MHz.<\/p>\n<\/li>\n<li data-start=\"590\" data-end=\"630\">\n<p data-start=\"593\" data-end=\"630\">EPC bellek se\u00e7enekleri: 96 veya 128 bit.<\/p>\n<\/li>\n<li data-start=\"631\" data-end=\"678\">\n<p data-start=\"634\" data-end=\"678\">Okuma mesafesi: 1\u20136 metre (cihaza ba\u011fl\u0131).<\/p>\n<\/li>\n<li data-start=\"679\" data-end=\"745\">\n<p data-start=\"682\" data-end=\"745\">\u00c7al\u0131\u015fma s\u0131cakl\u0131\u011f\u0131: -25 \u00b0C ila +110 \u00b0C; depolama: -40 \u00b0C ila +85 \u00b0C.<\/p>\n<\/li>\n<li data-start=\"746\" data-end=\"796\">\n<p data-start=\"749\" data-end=\"796\">Y\u0131kamaya dayan\u0131kl\u0131l\u0131k: 200 y\u0131kama d\u00f6ng\u00fcs\u00fc veya 3 y\u0131la kadar.<\/p>\n<\/li>\n<li data-start=\"797\" data-end=\"895\">\n<p data-start=\"800\" data-end=\"895\">S\u0131cakl\u0131k dayan\u0131m\u0131: 90 \u00b0C (15 dk); 180 \u00b0C kurutma (30 dk); 135 \u00b0C sterilizasyon (20 dk).<\/p>\n<\/li>\n<\/ol>\n<p data-start=\"897\" data-end=\"915\"><strong data-start=\"897\" data-end=\"913\">Temel Faydalar<\/strong><\/p>\n<ol data-start=\"916\" data-end=\"1377\">\n<li data-start=\"916\" data-end=\"1046\">\n<p data-start=\"919\" data-end=\"1046\"><strong data-start=\"919\" data-end=\"938\">Y\u00fcksek dayan\u0131kl\u0131l\u0131k<\/strong> \u2014 200&#039;e kadar y\u0131kama d\u00f6ng\u00fcs\u00fcne ve zorlu ko\u015fullara (bas\u0131n\u00e7, \u0131s\u0131, \u00fct\u00fcleme) dayan\u0131kl\u0131d\u0131r ve yakla\u015f\u0131k 3 y\u0131ll\u0131k bir kullan\u0131m \u00f6mr\u00fcne sahiptir.<\/p>\n<\/li>\n<li data-start=\"1047\" data-end=\"1160\">\n<p data-start=\"1050\" data-end=\"1160\"><strong data-start=\"1050\" data-end=\"1072\">Verimli izleme<\/strong> \u2014 6 m&#039;ye kadar UHF okuma aral\u0131\u011f\u0131, s\u0131ralamadan teslimata kadar h\u0131zl\u0131 ve do\u011fru izlemeyi destekler.<\/p>\n<\/li>\n<li data-start=\"1161\" data-end=\"1273\">\n<p data-start=\"1164\" data-end=\"1273\"><strong data-start=\"1164\" data-end=\"1189\">Su ge\u00e7irmez ve y\u0131kanabilir<\/strong> \u2014 Performans kayb\u0131 olmadan tekrar tekrar y\u0131kamaya, suya dald\u0131rmaya ve \u00fct\u00fclemeye uygundur.<\/p>\n<\/li>\n<li data-start=\"1274\" data-end=\"1377\">\n<p data-start=\"1277\" data-end=\"1377\"><strong data-start=\"1277\" data-end=\"1308\">Y\u00fcksek s\u0131cakl\u0131\u011fa dayan\u0131kl\u0131l\u0131k<\/strong> \u2014 End\u00fcstriyel kullan\u0131ma uygun 180 \u00b0C kurutma ve 135 \u00b0C sterilizasyona uygundur.<\/p>\n<\/li>\n<\/ol>\n<p data-start=\"1379\" data-end=\"1397\"><strong data-start=\"1379\" data-end=\"1395\">Uygulamalar<\/strong><\/p>\n<ul data-start=\"1398\" data-end=\"1723\">\n<li data-start=\"1398\" data-end=\"1475\">\n<p data-start=\"1400\" data-end=\"1475\"><strong data-start=\"1400\" data-end=\"1423\">End\u00fcstriyel \u00c7ama\u015f\u0131rhane:<\/strong> \u0130\u015f \u00fcniformalar\u0131, havlular, yatak \u00e7ar\u015faflar\u0131 b\u00fcy\u00fck \u00f6l\u00e7ekte takip edilir.<\/p>\n<\/li>\n<li data-start=\"1476\" data-end=\"1565\">\n<p data-start=\"1478\" data-end=\"1565\"><strong data-start=\"1478\" data-end=\"1493\">Sa\u011fl\u0131k hizmeti:<\/strong> Hijyen ve envanter kontrol\u00fc i\u00e7in t\u0131bbi \u00fcniforma ve \u00e7ar\u015faflar\u0131 y\u00f6netin.<\/p>\n<\/li>\n<li data-start=\"1566\" data-end=\"1645\">\n<p data-start=\"1568\" data-end=\"1645\"><strong data-start=\"1568\" data-end=\"1584\">Misafirperverlik:<\/strong> Otel \u00e7ar\u015faflar\u0131n\u0131, havlular\u0131n\u0131 ve \u00fcniformalar\u0131n\u0131 kontrol ederek kayb\u0131 azalt\u0131n.<\/p>\n<\/li>\n<li data-start=\"1646\" data-end=\"1723\">\n<p data-start=\"1648\" data-end=\"1723\"><strong data-start=\"1648\" data-end=\"1670\">Giyim Fabrikalar\u0131:<\/strong> Tekstil \u00fcr\u00fcnlerinin \u00fcretimden da\u011f\u0131t\u0131ma kadar takibini yap\u0131n.<\/p>\n<\/li>\n<\/ul>\n<p data-start=\"1725\" data-end=\"1940\"><strong data-start=\"1725\" data-end=\"1755\">RFID \u00c7ama\u015f\u0131r Etiketleri Nas\u0131l \u00c7al\u0131\u015f\u0131r?<\/strong><br data-start=\"1755\" data-end=\"1758\" \/>Her etiket ayr\u0131nt\u0131lar\u0131 (kimlik, y\u0131kama ge\u00e7mi\u015fi, sahibi) saklar. RFID okuyucular bu verileri 6 metreye kadar mesafeden yakalayarak \u00e7ama\u015f\u0131r y\u0131kama i\u015f ak\u0131\u015f\u0131n\u0131n her a\u015famas\u0131nda sorunsuz izleme sa\u011flar.<\/p>\n<p data-start=\"1942\" data-end=\"2052\"><strong data-start=\"1942\" data-end=\"1950\">SSS<\/strong><br data-start=\"1950\" data-end=\"1953\" \/><strong data-start=\"1953\" data-end=\"1986\">1) Etiketler ne kadar s\u00fcre dayan\u0131r?<\/strong><br data-start=\"1986\" data-end=\"1989\" \/>Kadar <strong data-start=\"1995\" data-end=\"2014\">200 y\u0131kama d\u00f6ng\u00fcs\u00fc<\/strong> veya <strong data-start=\"2018\" data-end=\"2029\">3 y\u0131l<\/strong>, kullan\u0131ma ba\u011fl\u0131 olarak.<\/p>\n<p data-start=\"2054\" data-end=\"2164\"><strong data-start=\"2054\" data-end=\"2101\">2) Bu etiketler y\u00fcksek s\u0131cakl\u0131klara dayanabilir mi?<\/strong><br data-start=\"2101\" data-end=\"2104\" \/>Evet-<strong data-start=\"2108\" data-end=\"2118\">180 \u00b0C<\/strong> kurutucularda ve <strong data-start=\"2133\" data-end=\"2143\">135 \u00b0C<\/strong> sterilizasyon i\u00e7in.<\/p>\n<p data-start=\"2166\" data-end=\"2264\"><strong data-start=\"2166\" data-end=\"2202\">3) \u00d6zel tasar\u0131mlar mevcut mu?<\/strong><br data-start=\"2202\" data-end=\"2205\" \/>Evet\u2014\u00f6zel markalama\/\u00f6zellikler mevcuttur (MOQ <strong data-start=\"2246\" data-end=\"2256\">50,000<\/strong> (birimler).<\/p>\n<h2 data-start=\"2266\" data-end=\"2291\">Tablo (\u00d6zellikler)<\/h2>\n<div class=\"_tableContainer_1rjym_1\">\n<div class=\"group _tableWrapper_1rjym_13 flex w-fit flex-col-reverse\" tabindex=\"-1\">\n<table class=\"w-fit min-w-(--thread-content-width)\" data-start=\"2292\" data-end=\"3747\">\n<thead data-start=\"2292\" data-end=\"2389\">\n<tr data-start=\"2292\" data-end=\"2389\">\n<th data-start=\"2292\" data-end=\"2313\" data-col-size=\"sm\">Kategori<\/th>\n<th data-start=\"2313\" data-end=\"2338\" data-col-size=\"sm\">Parametre<\/th>\n<th data-start=\"2338\" data-end=\"2389\" data-col-size=\"md\">De\u011fer<\/th>\n<\/tr>\n<\/thead>\n<tbody data-start=\"2487\" data-end=\"3747\">\n<tr data-start=\"2487\" data-end=\"2583\">\n<td data-start=\"2487\" data-end=\"2507\" data-col-size=\"sm\">Malzemeler<\/td>\n<td data-col-size=\"sm\" data-start=\"2507\" data-end=\"2533\">Kuma\u015f<\/td>\n<td data-col-size=\"md\" data-start=\"2533\" data-end=\"2583\">Naylon<\/td>\n<\/tr>\n<tr data-start=\"2584\" data-end=\"2680\">\n<td data-start=\"2584\" data-end=\"2604\" data-col-size=\"sm\">D\u0131\u015f g\u00f6r\u00fcn\u00fc\u015f<\/td>\n<td data-col-size=\"sm\" data-start=\"2604\" data-end=\"2630\">Renk<\/td>\n<td data-col-size=\"md\" data-start=\"2630\" data-end=\"2680\">Beyaz<\/td>\n<\/tr>\n<tr data-start=\"2681\" data-end=\"2777\">\n<td data-start=\"2681\" data-end=\"2701\" data-col-size=\"sm\">RF \/ Protokol<\/td>\n<td data-col-size=\"sm\" data-start=\"2701\" data-end=\"2727\">Standart<\/td>\n<td data-col-size=\"md\" data-start=\"2727\" data-end=\"2777\">ISO18000-6C<\/td>\n<\/tr>\n<tr data-start=\"2778\" data-end=\"2874\">\n<td data-start=\"2778\" data-end=\"2798\" data-col-size=\"sm\"><\/td>\n<td data-col-size=\"sm\" data-start=\"2798\" data-end=\"2824\">S\u0131kl\u0131k<\/td>\n<td data-col-size=\"md\" data-start=\"2824\" data-end=\"2874\">860\u2013960 MHz<\/td>\n<\/tr>\n<tr data-start=\"2875\" data-end=\"2971\">\n<td data-start=\"2875\" data-end=\"2895\" data-col-size=\"sm\">Haf\u0131za<\/td>\n<td data-col-size=\"sm\" data-start=\"2895\" data-end=\"2921\">EPC<\/td>\n<td data-col-size=\"md\" data-start=\"2921\" data-end=\"2971\">96 bit \/ 128 bit<\/td>\n<\/tr>\n<tr data-start=\"2972\" data-end=\"3068\">\n<td data-start=\"2972\" data-end=\"2992\" data-col-size=\"sm\">Performans<\/td>\n<td data-start=\"2992\" data-end=\"3018\" data-col-size=\"sm\">Okuma Aral\u0131\u011f\u0131<\/td>\n<td data-col-size=\"md\" data-start=\"3018\" data-end=\"3068\">1\u20136 m (cihaza ba\u011fl\u0131)<\/td>\n<\/tr>\n<tr data-start=\"3069\" data-end=\"3165\">\n<td data-start=\"3069\" data-end=\"3089\" data-col-size=\"sm\">\u00c7evre<\/td>\n<td data-col-size=\"sm\" data-start=\"3089\" data-end=\"3115\">\u00c7al\u0131\u015fma S\u0131cakl\u0131\u011f\u0131<\/td>\n<td data-col-size=\"md\" data-start=\"3115\" data-end=\"3165\">-25 \u00b0C ila +110 \u00b0C<\/td>\n<\/tr>\n<tr data-start=\"3166\" data-end=\"3262\">\n<td data-start=\"3166\" data-end=\"3186\" data-col-size=\"sm\"><\/td>\n<td data-start=\"3186\" data-end=\"3212\" data-col-size=\"sm\">Depolama S\u0131cakl\u0131\u011f\u0131<\/td>\n<td data-col-size=\"md\" data-start=\"3212\" data-end=\"3262\">-40 \u00b0C ila +85 \u00b0C<\/td>\n<\/tr>\n<tr data-start=\"3263\" data-end=\"3359\">\n<td data-start=\"3263\" data-end=\"3283\" data-col-size=\"sm\">Dayan\u0131kl\u0131l\u0131k<\/td>\n<td data-start=\"3283\" data-end=\"3309\" data-col-size=\"sm\">Y\u0131kama Direnci<\/td>\n<td data-col-size=\"md\" data-start=\"3309\" data-end=\"3359\">200 d\u00f6ng\u00fc veya ~3 y\u0131l<\/td>\n<\/tr>\n<tr data-start=\"3360\" data-end=\"3456\">\n<td data-start=\"3360\" data-end=\"3380\" data-col-size=\"sm\">Is\u0131ya Dayan\u0131kl\u0131l\u0131k<\/td>\n<td data-col-size=\"sm\" data-start=\"3380\" data-end=\"3406\">Y\u0131kama<\/td>\n<td data-col-size=\"md\" data-start=\"3406\" data-end=\"3456\">90 \u00b0C, 15 dk<\/td>\n<\/tr>\n<tr data-start=\"3457\" data-end=\"3553\">\n<td data-start=\"3457\" data-end=\"3477\" data-col-size=\"sm\"><\/td>\n<td data-col-size=\"sm\" data-start=\"3477\" data-end=\"3503\">Kurutma (kurutma makinesi)<\/td>\n<td data-col-size=\"md\" data-start=\"3503\" data-end=\"3553\">180 \u00b0C, 30 dk<\/td>\n<\/tr>\n<tr data-start=\"3554\" data-end=\"3650\">\n<td data-start=\"3554\" data-end=\"3574\" data-col-size=\"sm\"><\/td>\n<td data-col-size=\"sm\" data-start=\"3574\" data-end=\"3600\">Sterilizasyon<\/td>\n<td data-col-size=\"md\" data-start=\"3600\" data-end=\"3650\">135 \u00b0C, 20 dk<\/td>\n<\/tr>\n<tr data-start=\"3651\" data-end=\"3747\">\n<td data-start=\"3651\" data-end=\"3671\" data-col-size=\"sm\">Uygulamalar<\/td>\n<td data-col-size=\"sm\" data-start=\"3671\" data-end=\"3697\">Tipik Kullan\u0131m \u00d6rnekleri<\/td>\n<td data-col-size=\"md\" data-start=\"3697\" data-end=\"3747\">\u00c7ama\u015f\u0131rhane, Tekstil Y\u00f6netimi, \u00dcniforma Takibi<\/td>\n<\/tr>\n<\/tbody>\n<\/table>\n<\/div>\n<\/div>","protected":false},"excerpt":{"rendered":"<p>\u00c7ama\u015f\u0131rlar, \u00fcniformalar ve tekstiller i\u00e7in su ge\u00e7irmez, y\u0131kanabilir UHF RFID etiketleri; 1\u20136 m okuma aral\u0131\u011f\u0131, ISO18000-6C ve end\u00fcstriyel \u00e7ama\u015f\u0131r takibini kolayla\u015ft\u0131rmak i\u00e7in 200 y\u0131kama d\u00f6ng\u00fcs\u00fcne kadar dayan\u0131kl\u0131l\u0131k.<\/p>","protected":false},"featured_media":725,"template":"","meta":{"_gspb_post_css":""},"product_brand":[],"product_cat":[17,18],"product_tag":[],"class_list":{"0":"post-721","1":"product","2":"type-product","3":"status-publish","4":"has-post-thumbnail","6":"product_cat-rfid-laundry-tags","7":"product_cat-textile-rfid-laundry-tags","9":"first","10":"instock","11":"shipping-taxable","12":"purchasable","13":"product-type-simple"},"_links":{"self":[{"href":"https:\/\/www.cxjsmartcard.com\/tr\/wp-json\/wp\/v2\/product\/721","targetHints":{"allow":["GET"]}}],"collection":[{"href":"https:\/\/www.cxjsmartcard.com\/tr\/wp-json\/wp\/v2\/product"}],"about":[{"href":"https:\/\/www.cxjsmartcard.com\/tr\/wp-json\/wp\/v2\/types\/product"}],"wp:featuredmedia":[{"embeddable":true,"href":"https:\/\/www.cxjsmartcard.com\/tr\/wp-json\/wp\/v2\/media\/725"}],"wp:attachment":[{"href":"https:\/\/www.cxjsmartcard.com\/tr\/wp-json\/wp\/v2\/media?parent=721"}],"wp:term":[{"taxonomy":"product_brand","embeddable":true,"href":"https:\/\/www.cxjsmartcard.com\/tr\/wp-json\/wp\/v2\/product_brand?post=721"},{"taxonomy":"product_cat","embeddable":true,"href":"https:\/\/www.cxjsmartcard.com\/tr\/wp-json\/wp\/v2\/product_cat?post=721"},{"taxonomy":"product_tag","embeddable":true,"href":"https:\/\/www.cxjsmartcard.com\/tr\/wp-json\/wp\/v2\/product_tag?post=721"}],"curies":[{"name":"wp","href":"https:\/\/api.w.org\/{rel}","templated":true}]}}