{"id":716,"date":"2025-11-03T06:51:02","date_gmt":"2025-11-03T06:51:02","guid":{"rendered":"https:\/\/www.cxjsmartcard.com\/?post_type=product&#038;p=716"},"modified":"2025-12-29T01:27:11","modified_gmt":"2025-12-29T01:27:11","slug":"sew-textile-washable-uhf-rfid-laundry-tag-with-metal-hole","status":"publish","type":"product","link":"https:\/\/www.cxjsmartcard.com\/tr\/sew-textile-washable-uhf-rfid-laundry-tag-with-metal-hole\/","title":{"rendered":"Sew Textile Y\u0131kanabilir UHF RFID \u00c7ama\u015f\u0131r Etiketi Metal Delikli"},"content":{"rendered":"<p data-start=\"69\" data-end=\"507\">Y\u0131kanabilir tekstil UHF RFID \u00e7ama\u015f\u0131r etiketleri, 200&#039;den fazla y\u0131kama d\u00f6ng\u00fcs\u00fcne dayanacak kadar dayan\u0131kl\u0131d\u0131r. Genellikle s\u00fcrekli temizlenmi\u015f \u00e7ar\u015faf, \u00fcniforma, i\u015f k\u0131yafeti, t\u0131bbi giysi, kost\u00fcm ve kiral\u0131k \u00fcr\u00fcn ak\u0131\u015f\u0131na ihtiya\u00e7 duyan i\u015fletmelerde kullan\u0131l\u0131rlar. UHF RFID \u00e7ama\u015f\u0131r etiketlerimiz, birka\u00e7 metrelik mesafelerden toplu olarak okunabilir ve otomatik sistemlerin \u00e7ok say\u0131da tekil \u00fcr\u00fcn\u00fc daha h\u0131zl\u0131 ve daha do\u011fru bir \u015fekilde takip etmesine yard\u0131mc\u0131 olur.<\/p>\n<p data-start=\"509\" data-end=\"558\"><strong data-start=\"509\" data-end=\"556\">Y\u0131kanabilir RFID Keten Etiketi (\u0130\u015flem Dayan\u0131kl\u0131l\u0131\u011f\u0131)<\/strong><\/p>\n<ul data-start=\"559\" data-end=\"797\">\n<li data-start=\"559\" data-end=\"605\">\n<p data-start=\"561\" data-end=\"605\">Y\u0131kama: 90 \u2103, 15 dakika, 200&#039;den fazla d\u00f6ng\u00fc<\/p>\n<\/li>\n<li data-start=\"606\" data-end=\"647\">\n<p data-start=\"608\" data-end=\"647\">Bas\u0131n\u00e7: 60 bar atmosfer bas\u0131nc\u0131<\/p>\n<\/li>\n<li data-start=\"648\" data-end=\"694\">\n<p data-start=\"650\" data-end=\"694\">\u00dct\u00fc: 190 \u2103, 12 saniye, 200&#039;den fazla d\u00f6ng\u00fc<\/p>\n<\/li>\n<li data-start=\"695\" data-end=\"745\">\n<p data-start=\"697\" data-end=\"745\">\u00d6n kurutma: 180 \u2103, 20 dakika, 200&#039;den fazla d\u00f6ng\u00fc<\/p>\n<\/li>\n<li data-start=\"746\" data-end=\"797\">\n<p data-start=\"748\" data-end=\"797\">Sterilizasyon: 135 \u2103, 20 dakika, 200&#039;den fazla d\u00f6ng\u00fc<\/p>\n<\/li>\n<\/ul>\n<p data-start=\"799\" data-end=\"932\"><strong data-start=\"799\" data-end=\"812\">Kullan\u0131m \u00d6rnekleri<\/strong><br data-start=\"812\" data-end=\"815\" \/>Otel \u00e7ar\u015faflar\u0131, kiral\u0131k giysiler ve t\u0131bbi giyim takibi i\u00e7in dikilebilir tekstil y\u0131kanabilir su ge\u00e7irmez UHF RFID \u00e7ama\u015f\u0131r etiketi.<\/p>\n<p data-start=\"934\" data-end=\"956\"><strong data-start=\"934\" data-end=\"954\">RFID Performans\u0131<\/strong><\/p>\n<ul data-start=\"957\" data-end=\"1368\">\n<li data-start=\"957\" data-end=\"1014\">\n<p data-start=\"959\" data-end=\"1014\">Protokol: EPC Global UHF S\u0131n\u0131f 1 Gen 2 \/ ISO 18000-6C<\/p>\n<\/li>\n<li data-start=\"1015\" data-end=\"1049\">\n<p data-start=\"1017\" data-end=\"1049\">\u00c7al\u0131\u015fma frekans\u0131: 860\u2013960 MHz<\/p>\n<\/li>\n<li data-start=\"1050\" data-end=\"1071\">\n<p data-start=\"1052\" data-end=\"1071\">\u00c7ip: NXP UCODE 9<\/p>\n<\/li>\n<li data-start=\"1072\" data-end=\"1124\">\n<p data-start=\"1074\" data-end=\"1124\">Okuma-yazma performans\u0131: R\/W (100.000&#039;den fazla kez)<\/p>\n<\/li>\n<li data-start=\"1125\" data-end=\"1151\">\n<p data-start=\"1127\" data-end=\"1151\">Veri depolama: 20 y\u0131l<\/p>\n<\/li>\n<li data-start=\"1152\" data-end=\"1206\">\n<p data-start=\"1154\" data-end=\"1206\">Garanti: 2 y\u0131l veya 200&#039;den fazla y\u0131kama d\u00f6ng\u00fcs\u00fcne dayan\u0131r<\/p>\n<\/li>\n<li data-start=\"1207\" data-end=\"1252\">\n<p data-start=\"1209\" data-end=\"1252\">Anten polarizasyonu: Do\u011frusal polarizasyon<\/p>\n<\/li>\n<li data-start=\"1253\" data-end=\"1368\">\n<p data-start=\"1255\" data-end=\"1299\">Okuma mesafesi (saha testine g\u00f6re):<\/p>\n<ul data-start=\"1302\" data-end=\"1368\">\n<li data-start=\"1302\" data-end=\"1338\">\n<p data-start=\"1304\" data-end=\"1338\">Sabit okuyucu (2 W ERP): 6 m&#039;den fazla<\/p>\n<\/li>\n<li data-start=\"1341\" data-end=\"1368\">\n<p data-start=\"1343\" data-end=\"1368\">El tipi okuyucu: 3 metreden fazla<\/p>\n<\/li>\n<\/ul>\n<\/li>\n<\/ul>\n<p data-start=\"1370\" data-end=\"1396\"><strong data-start=\"1370\" data-end=\"1394\">Fiziksel Performans<\/strong><\/p>\n<ul data-start=\"1397\" data-end=\"2362\">\n<li data-start=\"1397\" data-end=\"1423\">\n<p data-start=\"1399\" data-end=\"1423\">Ana malzeme: Tekstil<\/p>\n<\/li>\n<li data-start=\"1424\" data-end=\"1532\">\n<p data-start=\"1426\" data-end=\"1441\">Beden se\u00e7enekleri:<\/p>\n<ul data-start=\"1444\" data-end=\"1532\">\n<li data-start=\"1444\" data-end=\"1481\">\n<p data-start=\"1446\" data-end=\"1481\">S: 35\u00d715 mm \/ 36\u00d718 mm \/ 55\u00d712 mm<\/p>\n<\/li>\n<li data-start=\"1484\" data-end=\"1532\">\n<p data-start=\"1486\" data-end=\"1532\">Boyutlar: 58\u00d715 mm \/ 70\u00d710 mm \/ 70\u00d718 mm \/ 70\u00d715 mm<\/p>\n<\/li>\n<\/ul>\n<\/li>\n<li data-start=\"1533\" data-end=\"1575\">\n<p data-start=\"1535\" data-end=\"1575\">\u00c7al\u0131\u015fma s\u0131cakl\u0131\u011f\u0131: -25 \u2103 ila +110 \u2103<\/p>\n<\/li>\n<li data-start=\"1576\" data-end=\"1616\">\n<p data-start=\"1578\" data-end=\"1616\">Depolama s\u0131cakl\u0131\u011f\u0131: -40 \u2103 ila +110 \u2103<\/p>\n<\/li>\n<li data-start=\"1617\" data-end=\"1645\">\n<p data-start=\"1619\" data-end=\"1645\">Depolama nemi: 5%\u201395%<\/p>\n<\/li>\n<li data-start=\"1646\" data-end=\"1876\">\n<p data-start=\"1648\" data-end=\"1695\">K\u0131sa s\u00fcreli \u0131s\u0131 direnci (her 200 \u00e7evrimde bir):<\/p>\n<ul data-start=\"1698\" data-end=\"1876\">\n<li data-start=\"1698\" data-end=\"1731\">\n<p data-start=\"1700\" data-end=\"1731\">Y\u0131kama: 90 \u2103 (194 \u2109), 15 dk<\/p>\n<\/li>\n<li data-start=\"1734\" data-end=\"1766\">\n<p data-start=\"1736\" data-end=\"1766\">\u00dct\u00fcleme: 190 \u2103 (356 \u2109), 10 sn<\/p>\n<\/li>\n<li data-start=\"1769\" data-end=\"1816\">\n<p data-start=\"1771\" data-end=\"1816\">D\u00f6n\u00fc\u015ft\u00fcr\u00fcc\u00fc \u00f6n kurutma: 180 \u2103 (320 \u2109), 30 dk<\/p>\n<\/li>\n<li data-start=\"1819\" data-end=\"1876\">\n<p data-start=\"1821\" data-end=\"1876\">Y\u00fcksek s\u0131cakl\u0131kta sterilizasyon: 135 \u2103 (275 \u2109), 20 dk<\/p>\n<\/li>\n<\/ul>\n<\/li>\n<li data-start=\"1877\" data-end=\"1909\">\n<p data-start=\"1879\" data-end=\"1909\">Bas\u0131n\u00e7: 60 bar atmosferik<\/p>\n<\/li>\n<li data-start=\"1910\" data-end=\"2035\">\n<p data-start=\"1912\" data-end=\"1935\">Kurulum y\u00f6ntemleri:<\/p>\n<ol data-start=\"1938\" data-end=\"2035\">\n<li data-start=\"1938\" data-end=\"1971\">\n<p data-start=\"1941\" data-end=\"1971\">Dikmek veya bir keseye koymak<\/p>\n<\/li>\n<li data-start=\"1974\" data-end=\"2035\">\n<p data-start=\"1977\" data-end=\"2035\">0,6\u20130,8 MPa bas\u0131n\u00e7la 18 saniye boyunca 215 \u2103&#039;de s\u0131cak \u00fct\u00fcleme<\/p>\n<\/li>\n<\/ol>\n<\/li>\n<li data-start=\"2036\" data-end=\"2129\">\n<p data-start=\"2038\" data-end=\"2129\">Kimyasal diren\u00e7: Normal end\u00fcstriyel \u00e7ama\u015f\u0131r y\u0131kama i\u015flemlerinde kullan\u0131lan t\u00fcm kimyasallara dayan\u0131kl\u0131d\u0131r<\/p>\n<\/li>\n<li data-start=\"2130\" data-end=\"2213\">\n<p data-start=\"2132\" data-end=\"2213\">Ge\u00e7ilen testler: RoHS, MRI, SVHC, GB18401, EECC, OEKO-TEX\u00ae Standard 100 (S\u0131n\u0131f II)<\/p>\n<\/li>\n<li data-start=\"2214\" data-end=\"2362\">\n<p data-start=\"2216\" data-end=\"2241\">Ki\u015fiye \u00f6zel hizmet:<\/p>\n<ul data-start=\"2244\" data-end=\"2362\">\n<li data-start=\"2244\" data-end=\"2275\">\n<p data-start=\"2246\" data-end=\"2275\">\u00d6nceden programlanm\u0131\u015f EPC \/ EPC Kimli\u011fi<\/p>\n<\/li>\n<li data-start=\"2278\" data-end=\"2338\">\n<p data-start=\"2280\" data-end=\"2338\">Bask\u0131: logo, lazer TID\/seri numaras\u0131, harfler, rakamlar<\/p>\n<\/li>\n<li data-start=\"2341\" data-end=\"2362\">\n<p data-start=\"2343\" data-end=\"2362\">\u00d6n \u015fifreleme se\u00e7enekleri<\/p>\n<\/li>\n<\/ul>\n<\/li>\n<\/ul>\n<h2 data-start=\"2364\" data-end=\"2389\">Tablo (\u00d6zellikler)<\/h2>\n<div class=\"_tableContainer_1rjym_1\">\n<div class=\"group _tableWrapper_1rjym_13 flex w-fit flex-col-reverse\" tabindex=\"-1\">\n<table class=\"w-fit min-w-(--thread-content-width)\" data-start=\"2391\" data-end=\"6638\">\n<thead data-start=\"2391\" data-end=\"2541\">\n<tr data-start=\"2391\" data-end=\"2541\">\n<th data-start=\"2391\" data-end=\"2415\" data-col-size=\"sm\">Kategori<\/th>\n<th data-start=\"2415\" data-end=\"2451\" data-col-size=\"sm\">Parametre<\/th>\n<th data-start=\"2451\" data-end=\"2541\" data-col-size=\"md\">De\u011fer<\/th>\n<\/tr>\n<\/thead>\n<tbody data-start=\"2692\" data-end=\"6638\">\n<tr data-start=\"2692\" data-end=\"2842\">\n<td data-start=\"2692\" data-end=\"2715\" data-col-size=\"sm\">\u00dcr\u00fcn<\/td>\n<td data-col-size=\"sm\" data-start=\"2715\" data-end=\"2752\">\u0130sim<\/td>\n<td data-col-size=\"md\" data-start=\"2752\" data-end=\"2842\">Sew Textile Y\u0131kanabilir UHF RFID \u00c7ama\u015f\u0131r Etiketi Metal Delikli<\/td>\n<\/tr>\n<tr data-start=\"2843\" data-end=\"2993\">\n<td data-start=\"2843\" data-end=\"2866\" data-col-size=\"sm\">Kullan\u0131m \u00d6rnekleri<\/td>\n<td data-col-size=\"sm\" data-start=\"2866\" data-end=\"2903\">Tipik uygulamalar<\/td>\n<td data-col-size=\"md\" data-start=\"2903\" data-end=\"2993\">Otel \u00e7ar\u015faflar\u0131, kiral\u0131k giysiler, t\u0131bbi giysiler, \u00fcniformalar, i\u015f k\u0131yafetleri, kost\u00fcmler<\/td>\n<\/tr>\n<tr data-start=\"2994\" data-end=\"3144\">\n<td data-start=\"2994\" data-end=\"3017\" data-col-size=\"sm\">RFID Performans\u0131<\/td>\n<td data-start=\"3017\" data-end=\"3054\" data-col-size=\"sm\">Protokol<\/td>\n<td data-col-size=\"md\" data-start=\"3054\" data-end=\"3144\">EPC Global UHF S\u0131n\u0131f 1 Gen 2 \/ ISO 18000-6C<\/td>\n<\/tr>\n<tr data-start=\"3145\" data-end=\"3296\">\n<td data-start=\"3145\" data-end=\"3168\" data-col-size=\"sm\"><\/td>\n<td data-col-size=\"sm\" data-start=\"3168\" data-end=\"3205\">\u00c7al\u0131\u015fma frekans\u0131<\/td>\n<td data-col-size=\"md\" data-start=\"3205\" data-end=\"3296\">860\u2013960 MHz<\/td>\n<\/tr>\n<tr data-start=\"3297\" data-end=\"3448\">\n<td data-start=\"3297\" data-end=\"3320\" data-col-size=\"sm\"><\/td>\n<td data-col-size=\"sm\" data-start=\"3320\" data-end=\"3357\">\u00c7ip<\/td>\n<td data-col-size=\"md\" data-start=\"3357\" data-end=\"3448\">NXP UCODE 9<\/td>\n<\/tr>\n<tr data-start=\"3449\" data-end=\"3600\">\n<td data-start=\"3449\" data-end=\"3472\" data-col-size=\"sm\"><\/td>\n<td data-start=\"3472\" data-end=\"3509\" data-col-size=\"sm\">R\/W dayan\u0131kl\u0131l\u0131\u011f\u0131<\/td>\n<td data-col-size=\"md\" data-start=\"3509\" data-end=\"3600\">100.000&#039;den fazla kez<\/td>\n<\/tr>\n<tr data-start=\"3601\" data-end=\"3752\">\n<td data-start=\"3601\" data-end=\"3624\" data-col-size=\"sm\"><\/td>\n<td data-start=\"3624\" data-end=\"3661\" data-col-size=\"sm\">Veri saklama<\/td>\n<td data-col-size=\"md\" data-start=\"3661\" data-end=\"3752\">20 y\u0131l<\/td>\n<\/tr>\n<tr data-start=\"3753\" data-end=\"3905\">\n<td data-start=\"3753\" data-end=\"3776\" data-col-size=\"sm\"><\/td>\n<td data-start=\"3776\" data-end=\"3814\" data-col-size=\"sm\">Garanti<\/td>\n<td data-col-size=\"md\" data-start=\"3814\" data-end=\"3905\">2 y\u0131l veya \u2265200 y\u0131kama d\u00f6ng\u00fcs\u00fc<\/td>\n<\/tr>\n<tr data-start=\"3906\" data-end=\"4057\">\n<td data-start=\"3906\" data-end=\"3929\" data-col-size=\"sm\"><\/td>\n<td data-start=\"3929\" data-end=\"3966\" data-col-size=\"sm\">Anten polarizasyonu<\/td>\n<td data-start=\"3966\" data-end=\"4057\" data-col-size=\"md\">Do\u011frusal<\/td>\n<\/tr>\n<tr data-start=\"4058\" data-end=\"4209\">\n<td data-start=\"4058\" data-end=\"4081\" data-col-size=\"sm\"><\/td>\n<td data-col-size=\"sm\" data-start=\"4081\" data-end=\"4118\">Okuma mesafesi (sabit, 2 W ERP)<\/td>\n<td data-col-size=\"md\" data-start=\"4118\" data-end=\"4209\">&gt;6 metre<\/td>\n<\/tr>\n<tr data-start=\"4210\" data-end=\"4361\">\n<td data-start=\"4210\" data-end=\"4233\" data-col-size=\"sm\"><\/td>\n<td data-col-size=\"sm\" data-start=\"4233\" data-end=\"4270\">Okuma mesafesi (el tipi)<\/td>\n<td data-col-size=\"md\" data-start=\"4270\" data-end=\"4361\">&gt;3 metre<\/td>\n<\/tr>\n<tr data-start=\"4362\" data-end=\"4513\">\n<td data-start=\"4362\" data-end=\"4385\" data-col-size=\"sm\">Fiziksel<\/td>\n<td data-col-size=\"sm\" data-start=\"4385\" data-end=\"4422\">Ana malzeme<\/td>\n<td data-col-size=\"md\" data-start=\"4422\" data-end=\"4513\">Tekstil<\/td>\n<\/tr>\n<tr data-start=\"4514\" data-end=\"4665\">\n<td data-start=\"4514\" data-end=\"4537\" data-col-size=\"sm\"><\/td>\n<td data-col-size=\"sm\" data-start=\"4537\" data-end=\"4574\">Bedenler (S)<\/td>\n<td data-col-size=\"md\" data-start=\"4574\" data-end=\"4665\">35\u00d715 mm; 36\u00d718 mm; 55\u00d712 mm<\/td>\n<\/tr>\n<tr data-start=\"4666\" data-end=\"4817\">\n<td data-start=\"4666\" data-end=\"4689\" data-col-size=\"sm\"><\/td>\n<td data-start=\"4689\" data-end=\"4726\" data-col-size=\"sm\">Bedenler (M)<\/td>\n<td data-col-size=\"md\" data-start=\"4726\" data-end=\"4817\">58\u00d715 mm; 70\u00d710 mm; 70\u00d718 mm; 70\u00d715 mm<\/td>\n<\/tr>\n<tr data-start=\"4818\" data-end=\"4969\">\n<td data-start=\"4818\" data-end=\"4841\" data-col-size=\"sm\">\u00c7evre<\/td>\n<td data-col-size=\"sm\" data-start=\"4841\" data-end=\"4878\">\u00c7al\u0131\u015fma s\u0131cakl\u0131\u011f\u0131<\/td>\n<td data-col-size=\"md\" data-start=\"4878\" data-end=\"4969\">-25 \u2103 ila +110 \u2103<\/td>\n<\/tr>\n<tr data-start=\"4970\" data-end=\"5121\">\n<td data-start=\"4970\" data-end=\"4993\" data-col-size=\"sm\"><\/td>\n<td data-start=\"4993\" data-end=\"5030\" data-col-size=\"sm\">Depolama s\u0131cakl\u0131\u011f\u0131<\/td>\n<td data-col-size=\"md\" data-start=\"5030\" data-end=\"5121\">-40 \u2103 ila +110 \u2103<\/td>\n<\/tr>\n<tr data-start=\"5122\" data-end=\"5272\">\n<td data-start=\"5122\" data-end=\"5145\" data-col-size=\"sm\"><\/td>\n<td data-col-size=\"sm\" data-start=\"5145\" data-end=\"5182\">Depolama nemi<\/td>\n<td data-col-size=\"md\" data-start=\"5182\" data-end=\"5272\">5%\u201395%<\/td>\n<\/tr>\n<tr data-start=\"5273\" data-end=\"5424\">\n<td data-start=\"5273\" data-end=\"5296\" data-col-size=\"sm\">S\u00fcre\u00e7 Dayan\u0131kl\u0131l\u0131\u011f\u0131<\/td>\n<td data-col-size=\"sm\" data-start=\"5296\" data-end=\"5333\">Y\u0131kama<\/td>\n<td data-col-size=\"md\" data-start=\"5333\" data-end=\"5424\">90 \u2103, 15 dk, 200 d\u00f6ng\u00fc<\/td>\n<\/tr>\n<tr data-start=\"5425\" data-end=\"5576\">\n<td data-start=\"5425\" data-end=\"5448\" data-col-size=\"sm\"><\/td>\n<td data-col-size=\"sm\" data-start=\"5448\" data-end=\"5485\">\u00dct\u00fcleme<\/td>\n<td data-col-size=\"md\" data-start=\"5485\" data-end=\"5576\">190 \u2103, 10\u201312 s, 200 d\u00f6ng\u00fc<\/td>\n<\/tr>\n<tr data-start=\"5577\" data-end=\"5728\">\n<td data-start=\"5577\" data-end=\"5600\" data-col-size=\"sm\"><\/td>\n<td data-col-size=\"sm\" data-start=\"5600\" data-end=\"5637\">\u00d6n kurutma<\/td>\n<td data-col-size=\"md\" data-start=\"5637\" data-end=\"5728\">180 \u2103, 20\u201330 dk, 200 d\u00f6ng\u00fc<\/td>\n<\/tr>\n<tr data-start=\"5729\" data-end=\"5880\">\n<td data-start=\"5729\" data-end=\"5752\" data-col-size=\"sm\"><\/td>\n<td data-col-size=\"sm\" data-start=\"5752\" data-end=\"5789\">Sterilizasyon<\/td>\n<td data-col-size=\"md\" data-start=\"5789\" data-end=\"5880\">135 \u2103, 20 dk, 200 d\u00f6ng\u00fc<\/td>\n<\/tr>\n<tr data-start=\"5881\" data-end=\"6032\">\n<td data-start=\"5881\" data-end=\"5904\" data-col-size=\"sm\"><\/td>\n<td data-col-size=\"sm\" data-start=\"5904\" data-end=\"5941\">Bas\u0131n\u00e7<\/td>\n<td data-col-size=\"md\" data-start=\"5941\" data-end=\"6032\">60 bar atmosferik<\/td>\n<\/tr>\n<tr data-start=\"6033\" data-end=\"6184\">\n<td data-start=\"6033\" data-end=\"6056\" data-col-size=\"sm\">Kurulum<\/td>\n<td data-col-size=\"sm\" data-start=\"6056\" data-end=\"6093\">Y\u00f6ntemler<\/td>\n<td data-col-size=\"md\" data-start=\"6093\" data-end=\"6184\">Diki\u015f\/kese yerle\u015ftirme; veya 215 \u2103 \u00d7 18 s @ 0,6\u20130,8 MPa&#039;da \u0131s\u0131 \u00fct\u00fcleme<\/td>\n<\/tr>\n<tr data-start=\"6185\" data-end=\"6336\">\n<td data-start=\"6185\" data-end=\"6208\" data-col-size=\"sm\">Kimyasallar<\/td>\n<td data-col-size=\"sm\" data-start=\"6208\" data-end=\"6245\">Rezistans<\/td>\n<td data-col-size=\"md\" data-start=\"6245\" data-end=\"6336\">Normal end\u00fcstriyel \u00e7ama\u015f\u0131r y\u0131kama i\u015flemlerinde kullan\u0131lan kimyasallara dayan\u0131kl\u0131d\u0131r<\/td>\n<\/tr>\n<tr data-start=\"6337\" data-end=\"6487\">\n<td data-start=\"6337\" data-end=\"6360\" data-col-size=\"sm\">Uyumluluk ve Testler<\/td>\n<td data-col-size=\"sm\" data-start=\"6360\" data-end=\"6397\">Standartlar ge\u00e7ildi<\/td>\n<td data-col-size=\"md\" data-start=\"6397\" data-end=\"6487\">RoHS, MRI, SVHC, GB18401, EECC, OEKO-TEX\u00ae Standart 100 (S\u0131n\u0131f II)<\/td>\n<\/tr>\n<tr data-start=\"6488\" data-end=\"6638\">\n<td data-start=\"6488\" data-end=\"6511\" data-col-size=\"sm\">Ki\u015fiselle\u015ftirme<\/td>\n<td data-col-size=\"sm\" data-start=\"6511\" data-end=\"6548\">Se\u00e7enekler<\/td>\n<td data-col-size=\"md\" data-start=\"6548\" data-end=\"6638\">\u00d6nceden programlanm\u0131\u015f EPC\/EPC Kimli\u011fi; bask\u0131 (logo, lazer TID\/seri), harfler\/rakamlar; \u00f6nceden \u015fifreleme<\/td>\n<\/tr>\n<\/tbody>\n<\/table>\n<\/div>\n<\/div>","protected":false},"excerpt":{"rendered":"<p>Metal delikli, dikilebilir, y\u0131kanabilir UHF RFID tekstil etiketi - 200&#039;den fazla y\u0131kama d\u00f6ng\u00fcs\u00fcne dayan\u0131kl\u0131, &gt;6 m&#039;yi (sabit) okur, 60 bara dayan\u0131kl\u0131d\u0131r ve diki\u015f veya 215 \u2103 \u0131s\u0131yla yap\u0131\u015ft\u0131rma kurulumunu destekler.<\/p>","protected":false},"featured_media":717,"template":"","meta":{"_gspb_post_css":""},"product_brand":[],"product_cat":[18,17],"product_tag":[],"class_list":{"0":"post-716","1":"product","2":"type-product","3":"status-publish","4":"has-post-thumbnail","6":"product_cat-textile-rfid-laundry-tags","7":"product_cat-rfid-laundry-tags","9":"first","10":"instock","11":"shipping-taxable","12":"purchasable","13":"product-type-simple"},"_links":{"self":[{"href":"https:\/\/www.cxjsmartcard.com\/tr\/wp-json\/wp\/v2\/product\/716","targetHints":{"allow":["GET"]}}],"collection":[{"href":"https:\/\/www.cxjsmartcard.com\/tr\/wp-json\/wp\/v2\/product"}],"about":[{"href":"https:\/\/www.cxjsmartcard.com\/tr\/wp-json\/wp\/v2\/types\/product"}],"wp:featuredmedia":[{"embeddable":true,"href":"https:\/\/www.cxjsmartcard.com\/tr\/wp-json\/wp\/v2\/media\/717"}],"wp:attachment":[{"href":"https:\/\/www.cxjsmartcard.com\/tr\/wp-json\/wp\/v2\/media?parent=716"}],"wp:term":[{"taxonomy":"product_brand","embeddable":true,"href":"https:\/\/www.cxjsmartcard.com\/tr\/wp-json\/wp\/v2\/product_brand?post=716"},{"taxonomy":"product_cat","embeddable":true,"href":"https:\/\/www.cxjsmartcard.com\/tr\/wp-json\/wp\/v2\/product_cat?post=716"},{"taxonomy":"product_tag","embeddable":true,"href":"https:\/\/www.cxjsmartcard.com\/tr\/wp-json\/wp\/v2\/product_tag?post=716"}],"curies":[{"name":"wp","href":"https:\/\/api.w.org\/{rel}","templated":true}]}}