{"id":711,"date":"2025-11-03T06:48:32","date_gmt":"2025-11-03T06:48:32","guid":{"rendered":"https:\/\/www.cxjsmartcard.com\/?post_type=product&#038;p=711"},"modified":"2025-12-29T01:27:11","modified_gmt":"2025-12-29T01:27:11","slug":"washable-uhf-laundry-label-for-fabric-tracking","status":"publish","type":"product","link":"https:\/\/www.cxjsmartcard.com\/tr\/washable-uhf-laundry-label-for-fabric-tracking\/","title":{"rendered":"Kuma\u015f Takibi i\u00e7in Y\u0131kanabilir UHF \u00c7ama\u015f\u0131r Etiketi"},"content":{"rendered":"<p data-start=\"58\" data-end=\"322\">RFID UHF \u00c7ama\u015f\u0131r Etiketi, y\u0131kama, kurutma, kuru temizleme ve \u00fct\u00fcleme i\u015flemlerine dayan\u0131kl\u0131 yap\u0131s\u0131yla otel ve kurumsal \u00e7ama\u015f\u0131rhane s\u00fcre\u00e7lerine dayanacak \u015fekilde tasarlanm\u0131\u015ft\u0131r. Profesyonel \u00fcniformalar, kost\u00fcmler ve paspas ve havlu gibi kiral\u0131k e\u015fyalar\u0131n y\u00f6netimi i\u00e7in idealdir.<\/p>\n<p data-start=\"324\" data-end=\"338\"><strong data-start=\"324\" data-end=\"336\">\u00d6zellikler<\/strong><\/p>\n<ol data-start=\"339\" data-end=\"666\">\n<li data-start=\"339\" data-end=\"400\">\n<p data-start=\"342\" data-end=\"400\">Ultra ince, esnek, yumu\u015fak - tamamen kuma\u015ftan \u00fcretilmi\u015ftir.<\/p>\n<\/li>\n<li data-start=\"401\" data-end=\"465\">\n<p data-start=\"404\" data-end=\"465\">Do\u011frusal polarizasyon ile 10 m&#039;ye kadar okuma mesafesi (metalden uzakta).<\/p>\n<\/li>\n<li data-start=\"466\" data-end=\"521\">\n<p data-start=\"469\" data-end=\"521\">Impinj R6-P IC, EPC Gen2 \/ ISO 18000-6C uyumlu.<\/p>\n<\/li>\n<li data-start=\"522\" data-end=\"568\">\n<p data-start=\"525\" data-end=\"568\">Havada optimize edilmi\u015ftir; 50 y\u0131l veri saklama s\u00fcresi.<\/p>\n<\/li>\n<li data-start=\"569\" data-end=\"623\">\n<p data-start=\"572\" data-end=\"623\">IP68 koruma s\u0131n\u0131f\u0131; 60 bar mekanik gerilime dayan\u0131kl\u0131d\u0131r.<\/p>\n<\/li>\n<li data-start=\"624\" data-end=\"666\">\n<p data-start=\"627\" data-end=\"666\">Is\u0131l yap\u0131\u015ft\u0131rma veya dikme se\u00e7enekleri.<\/p>\n<\/li>\n<\/ol>\n<p data-start=\"668\" data-end=\"686\"><strong data-start=\"668\" data-end=\"684\">Uygulamalar<\/strong><\/p>\n<ol data-start=\"687\" data-end=\"808\">\n<li data-start=\"687\" data-end=\"740\">\n<p data-start=\"690\" data-end=\"740\">Y\u0131kamaya, kuru temizlemeye ve \u00fct\u00fclemeye uygundur.<\/p>\n<\/li>\n<li data-start=\"741\" data-end=\"808\">\n<p data-start=\"744\" data-end=\"808\">Otel \u00e7ar\u015faflar\u0131, \u00fcniformalar\u0131, \u00f6nl\u00fckleri vb. i\u00e7in takip ve y\u00f6netim.<\/p>\n<\/li>\n<\/ol>\n<p data-start=\"810\" data-end=\"966\"><strong data-start=\"810\" data-end=\"842\">RFID \u00c7ama\u015f\u0131r Etiketleri Hakk\u0131nda SSS<\/strong><br data-start=\"842\" data-end=\"845\" \/><strong data-start=\"845\" data-end=\"851\">Q:<\/strong> Bu etiketler t\u00fcm RFID okuyucularla uyumlu mudur?<br data-start=\"900\" data-end=\"903\" \/><strong data-start=\"903\" data-end=\"909\">A:<\/strong> Evet\u2014ISO\/IEC 18000-6C&#039;yi (EPC Gen2) destekleyen herhangi bir okuyucu.<\/p>\n<p data-start=\"968\" data-end=\"1096\"><strong data-start=\"968\" data-end=\"974\">Q:<\/strong> Etiketler her t\u00fcrl\u00fc kuma\u015fa dikilebilir mi?<br data-start=\"1012\" data-end=\"1015\" \/><strong data-start=\"1015\" data-end=\"1021\">A:<\/strong> Kesinlikle. Giysiler ve tekstil \u00fcr\u00fcnleri i\u00e7in tasarlanm\u0131\u015ft\u0131r: \u00fcniformalar, \u00e7ar\u015faflar, ameliyat \u00f6nl\u00fckleri.<\/p>\n<p data-start=\"1098\" data-end=\"1202\"><strong data-start=\"1098\" data-end=\"1104\">Q:<\/strong> Numune veriyor musunuz?<br data-start=\"1128\" data-end=\"1131\" \/><strong data-start=\"1131\" data-end=\"1137\">A:<\/strong> Evet. RFID \u00e7\u00f6z\u00fcm ihtiya\u00e7lar\u0131n\u0131z\u0131 bize bildirin, numuneleri haz\u0131rlayal\u0131m.<\/p>\n<h2 data-start=\"1278\" data-end=\"1303\">Tablo (\u00d6zellikler)<\/h2>\n<div class=\"_tableContainer_1rjym_1\">\n<div class=\"group _tableWrapper_1rjym_13 flex w-fit flex-col-reverse\" tabindex=\"-1\">\n<table class=\"w-fit min-w-(--thread-content-width)\" data-start=\"1305\" data-end=\"5015\">\n<thead data-start=\"1305\" data-end=\"1452\">\n<tr data-start=\"1305\" data-end=\"1452\">\n<th data-start=\"1305\" data-end=\"1333\" data-col-size=\"sm\">Kategori<\/th>\n<th data-start=\"1333\" data-end=\"1361\" data-col-size=\"sm\">Parametre<\/th>\n<th data-start=\"1361\" data-end=\"1452\" data-col-size=\"lg\">De\u011fer<\/th>\n<\/tr>\n<\/thead>\n<tbody data-start=\"1600\" data-end=\"5015\">\n<tr data-start=\"1600\" data-end=\"1745\">\n<td data-start=\"1600\" data-end=\"1627\" data-col-size=\"sm\">RF \u00d6zellikleri<\/td>\n<td data-col-size=\"sm\" data-start=\"1627\" data-end=\"1655\">RF Hava Protokol\u00fc<\/td>\n<td data-col-size=\"lg\" data-start=\"1655\" data-end=\"1745\">EPC Global S\u0131n\u0131f 1 Gen2 \/ ISO 18000-6C<\/td>\n<\/tr>\n<tr data-start=\"1746\" data-end=\"1891\">\n<td data-start=\"1746\" data-end=\"1773\" data-col-size=\"sm\"><\/td>\n<td data-start=\"1773\" data-end=\"1801\" data-col-size=\"sm\">\u00c7al\u0131\u015fma Frekans\u0131<\/td>\n<td data-col-size=\"lg\" data-start=\"1801\" data-end=\"1891\">UHF 866\u2013868 MHz (ETSI) \/ 902\u2013928 MHz (FCC)<\/td>\n<\/tr>\n<tr data-start=\"1892\" data-end=\"2038\">\n<td data-start=\"1892\" data-end=\"1919\" data-col-size=\"sm\"><\/td>\n<td data-start=\"1919\" data-end=\"1947\" data-col-size=\"sm\">\u00c7evre Uyumlulu\u011fu<\/td>\n<td data-start=\"1947\" data-end=\"2038\" data-col-size=\"lg\">Havada optimize edildi<\/td>\n<\/tr>\n<tr data-start=\"2039\" data-end=\"2185\">\n<td data-start=\"2039\" data-end=\"2066\" data-col-size=\"sm\"><\/td>\n<td data-start=\"2066\" data-end=\"2094\" data-col-size=\"sm\">Veri Saklama<\/td>\n<td data-col-size=\"lg\" data-start=\"2094\" data-end=\"2185\">50 y\u0131l<\/td>\n<\/tr>\n<tr data-start=\"2186\" data-end=\"2332\">\n<td data-start=\"2186\" data-end=\"2213\" data-col-size=\"sm\"><\/td>\n<td data-start=\"2213\" data-end=\"2241\" data-col-size=\"sm\">Okuma Aral\u0131\u011f\u0131<\/td>\n<td data-start=\"2241\" data-end=\"2332\" data-col-size=\"lg\">10 m&#039;ye kadar (metalden uzakta)<\/td>\n<\/tr>\n<tr data-start=\"2333\" data-end=\"2479\">\n<td data-start=\"2333\" data-end=\"2360\" data-col-size=\"sm\"><\/td>\n<td data-start=\"2360\" data-end=\"2388\" data-col-size=\"sm\">Polarizasyon<\/td>\n<td data-col-size=\"lg\" data-start=\"2388\" data-end=\"2479\">Do\u011frusal<\/td>\n<\/tr>\n<tr data-start=\"2480\" data-end=\"2626\">\n<td data-start=\"2480\" data-end=\"2507\" data-col-size=\"sm\"><\/td>\n<td data-start=\"2507\" data-end=\"2535\" data-col-size=\"sm\">IC Tipi<\/td>\n<td data-start=\"2535\" data-end=\"2626\" data-col-size=\"lg\">Impinj R6-P<\/td>\n<\/tr>\n<tr data-start=\"2627\" data-end=\"2773\">\n<td data-start=\"2627\" data-end=\"2654\" data-col-size=\"sm\"><\/td>\n<td data-start=\"2654\" data-end=\"2682\" data-col-size=\"sm\">Bellek Yap\u0131land\u0131rmas\u0131<\/td>\n<td data-col-size=\"lg\" data-start=\"2682\" data-end=\"2773\">EPC 128 bit; TID 96 bit; Kullan\u0131c\u0131 32 bit<\/td>\n<\/tr>\n<tr data-start=\"2774\" data-end=\"2920\">\n<td data-start=\"2774\" data-end=\"2801\" data-col-size=\"sm\">Mekanik<\/td>\n<td data-col-size=\"sm\" data-start=\"2801\" data-end=\"2829\">Etiket Malzemeleri<\/td>\n<td data-col-size=\"lg\" data-start=\"2829\" data-end=\"2920\">Metal tel<\/td>\n<\/tr>\n<tr data-start=\"2921\" data-end=\"3067\">\n<td data-start=\"2921\" data-end=\"2948\" data-col-size=\"sm\"><\/td>\n<td data-col-size=\"sm\" data-start=\"2948\" data-end=\"2976\">Y\u00fczey Malzemeleri<\/td>\n<td data-col-size=\"lg\" data-start=\"2976\" data-end=\"3067\">Tekstil<\/td>\n<\/tr>\n<tr data-start=\"3068\" data-end=\"3214\">\n<td data-start=\"3068\" data-end=\"3095\" data-col-size=\"sm\"><\/td>\n<td data-col-size=\"sm\" data-start=\"3095\" data-end=\"3123\">Boyutlar<\/td>\n<td data-col-size=\"lg\" data-start=\"3123\" data-end=\"3214\">15 \u00d7 75 \u00d7 1,5 mm<\/td>\n<\/tr>\n<tr data-start=\"3215\" data-end=\"3361\">\n<td data-start=\"3215\" data-end=\"3242\" data-col-size=\"sm\"><\/td>\n<td data-col-size=\"sm\" data-start=\"3242\" data-end=\"3270\">A\u011f\u0131rl\u0131k<\/td>\n<td data-col-size=\"lg\" data-start=\"3270\" data-end=\"3361\">0,5 gr<\/td>\n<\/tr>\n<tr data-start=\"3362\" data-end=\"3508\">\n<td data-start=\"3362\" data-end=\"3389\" data-col-size=\"sm\"><\/td>\n<td data-col-size=\"sm\" data-start=\"3389\" data-end=\"3417\">EK<\/td>\n<td data-col-size=\"lg\" data-start=\"3417\" data-end=\"3508\">L-T7515S: Etek ucunu veya dokuma etiketi dikin; L-T7515P: 215 \u2103 \u00d7 15 s @ 4 bar&#039;da \u0131s\u0131yla kapat\u0131n<\/td>\n<\/tr>\n<tr data-start=\"3509\" data-end=\"3655\">\n<td data-start=\"3509\" data-end=\"3536\" data-col-size=\"sm\">D\u0131\u015f g\u00f6r\u00fcn\u00fc\u015f<\/td>\n<td data-col-size=\"sm\" data-start=\"3536\" data-end=\"3564\">Renk<\/td>\n<td data-col-size=\"lg\" data-start=\"3564\" data-end=\"3655\">Beyaz<\/td>\n<\/tr>\n<tr data-start=\"3656\" data-end=\"3802\">\n<td data-start=\"3656\" data-end=\"3683\" data-col-size=\"sm\">\u00c7evresel<\/td>\n<td data-start=\"3683\" data-end=\"3711\" data-col-size=\"sm\">\u00c7al\u0131\u015fma S\u0131cakl\u0131\u011f\u0131<\/td>\n<td data-col-size=\"lg\" data-start=\"3711\" data-end=\"3802\">-30 \u2103 ila +85 \u2103<\/td>\n<\/tr>\n<tr data-start=\"3803\" data-end=\"3949\">\n<td data-start=\"3803\" data-end=\"3830\" data-col-size=\"sm\"><\/td>\n<td data-col-size=\"sm\" data-start=\"3830\" data-end=\"3858\">Ortam S\u0131cakl\u0131\u011f\u0131<\/td>\n<td data-col-size=\"lg\" data-start=\"3858\" data-end=\"3949\">-30 \u2103 ila +110 \u2103<\/td>\n<\/tr>\n<tr data-start=\"3950\" data-end=\"4096\">\n<td data-start=\"3950\" data-end=\"3977\" data-col-size=\"sm\"><\/td>\n<td data-col-size=\"sm\" data-start=\"3977\" data-end=\"4005\">Mekanik Diren\u00e7<\/td>\n<td data-col-size=\"lg\" data-start=\"4005\" data-end=\"4096\">60 bar<\/td>\n<\/tr>\n<tr data-start=\"4097\" data-end=\"4243\">\n<td data-start=\"4097\" data-end=\"4124\" data-col-size=\"sm\"><\/td>\n<td data-col-size=\"sm\" data-start=\"4124\" data-end=\"4152\">Kimyasal Diren\u00e7<\/td>\n<td data-col-size=\"lg\" data-start=\"4152\" data-end=\"4243\">Y\u0131kama i\u015flemlerinde normal yayg\u0131n kimyasallar<\/td>\n<\/tr>\n<tr data-start=\"4244\" data-end=\"4427\">\n<td data-start=\"4244\" data-end=\"4271\" data-col-size=\"sm\"><\/td>\n<td data-col-size=\"sm\" data-start=\"4271\" data-end=\"4299\">Is\u0131ya Dayan\u0131kl\u0131l\u0131k<\/td>\n<td data-col-size=\"lg\" data-start=\"4299\" data-end=\"4427\">Y\u0131kama: 90 \u2103, 15 dk, 200 d\u00f6ng\u00fc; \u00d6n kurutma: 180 \u2103, 30 dk; \u00dct\u00fcleme: 180 \u2103, 10 sn, 200 d\u00f6ng\u00fc; Sterilizasyon: 135 \u2103, 20 dk<\/td>\n<\/tr>\n<tr data-start=\"4428\" data-end=\"4574\">\n<td data-start=\"4428\" data-end=\"4455\" data-col-size=\"sm\">Derecelendirmeler ve Uyumluluk<\/td>\n<td data-start=\"4455\" data-end=\"4483\" data-col-size=\"sm\">Giri\u015f Korumas\u0131<\/td>\n<td data-col-size=\"lg\" data-start=\"4483\" data-end=\"4574\">IP68<\/td>\n<\/tr>\n<tr data-start=\"4575\" data-end=\"4721\">\n<td data-start=\"4575\" data-end=\"4602\" data-col-size=\"sm\"><\/td>\n<td data-col-size=\"sm\" data-start=\"4602\" data-end=\"4630\">\u015eok ve Titre\u015fim<\/td>\n<td data-col-size=\"lg\" data-start=\"4630\" data-end=\"4721\">MIL-STD-810F<\/td>\n<\/tr>\n<tr data-start=\"4722\" data-end=\"4868\">\n<td data-start=\"4722\" data-end=\"4749\" data-col-size=\"sm\"><\/td>\n<td data-col-size=\"sm\" data-start=\"4749\" data-end=\"4777\">Sertifikalar<\/td>\n<td data-col-size=\"lg\" data-start=\"4777\" data-end=\"4868\">CE, RoHS, ATEX\/IECEx<\/td>\n<\/tr>\n<tr data-start=\"4869\" data-end=\"5015\">\n<td data-start=\"4869\" data-end=\"4896\" data-col-size=\"sm\">Ya\u015fam D\u00f6ng\u00fcs\u00fc ve Garanti<\/td>\n<td data-col-size=\"sm\" data-start=\"4896\" data-end=\"4924\">Garanti<\/td>\n<td data-col-size=\"lg\" data-start=\"4924\" data-end=\"5015\">2 y\u0131l veya 200 y\u0131kama d\u00f6ng\u00fcs\u00fc<\/td>\n<\/tr>\n<\/tbody>\n<\/table>\n<\/div>\n<\/div>","protected":false},"excerpt":{"rendered":"<p>Impinj R6-P ile y\u0131kanabilir UHF kuma\u015f etiketi, 10 metreye kadar okuma mesafesi, IP68 derecesi ve 200 \u00e7evrim \u0131s\u0131\/bas\u0131n\u00e7 dayan\u0131kl\u0131l\u0131\u011f\u0131\u2014otel ve hastane \u00e7ar\u015faflar\u0131 i\u00e7in dikilebilir veya \u0131s\u0131yla kapat\u0131labilir.<\/p>","protected":false},"featured_media":715,"template":"","meta":{"_gspb_post_css":""},"product_brand":[],"product_cat":[17,18],"product_tag":[],"class_list":{"0":"post-711","1":"product","2":"type-product","3":"status-publish","4":"has-post-thumbnail","6":"product_cat-rfid-laundry-tags","7":"product_cat-textile-rfid-laundry-tags","9":"first","10":"instock","11":"shipping-taxable","12":"purchasable","13":"product-type-simple"},"_links":{"self":[{"href":"https:\/\/www.cxjsmartcard.com\/tr\/wp-json\/wp\/v2\/product\/711","targetHints":{"allow":["GET"]}}],"collection":[{"href":"https:\/\/www.cxjsmartcard.com\/tr\/wp-json\/wp\/v2\/product"}],"about":[{"href":"https:\/\/www.cxjsmartcard.com\/tr\/wp-json\/wp\/v2\/types\/product"}],"wp:featuredmedia":[{"embeddable":true,"href":"https:\/\/www.cxjsmartcard.com\/tr\/wp-json\/wp\/v2\/media\/715"}],"wp:attachment":[{"href":"https:\/\/www.cxjsmartcard.com\/tr\/wp-json\/wp\/v2\/media?parent=711"}],"wp:term":[{"taxonomy":"product_brand","embeddable":true,"href":"https:\/\/www.cxjsmartcard.com\/tr\/wp-json\/wp\/v2\/product_brand?post=711"},{"taxonomy":"product_cat","embeddable":true,"href":"https:\/\/www.cxjsmartcard.com\/tr\/wp-json\/wp\/v2\/product_cat?post=711"},{"taxonomy":"product_tag","embeddable":true,"href":"https:\/\/www.cxjsmartcard.com\/tr\/wp-json\/wp\/v2\/product_tag?post=711"}],"curies":[{"name":"wp","href":"https:\/\/api.w.org\/{rel}","templated":true}]}}