{"id":706,"date":"2025-11-03T06:46:07","date_gmt":"2025-11-03T06:46:07","guid":{"rendered":"https:\/\/www.cxjsmartcard.com\/?post_type=product&#038;p=706"},"modified":"2025-12-29T01:27:11","modified_gmt":"2025-12-29T01:27:11","slug":"sewing-washable-uhf-textile-rfid-laundry-tags","status":"publish","type":"product","link":"https:\/\/www.cxjsmartcard.com\/tr\/sewing-washable-uhf-textile-rfid-laundry-tags\/","title":{"rendered":"Dikilebilir Y\u0131kanabilir UHF Tekstil RFID \u00c7ama\u015f\u0131r Etiketleri"},"content":{"rendered":"<p data-start=\"95\" data-end=\"390\">RFID UHF \u00c7ama\u015f\u0131r Etiketi, y\u0131kama, kurutma, kuru temizleme ve \u00fct\u00fcleme i\u015flemlerine dayan\u0131kl\u0131l\u0131k ve uygunluk sa\u011flayarak otel ve kurumsal \u00e7ama\u015f\u0131r y\u0131kama s\u00fcre\u00e7lerine dayanacak \u015fekilde tasarlanm\u0131\u015ft\u0131r. Di\u011fer profesyonel \u00fcniformalar, kost\u00fcmler veya paspas, havlu gibi kiral\u0131k e\u015fyalar\u0131n y\u00f6netimi i\u00e7in kullan\u0131labilir.<\/p>\n<p data-start=\"392\" data-end=\"410\"><strong data-start=\"392\" data-end=\"408\">Temel \u00d6zellikler<\/strong><\/p>\n<ol data-start=\"411\" data-end=\"692\">\n<li data-start=\"411\" data-end=\"507\">\n<p data-start=\"414\" data-end=\"507\">End\u00fcstriyel \u00e7ama\u015f\u0131r y\u0131kama uygulamalar\u0131 i\u00e7in m\u00fckemmel performans ve uygun maliyetli bir \u00e7\u00f6z\u00fcm.<\/p>\n<\/li>\n<li data-start=\"508\" data-end=\"595\">\n<p data-start=\"511\" data-end=\"595\">Ultra ince ve yumu\u015fak etiket, keseli veya kesesiz olarak keten \u00fczerine kolayca dikilebilir.<\/p>\n<\/li>\n<li data-start=\"596\" data-end=\"654\">\n<p data-start=\"599\" data-end=\"654\">\u00c7arp\u0131\u015fmaya dayan\u0131kl\u0131, y\u00fcksek s\u0131cakl\u0131\u011fa dayan\u0131kl\u0131, bas\u0131nca dayan\u0131kl\u0131.<\/p>\n<\/li>\n<li data-start=\"655\" data-end=\"692\">\n<p data-start=\"658\" data-end=\"692\">200&#039;den fazla y\u0131kama \u00e7evrimi.<\/p>\n<\/li>\n<\/ol>\n<p data-start=\"694\" data-end=\"916\">Bu RFID \u00c7ama\u015f\u0131r Etiketleri su ge\u00e7irmezdir, naylon ve polyesterden \u00fcretilmi\u015ftir ve RFID \u00e7ama\u015f\u0131r ve \u00e7ama\u015f\u0131r y\u00f6netimi i\u00e7in tasarlanm\u0131\u015ft\u0131r. Farkl\u0131 \u00e7al\u0131\u015fma s\u0131cakl\u0131k aral\u0131klar\u0131n\u0131 destekleyebilirler. Etiketler farkl\u0131 \u00e7ap\/boyutlarda sunulmaktad\u0131r.<\/p>\n<p data-start=\"918\" data-end=\"936\"><strong data-start=\"918\" data-end=\"934\">Uygulamalar<\/strong><\/p>\n<ol data-start=\"937\" data-end=\"1047\">\n<li data-start=\"937\" data-end=\"989\">\n<p data-start=\"940\" data-end=\"989\">Y\u0131kamaya, kuru temizlemeye ve \u00fct\u00fclemeye uygundur.<\/p>\n<\/li>\n<li data-start=\"990\" data-end=\"1047\">\n<p data-start=\"993\" data-end=\"1047\">Otel \u00e7ar\u015faflar\u0131, \u00fcniformalar vb. i\u00e7in takip y\u00f6netimi.<\/p>\n<\/li>\n<\/ol>\n<p data-start=\"1049\" data-end=\"1254\"><strong data-start=\"1049\" data-end=\"1089\">Tekstil RFID \u00c7ama\u015f\u0131r Etiketleri Hakk\u0131nda SSS<\/strong><br data-start=\"1089\" data-end=\"1092\" \/><strong data-start=\"1092\" data-end=\"1098\">Q:<\/strong> Etiketler pres makinelerinden zarar g\u00f6rebilir mi?<br data-start=\"1138\" data-end=\"1141\" \/><strong data-start=\"1141\" data-end=\"1147\">A:<\/strong> Evet. Bu RFID etiketleri y\u00fcksek \u0131s\u0131ya ve bas\u0131nca dayan\u0131kl\u0131 olacak \u015fekilde \u00fcretilmi\u015ftir; end\u00fcstriyel kurutucular ve presler i\u00e7in idealdir.<\/p>\n<p data-start=\"1256\" data-end=\"1370\"><strong data-start=\"1256\" data-end=\"1262\">Q:<\/strong> Bu etiketlerin beklenen \u00f6mr\u00fc ne kadard\u0131r?<br data-start=\"1306\" data-end=\"1309\" \/><strong data-start=\"1309\" data-end=\"1315\">A:<\/strong> Ortalama 200 y\u0131kama veya 3 y\u0131la kadar kullan\u0131m.<\/p>\n<p data-start=\"1372\" data-end=\"1534\"><strong data-start=\"1372\" data-end=\"1378\">Q:<\/strong> Do\u011fru etiket boyutunu nas\u0131l se\u00e7erim?<br data-start=\"1414\" data-end=\"1417\" \/><strong data-start=\"1417\" data-end=\"1423\">A:<\/strong> Birden fazla beden se\u00e7ene\u011fi sunuyoruz. L\u00fctfen formu doldurun ve giysi veya keten \u00f6zelliklerinizi bize bildirin.<\/p>\n<h2 data-start=\"1536\" data-end=\"1561\">Tablo (\u00d6zellikler)<\/h2>\n<div class=\"_tableContainer_1rjym_1\">\n<div class=\"group _tableWrapper_1rjym_13 flex w-fit flex-col-reverse\" tabindex=\"-1\">\n<table class=\"w-fit min-w-(--thread-content-width)\" data-start=\"1563\" data-end=\"3688\">\n<thead data-start=\"1563\" data-end=\"1713\">\n<tr data-start=\"1563\" data-end=\"1713\">\n<th data-start=\"1563\" data-end=\"1585\" data-col-size=\"sm\">Kategori<\/th>\n<th data-start=\"1585\" data-end=\"1607\" data-col-size=\"sm\">Parametre<\/th>\n<th data-start=\"1607\" data-end=\"1713\" data-col-size=\"lg\">De\u011fer<\/th>\n<\/tr>\n<\/thead>\n<tbody data-start=\"1865\" data-end=\"3688\">\n<tr data-start=\"1865\" data-end=\"2015\">\n<td data-start=\"1865\" data-end=\"1887\" data-col-size=\"sm\">\u00dcr\u00fcn<\/td>\n<td data-col-size=\"sm\" data-start=\"1887\" data-end=\"1909\">\u00dcr\u00fcn Ad\u0131<\/td>\n<td data-col-size=\"lg\" data-start=\"1909\" data-end=\"2015\">Dikilebilir Y\u0131kanabilir UHF Tekstil RFID \u00c7ama\u015f\u0131r Etiketleri<\/td>\n<\/tr>\n<tr data-start=\"2016\" data-end=\"2165\">\n<td data-start=\"2016\" data-end=\"2038\" data-col-size=\"sm\">Malzemeler<\/td>\n<td data-col-size=\"sm\" data-start=\"2038\" data-end=\"2060\">Malzeme<\/td>\n<td data-col-size=\"lg\" data-start=\"2060\" data-end=\"2165\">Kuma\u015f\/Dokuma, \u00dct\u00fc yap\u0131\u015ft\u0131r\u0131c\u0131s\u0131, Diki\u015f t\u00fcr\u00fc, Metal delik, vb.<\/td>\n<\/tr>\n<tr data-start=\"2166\" data-end=\"2316\">\n<td data-start=\"2166\" data-end=\"2188\" data-col-size=\"sm\">RFID<\/td>\n<td data-col-size=\"sm\" data-start=\"2188\" data-end=\"2210\">\u00c7ip Modeli<\/td>\n<td data-col-size=\"lg\" data-start=\"2210\" data-end=\"2316\">NXP UCODE\u00ae 9<\/td>\n<\/tr>\n<tr data-start=\"2317\" data-end=\"2467\">\n<td data-start=\"2317\" data-end=\"2339\" data-col-size=\"sm\"><\/td>\n<td data-col-size=\"sm\" data-start=\"2339\" data-end=\"2361\">Haf\u0131za<\/td>\n<td data-col-size=\"lg\" data-start=\"2361\" data-end=\"2467\">EPC: 96 bit<\/td>\n<\/tr>\n<tr data-start=\"2468\" data-end=\"2618\">\n<td data-start=\"2468\" data-end=\"2490\" data-col-size=\"sm\"><\/td>\n<td data-col-size=\"sm\" data-start=\"2490\" data-end=\"2512\">Protokol<\/td>\n<td data-col-size=\"lg\" data-start=\"2512\" data-end=\"2618\">EPC C1 G2<\/td>\n<\/tr>\n<tr data-start=\"2619\" data-end=\"2770\">\n<td data-start=\"2619\" data-end=\"2641\" data-col-size=\"sm\">Fiziksel<\/td>\n<td data-col-size=\"sm\" data-start=\"2641\" data-end=\"2663\">Boyut<\/td>\n<td data-col-size=\"lg\" data-start=\"2663\" data-end=\"2770\">70\u00d715 mm<\/td>\n<\/tr>\n<tr data-start=\"2771\" data-end=\"2921\">\n<td data-start=\"2771\" data-end=\"2793\" data-col-size=\"sm\"><\/td>\n<td data-col-size=\"sm\" data-start=\"2793\" data-end=\"2815\">Di\u011fer Boyutlar<\/td>\n<td data-col-size=\"lg\" data-start=\"2815\" data-end=\"2921\">86\u00d716 mm; 50\u00d720 mm; 72\u00d716 mm; 35\u00d715 mm, vb.<\/td>\n<\/tr>\n<tr data-start=\"2922\" data-end=\"3072\">\n<td data-start=\"2922\" data-end=\"2944\" data-col-size=\"sm\">D\u0131\u015f g\u00f6r\u00fcn\u00fc\u015f<\/td>\n<td data-col-size=\"sm\" data-start=\"2944\" data-end=\"2966\">Renk<\/td>\n<td data-col-size=\"lg\" data-start=\"2966\" data-end=\"3072\">Beyaz<\/td>\n<\/tr>\n<tr data-start=\"3073\" data-end=\"3223\">\n<td data-start=\"3073\" data-end=\"3095\" data-col-size=\"sm\">Dayan\u0131kl\u0131l\u0131k<\/td>\n<td data-col-size=\"sm\" data-start=\"3095\" data-end=\"3117\">\u00c7al\u0131\u015fma Saatleri<\/td>\n<td data-col-size=\"lg\" data-start=\"3117\" data-end=\"3223\">Ortalama 200 d\u00f6ng\u00fc; baz\u0131 modeller &gt;300 d\u00f6ng\u00fc<\/td>\n<\/tr>\n<tr data-start=\"3224\" data-end=\"3375\">\n<td data-start=\"3224\" data-end=\"3246\" data-col-size=\"sm\">\u00c7evre<\/td>\n<td data-start=\"3246\" data-end=\"3270\" data-col-size=\"sm\">\u00c7al\u0131\u015fma S\u0131cakl\u0131\u011f\u0131<\/td>\n<td data-col-size=\"lg\" data-start=\"3270\" data-end=\"3375\">-25 \u2103 ila +150 \u2103<\/td>\n<\/tr>\n<tr data-start=\"3376\" data-end=\"3526\">\n<td data-start=\"3376\" data-end=\"3398\" data-col-size=\"sm\">Performans<\/td>\n<td data-col-size=\"sm\" data-start=\"3398\" data-end=\"3420\">Okuma Mesafesi<\/td>\n<td data-col-size=\"lg\" data-start=\"3420\" data-end=\"3526\">5\u201310 m<\/td>\n<\/tr>\n<tr data-start=\"3527\" data-end=\"3688\">\n<td data-start=\"3527\" data-end=\"3549\" data-col-size=\"sm\">Kullan\u0131m<\/td>\n<td data-col-size=\"sm\" data-start=\"3549\" data-end=\"3571\">Ba\u015fvuru<\/td>\n<td data-col-size=\"lg\" data-start=\"3571\" data-end=\"3688\">\u00c7ama\u015f\u0131rhane \u00e7\u00f6z\u00fcm\u00fc, y\u0131kama ma\u011fazas\u0131, end\u00fcstriyel y\u0131kama, otel kuma\u015f y\u00f6netimi, s\u00fcpermarket\/kuma\u015f ma\u011fazas\u0131 y\u00f6netimi vb.<\/td>\n<\/tr>\n<\/tbody>\n<\/table>\n<\/div>\n<\/div>","protected":false},"excerpt":{"rendered":"<p>\u00c7ama\u015f\u0131rlar ve \u00fcniformalar i\u00e7in dikilebilir, y\u0131kanabilir UHF tekstil RFID etiketleri; su ge\u00e7irmez, \u0131s\u0131ya dayan\u0131kl\u0131, 5-10 m okuma aral\u0131\u011f\u0131 ve end\u00fcstriyel \u00e7ama\u015f\u0131rlar i\u00e7in 200&#039;den fazla y\u0131kama d\u00f6ng\u00fcs\u00fc dayan\u0131kl\u0131l\u0131\u011f\u0131.<\/p>","protected":false},"featured_media":707,"template":"","meta":{"_gspb_post_css":""},"product_brand":[],"product_cat":[17,18],"product_tag":[],"class_list":{"0":"post-706","1":"product","2":"type-product","3":"status-publish","4":"has-post-thumbnail","6":"product_cat-rfid-laundry-tags","7":"product_cat-textile-rfid-laundry-tags","9":"first","10":"instock","11":"shipping-taxable","12":"purchasable","13":"product-type-simple"},"_links":{"self":[{"href":"https:\/\/www.cxjsmartcard.com\/tr\/wp-json\/wp\/v2\/product\/706","targetHints":{"allow":["GET"]}}],"collection":[{"href":"https:\/\/www.cxjsmartcard.com\/tr\/wp-json\/wp\/v2\/product"}],"about":[{"href":"https:\/\/www.cxjsmartcard.com\/tr\/wp-json\/wp\/v2\/types\/product"}],"wp:featuredmedia":[{"embeddable":true,"href":"https:\/\/www.cxjsmartcard.com\/tr\/wp-json\/wp\/v2\/media\/707"}],"wp:attachment":[{"href":"https:\/\/www.cxjsmartcard.com\/tr\/wp-json\/wp\/v2\/media?parent=706"}],"wp:term":[{"taxonomy":"product_brand","embeddable":true,"href":"https:\/\/www.cxjsmartcard.com\/tr\/wp-json\/wp\/v2\/product_brand?post=706"},{"taxonomy":"product_cat","embeddable":true,"href":"https:\/\/www.cxjsmartcard.com\/tr\/wp-json\/wp\/v2\/product_cat?post=706"},{"taxonomy":"product_tag","embeddable":true,"href":"https:\/\/www.cxjsmartcard.com\/tr\/wp-json\/wp\/v2\/product_tag?post=706"}],"curies":[{"name":"wp","href":"https:\/\/api.w.org\/{rel}","templated":true}]}}