{"id":701,"date":"2025-11-03T06:44:06","date_gmt":"2025-11-03T06:44:06","guid":{"rendered":"https:\/\/www.cxjsmartcard.com\/?post_type=product&#038;p=701"},"modified":"2025-12-29T01:27:11","modified_gmt":"2025-12-29T01:27:11","slug":"textile-washable-waterproof-uhf-rfid-laundry-tags","status":"publish","type":"product","link":"https:\/\/www.cxjsmartcard.com\/tr\/textile-washable-waterproof-uhf-rfid-laundry-tags\/","title":{"rendered":"Tekstil Y\u0131kanabilir Su Ge\u00e7irmez UHF RFID \u00c7ama\u015f\u0131r Etiketleri"},"content":{"rendered":"<p data-start=\"141\" data-end=\"525\">Tekstil Y\u0131kanabilir Su Ge\u00e7irmez UHF RFID \u00c7ama\u015f\u0131r Etiketleri, verileri g\u00fcvenilir bir \u015fekilde saklamak ve aktarmak i\u00e7in g\u00fcvenli bir \u015fekilde kapat\u0131lm\u0131\u015f bir RFID i\u00e7 y\u00fczeye sahip, devredilemez bir etikettir. Y\u00fcksek s\u0131cakl\u0131klara ve zorlu ortamlara dayan\u0131kl\u0131d\u0131r. \u00d6zellikle \u00e7ama\u015f\u0131r y\u00f6netimi ve \u00e7ama\u015f\u0131r zincirlerinde kullan\u0131l\u0131r. Farkl\u0131 boyutlarda sunulan etiketler, dikilerek, yap\u0131\u015ft\u0131r\u0131larak, i\u011fnelenerek veya ba\u011flanarak sabitlenebilir.<\/p>\n<p data-start=\"527\" data-end=\"541\"><strong data-start=\"527\" data-end=\"539\">\u00d6zellikler<\/strong><\/p>\n<ol data-start=\"542\" data-end=\"899\">\n<li data-start=\"542\" data-end=\"602\">\n<p data-start=\"545\" data-end=\"602\">Y\u00fczlerce etiketi ayn\u0131 anda okuyabilen UHF teknolojisi.<\/p>\n<\/li>\n<li data-start=\"603\" data-end=\"642\">\n<p data-start=\"606\" data-end=\"642\">8 feet&#039;ten fazla okuma mesafesi.<\/p>\n<\/li>\n<li data-start=\"643\" data-end=\"711\">\n<p data-start=\"646\" data-end=\"711\">D\u00fcz \u00e7ama\u015f\u0131rlar\u0131n performans\u0131n\u0131n art\u0131r\u0131lmas\u0131 i\u00e7in yeni mekanik tasar\u0131m.<\/p>\n<\/li>\n<li data-start=\"712\" data-end=\"768\">\n<p data-start=\"715\" data-end=\"768\">60 bara kadar y\u00fcksek bas\u0131n\u00e7l\u0131 aspirat\u00f6rler i\u00e7in uygundur.<\/p>\n<\/li>\n<li data-start=\"769\" data-end=\"811\">\n<p data-start=\"772\" data-end=\"811\">Otoklav sterilizasyonuna uygundur.<\/p>\n<\/li>\n<li data-start=\"812\" data-end=\"899\">\n<p data-start=\"815\" data-end=\"899\">Tekstil, \u00e7ar\u015faf, giysi ve aksesuarlar i\u00e7in ideal, k\u00fc\u00e7\u00fck, yumu\u015fak, esnek malzeme.<\/p>\n<\/li>\n<\/ol>\n<p data-start=\"901\" data-end=\"1018\"><strong data-start=\"901\" data-end=\"925\">\u0130\u015f Uygulamas\u0131<\/strong><br data-start=\"925\" data-end=\"928\" \/>Uygulama alan\u0131: \u00c7ama\u015f\u0131rhane, otel, okul, kalite kontrol, stok y\u00f6netimi vb.<\/p>\n<p data-start=\"1020\" data-end=\"1050\"><strong data-start=\"1020\" data-end=\"1048\">Etiketler Nas\u0131l Kurulur?<\/strong><\/p>\n<ol data-start=\"1051\" data-end=\"1195\">\n<li data-start=\"1051\" data-end=\"1109\">\n<p data-start=\"1054\" data-end=\"1109\">Anteni \u00f6nleyip iki ucunu dikerek monte edin.<\/p>\n<\/li>\n<li data-start=\"1110\" data-end=\"1195\">\n<p data-start=\"1113\" data-end=\"1195\">210 derece s\u0131cakl\u0131kta 15 saniye \u00fct\u00fcleyerek monte edin.<\/p>\n<\/li>\n<\/ol>\n<p data-start=\"1197\" data-end=\"1534\"><strong data-start=\"1197\" data-end=\"1249\">End\u00fcstriyel \u00c7ama\u015f\u0131rhanede Neden RFID \u00c7ama\u015f\u0131rhane Etiketleri Kullan\u0131l\u0131r?<\/strong><br data-start=\"1249\" data-end=\"1252\" \/>RFID \u00e7ama\u015f\u0131r etiketleri, y\u00fcksek hacimli \u00e7ama\u015f\u0131r y\u0131kama operasyonlar\u0131na otomasyon getirerek manuel i\u015f g\u00fcc\u00fcn\u00fc ve insan hatas\u0131n\u0131 azalt\u0131r. Ticari \u00e7ama\u015f\u0131rhaneler, t\u0131bbi \u00fcniformalar ve hastane tekstilleri i\u00e7in tasarlanan bu etiketler, RFID okuyuculara kesintisiz veri iletimi sa\u011flayarak izleme ve y\u00f6netimi kolayla\u015ft\u0131r\u0131r.<\/p>\n<p data-start=\"1536\" data-end=\"1716\"><strong data-start=\"1536\" data-end=\"1568\">RFID \u00c7ama\u015f\u0131r Etiketleri Hakk\u0131nda SSS<\/strong><br data-start=\"1568\" data-end=\"1571\" \/><strong data-start=\"1571\" data-end=\"1577\">Q:<\/strong> Bu etiketler end\u00fcstriyel kurutuculara dayanabilir mi?<br data-start=\"1619\" data-end=\"1622\" \/><strong data-start=\"1622\" data-end=\"1628\">A:<\/strong> Evet, bu y\u0131kanabilir UHF RFID etiketleri y\u00fcksek \u0131s\u0131ya ve bas\u0131nca dayan\u0131kl\u0131 olacak \u015fekilde tasarlanm\u0131\u015ft\u0131r.<\/p>\n<p data-start=\"1718\" data-end=\"1834\"><strong data-start=\"1718\" data-end=\"1724\">Q:<\/strong> Hangi RFID okuyucular uyumludur?<br data-start=\"1758\" data-end=\"1761\" \/><strong data-start=\"1761\" data-end=\"1767\">A:<\/strong> ISO 18000-6C veya EPC Class1 Gen2 standartlar\u0131n\u0131 destekleyen herhangi bir okuyucu.<\/p>\n<p data-start=\"1836\" data-end=\"2028\"><strong data-start=\"1836\" data-end=\"1842\">Q:<\/strong> Bunlar\u0131 mevcut sistemime nas\u0131l entegre edebilirim?<br data-start=\"1890\" data-end=\"1893\" \/><strong data-start=\"1893\" data-end=\"1899\">A:<\/strong> Tam teknik destek sa\u011fl\u0131yoruz. L\u00fctfen a\u015fa\u011f\u0131daki formu doldurun ve ne t\u00fcr bir okuyucu veya anten kurulumuna ihtiyac\u0131n\u0131z oldu\u011funu bize bildirin.<\/p>\n<p data-start=\"2030\" data-end=\"2188\"><strong data-start=\"2030\" data-end=\"2038\">\u7b80\u8981\u63cf\u8ff0<\/strong><br data-start=\"2038\" data-end=\"2041\" \/>Tekstil ve giysiler i\u00e7in dayan\u0131kl\u0131 UHF RFID \u00e7ama\u015f\u0131r etiketleri. Su ge\u00e7irmez, y\u0131kanabilir ve uzun menzillidir; end\u00fcstriyel \u00e7ama\u015f\u0131r takibi ve y\u00f6netimi i\u00e7in idealdir.<\/p>\n<h2 data-start=\"2190\" data-end=\"2215\">Tablo (\u00d6zellikler)<\/h2>\n<div class=\"_tableContainer_1rjym_1\">\n<div class=\"group _tableWrapper_1rjym_13 flex w-fit flex-col-reverse\" tabindex=\"-1\">\n<table class=\"w-fit min-w-(--thread-content-width)\" data-start=\"2217\" data-end=\"4716\">\n<thead data-start=\"2217\" data-end=\"2341\">\n<tr data-start=\"2217\" data-end=\"2341\">\n<th data-start=\"2217\" data-end=\"2242\" data-col-size=\"sm\">Kategori<\/th>\n<th data-start=\"2242\" data-end=\"2268\" data-col-size=\"sm\">Parametre<\/th>\n<th data-start=\"2268\" data-end=\"2341\" data-col-size=\"md\">De\u011fer<\/th>\n<\/tr>\n<\/thead>\n<tbody data-start=\"2467\" data-end=\"4716\">\n<tr data-start=\"2467\" data-end=\"2591\">\n<td data-start=\"2467\" data-end=\"2492\" data-col-size=\"sm\">Fiziksel Parametreler<\/td>\n<td data-col-size=\"sm\" data-start=\"2492\" data-end=\"2518\">\u00dcr\u00fcn boyutu<\/td>\n<td data-col-size=\"md\" data-start=\"2518\" data-end=\"2591\">55\u00d710\u00d72,2 mm; 70\u00d715\u00d71,5 mm; vb.<\/td>\n<\/tr>\n<tr data-start=\"2592\" data-end=\"2716\">\n<td data-start=\"2592\" data-end=\"2617\" data-col-size=\"sm\"><\/td>\n<td data-start=\"2617\" data-end=\"2643\" data-col-size=\"sm\">Malzemeler<\/td>\n<td data-col-size=\"md\" data-start=\"2643\" data-end=\"2716\">100% polyester<\/td>\n<\/tr>\n<tr data-start=\"2717\" data-end=\"2841\">\n<td data-start=\"2717\" data-end=\"2742\" data-col-size=\"sm\"><\/td>\n<td data-col-size=\"sm\" data-start=\"2742\" data-end=\"2768\">Renk<\/td>\n<td data-col-size=\"md\" data-start=\"2768\" data-end=\"2841\">Mavi, beyaz (di\u011ferleri \u00f6zelle\u015ftirilebilir)<\/td>\n<\/tr>\n<tr data-start=\"2842\" data-end=\"2966\">\n<td data-start=\"2842\" data-end=\"2867\" data-col-size=\"sm\"><\/td>\n<td data-col-size=\"sm\" data-start=\"2867\" data-end=\"2893\">Zanaat<\/td>\n<td data-col-size=\"md\" data-start=\"2893\" data-end=\"2966\">Logo bask\u0131s\u0131, lazer numara bask\u0131s\u0131<\/td>\n<\/tr>\n<tr data-start=\"2967\" data-end=\"3091\">\n<td data-start=\"2967\" data-end=\"2992\" data-col-size=\"sm\">\u00c7evresel<\/td>\n<td data-col-size=\"sm\" data-start=\"2992\" data-end=\"3018\">\u00c7al\u0131\u015fma s\u0131cakl\u0131\u011f\u0131<\/td>\n<td data-col-size=\"md\" data-start=\"3018\" data-end=\"3091\">\u221240 ~ +160 \u00b0C (160 \u00b0C \/ 20 dakika)<\/td>\n<\/tr>\n<tr data-start=\"3092\" data-end=\"3216\">\n<td data-start=\"3092\" data-end=\"3117\" data-col-size=\"sm\"><\/td>\n<td data-start=\"3117\" data-end=\"3143\" data-col-size=\"sm\">Depolama s\u0131cakl\u0131\u011f\u0131<\/td>\n<td data-col-size=\"md\" data-start=\"3143\" data-end=\"3216\">\u221240 ~ +160 \u00b0C (160 \u00b0C \/ 20 dakika)<\/td>\n<\/tr>\n<tr data-start=\"3217\" data-end=\"3341\">\n<td data-start=\"3217\" data-end=\"3242\" data-col-size=\"sm\">Teknik<\/td>\n<td data-col-size=\"sm\" data-start=\"3242\" data-end=\"3268\">\u00c7al\u0131\u015fma frekans\u0131<\/td>\n<td data-col-size=\"md\" data-start=\"3268\" data-end=\"3341\">840 ~ 960 MHz<\/td>\n<\/tr>\n<tr data-start=\"3342\" data-end=\"3466\">\n<td data-start=\"3342\" data-end=\"3367\" data-col-size=\"sm\"><\/td>\n<td data-col-size=\"sm\" data-start=\"3367\" data-end=\"3393\">\u00c7ip<\/td>\n<td data-col-size=\"md\" data-start=\"3393\" data-end=\"3466\">NXP U KODU 9<\/td>\n<\/tr>\n<tr data-start=\"3467\" data-end=\"3591\">\n<td data-start=\"3467\" data-end=\"3492\" data-col-size=\"sm\"><\/td>\n<td data-col-size=\"sm\" data-start=\"3492\" data-end=\"3518\">Protokol<\/td>\n<td data-col-size=\"md\" data-start=\"3518\" data-end=\"3591\">ISO18000-6C, EPC S\u0131n\u0131f\u0131 Gen 2<\/td>\n<\/tr>\n<tr data-start=\"3592\" data-end=\"3716\">\n<td data-start=\"3592\" data-end=\"3617\" data-col-size=\"sm\"><\/td>\n<td data-col-size=\"sm\" data-start=\"3617\" data-end=\"3643\">\u00d6m\u00fcr boyu<\/td>\n<td data-col-size=\"md\" data-start=\"3643\" data-end=\"3716\">Normal y\u0131kama 200 kez<\/td>\n<\/tr>\n<tr data-start=\"3717\" data-end=\"3841\">\n<td data-start=\"3717\" data-end=\"3742\" data-col-size=\"sm\"><\/td>\n<td data-col-size=\"sm\" data-start=\"3742\" data-end=\"3768\">Okuma aral\u0131\u011f\u0131<\/td>\n<td data-col-size=\"md\" data-start=\"3768\" data-end=\"3841\">10 metre<\/td>\n<\/tr>\n<tr data-start=\"3842\" data-end=\"3966\">\n<td data-start=\"3842\" data-end=\"3867\" data-col-size=\"sm\">Performans\/Y\u00f6netim<\/td>\n<td data-start=\"3867\" data-end=\"3893\" data-col-size=\"sm\">E\u015f zamanl\u0131 okumalar<\/td>\n<td data-start=\"3893\" data-end=\"3966\" data-col-size=\"md\">Y\u00fczlerce etiket (UHF)<\/td>\n<\/tr>\n<tr data-start=\"3967\" data-end=\"4091\">\n<td data-start=\"3967\" data-end=\"3992\" data-col-size=\"sm\"><\/td>\n<td data-col-size=\"sm\" data-start=\"3992\" data-end=\"4018\">\u00c7\u0131kar\u0131c\u0131 uyumlulu\u011fu<\/td>\n<td data-col-size=\"md\" data-start=\"4018\" data-end=\"4091\">60 bara kadar y\u00fcksek bas\u0131n\u00e7l\u0131 ekstrakt\u00f6rler<\/td>\n<\/tr>\n<tr data-start=\"4092\" data-end=\"4216\">\n<td data-start=\"4092\" data-end=\"4117\" data-col-size=\"sm\"><\/td>\n<td data-col-size=\"sm\" data-start=\"4117\" data-end=\"4143\">Sterilizasyon<\/td>\n<td data-col-size=\"md\" data-start=\"4143\" data-end=\"4216\">Otoklav i\u00e7in uygundur<\/td>\n<\/tr>\n<tr data-start=\"4217\" data-end=\"4341\">\n<td data-start=\"4217\" data-end=\"4242\" data-col-size=\"sm\">Form fakt\u00f6r\u00fc<\/td>\n<td data-start=\"4242\" data-end=\"4268\" data-col-size=\"sm\">Yap\u0131<\/td>\n<td data-col-size=\"md\" data-start=\"4268\" data-end=\"4341\">K\u00fc\u00e7\u00fck, yumu\u015fak, esnek - tekstil\/keten\/giysi\/aksesuarlar i\u00e7in ideal<\/td>\n<\/tr>\n<tr data-start=\"4342\" data-end=\"4466\">\n<td data-start=\"4342\" data-end=\"4367\" data-col-size=\"sm\">Kurulum<\/td>\n<td data-start=\"4367\" data-end=\"4393\" data-col-size=\"sm\">Diki\u015f<\/td>\n<td data-col-size=\"md\" data-start=\"4393\" data-end=\"4466\">Her iki ucu da dikin; antenden ka\u00e7\u0131n\u0131n<\/td>\n<\/tr>\n<tr data-start=\"4467\" data-end=\"4591\">\n<td data-start=\"4467\" data-end=\"4492\" data-col-size=\"sm\"><\/td>\n<td data-start=\"4492\" data-end=\"4518\" data-col-size=\"sm\">Is\u0131 presleme<\/td>\n<td data-start=\"4518\" data-end=\"4591\" data-col-size=\"md\">210 \u00b0C&#039;de 15 saniye \u00fct\u00fcleyin<\/td>\n<\/tr>\n<tr data-start=\"4592\" data-end=\"4716\">\n<td data-start=\"4592\" data-end=\"4617\" data-col-size=\"sm\">Uygulamalar<\/td>\n<td data-col-size=\"sm\" data-start=\"4617\" data-end=\"4643\">Tipik kullan\u0131m durumlar\u0131<\/td>\n<td data-col-size=\"md\" data-start=\"4643\" data-end=\"4716\">\u00c7ama\u015f\u0131rhane, otel, okul, kalite kontrol, envanter y\u00f6netimi<\/td>\n<\/tr>\n<\/tbody>\n<\/table>\n<\/div>\n<\/div>","protected":false},"excerpt":{"rendered":"<p>Tekstil ve \u00e7ar\u015faflar i\u00e7in uzun okuma aral\u0131\u011f\u0131na, y\u00fcksek s\u0131cakl\u0131\u011fa dayan\u0131kl\u0131l\u0131\u011fa ve otoklav ve 60 bar ekstrakt\u00f6r deste\u011fine sahip, dayan\u0131kl\u0131, y\u0131kanabilir, su ge\u00e7irmez UHF RFID \u00e7ama\u015f\u0131r etiketleri.<\/p>","protected":false},"featured_media":702,"template":"","meta":{"_gspb_post_css":""},"product_brand":[],"product_cat":[17,18],"product_tag":[],"class_list":{"0":"post-701","1":"product","2":"type-product","3":"status-publish","4":"has-post-thumbnail","6":"product_cat-rfid-laundry-tags","7":"product_cat-textile-rfid-laundry-tags","9":"first","10":"instock","11":"shipping-taxable","12":"purchasable","13":"product-type-simple"},"_links":{"self":[{"href":"https:\/\/www.cxjsmartcard.com\/tr\/wp-json\/wp\/v2\/product\/701","targetHints":{"allow":["GET"]}}],"collection":[{"href":"https:\/\/www.cxjsmartcard.com\/tr\/wp-json\/wp\/v2\/product"}],"about":[{"href":"https:\/\/www.cxjsmartcard.com\/tr\/wp-json\/wp\/v2\/types\/product"}],"wp:featuredmedia":[{"embeddable":true,"href":"https:\/\/www.cxjsmartcard.com\/tr\/wp-json\/wp\/v2\/media\/702"}],"wp:attachment":[{"href":"https:\/\/www.cxjsmartcard.com\/tr\/wp-json\/wp\/v2\/media?parent=701"}],"wp:term":[{"taxonomy":"product_brand","embeddable":true,"href":"https:\/\/www.cxjsmartcard.com\/tr\/wp-json\/wp\/v2\/product_brand?post=701"},{"taxonomy":"product_cat","embeddable":true,"href":"https:\/\/www.cxjsmartcard.com\/tr\/wp-json\/wp\/v2\/product_cat?post=701"},{"taxonomy":"product_tag","embeddable":true,"href":"https:\/\/www.cxjsmartcard.com\/tr\/wp-json\/wp\/v2\/product_tag?post=701"}],"curies":[{"name":"wp","href":"https:\/\/api.w.org\/{rel}","templated":true}]}}