{"id":692,"date":"2025-11-02T09:12:58","date_gmt":"2025-11-02T09:12:58","guid":{"rendered":"https:\/\/www.cxjsmartcard.com\/?post_type=product&#038;p=692"},"modified":"2025-12-29T01:27:11","modified_gmt":"2025-12-29T01:27:11","slug":"heating-sealing-uhf-laundry-tag-for-hotel-linen-management","status":"publish","type":"product","link":"https:\/\/www.cxjsmartcard.com\/tr\/heating-sealing-uhf-laundry-tag-for-hotel-linen-management\/","title":{"rendered":"Otel \u00c7ama\u015f\u0131r Y\u00f6netimi i\u00e7in Is\u0131tma S\u0131zd\u0131rmazl\u0131k UHF \u00c7ama\u015f\u0131r Etiketi"},"content":{"rendered":"<p data-start=\"78\" data-end=\"323\">Otel \u00e7ar\u015faflar\u0131n\u0131n, i\u015f k\u0131yafetlerinin ve di\u011fer tekstil \u00fcr\u00fcnlerinin dar eteklerine \u0131s\u0131yla yap\u0131\u015ft\u0131r\u0131lmak veya dikilmek \u00fczere tasarlanm\u0131\u015f, su ge\u00e7irmez, yumu\u015fak UHF \u00e7ama\u015f\u0131r etiketi. Envanter do\u011frulu\u011funu art\u0131rmak ve i\u015f g\u00fcc\u00fcn\u00fc azaltmak i\u00e7in y\u00fcksek s\u0131cakl\u0131kta y\u0131kama\/kurutma ve toplu tarama i\u00e7in tasarlanm\u0131\u015ft\u0131r.<\/p>\n<p data-start=\"325\" data-end=\"341\"><strong data-start=\"325\" data-end=\"341\">Temel \u00d6zellikler<\/strong><\/p>\n<ul data-start=\"342\" data-end=\"864\">\n<li data-start=\"342\" data-end=\"394\">\n<p data-start=\"344\" data-end=\"394\">Boyutlar: 55\u00d712 mm, 70\u00d715 mm, 87\u00d717 mm (\u00f6zelle\u015ftirilebilir)<\/p>\n<\/li>\n<li data-start=\"395\" data-end=\"419\">\n<p data-start=\"397\" data-end=\"419\">\u00c7ipler: NXP U8 \/ NXP U9<\/p>\n<\/li>\n<li data-start=\"420\" data-end=\"450\">\n<p data-start=\"422\" data-end=\"450\">Frekans: 865\u2013928 MHz (UHF)<\/p>\n<\/li>\n<li data-start=\"451\" data-end=\"501\">\n<p data-start=\"453\" data-end=\"501\">Malzeme: Polyester; etek u\u00e7lar\u0131 ve diki\u015fler esnektir<\/p>\n<\/li>\n<li data-start=\"502\" data-end=\"570\">\n<p data-start=\"504\" data-end=\"570\">Okuma mesafesi: 3 m&#039;ye kadar (okuyucunuz ve ortam\u0131n\u0131zla do\u011frulay\u0131n)<\/p>\n<\/li>\n<li data-start=\"571\" data-end=\"633\">\n<p data-start=\"573\" data-end=\"633\">Garanti: 200 y\u0131kama d\u00f6ng\u00fcs\u00fcn\u00fcn ilki veya g\u00f6nderim tarihinden itibaren 3 y\u0131l<\/p>\n<\/li>\n<li data-start=\"634\" data-end=\"697\">\n<p data-start=\"636\" data-end=\"697\">Kimyasal diren\u00e7: Yayg\u0131n \u00e7ama\u015f\u0131r kimyasallar\u0131yla uyumludur<\/p>\n<\/li>\n<li data-start=\"698\" data-end=\"864\">\n<p data-start=\"700\" data-end=\"864\">\u0130\u015fletme avantajlar\u0131: H\u0131zl\u0131 toplama, s\u0131ralama, otomatik envanter, ge\u00e7mi\u015f takibi ve rapor olu\u015fturmay\u0131 m\u00fcmk\u00fcn k\u0131lar; hatalar\u0131 ve maliyetleri azaltmak i\u00e7in toplu tarama deste\u011fi sa\u011flar<\/p>\n<\/li>\n<\/ul>\n<p data-start=\"866\" data-end=\"894\"><strong data-start=\"866\" data-end=\"894\">Teknik \u00d6zellikler<\/strong><\/p>\n<div class=\"_tableContainer_1rjym_1\">\n<div class=\"group _tableWrapper_1rjym_13 flex w-fit flex-col-reverse\" tabindex=\"-1\">\n<table class=\"w-fit min-w-(--thread-content-width)\" data-start=\"896\" data-end=\"3705\">\n<thead data-start=\"896\" data-end=\"1060\">\n<tr data-start=\"896\" data-end=\"1060\">\n<th data-start=\"896\" data-end=\"921\" data-col-size=\"sm\">\u00d6\u011fe<\/th>\n<th data-start=\"921\" data-end=\"1060\" data-col-size=\"lg\">Detaylar<\/th>\n<\/tr>\n<\/thead>\n<tbody data-start=\"1226\" data-end=\"3705\">\n<tr data-start=\"1226\" data-end=\"1390\">\n<td data-start=\"1226\" data-end=\"1251\" data-col-size=\"sm\">Ba\u015fvuru<\/td>\n<td data-col-size=\"lg\" data-start=\"1251\" data-end=\"1390\">Otel \u00e7ar\u015faflar\u0131\/\u00e7ar\u015faflar\u0131, i\u015f k\u0131yafetleri, di\u011fer tekstil \u00fcr\u00fcnleri<\/td>\n<\/tr>\n<tr data-start=\"1391\" data-end=\"1555\">\n<td data-start=\"1391\" data-end=\"1416\" data-col-size=\"sm\">Boyut Se\u00e7enekleri<\/td>\n<td data-col-size=\"lg\" data-start=\"1416\" data-end=\"1555\">55\u00d712 mm, 70\u00d715 mm, 87\u00d717 mm (\u00f6zel)<\/td>\n<\/tr>\n<tr data-start=\"1556\" data-end=\"1720\">\n<td data-start=\"1556\" data-end=\"1581\" data-col-size=\"sm\">IC \/ \u00c7ip<\/td>\n<td data-col-size=\"lg\" data-start=\"1581\" data-end=\"1720\">NXP U8, NXP U9<\/td>\n<\/tr>\n<tr data-start=\"1721\" data-end=\"1885\">\n<td data-start=\"1721\" data-end=\"1746\" data-col-size=\"sm\">\u00c7al\u0131\u015fma Frekans\u0131<\/td>\n<td data-start=\"1746\" data-end=\"1885\" data-col-size=\"lg\">865\u2013928 MHz<\/td>\n<\/tr>\n<tr data-start=\"1886\" data-end=\"2050\">\n<td data-start=\"1886\" data-end=\"1911\" data-col-size=\"sm\">Etiket Malzemesi<\/td>\n<td data-col-size=\"lg\" data-start=\"1911\" data-end=\"2050\">Polyester<\/td>\n<\/tr>\n<tr data-start=\"2051\" data-end=\"2215\">\n<td data-start=\"2051\" data-end=\"2076\" data-col-size=\"sm\">Okuma Mesafesi<\/td>\n<td data-col-size=\"lg\" data-start=\"2076\" data-end=\"2215\">3 m&#039;ye kadar (yakla\u015f\u0131k 9 ft&#039;ye kadar); yerinde okuyucu ile do\u011frulanmal\u0131d\u0131r<\/td>\n<\/tr>\n<tr data-start=\"2216\" data-end=\"2380\">\n<td data-start=\"2216\" data-end=\"2241\" data-col-size=\"sm\">Etiket Garantisi<\/td>\n<td data-col-size=\"lg\" data-start=\"2241\" data-end=\"2380\">200 y\u0131kama d\u00f6ng\u00fcs\u00fcn\u00fcn ilki <strong data-start=\"2268\" data-end=\"2274\">veya<\/strong> Sevkiyat tarihinden itibaren 3 y\u0131l<\/td>\n<\/tr>\n<tr data-start=\"2381\" data-end=\"2545\">\n<td data-start=\"2381\" data-end=\"2406\" data-col-size=\"sm\">Depolama S\u0131cakl\u0131\u011f\u0131<\/td>\n<td data-start=\"2406\" data-end=\"2545\" data-col-size=\"lg\">-40 \u00b0C ila +120 \u00b0C (-40 \u00b0F ila +248 \u00b0F)<\/td>\n<\/tr>\n<tr data-start=\"2546\" data-end=\"2710\">\n<td data-start=\"2546\" data-end=\"2571\" data-col-size=\"sm\">Y\u0131kama D\u00f6ng\u00fcs\u00fc<\/td>\n<td data-start=\"2571\" data-end=\"2710\" data-col-size=\"lg\">+90 \u00b0C (+194 \u00b0F) 60 dakika boyunca<\/td>\n<\/tr>\n<tr data-start=\"2711\" data-end=\"2875\">\n<td data-start=\"2711\" data-end=\"2736\" data-col-size=\"sm\">Kurutma<\/td>\n<td data-start=\"2736\" data-end=\"2875\" data-col-size=\"lg\">+180 \u00b0C (+356 \u00b0F) 3 dakika boyunca; kurutma presi: 35 bar<\/td>\n<\/tr>\n<tr data-start=\"2876\" data-end=\"3040\">\n<td data-start=\"2876\" data-end=\"2901\" data-col-size=\"sm\">\u00dct\u00fcc\u00fc<\/td>\n<td data-col-size=\"lg\" data-start=\"2901\" data-end=\"3040\">+195 \u00b0C (+383 \u00b0F) 30 saniye boyunca, &lt;18 bar; su \u00e7\u0131kar\u0131c\u0131: 80 saniye boyunca 60 bar<\/td>\n<\/tr>\n<tr data-start=\"3041\" data-end=\"3209\">\n<td data-start=\"3041\" data-end=\"3066\" data-col-size=\"sm\">Otoklav<\/td>\n<td data-start=\"3066\" data-end=\"3209\" data-col-size=\"lg\">Hava giderme: +100 \u00b0C (+212 \u00b0F), 5 dk, 0,1 bar; Kurutma: +45 \u00b0C (+113 \u00b0F), 15 dk, 0,2 bar; Sterilizasyon: +134 \u00b0C (+273 \u00b0F), 20 dk, 3,25 bar<\/td>\n<\/tr>\n<tr data-start=\"3210\" data-end=\"3375\">\n<td data-start=\"3210\" data-end=\"3235\" data-col-size=\"sm\">Kimyasal Diren\u00e7<\/td>\n<td data-col-size=\"lg\" data-start=\"3235\" data-end=\"3375\">End\u00fcstriyel \u00e7ama\u015f\u0131r y\u0131kama s\u00fcrecinde yayg\u0131n olarak kullan\u0131lan kimyasallara kar\u015f\u0131 dayan\u0131kl\u0131d\u0131r<\/td>\n<\/tr>\n<tr data-start=\"3376\" data-end=\"3540\">\n<td data-start=\"3376\" data-end=\"3401\" data-col-size=\"sm\">Paketleme Se\u00e7enekleri<\/td>\n<td data-col-size=\"lg\" data-start=\"3401\" data-end=\"3540\">Dokumas\u0131z\/silikon\/PPS \u00e7e\u015fitleri mevcuttur; seri numaralar\u0131, barkodlar, QR kodlar\u0131yla \u00f6zelle\u015ftirilebilir<\/td>\n<\/tr>\n<tr data-start=\"3541\" data-end=\"3705\">\n<td data-start=\"3541\" data-end=\"3566\" data-col-size=\"sm\">Tipik Avantajlar<\/td>\n<td data-start=\"3566\" data-end=\"3705\" data-col-size=\"lg\">Toplu kimlik, daha h\u0131zl\u0131 s\u0131ralama, daha az hata, otomatik raporlama, ge\u00e7mi\u015fe d\u00f6n\u00fck izlenebilirlik<\/td>\n<\/tr>\n<\/tbody>\n<\/table>\n<\/div>\n<\/div>","protected":false},"excerpt":{"rendered":"<p>Otel \u00e7ar\u015faflar\u0131 ve i\u015f k\u0131yafetleri i\u00e7in \u0131s\u0131yla kapat\u0131labilen, suya dayan\u0131kl\u0131 UHF RFID \u00e7ama\u015f\u0131r etiketi; 865\u2013928 MHz, NXP U8\/U9, 3 metreye kadar okuma, 200 y\u0131kamaya dayan\u0131kl\u0131 veya 3 y\u0131l garantili.<\/p>","protected":false},"featured_media":693,"template":"","meta":{"_gspb_post_css":""},"product_brand":[],"product_cat":[17,18],"product_tag":[],"class_list":{"0":"post-692","1":"product","2":"type-product","3":"status-publish","4":"has-post-thumbnail","6":"product_cat-rfid-laundry-tags","7":"product_cat-textile-rfid-laundry-tags","9":"first","10":"instock","11":"shipping-taxable","12":"purchasable","13":"product-type-simple"},"_links":{"self":[{"href":"https:\/\/www.cxjsmartcard.com\/tr\/wp-json\/wp\/v2\/product\/692","targetHints":{"allow":["GET"]}}],"collection":[{"href":"https:\/\/www.cxjsmartcard.com\/tr\/wp-json\/wp\/v2\/product"}],"about":[{"href":"https:\/\/www.cxjsmartcard.com\/tr\/wp-json\/wp\/v2\/types\/product"}],"wp:featuredmedia":[{"embeddable":true,"href":"https:\/\/www.cxjsmartcard.com\/tr\/wp-json\/wp\/v2\/media\/693"}],"wp:attachment":[{"href":"https:\/\/www.cxjsmartcard.com\/tr\/wp-json\/wp\/v2\/media?parent=692"}],"wp:term":[{"taxonomy":"product_brand","embeddable":true,"href":"https:\/\/www.cxjsmartcard.com\/tr\/wp-json\/wp\/v2\/product_brand?post=692"},{"taxonomy":"product_cat","embeddable":true,"href":"https:\/\/www.cxjsmartcard.com\/tr\/wp-json\/wp\/v2\/product_cat?post=692"},{"taxonomy":"product_tag","embeddable":true,"href":"https:\/\/www.cxjsmartcard.com\/tr\/wp-json\/wp\/v2\/product_tag?post=692"}],"curies":[{"name":"wp","href":"https:\/\/api.w.org\/{rel}","templated":true}]}}