{"id":687,"date":"2025-11-02T08:27:34","date_gmt":"2025-11-02T08:27:34","guid":{"rendered":"https:\/\/www.cxjsmartcard.com\/?post_type=product&#038;p=687"},"modified":"2025-12-29T01:27:11","modified_gmt":"2025-12-29T01:27:11","slug":"70x15mm-flexible-rfid-laundry-tag","status":"publish","type":"product","link":"https:\/\/www.cxjsmartcard.com\/tr\/70x15mm-flexible-rfid-laundry-tag\/","title":{"rendered":"70\u00d715mm Esnek RFID \u00c7ama\u015f\u0131r Etiketi"},"content":{"rendered":"<p data-start=\"222\" data-end=\"462\">Oteller, hastaneler, haz\u0131r giyim fabrikalar\u0131 ve i\u015f k\u0131yafetleri i\u015fletmelerinde end\u00fcstriyel y\u0131kama i\u00e7in UHF tekstil RFID \u00e7ama\u015f\u0131r etiketi. Yumu\u015fak, esnek, su ge\u00e7irmez ve \u0131s\u0131ya dayan\u0131kl\u0131; dikilebilir, \u0131s\u0131yla kapat\u0131labilir veya etek ucuna yerle\u015ftirilebilir, b\u00f6ylece konfordan \u00f6d\u00fcn verilmez.<\/p>\n<p data-start=\"464\" data-end=\"480\"><strong data-start=\"464\" data-end=\"480\">Temel \u00d6zellikler<\/strong><\/p>\n<ul data-start=\"481\" data-end=\"845\">\n<li data-start=\"481\" data-end=\"547\">\n<p data-start=\"483\" data-end=\"547\">200&#039;den fazla end\u00fcstriyel y\u0131kama d\u00f6ng\u00fcs\u00fc; her etiket 100% bellek yazma testinden ge\u00e7irilmi\u015ftir.<\/p>\n<\/li>\n<li data-start=\"548\" data-end=\"600\">\n<p data-start=\"550\" data-end=\"600\">60 bara kadar su tahliye bas\u0131nc\u0131na dayan\u0131kl\u0131d\u0131r.<\/p>\n<\/li>\n<li data-start=\"601\" data-end=\"648\">\n<p data-start=\"603\" data-end=\"648\">Dar pa\u00e7a ve diki\u015fler i\u00e7in yumu\u015fak kuma\u015f tasar\u0131m\u0131.<\/p>\n<\/li>\n<li data-start=\"649\" data-end=\"712\">\n<p data-start=\"651\" data-end=\"712\">EPC S\u0131n\u0131f 1 Gen2 \/ ISO18000-6C, 860\u2013960 MHz (NXP UCODE\u00ae 8\/9).<\/p>\n<\/li>\n<li data-start=\"713\" data-end=\"769\">\n<p data-start=\"715\" data-end=\"769\">Okuma mesafesi 3\u20136 m&#039;ye kadar (okuyucu\/ortama ba\u011fl\u0131d\u0131r).<\/p>\n<\/li>\n<li data-start=\"770\" data-end=\"845\">\n<p data-start=\"772\" data-end=\"845\">90\u00b0C y\u0131kamaya, 180\u00b0C kurutmaya, 195\u00b0C \u00fct\u00fclemeye, 134\u00b0C sterilizasyona dayan\u0131kl\u0131d\u0131r.<\/p>\n<\/li>\n<\/ul>\n<p data-start=\"847\" data-end=\"875\"><strong data-start=\"847\" data-end=\"875\">Teknik \u00d6zellikler<\/strong><\/p>\n<div class=\"_tableContainer_1rjym_1\">\n<div class=\"group _tableWrapper_1rjym_13 flex w-fit flex-col-reverse\" tabindex=\"-1\">\n<table class=\"w-fit min-w-(--thread-content-width)\" data-start=\"877\" data-end=\"2844\">\n<thead data-start=\"877\" data-end=\"974\">\n<tr data-start=\"877\" data-end=\"974\">\n<th data-start=\"877\" data-end=\"899\" data-col-size=\"sm\">\u00d6\u011fe<\/th>\n<th data-start=\"899\" data-end=\"974\" data-col-size=\"md\">Detaylar<\/th>\n<\/tr>\n<\/thead>\n<tbody data-start=\"1073\" data-end=\"2844\">\n<tr data-start=\"1073\" data-end=\"1170\">\n<td data-start=\"1073\" data-end=\"1095\" data-col-size=\"sm\">\u00dcr\u00fcn T\u00fcr\u00fc<\/td>\n<td data-col-size=\"md\" data-start=\"1095\" data-end=\"1170\">UHF Tekstil RFID \u00c7ama\u015f\u0131r Etiketi<\/td>\n<\/tr>\n<tr data-start=\"1171\" data-end=\"1268\">\n<td data-start=\"1171\" data-end=\"1193\" data-col-size=\"sm\">Malzeme<\/td>\n<td data-col-size=\"md\" data-start=\"1193\" data-end=\"1268\">Kuma\u015f \/ Dokuma \/ Polyester<\/td>\n<\/tr>\n<tr data-start=\"1269\" data-end=\"1366\">\n<td data-start=\"1269\" data-end=\"1291\" data-col-size=\"sm\">Boyut Se\u00e7enekleri<\/td>\n<td data-start=\"1291\" data-end=\"1366\" data-col-size=\"md\">55\u00d712 mm, <strong data-start=\"1302\" data-end=\"1313\">70\u00d715 mm<\/strong>, 87\u00d717mm (\u00f6zelle\u015ftirilebilir)<\/td>\n<\/tr>\n<tr data-start=\"1367\" data-end=\"1464\">\n<td data-start=\"1367\" data-end=\"1389\" data-col-size=\"sm\">\u00c7ip Se\u00e7enekleri<\/td>\n<td data-start=\"1389\" data-end=\"1464\" data-col-size=\"md\">NXP UCODE\u00ae 8, UCODE\u00ae 9<\/td>\n<\/tr>\n<tr data-start=\"1465\" data-end=\"1563\">\n<td data-start=\"1465\" data-end=\"1487\" data-col-size=\"sm\">S\u0131kl\u0131k<\/td>\n<td data-col-size=\"md\" data-start=\"1487\" data-end=\"1563\">860\u2013960 MHz<\/td>\n<\/tr>\n<tr data-start=\"1564\" data-end=\"1661\">\n<td data-start=\"1564\" data-end=\"1586\" data-col-size=\"sm\">Protokol<\/td>\n<td data-col-size=\"md\" data-start=\"1586\" data-end=\"1661\">EPC S\u0131n\u0131f 1 Gen2; ISO18000-6C<\/td>\n<\/tr>\n<tr data-start=\"1662\" data-end=\"1759\">\n<td data-start=\"1662\" data-end=\"1684\" data-col-size=\"sm\">Okuma Mesafesi<\/td>\n<td data-col-size=\"md\" data-start=\"1684\" data-end=\"1759\">3\u20136 m&#039;ye kadar (okuyucuya ve ortama ba\u011fl\u0131)<\/td>\n<\/tr>\n<tr data-start=\"1760\" data-end=\"1858\">\n<td data-start=\"1760\" data-end=\"1782\" data-col-size=\"sm\">TID<\/td>\n<td data-start=\"1782\" data-end=\"1858\" data-col-size=\"md\">96 bit TID<\/td>\n<\/tr>\n<tr data-start=\"1859\" data-end=\"1957\">\n<td data-start=\"1859\" data-end=\"1881\" data-col-size=\"sm\">EPC Belle\u011fi<\/td>\n<td data-start=\"1881\" data-end=\"1957\" data-col-size=\"md\">96\u2013128 bit<\/td>\n<\/tr>\n<tr data-start=\"1958\" data-end=\"2056\">\n<td data-start=\"1958\" data-end=\"1980\" data-col-size=\"sm\">Veri Saklama<\/td>\n<td data-col-size=\"md\" data-start=\"1980\" data-end=\"2056\">10 y\u0131l<\/td>\n<\/tr>\n<tr data-start=\"2057\" data-end=\"2155\">\n<td data-start=\"2057\" data-end=\"2079\" data-col-size=\"sm\">Yeniden Programlama D\u00f6ng\u00fcleri<\/td>\n<td data-col-size=\"md\" data-start=\"2079\" data-end=\"2155\">100.000 kez<\/td>\n<\/tr>\n<tr data-start=\"2156\" data-end=\"2254\">\n<td data-start=\"2156\" data-end=\"2178\" data-col-size=\"sm\">Y\u0131kama Direnci<\/td>\n<td data-col-size=\"md\" data-start=\"2178\" data-end=\"2254\">200+ \u00e7evrim, 90\u00b0C y\u0131kama \/ 180\u00b0C kurutma \/ 195\u00b0C \u00fct\u00fcleme<\/td>\n<\/tr>\n<tr data-start=\"2255\" data-end=\"2352\">\n<td data-start=\"2255\" data-end=\"2277\" data-col-size=\"sm\">Sterilizasyon<\/td>\n<td data-col-size=\"md\" data-start=\"2277\" data-end=\"2352\">3,25 barda 20 dakika boyunca +134\u00b0C<\/td>\n<\/tr>\n<tr data-start=\"2353\" data-end=\"2450\">\n<td data-start=\"2353\" data-end=\"2375\" data-col-size=\"sm\">Su Ge\u00e7irmezlik Derecesi<\/td>\n<td data-col-size=\"md\" data-start=\"2375\" data-end=\"2450\">Suya dayan\u0131kl\u0131, kimyasallara dayan\u0131kl\u0131<\/td>\n<\/tr>\n<tr data-start=\"2451\" data-end=\"2549\">\n<td data-start=\"2451\" data-end=\"2473\" data-col-size=\"sm\">\u00c7al\u0131\u015fma S\u0131cakl\u0131\u011f\u0131.<\/td>\n<td data-start=\"2473\" data-end=\"2549\" data-col-size=\"md\">-20\u00b0C ~ +85\u00b0C<\/td>\n<\/tr>\n<tr data-start=\"2550\" data-end=\"2648\">\n<td data-start=\"2550\" data-end=\"2572\" data-col-size=\"sm\">Depolama S\u0131cakl\u0131\u011f\u0131.<\/td>\n<td data-start=\"2572\" data-end=\"2648\" data-col-size=\"md\">-40\u00b0C ~ +120\u00b0C<\/td>\n<\/tr>\n<tr data-start=\"2649\" data-end=\"2746\">\n<td data-start=\"2649\" data-end=\"2671\" data-col-size=\"sm\">\u00d6zelle\u015ftirme<\/td>\n<td data-col-size=\"md\" data-start=\"2671\" data-end=\"2746\">Seri numaras\u0131, logo, kodlama, \u00f6zel anten<\/td>\n<\/tr>\n<tr data-start=\"2747\" data-end=\"2844\">\n<td data-start=\"2747\" data-end=\"2769\" data-col-size=\"sm\">Uygulamalar<\/td>\n<td data-col-size=\"md\" data-start=\"2769\" data-end=\"2844\">Oteller, hastaneler, i\u015f k\u0131yafetleri, tekstil\/giyim, \u00fcniforma y\u00f6netimi<\/td>\n<\/tr>\n<\/tbody>\n<\/table>\n<\/div>\n<\/div>","protected":false},"excerpt":{"rendered":"<p>Otel, hastane ve end\u00fcstriyel i\u015f k\u0131yafetleri takibi i\u00e7in esnek 70\u00d715mm UHF RFID \u00e7ama\u015f\u0131r etiketi; 200&#039;den fazla y\u0131kama d\u00f6ng\u00fcs\u00fc, 3\u20136 m okuma aral\u0131\u011f\u0131, EPC Gen2, dikilebilir\/\u0131s\u0131t\u0131labilir.<\/p>","protected":false},"featured_media":689,"template":"","meta":{"_gspb_post_css":""},"product_brand":[],"product_cat":[17,18],"product_tag":[],"class_list":{"0":"post-687","1":"product","2":"type-product","3":"status-publish","4":"has-post-thumbnail","6":"product_cat-rfid-laundry-tags","7":"product_cat-textile-rfid-laundry-tags","9":"first","10":"instock","11":"shipping-taxable","12":"purchasable","13":"product-type-simple"},"_links":{"self":[{"href":"https:\/\/www.cxjsmartcard.com\/tr\/wp-json\/wp\/v2\/product\/687","targetHints":{"allow":["GET"]}}],"collection":[{"href":"https:\/\/www.cxjsmartcard.com\/tr\/wp-json\/wp\/v2\/product"}],"about":[{"href":"https:\/\/www.cxjsmartcard.com\/tr\/wp-json\/wp\/v2\/types\/product"}],"wp:featuredmedia":[{"embeddable":true,"href":"https:\/\/www.cxjsmartcard.com\/tr\/wp-json\/wp\/v2\/media\/689"}],"wp:attachment":[{"href":"https:\/\/www.cxjsmartcard.com\/tr\/wp-json\/wp\/v2\/media?parent=687"}],"wp:term":[{"taxonomy":"product_brand","embeddable":true,"href":"https:\/\/www.cxjsmartcard.com\/tr\/wp-json\/wp\/v2\/product_brand?post=687"},{"taxonomy":"product_cat","embeddable":true,"href":"https:\/\/www.cxjsmartcard.com\/tr\/wp-json\/wp\/v2\/product_cat?post=687"},{"taxonomy":"product_tag","embeddable":true,"href":"https:\/\/www.cxjsmartcard.com\/tr\/wp-json\/wp\/v2\/product_tag?post=687"}],"curies":[{"name":"wp","href":"https:\/\/api.w.org\/{rel}","templated":true}]}}