{"id":682,"date":"2025-11-01T11:12:34","date_gmt":"2025-11-01T11:12:34","guid":{"rendered":"https:\/\/www.cxjsmartcard.com\/?post_type=product&#038;p=682"},"modified":"2025-12-29T01:27:11","modified_gmt":"2025-12-29T01:27:11","slug":"stainless-steel-metal-blank-black-nfc-business-cards","status":"publish","type":"product","link":"https:\/\/www.cxjsmartcard.com\/tr\/stainless-steel-metal-blank-black-nfc-business-cards\/","title":{"rendered":"Paslanmaz \u00c7elik Metal Bo\u015f Siyah NFC Kartvizitler"},"content":{"rendered":"<p data-start=\"59\" data-end=\"379\">Siyah elektroliz kaplamal\u0131, birinci s\u0131n\u0131f paslanmaz \u00e7elik NFC metal kartvizitler. Dokunarak a\u00e7\u0131lan ba\u011flant\u0131lar, dijital profiller, WiFi veya ki\u015fi payla\u015f\u0131m\u0131 i\u00e7in yerle\u015fik temass\u0131z NFC \u00e7ipini (NTAG\/MIFARE) destekler. Dayan\u0131kl\u0131, \u00fcst d\u00fczey, \u00e7izilmeye dayan\u0131kl\u0131, VIP, marka, etkinlikler, eri\u015fim ve kurumsal hediyeler i\u00e7in idealdir.<\/p>\n<p data-start=\"381\" data-end=\"400\"><strong data-start=\"381\" data-end=\"398\">\u015eartname<\/strong><\/p>\n<div class=\"_tableContainer_1rjym_1\">\n<div class=\"group _tableWrapper_1rjym_13 flex w-fit flex-col-reverse\" tabindex=\"-1\">\n<table class=\"w-fit min-w-(--thread-content-width)\" data-start=\"401\" data-end=\"1213\">\n<thead data-start=\"401\" data-end=\"419\">\n<tr data-start=\"401\" data-end=\"419\">\n<th data-start=\"401\" data-end=\"408\" data-col-size=\"sm\">\u00d6\u011fe<\/th>\n<th data-start=\"408\" data-end=\"419\" data-col-size=\"lg\">Detaylar<\/th>\n<\/tr>\n<\/thead>\n<tbody data-start=\"430\" data-end=\"1213\">\n<tr data-start=\"430\" data-end=\"471\">\n<td data-start=\"430\" data-end=\"441\" data-col-size=\"sm\">Malzeme<\/td>\n<td data-col-size=\"lg\" data-start=\"441\" data-end=\"471\">Paslanmaz \u00e7elik \/ Al\u00fcminyum<\/td>\n<\/tr>\n<tr data-start=\"472\" data-end=\"511\">\n<td data-start=\"472\" data-end=\"488\" data-col-size=\"sm\">Standart Boyut<\/td>\n<td data-start=\"488\" data-end=\"511\" data-col-size=\"lg\">85,5 \u00d7 54 mm (CR80)<\/td>\n<\/tr>\n<tr data-start=\"512\" data-end=\"593\">\n<td data-start=\"512\" data-end=\"534\" data-col-size=\"sm\">Mevcut Kal\u0131nl\u0131k<\/td>\n<td data-col-size=\"lg\" data-start=\"534\" data-end=\"593\">0,3 \/ 0,35 \/ 0,4 \/ 0,5 \/ 0,6 \/ 0,8 \/ 1,0 \/ 1,2 \/ 1,3 mm<\/td>\n<\/tr>\n<tr data-start=\"594\" data-end=\"666\">\n<td data-start=\"594\" data-end=\"613\" data-col-size=\"sm\">Y\u00fczey Kaplamalar\u0131<\/td>\n<td data-col-size=\"lg\" data-start=\"613\" data-end=\"666\">F\u0131r\u00e7alanm\u0131\u015f, cilalanm\u0131\u015f, aynal\u0131, buzlu, do\u011fal \u00e7elik<\/td>\n<\/tr>\n<tr data-start=\"667\" data-end=\"748\">\n<td data-start=\"667\" data-end=\"683\" data-col-size=\"sm\">Renk Se\u00e7enekleri<\/td>\n<td data-col-size=\"lg\" data-start=\"683\" data-end=\"748\">Siyah, alt\u0131n, pembe alt\u0131n, g\u00fcm\u00fc\u015f, camg\u00f6be\u011fi, bronz (galvanik kaplama)<\/td>\n<\/tr>\n<tr data-start=\"749\" data-end=\"824\">\n<td data-start=\"749\" data-end=\"760\" data-col-size=\"sm\">Bask\u0131<\/td>\n<td data-col-size=\"lg\" data-start=\"760\" data-end=\"824\">Serigrafi, UV renkli bask\u0131, asitleme + ipek bask\u0131, asitleme \u00f6nleyici<\/td>\n<\/tr>\n<tr data-start=\"825\" data-end=\"939\">\n<td data-start=\"825\" data-end=\"834\" data-col-size=\"sm\">El sanatlar\u0131<\/td>\n<td data-start=\"834\" data-end=\"939\" data-col-size=\"lg\">Kesme deseni, lazer grav\u00fcr + m\u00fcrekkep dolgusu, QR kodu, seri numaras\u0131, manyetik \u015ferit, imza paneli<\/td>\n<\/tr>\n<tr data-start=\"940\" data-end=\"1010\">\n<td data-start=\"940\" data-end=\"957\" data-col-size=\"sm\">NFC\/IC Se\u00e7enekleri<\/td>\n<td data-col-size=\"lg\" data-start=\"957\" data-end=\"1010\">Temass\u0131z NFC \u00e7ipi (13,56 MHz), temasl\u0131 IC \u00e7ipi<\/td>\n<\/tr>\n<tr data-start=\"1011\" data-end=\"1141\">\n<td data-start=\"1011\" data-end=\"1025\" data-col-size=\"sm\">Ba\u015fvuru<\/td>\n<td data-start=\"1025\" data-end=\"1141\" data-col-size=\"lg\">Kul\u00fcp, tan\u0131t\u0131m, reklam, i\u015fletme, banka, trafik, sigorta, s\u00fcpermarket, otopark, okul, eri\u015fim kontrol\u00fc<\/td>\n<\/tr>\n<tr data-start=\"1142\" data-end=\"1213\">\n<td data-start=\"1142\" data-end=\"1153\" data-col-size=\"sm\">\u00d6zellikler<\/td>\n<td data-start=\"1153\" data-end=\"1213\" data-col-size=\"lg\">\u00dcst d\u00fczey g\u00f6r\u00fcn\u00fcm, uzun kullan\u0131m \u00f6mr\u00fc, suya ve a\u015f\u0131nmaya dayan\u0131kl\u0131<\/td>\n<\/tr>\n<\/tbody>\n<\/table>\n<\/div>\n<\/div>\n<p data-start=\"1215\" data-end=\"1226\"><strong data-start=\"1215\" data-end=\"1224\">Notlar<\/strong><\/p>\n<ul data-start=\"1227\" data-end=\"1431\">\n<li data-start=\"1227\" data-end=\"1282\">\n<p data-start=\"1229\" data-end=\"1282\">Yeniden i\u015fleme\/grav\u00fcr i\u00e7in tamamen bo\u015f siyah metal olabilir<\/p>\n<\/li>\n<li data-start=\"1283\" data-end=\"1317\">\n<p data-start=\"1285\" data-end=\"1317\">\u00d6zel boyut i\u00e7in kal\u0131p \u00fccreti al\u0131nmaz<\/p>\n<\/li>\n<li data-start=\"1318\" data-end=\"1368\">\n<p data-start=\"1320\" data-end=\"1368\">Hem markalama hem de NFC ak\u0131ll\u0131 i\u015flevlerini destekler<\/p>\n<\/li>\n<li data-start=\"1369\" data-end=\"1431\">\n<p data-start=\"1371\" data-end=\"1431\">Metal g\u00f6vde g\u00fc\u00e7l\u00fc bir dokunma hissi ve birinci s\u0131n\u0131f konumland\u0131rma sa\u011flar<\/p>\n<\/li>\n<\/ul>","protected":false},"excerpt":{"rendered":"<p>\u00d6zelle\u015ftirilebilir y\u00fczey, lazer\/QR\/kesikli el sanatlar\u0131 ve dokunarak ba\u011flant\u0131 kurma markalamas\u0131 i\u00e7in 13,56 MHz NFC&#039;ye sahip siyah paslanmaz \u00e7elik NFC metal kartvizit.<\/p>","protected":false},"featured_media":684,"template":"","meta":{"_gspb_post_css":""},"product_brand":[],"product_cat":[15],"product_tag":[],"class_list":{"0":"post-682","1":"product","2":"type-product","3":"status-publish","4":"has-post-thumbnail","6":"product_cat-rfid-cards","8":"first","9":"instock","10":"shipping-taxable","11":"purchasable","12":"product-type-simple"},"_links":{"self":[{"href":"https:\/\/www.cxjsmartcard.com\/tr\/wp-json\/wp\/v2\/product\/682","targetHints":{"allow":["GET"]}}],"collection":[{"href":"https:\/\/www.cxjsmartcard.com\/tr\/wp-json\/wp\/v2\/product"}],"about":[{"href":"https:\/\/www.cxjsmartcard.com\/tr\/wp-json\/wp\/v2\/types\/product"}],"wp:featuredmedia":[{"embeddable":true,"href":"https:\/\/www.cxjsmartcard.com\/tr\/wp-json\/wp\/v2\/media\/684"}],"wp:attachment":[{"href":"https:\/\/www.cxjsmartcard.com\/tr\/wp-json\/wp\/v2\/media?parent=682"}],"wp:term":[{"taxonomy":"product_brand","embeddable":true,"href":"https:\/\/www.cxjsmartcard.com\/tr\/wp-json\/wp\/v2\/product_brand?post=682"},{"taxonomy":"product_cat","embeddable":true,"href":"https:\/\/www.cxjsmartcard.com\/tr\/wp-json\/wp\/v2\/product_cat?post=682"},{"taxonomy":"product_tag","embeddable":true,"href":"https:\/\/www.cxjsmartcard.com\/tr\/wp-json\/wp\/v2\/product_tag?post=682"}],"curies":[{"name":"wp","href":"https:\/\/api.w.org\/{rel}","templated":true}]}}