{"id":677,"date":"2025-11-01T11:10:38","date_gmt":"2025-11-01T11:10:38","guid":{"rendered":"https:\/\/www.cxjsmartcard.com\/?post_type=product&#038;p=677"},"modified":"2025-12-29T01:27:11","modified_gmt":"2025-12-29T01:27:11","slug":"stainless-steel-custom-black-metal-nfc-business-cards","status":"publish","type":"product","link":"https:\/\/www.cxjsmartcard.com\/tr\/stainless-steel-custom-black-metal-nfc-business-cards\/","title":{"rendered":"Paslanmaz \u00c7elik \u00d6zel Siyah Metal NFC Kartvizitler"},"content":{"rendered":"<p data-start=\"60\" data-end=\"422\">Etkinlikler, a\u011f olu\u015fturma ve birinci s\u0131n\u0131f marka bilinci olu\u015fturma i\u00e7in paslanmaz \u00e7elik NFC kartvizitler. ISO 14443A destekli 13,56 MHz \u00e7ipler (NTAG213\/215\/216, MIFARE S50\/S70, Ultralight) \u00fczerine kurulu; dayan\u0131kl\u0131, su ge\u00e7irmez ve \u00e7izilmeye dayan\u0131kl\u0131 y\u00fczeyler, an\u0131nda dokunarak ba\u011flant\u0131 payla\u015f\u0131m\u0131 i\u00e7in \u00f6zelle\u015ftirilebilir kaplamalar ve i\u015f\u00e7ilikle \u00fcretilmi\u015ftir.<\/p>\n<p data-start=\"424\" data-end=\"443\"><strong data-start=\"424\" data-end=\"441\">\u015eartname<\/strong><\/p>\n<div class=\"_tableContainer_1rjym_1\">\n<div class=\"group _tableWrapper_1rjym_13 flex w-fit flex-col-reverse\" tabindex=\"-1\">\n<table class=\"w-fit min-w-(--thread-content-width)\" data-start=\"444\" data-end=\"1339\">\n<thead data-start=\"444\" data-end=\"462\">\n<tr data-start=\"444\" data-end=\"462\">\n<th data-start=\"444\" data-end=\"451\" data-col-size=\"sm\">\u00d6\u011fe<\/th>\n<th data-start=\"451\" data-end=\"462\" data-col-size=\"md\">Detaylar<\/th>\n<\/tr>\n<\/thead>\n<tbody data-start=\"473\" data-end=\"1339\">\n<tr data-start=\"473\" data-end=\"522\">\n<td data-start=\"473\" data-end=\"488\" data-col-size=\"sm\">\u00dcr\u00fcn T\u00fcr\u00fc<\/td>\n<td data-col-size=\"md\" data-start=\"488\" data-end=\"522\">Paslanmaz \u00e7elik metal NFC kart\u0131<\/td>\n<\/tr>\n<tr data-start=\"523\" data-end=\"553\">\n<td data-start=\"523\" data-end=\"534\" data-col-size=\"sm\">Malzeme<\/td>\n<td data-col-size=\"md\" data-start=\"534\" data-end=\"553\">Paslanmaz \u00e7elik<\/td>\n<\/tr>\n<tr data-start=\"554\" data-end=\"598\">\n<td data-start=\"554\" data-end=\"561\" data-col-size=\"sm\">Boyut<\/td>\n<td data-col-size=\"md\" data-start=\"561\" data-end=\"598\">CR80 (85,5 \u00d7 54 mm) veya \u00f6zelle\u015ftirilmi\u015f<\/td>\n<\/tr>\n<tr data-start=\"599\" data-end=\"636\">\n<td data-start=\"599\" data-end=\"611\" data-col-size=\"sm\">Kal\u0131nl\u0131k<\/td>\n<td data-col-size=\"md\" data-start=\"611\" data-end=\"636\">0,8 mm (\u00f6zelle\u015ftirilebilir)<\/td>\n<\/tr>\n<tr data-start=\"637\" data-end=\"662\">\n<td data-start=\"637\" data-end=\"649\" data-col-size=\"sm\">S\u0131kl\u0131k<\/td>\n<td data-col-size=\"md\" data-start=\"649\" data-end=\"662\">13,56 MHz<\/td>\n<\/tr>\n<tr data-start=\"663\" data-end=\"692\">\n<td data-start=\"663\" data-end=\"674\" data-col-size=\"sm\">Protokol<\/td>\n<td data-col-size=\"md\" data-start=\"674\" data-end=\"692\">ISO\/IEC 14443A<\/td>\n<\/tr>\n<tr data-start=\"693\" data-end=\"791\">\n<td data-start=\"693\" data-end=\"711\" data-col-size=\"sm\">HF \u00c7ip Se\u00e7enekleri<\/td>\n<td data-col-size=\"md\" data-start=\"711\" data-end=\"791\">NTAG213 \/ NTAG215 \/ NTAG216 \/ MIFARE S50 (1K) \/ MIFARE S70 (4K) \/ Ultra Hafif<\/td>\n<\/tr>\n<tr data-start=\"792\" data-end=\"859\">\n<td data-start=\"792\" data-end=\"803\" data-col-size=\"sm\">Bitirir<\/td>\n<td data-col-size=\"md\" data-start=\"803\" data-end=\"859\">Siyah, alt\u0131n, g\u00fcm\u00fc\u015f; f\u0131r\u00e7alanm\u0131\u015f, aynal\u0131, mat, buzlu<\/td>\n<\/tr>\n<tr data-start=\"860\" data-end=\"969\">\n<td data-start=\"860\" data-end=\"876\" data-col-size=\"sm\">El Sanatlar\u0131 Se\u00e7enekleri<\/td>\n<td data-col-size=\"md\" data-start=\"876\" data-end=\"969\">Grav\u00fcr \/ lazer kaz\u0131ma \/ ipek bask\u0131 \/ kabartmal\u0131 numara \/ QR kodu \/ barkod \/ UV spot<\/td>\n<\/tr>\n<tr data-start=\"970\" data-end=\"1053\">\n<td data-start=\"970\" data-end=\"989\" data-col-size=\"sm\">\u00d6zel \u00d6zellikler<\/td>\n<td data-col-size=\"md\" data-start=\"989\" data-end=\"1053\">Suya, hava ko\u015fullar\u0131na, \u00e7izilmeye dayan\u0131kl\u0131; mini etiket se\u00e7ene\u011fi<\/td>\n<\/tr>\n<tr data-start=\"1054\" data-end=\"1124\">\n<td data-start=\"1054\" data-end=\"1070\" data-col-size=\"sm\">Uyumluluk<\/td>\n<td data-col-size=\"md\" data-start=\"1070\" data-end=\"1124\">NFC \u00f6zellikli ak\u0131ll\u0131 telefonlarla \u00e7al\u0131\u015f\u0131r (iOS ve Android)<\/td>\n<\/tr>\n<tr data-start=\"1125\" data-end=\"1160\">\n<td data-start=\"1125\" data-end=\"1142\" data-col-size=\"sm\">Sertifikalar<\/td>\n<td data-col-size=\"md\" data-start=\"1142\" data-end=\"1160\">ISO, RoHS, SGS<\/td>\n<\/tr>\n<tr data-start=\"1161\" data-end=\"1257\">\n<td data-start=\"1161\" data-end=\"1176\" data-col-size=\"sm\">Uygulamalar<\/td>\n<td data-start=\"1176\" data-end=\"1257\" data-col-size=\"md\">VIP etkinlikler, partiler, konserler, a\u011f olu\u015fturma, dijital kartvizitler, promosyonlar<\/td>\n<\/tr>\n<tr data-start=\"1258\" data-end=\"1300\">\n<td data-start=\"1258\" data-end=\"1268\" data-col-size=\"sm\">\u00d6rnekler<\/td>\n<td data-col-size=\"md\" data-start=\"1268\" data-end=\"1300\">\u00dccretsiz stok \u00f6rnekleri mevcuttur<\/td>\n<\/tr>\n<tr data-start=\"1301\" data-end=\"1339\">\n<td data-start=\"1301\" data-end=\"1319\" data-col-size=\"sm\">Men\u015fe Yeri<\/td>\n<td data-col-size=\"md\" data-start=\"1319\" data-end=\"1339\">Guangdong, \u00c7in<\/td>\n<\/tr>\n<\/tbody>\n<\/table>\n<\/div>\n<\/div>","protected":false},"excerpt":{"rendered":"<p>Dayan\u0131kl\u0131, dokunarak ba\u011flant\u0131 payla\u015f\u0131m\u0131 i\u00e7in NTAG\/MIFARE \u00e7ipli, ISO 14443A ve \u00f6zelle\u015ftirilebilir siyah metal kaplamal\u0131 paslanmaz \u00e7elik NFC kartvizitler (CR80, 0,8 mm).<\/p>","protected":false},"featured_media":681,"template":"","meta":{"_gspb_post_css":""},"product_brand":[],"product_cat":[15],"product_tag":[],"class_list":{"0":"post-677","1":"product","2":"type-product","3":"status-publish","4":"has-post-thumbnail","6":"product_cat-rfid-cards","8":"first","9":"instock","10":"shipping-taxable","11":"purchasable","12":"product-type-simple"},"_links":{"self":[{"href":"https:\/\/www.cxjsmartcard.com\/tr\/wp-json\/wp\/v2\/product\/677","targetHints":{"allow":["GET"]}}],"collection":[{"href":"https:\/\/www.cxjsmartcard.com\/tr\/wp-json\/wp\/v2\/product"}],"about":[{"href":"https:\/\/www.cxjsmartcard.com\/tr\/wp-json\/wp\/v2\/types\/product"}],"wp:featuredmedia":[{"embeddable":true,"href":"https:\/\/www.cxjsmartcard.com\/tr\/wp-json\/wp\/v2\/media\/681"}],"wp:attachment":[{"href":"https:\/\/www.cxjsmartcard.com\/tr\/wp-json\/wp\/v2\/media?parent=677"}],"wp:term":[{"taxonomy":"product_brand","embeddable":true,"href":"https:\/\/www.cxjsmartcard.com\/tr\/wp-json\/wp\/v2\/product_brand?post=677"},{"taxonomy":"product_cat","embeddable":true,"href":"https:\/\/www.cxjsmartcard.com\/tr\/wp-json\/wp\/v2\/product_cat?post=677"},{"taxonomy":"product_tag","embeddable":true,"href":"https:\/\/www.cxjsmartcard.com\/tr\/wp-json\/wp\/v2\/product_tag?post=677"}],"curies":[{"name":"wp","href":"https:\/\/api.w.org\/{rel}","templated":true}]}}