{"id":672,"date":"2025-11-01T11:04:13","date_gmt":"2025-11-01T11:04:13","guid":{"rendered":"https:\/\/www.cxjsmartcard.com\/?post_type=product&#038;p=672"},"modified":"2025-12-29T01:27:11","modified_gmt":"2025-12-29T01:27:11","slug":"rfid-smart-contactless-mifare-plus-ev2-card","status":"publish","type":"product","link":"https:\/\/www.cxjsmartcard.com\/tr\/rfid-smart-contactless-mifare-plus-ev2-card\/","title":{"rendered":"RFID Ak\u0131ll\u0131 Temass\u0131z MIFARE Plus EV2 Kart\u0131"},"content":{"rendered":"<p data-start=\"50\" data-end=\"400\">Ta\u015f\u0131mac\u0131l\u0131k, eri\u015fim kontrol\u00fc, sadakat\/\u00fcyelik ve perakende programlar\u0131 i\u00e7in tasarlanm\u0131\u015f, NXP MIFARE Plus\u00ae EV2 tabanl\u0131, y\u00fcksek g\u00fcvenlikli 13,56 MHz temass\u0131z ak\u0131ll\u0131 kart. ISO\/IEC 14443A standard\u0131n\u0131, 106\u2013848 kbit\/sn h\u0131zl\u0131 aktar\u0131m\u0131, AES-128 g\u00fcvenli mesajla\u015fmay\u0131 ve eski altyap\u0131lardan sorunsuz ge\u00e7i\u015fi destekler.<\/p>\n<p data-start=\"402\" data-end=\"421\"><strong data-start=\"402\" data-end=\"419\">\u015eartname<\/strong><\/p>\n<div class=\"_tableContainer_1rjym_1\">\n<div class=\"group _tableWrapper_1rjym_13 flex w-fit flex-col-reverse\" tabindex=\"-1\">\n<table class=\"w-fit min-w-(--thread-content-width)\" data-start=\"422\" data-end=\"1050\">\n<thead data-start=\"422\" data-end=\"440\">\n<tr data-start=\"422\" data-end=\"440\">\n<th data-start=\"422\" data-end=\"429\" data-col-size=\"sm\">\u00d6\u011fe<\/th>\n<th data-start=\"429\" data-end=\"440\" data-col-size=\"md\">Detaylar<\/th>\n<\/tr>\n<\/thead>\n<tbody data-start=\"451\" data-end=\"1050\">\n<tr data-start=\"451\" data-end=\"500\">\n<td data-start=\"451\" data-end=\"458\" data-col-size=\"sm\">\u00c7ip<\/td>\n<td data-col-size=\"md\" data-start=\"458\" data-end=\"500\">MIFARE Plus\u00ae EV2 (2KB \/ 4KB NV bellek)<\/td>\n<\/tr>\n<tr data-start=\"501\" data-end=\"526\">\n<td data-start=\"501\" data-end=\"513\" data-col-size=\"sm\">S\u0131kl\u0131k<\/td>\n<td data-col-size=\"md\" data-start=\"513\" data-end=\"526\">13,56 MHz<\/td>\n<\/tr>\n<tr data-start=\"527\" data-end=\"576\">\n<td data-start=\"527\" data-end=\"538\" data-col-size=\"sm\">Protokol<\/td>\n<td data-col-size=\"md\" data-start=\"538\" data-end=\"576\">ISO\/IEC 14443 Tip A (b\u00f6l\u00fcm 2\/3\/4)<\/td>\n<\/tr>\n<tr data-start=\"577\" data-end=\"621\">\n<td data-start=\"577\" data-end=\"589\" data-col-size=\"sm\">Veri H\u0131z\u0131<\/td>\n<td data-col-size=\"md\" data-start=\"589\" data-end=\"621\">106 \/ 212 \/ 424 \/ 848 kbit\/s<\/td>\n<\/tr>\n<tr data-start=\"622\" data-end=\"684\">\n<td data-start=\"622\" data-end=\"628\" data-col-size=\"sm\">UID<\/td>\n<td data-col-size=\"md\" data-start=\"628\" data-end=\"684\">7 baytl\u0131k UID (Rastgele Kimlik se\u00e7ene\u011fi), 4 baytl\u0131k NUID desteklenir<\/td>\n<\/tr>\n<tr data-start=\"685\" data-end=\"736\">\n<td data-start=\"685\" data-end=\"698\" data-col-size=\"sm\">Okuma Aral\u0131\u011f\u0131<\/td>\n<td data-col-size=\"md\" data-start=\"698\" data-end=\"736\">~1\u20136 cm (okuyucu\/antene ba\u011fl\u0131)<\/td>\n<\/tr>\n<tr data-start=\"737\" data-end=\"780\">\n<td data-start=\"737\" data-end=\"754\" data-col-size=\"sm\">Kart Malzemeleri<\/td>\n<td data-col-size=\"md\" data-start=\"754\" data-end=\"780\">PVC \/ PET \/ PETG \/ ABS<\/td>\n<\/tr>\n<tr data-start=\"781\" data-end=\"839\">\n<td data-start=\"781\" data-end=\"788\" data-col-size=\"sm\">Boyut<\/td>\n<td data-col-size=\"md\" data-start=\"788\" data-end=\"839\">85,5 \u00d7 54 \u00d7 0,9 mm (ID-1); OEM\/\u00f6zel \u00fcretim mevcuttur<\/td>\n<\/tr>\n<tr data-start=\"840\" data-end=\"887\">\n<td data-start=\"840\" data-end=\"857\" data-col-size=\"sm\">Sertifikalar<\/td>\n<td data-col-size=\"md\" data-start=\"857\" data-end=\"887\">ISO9001, ISO14001, CE, SGS<\/td>\n<\/tr>\n<tr data-start=\"888\" data-end=\"963\">\n<td data-start=\"888\" data-end=\"912\" data-col-size=\"sm\">Dayan\u0131kl\u0131l\u0131k \/ Tutma<\/td>\n<td data-col-size=\"md\" data-start=\"912\" data-end=\"963\">~1.000.000 yazma d\u00f6ng\u00fcs\u00fc; 25 y\u0131ll\u0131k veri saklama<\/td>\n<\/tr>\n<tr data-start=\"964\" data-end=\"1050\">\n<td data-start=\"964\" data-end=\"989\" data-col-size=\"sm\">Geriye D\u00f6n\u00fck Uyumluluk<\/td>\n<td data-col-size=\"md\" data-start=\"989\" data-end=\"1050\">MIFARE Classic \/ Plus ile uyumlu bellek organizasyonu<\/td>\n<\/tr>\n<\/tbody>\n<\/table>\n<\/div>\n<\/div>\n<p data-start=\"1052\" data-end=\"1076\"><strong data-start=\"1052\" data-end=\"1074\">G\u00fcvenlik ve Gizlilik<\/strong><\/p>\n<div class=\"_tableContainer_1rjym_1\">\n<div class=\"group _tableWrapper_1rjym_13 flex w-fit flex-col-reverse\" tabindex=\"-1\">\n<table class=\"w-fit min-w-(--thread-content-width)\" data-start=\"1077\" data-end=\"1475\">\n<thead data-start=\"1077\" data-end=\"1102\">\n<tr data-start=\"1077\" data-end=\"1102\">\n<th data-start=\"1077\" data-end=\"1087\" data-col-size=\"sm\">\u00d6zellik<\/th>\n<th data-start=\"1087\" data-end=\"1102\" data-col-size=\"md\">Tan\u0131m<\/th>\n<\/tr>\n<\/thead>\n<tbody data-start=\"1113\" data-end=\"1475\">\n<tr data-start=\"1113\" data-end=\"1186\">\n<td data-start=\"1113\" data-end=\"1128\" data-col-size=\"sm\">Kriptografi<\/td>\n<td data-col-size=\"md\" data-start=\"1128\" data-end=\"1186\">AES-128 (kar\u015f\u0131l\u0131kl\u0131 3 ge\u00e7i\u015fli kimlik do\u011frulama), CMAC b\u00fct\u00fcnl\u00fc\u011f\u00fc<\/td>\n<\/tr>\n<tr data-start=\"1187\" data-end=\"1236\">\n<td data-start=\"1187\" data-end=\"1205\" data-col-size=\"sm\">Ortak Kriterler<\/td>\n<td data-col-size=\"md\" data-start=\"1205\" data-end=\"1236\">EAL5+ (donan\u0131m ve yaz\u0131l\u0131m)<\/td>\n<\/tr>\n<tr data-start=\"1237\" data-end=\"1288\">\n<td data-start=\"1237\" data-end=\"1250\" data-col-size=\"sm\">Anti-R\u00f6le<\/td>\n<td data-col-size=\"md\" data-start=\"1250\" data-end=\"1288\">Yak\u0131nl\u0131k Kontrol\u00fc, \u0130\u015flem Zamanlay\u0131c\u0131s\u0131<\/td>\n<\/tr>\n<tr data-start=\"1289\" data-end=\"1345\">\n<td data-start=\"1289\" data-end=\"1299\" data-col-size=\"sm\">Mahremiyet<\/td>\n<td data-col-size=\"md\" data-start=\"1299\" data-end=\"1345\">Rastgele Kimlik, Sanal Kart Mimarisi (VCA)<\/td>\n<\/tr>\n<tr data-start=\"1346\" data-end=\"1402\">\n<td data-start=\"1346\" data-end=\"1361\" data-col-size=\"sm\">\u00d6zg\u00fcnl\u00fck<\/td>\n<td data-col-size=\"md\" data-start=\"1361\" data-end=\"1402\">Orijinal NXP IC&#039;leri i\u00e7in Orijinallik Kontrol\u00fc<\/td>\n<\/tr>\n<tr data-start=\"1403\" data-end=\"1475\">\n<td data-start=\"1403\" data-end=\"1422\" data-col-size=\"sm\">G\u00fcvenli Mesajla\u015fma<\/td>\n<td data-col-size=\"md\" data-start=\"1422\" data-end=\"1475\">\u015eifrelenmi\u015f RF kanal\u0131; sekt\u00f6r d\u00fczeyinde kimlik do\u011frulama<\/td>\n<\/tr>\n<\/tbody>\n<\/table>\n<\/div>\n<\/div>\n<p data-start=\"1477\" data-end=\"1502\"><strong data-start=\"1477\" data-end=\"1500\">Bellek Organizasyonu<\/strong><\/p>\n<div class=\"_tableContainer_1rjym_1\">\n<div class=\"group _tableWrapper_1rjym_13 flex w-fit flex-col-reverse\" tabindex=\"-1\">\n<table class=\"w-fit min-w-(--thread-content-width)\" data-start=\"1503\" data-end=\"1718\">\n<thead data-start=\"1503\" data-end=\"1538\">\n<tr data-start=\"1503\" data-end=\"1538\">\n<th data-start=\"1503\" data-end=\"1517\" data-col-size=\"sm\">EV2 Varyant\u0131<\/th>\n<th data-start=\"1517\" data-end=\"1538\" data-col-size=\"md\">D\u00fczen \u00d6ne \u00c7\u0131kanlar<\/th>\n<\/tr>\n<\/thead>\n<tbody data-start=\"1549\" data-end=\"1718\">\n<tr data-start=\"1549\" data-end=\"1630\">\n<td data-start=\"1549\" data-end=\"1567\" data-col-size=\"sm\">MF1P(H)22 (2KB)<\/td>\n<td data-col-size=\"md\" data-start=\"1567\" data-end=\"1630\">32 sekt\u00f6r \u00d7 4 blok; blok 0, NXP \u00fcretici verilerini depolar<\/td>\n<\/tr>\n<tr data-start=\"1631\" data-end=\"1718\">\n<td data-start=\"1631\" data-end=\"1649\" data-col-size=\"sm\">MF1P(H)42 (4KB)<\/td>\n<td data-col-size=\"md\" data-start=\"1649\" data-end=\"1718\">Yukar\u0131da + 8 sekt\u00f6r \u00d7 16 blok; sekt\u00f6r fragmanlar\u0131 eri\u015fim anahtarlar\u0131n\u0131 tan\u0131mlar<\/td>\n<\/tr>\n<\/tbody>\n<\/table>\n<\/div>\n<\/div>\n<p data-start=\"1720\" data-end=\"1755\"><strong data-start=\"1720\" data-end=\"1753\">Ki\u015fiselle\u015ftirme ve Kart El Sanatlar\u0131<\/strong><\/p>\n<div class=\"_tableContainer_1rjym_1\">\n<div class=\"group _tableWrapper_1rjym_13 flex w-fit flex-col-reverse\" tabindex=\"-1\">\n<table class=\"w-fit min-w-(--thread-content-width)\" data-start=\"1756\" data-end=\"2165\">\n<thead data-start=\"1756\" data-end=\"1775\">\n<tr data-start=\"1756\" data-end=\"1775\">\n<th data-start=\"1756\" data-end=\"1764\" data-col-size=\"sm\">Zanaat<\/th>\n<th data-start=\"1764\" data-end=\"1775\" data-col-size=\"md\">Se\u00e7enekler<\/th>\n<\/tr>\n<\/thead>\n<tbody data-start=\"1786\" data-end=\"2165\">\n<tr data-start=\"1786\" data-end=\"1883\">\n<td data-start=\"1786\" data-end=\"1798\" data-col-size=\"sm\">Numaralama<\/td>\n<td data-col-size=\"md\" data-start=\"1798\" data-end=\"1883\">Termal\/m\u00fcrekkep p\u00fcsk\u00fcrtmeli numaralar (siyah\/beyaz\/alt\u0131n\/g\u00fcm\u00fc\u015f), kabartmal\u0131 seri\/NSB (13pt\/18pt)<\/td>\n<\/tr>\n<tr data-start=\"1884\" data-end=\"1965\">\n<td data-start=\"1884\" data-end=\"1895\" data-col-size=\"sm\">Bask\u0131<\/td>\n<td data-col-size=\"md\" data-start=\"1895\" data-end=\"1965\">CMYK ofset, UV, seri No.\/UID e\u015fleme, lazerle kaz\u0131nm\u0131\u015f QR\/Barkod<\/td>\n<\/tr>\n<tr data-start=\"1966\" data-end=\"2065\">\n<td data-start=\"1966\" data-end=\"1983\" data-col-size=\"sm\">Folyo ve Efektler<\/td>\n<td data-col-size=\"md\" data-start=\"1983\" data-end=\"2065\">Alt\u0131n\/g\u00fcm\u00fc\u015f\/lazer s\u0131cak damgalama, ayna\/\u015feffaf\/saydam, hologram, mercekli<\/td>\n<\/tr>\n<tr data-start=\"2066\" data-end=\"2165\">\n<td data-start=\"2066\" data-end=\"2076\" data-col-size=\"sm\">Eklentiler<\/td>\n<td data-col-size=\"md\" data-start=\"2076\" data-end=\"2165\">Manyetik \u015ferit (HICO 2750\/4000 OE, LOCO 300 OE), kaz\u0131nabilir paneller, imza paneli<\/td>\n<\/tr>\n<\/tbody>\n<\/table>\n<\/div>\n<\/div>\n<p data-start=\"2167\" data-end=\"2192\"><strong data-start=\"2167\" data-end=\"2190\">Paketleme ve Numuneler<\/strong><\/p>\n<div class=\"_tableContainer_1rjym_1\">\n<div class=\"group _tableWrapper_1rjym_13 flex w-fit flex-col-reverse\" tabindex=\"-1\">\n<table class=\"w-fit min-w-(--thread-content-width)\" data-start=\"2193\" data-end=\"2414\">\n<thead data-start=\"2193\" data-end=\"2211\">\n<tr data-start=\"2193\" data-end=\"2211\">\n<th data-start=\"2193\" data-end=\"2200\" data-col-size=\"sm\">\u00d6\u011fe<\/th>\n<th data-start=\"2200\" data-end=\"2211\" data-col-size=\"md\">Detaylar<\/th>\n<\/tr>\n<\/thead>\n<tbody data-start=\"2222\" data-end=\"2414\">\n<tr data-start=\"2222\" data-end=\"2295\">\n<td data-start=\"2222\" data-end=\"2238\" data-col-size=\"sm\">Standart Paket<\/td>\n<td data-col-size=\"md\" data-start=\"2238\" data-end=\"2295\">200 adet\/i\u00e7 kutu; 5000 adet\/karton; yakla\u015f\u0131k 35 kg\/karton<\/td>\n<\/tr>\n<tr data-start=\"2296\" data-end=\"2366\">\n<td data-start=\"2296\" data-end=\"2314\" data-col-size=\"sm\">D\u00fczensiz Boyutlar<\/td>\n<td data-col-size=\"md\" data-start=\"2314\" data-end=\"2366\">50\u2013100 adet\/OPP torba, ard\u0131ndan karton (veya istek \u00fczerine)<\/td>\n<\/tr>\n<tr data-start=\"2367\" data-end=\"2414\">\n<td data-start=\"2367\" data-end=\"2377\" data-col-size=\"sm\">\u00d6rnekler<\/td>\n<td data-col-size=\"md\" data-start=\"2377\" data-end=\"2414\">Talep \u00fczerine \u00fccretsiz numuneler mevcuttur<\/td>\n<\/tr>\n<\/tbody>\n<\/table>\n<\/div>\n<\/div>\n<p data-start=\"2416\" data-end=\"2442\"><strong data-start=\"2416\" data-end=\"2440\">Tipik Uygulamalar<\/strong><\/p>\n<ul data-start=\"2443\" data-end=\"2607\">\n<li data-start=\"2443\" data-end=\"2519\">\n<p data-start=\"2445\" data-end=\"2519\">Ula\u015f\u0131m biletleri, kamp\u00fcs\/i\u015fletme eri\u015fimi, sadakat ve \u00fcyelik<\/p>\n<\/li>\n<li data-start=\"2520\" data-end=\"2607\">\n<p data-start=\"2522\" data-end=\"2607\">VIP\/i\u015f hediye kartlar\u0131, \u00e7ama\u015f\u0131rhane\/garanti kartlar\u0131, bagaj etiketleri, indirim\/\u00f6n \u00f6demeli kartlar<\/p>\n<\/li>\n<\/ul>","protected":false},"excerpt":{"rendered":"<p>AES g\u00fcvenli\u011fi, EAL5+, h\u0131zl\u0131 RF ve zengin ki\u015fiselle\u015ftirme \u00f6zelliklerine sahip MIFARE Plus EV2 13.56MHz ak\u0131ll\u0131 kart; ula\u015f\u0131m, eri\u015fim kontrol\u00fc ve sadakat\/\u00fcyelik kartlar\u0131 i\u00e7in idealdir.<\/p>","protected":false},"featured_media":673,"template":"","meta":{"_gspb_post_css":""},"product_brand":[],"product_cat":[15],"product_tag":[],"class_list":{"0":"post-672","1":"product","2":"type-product","3":"status-publish","4":"has-post-thumbnail","6":"product_cat-rfid-cards","8":"first","9":"instock","10":"shipping-taxable","11":"purchasable","12":"product-type-simple"},"_links":{"self":[{"href":"https:\/\/www.cxjsmartcard.com\/tr\/wp-json\/wp\/v2\/product\/672","targetHints":{"allow":["GET"]}}],"collection":[{"href":"https:\/\/www.cxjsmartcard.com\/tr\/wp-json\/wp\/v2\/product"}],"about":[{"href":"https:\/\/www.cxjsmartcard.com\/tr\/wp-json\/wp\/v2\/types\/product"}],"wp:featuredmedia":[{"embeddable":true,"href":"https:\/\/www.cxjsmartcard.com\/tr\/wp-json\/wp\/v2\/media\/673"}],"wp:attachment":[{"href":"https:\/\/www.cxjsmartcard.com\/tr\/wp-json\/wp\/v2\/media?parent=672"}],"wp:term":[{"taxonomy":"product_brand","embeddable":true,"href":"https:\/\/www.cxjsmartcard.com\/tr\/wp-json\/wp\/v2\/product_brand?post=672"},{"taxonomy":"product_cat","embeddable":true,"href":"https:\/\/www.cxjsmartcard.com\/tr\/wp-json\/wp\/v2\/product_cat?post=672"},{"taxonomy":"product_tag","embeddable":true,"href":"https:\/\/www.cxjsmartcard.com\/tr\/wp-json\/wp\/v2\/product_tag?post=672"}],"curies":[{"name":"wp","href":"https:\/\/api.w.org\/{rel}","templated":true}]}}