{"id":667,"date":"2025-11-01T10:59:47","date_gmt":"2025-11-01T10:59:47","guid":{"rendered":"https:\/\/www.cxjsmartcard.com\/?post_type=product&#038;p=667"},"modified":"2025-12-29T01:27:11","modified_gmt":"2025-12-29T01:27:11","slug":"rfid-nfc-smart-shielding-blocker-credit-rfid-blocking-card","status":"publish","type":"product","link":"https:\/\/www.cxjsmartcard.com\/tr\/rfid-nfc-smart-shielding-blocker-credit-rfid-blocking-card\/","title":{"rendered":"RFID NFC Ak\u0131ll\u0131 Korumal\u0131 Blokajl\u0131 Kredi Kart\u0131 RFID Blokajl\u0131"},"content":{"rendered":"<p data-start=\"65\" data-end=\"546\">\u63cf\u8ff0(\u8981\u6709\u8868\u683c\u6700\u597d\u9075\u5faa\u6587\u6863\u7684\u683c\u5f0f\u8f93\u51fa)<br data-start=\"84\" data-end=\"87\" \/>Banka kartlar\u0131, kredi\/banka kartlar\u0131, pasaportlar ve kimlik kartlar\u0131n\u0131n yetkisiz 13,56 MHz temass\u0131z okumas\u0131n\u0131 engellemek i\u00e7in tasarlanm\u0131\u015f, c\u00fczdan boyutunda ince RFID\/NFC engelleme kart\u0131. \u00d6d\u00fcll\u00fc dahili koruma mod\u00fcl\u00fc sayesinde c\u00fczdan\u0131n\u0131za 1-2 kart yerle\u015ftirin ve yak\u0131ndaki t\u00fcm temass\u0131z kartlar korunsun. Promosyonlar, bankac\u0131l\u0131k, seyahat ve kurumsal hediyeler i\u00e7in CMYK \u00f6zel bask\u0131, marka renk e\u015fle\u015ftirme ve farkl\u0131 y\u00fczey kaplamalar\u0131n\u0131 destekler.<\/p>\n<p data-start=\"548\" data-end=\"567\"><strong data-start=\"548\" data-end=\"565\">\u015eartname<\/strong><\/p>\n<div class=\"_tableContainer_1rjym_1\">\n<div class=\"group _tableWrapper_1rjym_13 flex w-fit flex-col-reverse\" tabindex=\"-1\">\n<table class=\"w-fit min-w-(--thread-content-width)\" data-start=\"568\" data-end=\"1243\">\n<thead data-start=\"568\" data-end=\"586\">\n<tr data-start=\"568\" data-end=\"586\">\n<th data-start=\"568\" data-end=\"575\" data-col-size=\"sm\">\u00d6\u011fe<\/th>\n<th data-start=\"575\" data-end=\"586\" data-col-size=\"md\">Detaylar<\/th>\n<\/tr>\n<\/thead>\n<tbody data-start=\"597\" data-end=\"1243\">\n<tr data-start=\"597\" data-end=\"653\">\n<td data-start=\"597\" data-end=\"612\" data-col-size=\"sm\">\u00dcr\u00fcn Ad\u0131<\/td>\n<td data-col-size=\"md\" data-start=\"612\" data-end=\"653\">RFID NFC Ak\u0131ll\u0131 Korumal\u0131 Engelleyici Kart<\/td>\n<\/tr>\n<tr data-start=\"654\" data-end=\"714\">\n<td data-start=\"654\" data-end=\"665\" data-col-size=\"sm\">Malzeme<\/td>\n<td data-start=\"665\" data-end=\"714\" data-col-size=\"md\">PVC + Blokaj mod\u00fcl\u00fc \/ PVC + Blokaj kuma\u015f\u0131<\/td>\n<\/tr>\n<tr data-start=\"715\" data-end=\"744\">\n<td data-start=\"715\" data-end=\"722\" data-col-size=\"sm\">Boyut<\/td>\n<td data-start=\"722\" data-end=\"744\" data-col-size=\"md\">CR80, 85,5 \u00d7 54 mm<\/td>\n<\/tr>\n<tr data-start=\"745\" data-end=\"786\">\n<td data-start=\"745\" data-end=\"757\" data-col-size=\"sm\">Kal\u0131nl\u0131k<\/td>\n<td data-start=\"757\" data-end=\"786\" data-col-size=\"md\">0,86 mm \/ 1,2 mm \/ 1,5 mm<\/td>\n<\/tr>\n<tr data-start=\"787\" data-end=\"844\">\n<td data-start=\"787\" data-end=\"808\" data-col-size=\"sm\">Frekans Korumal\u0131<\/td>\n<td data-start=\"808\" data-end=\"844\" data-col-size=\"md\">13,56 MHz temass\u0131z (RFID\/NFC)<\/td>\n<\/tr>\n<tr data-start=\"845\" data-end=\"883\">\n<td data-start=\"845\" data-end=\"855\" data-col-size=\"sm\">Y\u00fczey<\/td>\n<td data-col-size=\"md\" data-start=\"855\" data-end=\"883\">Parlak \/ Mat \/ Buzlu<\/td>\n<\/tr>\n<tr data-start=\"884\" data-end=\"945\">\n<td data-start=\"884\" data-end=\"895\" data-col-size=\"sm\">Bask\u0131<\/td>\n<td data-col-size=\"md\" data-start=\"895\" data-end=\"945\">\u0130pek bask\u0131, CMYK bask\u0131, 100% renk e\u015fle\u015ftirme<\/td>\n<\/tr>\n<tr data-start=\"946\" data-end=\"994\">\n<td data-start=\"946\" data-end=\"961\" data-col-size=\"sm\">\u00c7al\u0131\u015fma Modu<\/td>\n<td data-col-size=\"md\" data-start=\"961\" data-end=\"994\">Pasif koruma, pil yok<\/td>\n<\/tr>\n<tr data-start=\"995\" data-end=\"1061\">\n<td data-start=\"995\" data-end=\"1003\" data-col-size=\"sm\">Kullan\u0131m<\/td>\n<td data-col-size=\"md\" data-start=\"1003\" data-end=\"1061\">T\u00fcm kartlar\u0131n\u0131z\u0131 korumak i\u00e7in c\u00fczdan\u0131n\u0131z\u0131n\/\u00e7antan\u0131z\u0131n i\u00e7ine 1-2 kart koyun<\/td>\n<\/tr>\n<tr data-start=\"1062\" data-end=\"1131\">\n<td data-start=\"1062\" data-end=\"1076\" data-col-size=\"sm\">Ba\u015fvuru<\/td>\n<td data-start=\"1076\" data-end=\"1131\" data-col-size=\"md\">Banka kartlar\u0131, kimlik, pasaport, eri\u015fim kart\u0131 kopyalama \u00f6nleme<\/td>\n<\/tr>\n<tr data-start=\"1132\" data-end=\"1189\">\n<td data-start=\"1132\" data-end=\"1138\" data-col-size=\"sm\">Minimum Sipari\u015f Adedi<\/td>\n<td data-col-size=\"md\" data-start=\"1138\" data-end=\"1189\">Bo\u015f i\u00e7in MOQ yok; \u00f6zel logo\/tasar\u0131m i\u00e7in 50 adet<\/td>\n<\/tr>\n<tr data-start=\"1190\" data-end=\"1243\">\n<td data-start=\"1190\" data-end=\"1201\" data-col-size=\"sm\">\u00d6zellikler<\/td>\n<td data-start=\"1201\" data-end=\"1243\" data-col-size=\"md\">\u0130\u00e7erisinde \u00f6d\u00fcll\u00fc blokaj malzemesi bulunmaktad\u0131r<\/td>\n<\/tr>\n<\/tbody>\n<\/table>\n<\/div>\n<\/div>\n<p data-start=\"1245\" data-end=\"1514\"><strong data-start=\"1245\" data-end=\"1261\">Nas\u0131l \u00c7al\u0131\u015f\u0131r?<\/strong><br data-start=\"1261\" data-end=\"1264\" \/>Engelleme katman\u0131, yak\u0131ndaki okuyucular\u0131n \u00f6deme\/kimlik kart\u0131n\u0131zdaki \u00e7iple ileti\u015fim kurmas\u0131n\u0131 engelleyen koruyucu bir RF alan\u0131 olu\u015fturur. Tek bir par\u00e7a, ayn\u0131 cepteki birden fazla kart\u0131 koruyabilir ve bu da onu RFID engelleme k\u0131l\u0131flar\u0131na veya c\u00fczdanlara daha kolay bir alternatif haline getirir.<\/p>\n<p data-start=\"1516\" data-end=\"1534\"><strong data-start=\"1516\" data-end=\"1532\">Uygulamalar<\/strong><\/p>\n<ul data-start=\"1535\" data-end=\"1703\">\n<li data-start=\"1535\" data-end=\"1579\">\n<p data-start=\"1537\" data-end=\"1579\">Temass\u0131z banka kartlar\u0131 i\u00e7in anti-skimming<\/p>\n<\/li>\n<li data-start=\"1580\" data-end=\"1620\">\n<p data-start=\"1582\" data-end=\"1620\">Seyahat s\u0131ras\u0131nda pasaport\/kimlik korumas\u0131<\/p>\n<\/li>\n<li data-start=\"1621\" data-end=\"1668\">\n<p data-start=\"1623\" data-end=\"1668\">\u00d6zel logolu kurumsal veya banka hediyesi<\/p>\n<\/li>\n<li data-start=\"1669\" data-end=\"1703\">\n<p data-start=\"1671\" data-end=\"1703\">Perakende\/\u00e7evrimi\u00e7i g\u00fcvenlik aksesuar\u0131<\/p>\n<\/li>\n<\/ul>","protected":false},"excerpt":{"rendered":"<p>13.56MHz temass\u0131z banka kartlar\u0131n\u0131, kimlikleri ve pasaportlar\u0131 kopyalanmaya kar\u015f\u0131 koruyan c\u00fczdan boyutunda PVC RFID\/NFC engelleme kart\u0131; \u00f6zelle\u015ftirilebilir bask\u0131 ve y\u00fczey se\u00e7enekleri.<\/p>","protected":false},"featured_media":668,"template":"","meta":{"_gspb_post_css":""},"product_brand":[],"product_cat":[15],"product_tag":[],"class_list":{"0":"post-667","1":"product","2":"type-product","3":"status-publish","4":"has-post-thumbnail","6":"product_cat-rfid-cards","8":"first","9":"instock","10":"shipping-taxable","11":"purchasable","12":"product-type-simple"},"_links":{"self":[{"href":"https:\/\/www.cxjsmartcard.com\/tr\/wp-json\/wp\/v2\/product\/667","targetHints":{"allow":["GET"]}}],"collection":[{"href":"https:\/\/www.cxjsmartcard.com\/tr\/wp-json\/wp\/v2\/product"}],"about":[{"href":"https:\/\/www.cxjsmartcard.com\/tr\/wp-json\/wp\/v2\/types\/product"}],"wp:featuredmedia":[{"embeddable":true,"href":"https:\/\/www.cxjsmartcard.com\/tr\/wp-json\/wp\/v2\/media\/668"}],"wp:attachment":[{"href":"https:\/\/www.cxjsmartcard.com\/tr\/wp-json\/wp\/v2\/media?parent=667"}],"wp:term":[{"taxonomy":"product_brand","embeddable":true,"href":"https:\/\/www.cxjsmartcard.com\/tr\/wp-json\/wp\/v2\/product_brand?post=667"},{"taxonomy":"product_cat","embeddable":true,"href":"https:\/\/www.cxjsmartcard.com\/tr\/wp-json\/wp\/v2\/product_cat?post=667"},{"taxonomy":"product_tag","embeddable":true,"href":"https:\/\/www.cxjsmartcard.com\/tr\/wp-json\/wp\/v2\/product_tag?post=667"}],"curies":[{"name":"wp","href":"https:\/\/api.w.org\/{rel}","templated":true}]}}