{"id":662,"date":"2025-11-01T08:43:38","date_gmt":"2025-11-01T08:43:38","guid":{"rendered":"https:\/\/www.cxjsmartcard.com\/?post_type=product&#038;p=662"},"modified":"2025-12-29T01:27:11","modified_gmt":"2025-12-29T01:27:11","slug":"rfid-contactless-google-nfc-review-card","status":"publish","type":"product","link":"https:\/\/www.cxjsmartcard.com\/tr\/rfid-contactless-google-nfc-review-card\/","title":{"rendered":"RFID Temass\u0131z Google NFC \u0130nceleme Kart\u0131"},"content":{"rendered":"<p data-start=\"46\" data-end=\"417\">M\u00fc\u015fterilerinizin NFC \u00f6zellikli bir telefonda tek dokunu\u015fla Google i\u015fletme de\u011ferlendirme sayfan\u0131z\u0131 a\u00e7mas\u0131n\u0131 sa\u011flayan temass\u0131z NFC de\u011ferlendirme kart\u0131. Orijinal NXP NTAG213\/215\/216 \u00e7ipler, su ge\u00e7irmez PVC, tam CMYK bask\u0131 ve marka kampanyalar\u0131, restoranlar, g\u00fczellik salonlar\u0131, klinikler, perakende sat\u0131\u015f noktalar\u0131 ve oteller i\u00e7in iste\u011fe ba\u011fl\u0131 lazer\/seri bask\u0131 ile \u00fcretilmi\u015ftir.<\/p>\n<p data-start=\"419\" data-end=\"438\"><strong data-start=\"419\" data-end=\"436\">\u015eartname<\/strong><\/p>\n<div class=\"_tableContainer_1rjym_1\">\n<div class=\"group _tableWrapper_1rjym_13 flex w-fit flex-col-reverse\" tabindex=\"-1\">\n<table class=\"w-fit min-w-(--thread-content-width)\" data-start=\"439\" data-end=\"1041\">\n<thead data-start=\"439\" data-end=\"457\">\n<tr data-start=\"439\" data-end=\"457\">\n<th data-start=\"439\" data-end=\"446\" data-col-size=\"sm\">\u00d6\u011fe<\/th>\n<th data-start=\"446\" data-end=\"457\" data-col-size=\"md\">Detaylar<\/th>\n<\/tr>\n<\/thead>\n<tbody data-start=\"468\" data-end=\"1041\">\n<tr data-start=\"468\" data-end=\"526\">\n<td data-start=\"468\" data-end=\"483\" data-col-size=\"sm\">\u00dcr\u00fcn Ad\u0131<\/td>\n<td data-col-size=\"md\" data-start=\"483\" data-end=\"526\">RFID Temass\u0131z Google NFC \u0130nceleme Kart\u0131<\/td>\n<\/tr>\n<tr data-start=\"527\" data-end=\"584\">\n<td data-start=\"527\" data-end=\"538\" data-col-size=\"sm\">\u0130\u015flev<\/td>\n<td data-start=\"538\" data-end=\"584\" data-col-size=\"md\">Google inceleme\/a\u00e7\u0131l\u0131\u015f sayfas\u0131n\u0131 a\u00e7mak i\u00e7in tek dokunu\u015f<\/td>\n<\/tr>\n<tr data-start=\"585\" data-end=\"631\">\n<td data-start=\"585\" data-end=\"600\" data-col-size=\"sm\">\u00c7ip Se\u00e7enekleri<\/td>\n<td data-col-size=\"md\" data-start=\"600\" data-end=\"631\">NTAG213 \/ NTAG215 \/ NTAG216<\/td>\n<\/tr>\n<tr data-start=\"632\" data-end=\"674\">\n<td data-start=\"632\" data-end=\"643\" data-col-size=\"sm\">Protokol<\/td>\n<td data-start=\"643\" data-end=\"674\" data-col-size=\"md\">ISO14443A, NFC Forum Tip 2<\/td>\n<\/tr>\n<tr data-start=\"675\" data-end=\"700\">\n<td data-start=\"675\" data-end=\"687\" data-col-size=\"sm\">S\u0131kl\u0131k<\/td>\n<td data-col-size=\"md\" data-start=\"687\" data-end=\"700\">13,56 MHz<\/td>\n<\/tr>\n<tr data-start=\"701\" data-end=\"758\">\n<td data-start=\"701\" data-end=\"720\" data-col-size=\"sm\">Okuma Mesafesi<\/td>\n<td data-col-size=\"md\" data-start=\"720\" data-end=\"758\">2\u20135 cm (telefon ve antene ba\u011fl\u0131)<\/td>\n<\/tr>\n<tr data-start=\"759\" data-end=\"804\">\n<td data-start=\"759\" data-end=\"770\" data-col-size=\"sm\">Malzeme<\/td>\n<td data-col-size=\"md\" data-start=\"770\" data-end=\"804\">PVC, su ge\u00e7irmez \/ hava ko\u015fullar\u0131na dayan\u0131kl\u0131<\/td>\n<\/tr>\n<tr data-start=\"805\" data-end=\"835\">\n<td data-start=\"805\" data-end=\"812\" data-col-size=\"sm\">Boyut<\/td>\n<td data-start=\"812\" data-end=\"835\" data-col-size=\"md\">85,5 \u00d7 54 mm (CR80)<\/td>\n<\/tr>\n<tr data-start=\"836\" data-end=\"880\">\n<td data-start=\"836\" data-end=\"847\" data-col-size=\"sm\">Bask\u0131<\/td>\n<td data-col-size=\"md\" data-start=\"847\" data-end=\"880\">CMYK 4C \/ ofset \/ serigrafi<\/td>\n<\/tr>\n<tr data-start=\"881\" data-end=\"947\">\n<td data-start=\"881\" data-end=\"890\" data-col-size=\"sm\">El sanatlar\u0131<\/td>\n<td data-start=\"890\" data-end=\"947\" data-col-size=\"md\">Lazer kodu, UV m\u00fcrekkebi, seri numaras\u0131, kabartma, termal<\/td>\n<\/tr>\n<tr data-start=\"948\" data-end=\"1018\">\n<td data-start=\"948\" data-end=\"962\" data-col-size=\"sm\">Ba\u015fvuru<\/td>\n<td data-col-size=\"md\" data-start=\"962\" data-end=\"1018\">M\u00fc\u015fteri geri bildirimi, sosyal inceleme, i\u015fletme tan\u0131t\u0131m\u0131<\/td>\n<\/tr>\n<tr data-start=\"1019\" data-end=\"1041\">\n<td data-start=\"1019\" data-end=\"1028\" data-col-size=\"sm\">\u00d6rnek<\/td>\n<td data-col-size=\"md\" data-start=\"1028\" data-end=\"1041\">Mevcut<\/td>\n<\/tr>\n<\/tbody>\n<\/table>\n<\/div>\n<\/div>\n<p data-start=\"1043\" data-end=\"1227\"><strong data-start=\"1043\" data-end=\"1057\">Nas\u0131l Kullan\u0131l\u0131r<\/strong><br data-start=\"1057\" data-end=\"1060\" \/>NFC inceleme kart\u0131n\u0131 tezgaha, masaya veya masaya yerle\u015ftirin \u2192 m\u00fc\u015fteri telefonla dokunur \u2192 telefon \u00f6nceden ayarlanm\u0131\u015f Google inceleme ba\u011flant\u0131s\u0131n\u0131 a\u00e7ar \u2192 kullan\u0131c\u0131 saniyeler i\u00e7inde 5 y\u0131ld\u0131zl\u0131 inceleme b\u0131rak\u0131r.<\/p>","protected":false},"excerpt":{"rendered":"<p>NTAG213\/215\/216 \u00e7ipli PVC NFC inceleme kart\u0131, tek dokunu\u015fla Google inceleme sayfan\u0131z\u0131 a\u00e7ar ve ma\u011faza i\u00e7i m\u00fc\u015fteri geri bildirimlerini art\u0131rmak i\u00e7in idealdir.<\/p>","protected":false},"featured_media":663,"template":"","meta":{"_gspb_post_css":""},"product_brand":[],"product_cat":[15],"product_tag":[],"class_list":{"0":"post-662","1":"product","2":"type-product","3":"status-publish","4":"has-post-thumbnail","6":"product_cat-rfid-cards","8":"first","9":"instock","10":"shipping-taxable","11":"purchasable","12":"product-type-simple"},"_links":{"self":[{"href":"https:\/\/www.cxjsmartcard.com\/tr\/wp-json\/wp\/v2\/product\/662","targetHints":{"allow":["GET"]}}],"collection":[{"href":"https:\/\/www.cxjsmartcard.com\/tr\/wp-json\/wp\/v2\/product"}],"about":[{"href":"https:\/\/www.cxjsmartcard.com\/tr\/wp-json\/wp\/v2\/types\/product"}],"wp:featuredmedia":[{"embeddable":true,"href":"https:\/\/www.cxjsmartcard.com\/tr\/wp-json\/wp\/v2\/media\/663"}],"wp:attachment":[{"href":"https:\/\/www.cxjsmartcard.com\/tr\/wp-json\/wp\/v2\/media?parent=662"}],"wp:term":[{"taxonomy":"product_brand","embeddable":true,"href":"https:\/\/www.cxjsmartcard.com\/tr\/wp-json\/wp\/v2\/product_brand?post=662"},{"taxonomy":"product_cat","embeddable":true,"href":"https:\/\/www.cxjsmartcard.com\/tr\/wp-json\/wp\/v2\/product_cat?post=662"},{"taxonomy":"product_tag","embeddable":true,"href":"https:\/\/www.cxjsmartcard.com\/tr\/wp-json\/wp\/v2\/product_tag?post=662"}],"curies":[{"name":"wp","href":"https:\/\/api.w.org\/{rel}","templated":true}]}}