{"id":657,"date":"2025-11-01T08:41:57","date_gmt":"2025-11-01T08:41:57","guid":{"rendered":"https:\/\/www.cxjsmartcard.com\/?post_type=product&#038;p=657"},"modified":"2025-12-29T01:27:11","modified_gmt":"2025-12-29T01:27:11","slug":"plastic-pvc-mifare-classic-4k-s70-rfid-card","status":"publish","type":"product","link":"https:\/\/www.cxjsmartcard.com\/tr\/plastic-pvc-mifare-classic-4k-s70-rfid-card\/","title":{"rendered":"Plastik PVC MIFARE Classic 4K S70 RFID Kart\u0131"},"content":{"rendered":"<p data-start=\"50\" data-end=\"378\">MIFARE Classic 4K (S70) tabanl\u0131 temass\u0131z 13,56 MHz PVC RFID kart, eri\u015fim kontrol\u00fc, nakitsiz \u00f6deme, oyun\/e\u011flence mekanlar\u0131, otopark, kamp\u00fcs, etkinlikler ve \u00fcyelik i\u00e7in tasarlanm\u0131\u015ft\u0131r. Standart CR80 boyutunda, ofset\/dijital\/serigrafi bask\u0131ya uygun, UID\/seri\/barkod\/manyetik \u015ferit ve \u00e7ip kodlamas\u0131n\u0131 destekler.<\/p>\n<p data-start=\"380\" data-end=\"399\"><strong data-start=\"380\" data-end=\"397\">\u015eartname<\/strong><\/p>\n<div class=\"_tableContainer_1rjym_1\">\n<div class=\"group _tableWrapper_1rjym_13 flex w-fit flex-col-reverse\" tabindex=\"-1\">\n<table class=\"w-fit min-w-(--thread-content-width)\" data-start=\"400\" data-end=\"1455\">\n<thead data-start=\"400\" data-end=\"418\">\n<tr data-start=\"400\" data-end=\"418\">\n<th data-start=\"400\" data-end=\"407\" data-col-size=\"sm\">\u00d6\u011fe<\/th>\n<th data-start=\"407\" data-end=\"418\" data-col-size=\"md\">Detaylar<\/th>\n<\/tr>\n<\/thead>\n<tbody data-start=\"429\" data-end=\"1455\">\n<tr data-start=\"429\" data-end=\"491\">\n<td data-start=\"429\" data-end=\"444\" data-col-size=\"sm\">\u00dcr\u00fcn Ad\u0131<\/td>\n<td data-col-size=\"md\" data-start=\"444\" data-end=\"491\">Plastik PVC MIFARE Classic 4K S70 RFID Kart\u0131<\/td>\n<\/tr>\n<tr data-start=\"492\" data-end=\"584\">\n<td data-start=\"492\" data-end=\"514\" data-col-size=\"sm\">\u00c7ip \/ RFID Se\u00e7enekleri<\/td>\n<td data-col-size=\"md\" data-start=\"514\" data-end=\"584\">MIFARE Classic 4K S70; ayr\u0131ca MIFARE Ultralight EV1\/C\/AES (iste\u011fe ba\u011fl\u0131)<\/td>\n<\/tr>\n<tr data-start=\"585\" data-end=\"614\">\n<td data-start=\"585\" data-end=\"596\" data-col-size=\"sm\">Protokol<\/td>\n<td data-col-size=\"md\" data-start=\"596\" data-end=\"614\">ISO\/IEC 14443A<\/td>\n<\/tr>\n<tr data-start=\"615\" data-end=\"640\">\n<td data-start=\"615\" data-end=\"627\" data-col-size=\"sm\">S\u0131kl\u0131k<\/td>\n<td data-start=\"627\" data-end=\"640\" data-col-size=\"md\">13,56 MHz<\/td>\n<\/tr>\n<tr data-start=\"641\" data-end=\"721\">\n<td data-start=\"641\" data-end=\"650\" data-col-size=\"sm\">Haf\u0131za<\/td>\n<td data-start=\"650\" data-end=\"721\" data-col-size=\"md\">4 KB EEPROM (16 sekt\u00f6r \u00d7 4 blok halinde d\u00fczenlenmi\u015f, \u00e7oklu uygulama)<\/td>\n<\/tr>\n<tr data-start=\"722\" data-end=\"764\">\n<td data-start=\"722\" data-end=\"745\" data-col-size=\"sm\">Okuma\/Yazma Dayan\u0131kl\u0131l\u0131\u011f\u0131<\/td>\n<td data-col-size=\"md\" data-start=\"745\" data-end=\"764\">\u2265100.000 d\u00f6ng\u00fc<\/td>\n<\/tr>\n<tr data-start=\"765\" data-end=\"820\">\n<td data-start=\"765\" data-end=\"782\" data-col-size=\"sm\">Veri B\u00fct\u00fcnl\u00fc\u011f\u00fc<\/td>\n<td data-start=\"782\" data-end=\"820\" data-col-size=\"md\">16 bit CRC, e\u015flik, \u00e7arp\u0131\u015fma \u00f6nleme<\/td>\n<\/tr>\n<tr data-start=\"821\" data-end=\"888\">\n<td data-start=\"821\" data-end=\"833\" data-col-size=\"sm\">Kart Boyutu<\/td>\n<td data-col-size=\"md\" data-start=\"833\" data-end=\"888\">CR80, 85,5 \u00d7 54 mm; kal\u0131nl\u0131k 0,84\u20130,88 mm (\u00f6zel)<\/td>\n<\/tr>\n<tr data-start=\"889\" data-end=\"931\">\n<td data-start=\"889\" data-end=\"900\" data-col-size=\"sm\">Malzeme<\/td>\n<td data-col-size=\"md\" data-start=\"900\" data-end=\"931\">Y\u00fcksek kaliteli PVC, bask\u0131ya uygun<\/td>\n<\/tr>\n<tr data-start=\"932\" data-end=\"1001\">\n<td data-start=\"932\" data-end=\"943\" data-col-size=\"sm\">Bask\u0131<\/td>\n<td data-start=\"943\" data-end=\"1001\" data-col-size=\"md\">Heidelberg ofset \/ Dijital \/ Serigrafi \/ Tam renkli<\/td>\n<\/tr>\n<tr data-start=\"1002\" data-end=\"1098\">\n<td data-start=\"1002\" data-end=\"1016\" data-col-size=\"sm\">Kart El Sanatlar\u0131<\/td>\n<td data-col-size=\"md\" data-start=\"1016\" data-end=\"1098\">Seri No., \u00c7ip UID, QR\/Barkod, Manyetik \u015ferit (HICO\/LOCO), \u0130mza paneli<\/td>\n<\/tr>\n<tr data-start=\"1099\" data-end=\"1169\">\n<td data-start=\"1099\" data-end=\"1118\" data-col-size=\"sm\">Kodlama Hizmeti<\/td>\n<td data-col-size=\"md\" data-start=\"1118\" data-end=\"1169\">URL, metin, say\u0131, sekt\u00f6r anahtarlar\u0131, kilit\/\u015fifreleme<\/td>\n<\/tr>\n<tr data-start=\"1170\" data-end=\"1241\">\n<td data-start=\"1170\" data-end=\"1180\" data-col-size=\"sm\">Paket<\/td>\n<td data-col-size=\"md\" data-start=\"1180\" data-end=\"1241\">200 adet\/kutu; 2000 adet\/karton (\u00f6zel ambalaj mevcuttur)<\/td>\n<\/tr>\n<tr data-start=\"1242\" data-end=\"1306\">\n<td data-start=\"1242\" data-end=\"1260\" data-col-size=\"sm\">Kalite Kontrol<\/td>\n<td data-start=\"1260\" data-end=\"1306\" data-col-size=\"md\">100% \u00e7ipinin sevkiyat \u00f6ncesi hassasiyet testi<\/td>\n<\/tr>\n<tr data-start=\"1307\" data-end=\"1347\">\n<td data-start=\"1307\" data-end=\"1313\" data-col-size=\"sm\">Minimum Sipari\u015f Adedi<\/td>\n<td data-start=\"1313\" data-end=\"1347\" data-col-size=\"md\">500 adet (\u00f6zel bask\u0131 ile)<\/td>\n<\/tr>\n<tr data-start=\"1348\" data-end=\"1455\">\n<td data-start=\"1348\" data-end=\"1363\" data-col-size=\"sm\">Uygulamalar<\/td>\n<td data-start=\"1363\" data-end=\"1455\" data-col-size=\"md\">Eri\u015fim kontrol\u00fc, nakitsiz \u00f6deme, oyun, e\u011flence, \u00fcyelik, ula\u015f\u0131m bileti<\/td>\n<\/tr>\n<\/tbody>\n<\/table>\n<\/div>\n<\/div>\n<p data-start=\"1457\" data-end=\"1471\"><strong data-start=\"1457\" data-end=\"1469\">\u00d6zellikler<\/strong><\/p>\n<ul data-start=\"1472\" data-end=\"1754\">\n<li data-start=\"1472\" data-end=\"1530\">\n<p data-start=\"1474\" data-end=\"1530\">Temass\u0131z veri aktar\u0131m\u0131 ve g\u00fc\u00e7 kayna\u011f\u0131, pil gerektirmez<\/p>\n<\/li>\n<li data-start=\"1531\" data-end=\"1595\">\n<p data-start=\"1533\" data-end=\"1595\">~100 mm&#039;ye kadar \u00e7al\u0131\u015fma mesafesi (anten\/okuyucuya ba\u011fl\u0131d\u0131r)<\/p>\n<\/li>\n<li data-start=\"1596\" data-end=\"1630\">\n<p data-start=\"1598\" data-end=\"1630\">H\u0131zl\u0131 bilet\/giri\u015f (&lt;100 ms)<\/p>\n<\/li>\n<li data-start=\"1631\" data-end=\"1664\">\n<p data-start=\"1633\" data-end=\"1664\">Kart ba\u015f\u0131na benzersiz seri numaras\u0131<\/p>\n<\/li>\n<li data-start=\"1665\" data-end=\"1714\">\n<p data-start=\"1667\" data-end=\"1714\">Anahtar hiyerar\u015fisi ile \u00e7oklu uygulamay\u0131 destekler<\/p>\n<\/li>\n<li data-start=\"1715\" data-end=\"1754\">\n<p data-start=\"1717\" data-end=\"1754\">\u0130\u015flem s\u0131ras\u0131nda c\u00fczdanda kalabilir<\/p>\n<\/li>\n<\/ul>","protected":false},"excerpt":{"rendered":"<p>PVC 13.56MHz MIFARE Classic 4K S70 temass\u0131z kart, ISO14443A, bask\u0131 yap\u0131labilir, kodlama ve ki\u015fiselle\u015ftirme ile eri\u015fim, \u00f6deme ve e\u011flence mekanlar\u0131 i\u00e7in.<\/p>","protected":false},"featured_media":658,"template":"","meta":{"_gspb_post_css":""},"product_brand":[],"product_cat":[15],"product_tag":[],"class_list":{"0":"post-657","1":"product","2":"type-product","3":"status-publish","4":"has-post-thumbnail","6":"product_cat-rfid-cards","8":"first","9":"instock","10":"shipping-taxable","11":"purchasable","12":"product-type-simple"},"_links":{"self":[{"href":"https:\/\/www.cxjsmartcard.com\/tr\/wp-json\/wp\/v2\/product\/657","targetHints":{"allow":["GET"]}}],"collection":[{"href":"https:\/\/www.cxjsmartcard.com\/tr\/wp-json\/wp\/v2\/product"}],"about":[{"href":"https:\/\/www.cxjsmartcard.com\/tr\/wp-json\/wp\/v2\/types\/product"}],"wp:featuredmedia":[{"embeddable":true,"href":"https:\/\/www.cxjsmartcard.com\/tr\/wp-json\/wp\/v2\/media\/658"}],"wp:attachment":[{"href":"https:\/\/www.cxjsmartcard.com\/tr\/wp-json\/wp\/v2\/media?parent=657"}],"wp:term":[{"taxonomy":"product_brand","embeddable":true,"href":"https:\/\/www.cxjsmartcard.com\/tr\/wp-json\/wp\/v2\/product_brand?post=657"},{"taxonomy":"product_cat","embeddable":true,"href":"https:\/\/www.cxjsmartcard.com\/tr\/wp-json\/wp\/v2\/product_cat?post=657"},{"taxonomy":"product_tag","embeddable":true,"href":"https:\/\/www.cxjsmartcard.com\/tr\/wp-json\/wp\/v2\/product_tag?post=657"}],"curies":[{"name":"wp","href":"https:\/\/api.w.org\/{rel}","templated":true}]}}