{"id":652,"date":"2025-11-01T08:38:58","date_gmt":"2025-11-01T08:38:58","guid":{"rendered":"https:\/\/www.cxjsmartcard.com\/?post_type=product&#038;p=652"},"modified":"2025-12-29T01:27:12","modified_gmt":"2025-12-29T01:27:12","slug":"nxp-ntag213-blank-white-nfc-cards","status":"publish","type":"product","link":"https:\/\/www.cxjsmartcard.com\/tr\/nxp-ntag213-blank-white-nfc-cards\/","title":{"rendered":"NXP NTAG213 Bo\u015f Beyaz NFC Kartlar\u0131"},"content":{"rendered":"<p data-start=\"40\" data-end=\"379\">Ak\u0131ll\u0131 pazarlama, \u00fcr\u00fcn kimlik do\u011frulamas\u0131, URL\/APP lansman\u0131, sadakat, oyun ve t\u00fcketici elektroni\u011fi e\u015fle\u015ftirmesi i\u00e7in tasarlanm\u0131\u015f, NFC Forum Tip 2 Etiketi ve ISO\/IEC 14443A ile uyumlu, orijinal NXP NTAG213 \u00e7ipini kullanan bo\u015f beyaz NFC kartlar\u0131. 13,56 MHz HF, kararl\u0131 RF performans\u0131, parola korumas\u0131 ve \u00f6n kodlama deste\u011fi.<\/p>\n<p data-start=\"381\" data-end=\"400\"><strong data-start=\"381\" data-end=\"398\">\u015eartname<\/strong><\/p>\n<div class=\"_tableContainer_1rjym_1\">\n<div class=\"group _tableWrapper_1rjym_13 flex w-fit flex-col-reverse\" tabindex=\"-1\">\n<table class=\"w-fit min-w-(--thread-content-width)\" data-start=\"401\" data-end=\"1193\">\n<thead data-start=\"401\" data-end=\"419\">\n<tr data-start=\"401\" data-end=\"419\">\n<th data-start=\"401\" data-end=\"408\" data-col-size=\"sm\">\u00d6\u011fe<\/th>\n<th data-start=\"408\" data-end=\"419\" data-col-size=\"md\">Detaylar<\/th>\n<\/tr>\n<\/thead>\n<tbody data-start=\"430\" data-end=\"1193\">\n<tr data-start=\"430\" data-end=\"476\">\n<td data-start=\"430\" data-end=\"447\" data-col-size=\"sm\">\u00c7ip\/Frekans<\/td>\n<td data-col-size=\"md\" data-start=\"447\" data-end=\"476\">NXP NTAG213, 13,56 MHz HF<\/td>\n<\/tr>\n<tr data-start=\"477\" data-end=\"528\">\n<td data-start=\"477\" data-end=\"488\" data-col-size=\"sm\">Standart<\/td>\n<td data-col-size=\"md\" data-start=\"488\" data-end=\"528\">NFC Forum Tip 2 Etiketi, ISO\/IEC 14443A<\/td>\n<\/tr>\n<tr data-start=\"529\" data-end=\"563\">\n<td data-start=\"529\" data-end=\"538\" data-col-size=\"sm\">Haf\u0131za<\/td>\n<td data-start=\"538\" data-end=\"563\" data-col-size=\"md\">144 bayt kullan\u0131c\u0131 belle\u011fi<\/td>\n<\/tr>\n<tr data-start=\"564\" data-end=\"615\">\n<td data-start=\"564\" data-end=\"571\" data-col-size=\"sm\">Boyut<\/td>\n<td data-col-size=\"md\" data-start=\"571\" data-end=\"615\">85,5 \u00d7 54 \u00d7 0,84 mm (CR80) veya \u00f6zelle\u015ftirilmi\u015f<\/td>\n<\/tr>\n<tr data-start=\"616\" data-end=\"665\">\n<td data-start=\"616\" data-end=\"627\" data-col-size=\"sm\">Malzeme<\/td>\n<td data-col-size=\"md\" data-start=\"627\" data-end=\"665\">PVC (talep \u00fczerine PET\/PET-G deste\u011fi)<\/td>\n<\/tr>\n<tr data-start=\"666\" data-end=\"718\">\n<td data-start=\"666\" data-end=\"679\" data-col-size=\"sm\">Okuma Aral\u0131\u011f\u0131<\/td>\n<td data-start=\"679\" data-end=\"718\" data-col-size=\"md\">1\u20135 cm (okuyucu ve antene ba\u011fl\u0131)<\/td>\n<\/tr>\n<tr data-start=\"719\" data-end=\"756\">\n<td data-start=\"719\" data-end=\"737\" data-col-size=\"sm\">Dayan\u0131kl\u0131l\u0131k Yaz<\/td>\n<td data-col-size=\"md\" data-start=\"737\" data-end=\"756\">\u2265100.000 d\u00f6ng\u00fc<\/td>\n<\/tr>\n<tr data-start=\"757\" data-end=\"801\">\n<td data-start=\"757\" data-end=\"773\" data-col-size=\"sm\">Veri Transferi<\/td>\n<td data-col-size=\"md\" data-start=\"773\" data-end=\"801\">106 kbit\/s y\u00fcksek h\u0131zl\u0131 RF<\/td>\n<\/tr>\n<tr data-start=\"802\" data-end=\"882\">\n<td data-start=\"802\" data-end=\"813\" data-col-size=\"sm\">G\u00fcvenlik<\/td>\n<td data-start=\"813\" data-end=\"882\" data-col-size=\"md\">7 bayt UID, parola korumas\u0131, kilit bitleri, \u00f6zg\u00fcnl\u00fck imzas\u0131<\/td>\n<\/tr>\n<tr data-start=\"883\" data-end=\"946\">\n<td data-start=\"883\" data-end=\"894\" data-col-size=\"sm\">Bask\u0131<\/td>\n<td data-start=\"894\" data-end=\"946\" data-col-size=\"md\">Serigrafi, tam renkli CMYK, parlak\/mat kaplama<\/td>\n<\/tr>\n<tr data-start=\"947\" data-end=\"1028\">\n<td data-start=\"947\" data-end=\"965\" data-col-size=\"sm\">Ki\u015fiselle\u015ftirme<\/td>\n<td data-col-size=\"md\" data-start=\"965\" data-end=\"1028\">QR\/barkod, logo, seri numaras\u0131, UID e\u015fleme, URL \u00f6nceden yazma<\/td>\n<\/tr>\n<tr data-start=\"1029\" data-end=\"1091\">\n<td data-start=\"1029\" data-end=\"1041\" data-col-size=\"sm\">Ambalajlama<\/td>\n<td data-start=\"1041\" data-end=\"1091\" data-col-size=\"md\">200 adet\/kutu, 2000 adet\/karton (yakla\u015f\u0131k 13 kg\/ctn)<\/td>\n<\/tr>\n<tr data-start=\"1092\" data-end=\"1193\">\n<td data-start=\"1092\" data-end=\"1107\" data-col-size=\"sm\">Uygulamalar<\/td>\n<td data-col-size=\"md\" data-start=\"1107\" data-end=\"1193\">Ak\u0131ll\u0131 reklam, \u00fcr\u00fcn NFC etiketi, eri\u015fim, \u00f6deme demosu, lojistik, O2O, SoLoMo<\/td>\n<\/tr>\n<\/tbody>\n<\/table>\n<\/div>\n<\/div>\n<p data-start=\"1195\" data-end=\"1209\"><strong data-start=\"1195\" data-end=\"1207\">\u00d6zellikler<\/strong><\/p>\n<ul data-start=\"1210\" data-end=\"1498\">\n<li data-start=\"1210\" data-end=\"1272\">\n<p data-start=\"1212\" data-end=\"1272\">Tek bir komutta tam NDEF&#039;i \u00e7ekmek i\u00e7in h\u0131zl\u0131 okuma (FAST_READ)<\/p>\n<\/li>\n<li data-start=\"1273\" data-end=\"1327\">\n<p data-start=\"1275\" data-end=\"1327\">Farkl\u0131 \u015fekiller\/malzemeler i\u00e7in iyi RF performans\u0131<\/p>\n<\/li>\n<li data-start=\"1328\" data-end=\"1368\">\n<p data-start=\"1330\" data-end=\"1368\">Saha programlanabilir salt okunur kilitleme<\/p>\n<\/li>\n<li data-start=\"1369\" data-end=\"1426\">\n<p data-start=\"1371\" data-end=\"1426\">\u00c7ip orijinalli\u011fi i\u00e7in ECC tabanl\u0131 \u00f6zg\u00fcnl\u00fck imzas\u0131<\/p>\n<\/li>\n<li data-start=\"1427\" data-end=\"1498\">\n<p data-start=\"1429\" data-end=\"1498\">\u00c7arp\u0131\u015fma \u00f6nleme: Sahada birden fazla NFC kart\u0131 tek tek okunabilir<\/p>\n<\/li>\n<\/ul>","protected":false},"excerpt":{"rendered":"<p>144B bellek, ISO14443A\/NFC Tip 2 uyumlulu\u011fu ve tam renkli bask\u0131 ve \u00f6n kodlama deste\u011fine sahip bo\u015f beyaz 13.56MHz NXP NTAG213 NFC kartlar\u0131.<\/p>","protected":false},"featured_media":653,"template":"","meta":{"_gspb_post_css":""},"product_brand":[],"product_cat":[15],"product_tag":[],"class_list":{"0":"post-652","1":"product","2":"type-product","3":"status-publish","4":"has-post-thumbnail","6":"product_cat-rfid-cards","8":"first","9":"instock","10":"shipping-taxable","11":"purchasable","12":"product-type-simple"},"_links":{"self":[{"href":"https:\/\/www.cxjsmartcard.com\/tr\/wp-json\/wp\/v2\/product\/652","targetHints":{"allow":["GET"]}}],"collection":[{"href":"https:\/\/www.cxjsmartcard.com\/tr\/wp-json\/wp\/v2\/product"}],"about":[{"href":"https:\/\/www.cxjsmartcard.com\/tr\/wp-json\/wp\/v2\/types\/product"}],"wp:featuredmedia":[{"embeddable":true,"href":"https:\/\/www.cxjsmartcard.com\/tr\/wp-json\/wp\/v2\/media\/653"}],"wp:attachment":[{"href":"https:\/\/www.cxjsmartcard.com\/tr\/wp-json\/wp\/v2\/media?parent=652"}],"wp:term":[{"taxonomy":"product_brand","embeddable":true,"href":"https:\/\/www.cxjsmartcard.com\/tr\/wp-json\/wp\/v2\/product_brand?post=652"},{"taxonomy":"product_cat","embeddable":true,"href":"https:\/\/www.cxjsmartcard.com\/tr\/wp-json\/wp\/v2\/product_cat?post=652"},{"taxonomy":"product_tag","embeddable":true,"href":"https:\/\/www.cxjsmartcard.com\/tr\/wp-json\/wp\/v2\/product_tag?post=652"}],"curies":[{"name":"wp","href":"https:\/\/api.w.org\/{rel}","templated":true}]}}