{"id":648,"date":"2025-11-01T08:35:32","date_gmt":"2025-11-01T08:35:32","guid":{"rendered":"https:\/\/www.cxjsmartcard.com\/?post_type=product&#038;p=648"},"modified":"2025-12-29T01:27:12","modified_gmt":"2025-12-29T01:27:12","slug":"nxp-mifare-desfire-ev2-2k-4k-8k-rfid-cards","status":"publish","type":"product","link":"https:\/\/www.cxjsmartcard.com\/tr\/nxp-mifare-desfire-ev2-2k-4k-8k-rfid-cards\/","title":{"rendered":"NXP MIFARE DESFire EV2 2K 4K 8K RFID Kartlar\u0131"},"content":{"rendered":"<p data-start=\"49\" data-end=\"396\">NXP MIFARE DESFire EV2 tabanl\u0131, 2K, 4K ve 8K EEPROM se\u00e7enekleriyle sunulan y\u00fcksek g\u00fcvenlikli 13,56 MHz temass\u0131z kartlar. ISO\/IEC 14443A, AES\/3DES anahtarlar\u0131, devredilmi\u015f uygulama y\u00f6netimi (MIsmartApp), yak\u0131nl\u0131k kontrol\u00fc ve gizlilik i\u00e7in VCA deste\u011fi sunar. Ula\u015f\u0131m, eri\u015fim kontrol\u00fc, kamp\u00fcs, konaklama ve \u015fehir kart\u0131 projeleri i\u00e7in tasarlanm\u0131\u015ft\u0131r.<\/p>\n<p data-start=\"398\" data-end=\"417\"><strong data-start=\"398\" data-end=\"415\">\u015eartname<\/strong><\/p>\n<div class=\"_tableContainer_1rjym_1\">\n<div class=\"group _tableWrapper_1rjym_13 flex w-fit flex-col-reverse\" tabindex=\"-1\">\n<table class=\"w-fit min-w-(--thread-content-width)\" data-start=\"418\" data-end=\"1199\">\n<thead data-start=\"418\" data-end=\"436\">\n<tr data-start=\"418\" data-end=\"436\">\n<th data-start=\"418\" data-end=\"425\" data-col-size=\"sm\">\u00d6\u011fe<\/th>\n<th data-start=\"425\" data-end=\"436\" data-col-size=\"md\">Detaylar<\/th>\n<\/tr>\n<\/thead>\n<tbody data-start=\"447\" data-end=\"1199\">\n<tr data-start=\"447\" data-end=\"480\">\n<td data-start=\"447\" data-end=\"454\" data-col-size=\"sm\">\u00c7ip<\/td>\n<td data-col-size=\"md\" data-start=\"454\" data-end=\"480\">NXP MIFARE DESFire EV2<\/td>\n<\/tr>\n<tr data-start=\"481\" data-end=\"557\">\n<td data-start=\"481\" data-end=\"498\" data-col-size=\"sm\">Bellek Se\u00e7enekleri<\/td>\n<td data-col-size=\"md\" data-start=\"498\" data-end=\"557\">2K \/ 4K \/ 8K (seri olarak daha y\u00fcksek NV belle\u011fi de destekler)<\/td>\n<\/tr>\n<tr data-start=\"558\" data-end=\"610\">\n<td data-start=\"558\" data-end=\"572\" data-col-size=\"sm\">RF Standard<\/td>\n<td data-col-size=\"md\" data-start=\"572\" data-end=\"610\">ISO\/IEC 14443 Tip A (b\u00f6l\u00fcm 2\/3\/4)<\/td>\n<\/tr>\n<tr data-start=\"611\" data-end=\"636\">\n<td data-start=\"611\" data-end=\"623\" data-col-size=\"sm\">S\u0131kl\u0131k<\/td>\n<td data-col-size=\"md\" data-start=\"623\" data-end=\"636\">13,56 MHz<\/td>\n<\/tr>\n<tr data-start=\"637\" data-end=\"681\">\n<td data-start=\"637\" data-end=\"649\" data-col-size=\"sm\">Veri H\u0131z\u0131<\/td>\n<td data-col-size=\"md\" data-start=\"649\" data-end=\"681\">106 \/ 212 \/ 424 \/ 848 kbit\/s<\/td>\n<\/tr>\n<tr data-start=\"682\" data-end=\"722\">\n<td data-start=\"682\" data-end=\"688\" data-col-size=\"sm\">UID<\/td>\n<td data-col-size=\"md\" data-start=\"688\" data-end=\"722\">7 baytl\u0131k UID, iste\u011fe ba\u011fl\u0131 Rastgele Kimlik<\/td>\n<\/tr>\n<tr data-start=\"723\" data-end=\"795\">\n<td data-start=\"723\" data-end=\"737\" data-col-size=\"sm\">Dosya Sistemi<\/td>\n<td data-col-size=\"md\" data-start=\"737\" data-end=\"795\">Uygulama ba\u015f\u0131na en fazla 32 dosya, PICC ba\u015f\u0131na birden fazla uygulama<\/td>\n<\/tr>\n<tr data-start=\"796\" data-end=\"871\">\n<td data-start=\"796\" data-end=\"807\" data-col-size=\"sm\">G\u00fcvenlik<\/td>\n<td data-start=\"807\" data-end=\"871\" data-col-size=\"md\">Ortak Kriterler EAL5+, AES-128, 3 ge\u00e7i\u015fli kar\u015f\u0131l\u0131kl\u0131 kimlik do\u011frulama<\/td>\n<\/tr>\n<tr data-start=\"872\" data-end=\"910\">\n<td data-start=\"872\" data-end=\"883\" data-col-size=\"sm\">Malzeme<\/td>\n<td data-col-size=\"md\" data-start=\"883\" data-end=\"910\">PVC, ABS, PET, PC, vb.<\/td>\n<\/tr>\n<tr data-start=\"911\" data-end=\"946\">\n<td data-start=\"911\" data-end=\"918\" data-col-size=\"sm\">Boyut<\/td>\n<td data-col-size=\"md\" data-start=\"918\" data-end=\"946\">CR80 30mil veya \u00f6zelle\u015ftirilmi\u015f<\/td>\n<\/tr>\n<tr data-start=\"947\" data-end=\"985\">\n<td data-start=\"947\" data-end=\"957\" data-col-size=\"sm\">Y\u00fczey<\/td>\n<td data-start=\"957\" data-end=\"985\" data-col-size=\"md\">Parlak \/ Mat \/ Buzlu<\/td>\n<\/tr>\n<tr data-start=\"986\" data-end=\"1028\">\n<td data-start=\"986\" data-end=\"998\" data-col-size=\"sm\">Yazd\u0131r\u0131labilir<\/td>\n<td data-col-size=\"md\" data-start=\"998\" data-end=\"1028\">Termal, m\u00fcrekkep p\u00fcsk\u00fcrtmeli, UV, lazer<\/td>\n<\/tr>\n<tr data-start=\"1029\" data-end=\"1110\">\n<td data-start=\"1029\" data-end=\"1038\" data-col-size=\"sm\">El sanatlar\u0131<\/td>\n<td data-start=\"1038\" data-end=\"1110\" data-col-size=\"md\">Manyetik \u015ferit, barkod\/QR, imza paneli, kaz\u0131nabilir kart, SN numaras\u0131<\/td>\n<\/tr>\n<tr data-start=\"1111\" data-end=\"1199\">\n<td data-start=\"1111\" data-end=\"1128\" data-col-size=\"sm\">Hedef Sistemler<\/td>\n<td data-start=\"1128\" data-end=\"1199\" data-col-size=\"md\">Ula\u015f\u0131m biletleri, bankac\u0131l\u0131k entegrasyonu, \u015fehir kart\u0131, eri\u015fim kontrol\u00fc<\/td>\n<\/tr>\n<\/tbody>\n<\/table>\n<\/div>\n<\/div>\n<p data-start=\"1201\" data-end=\"1219\"><strong data-start=\"1201\" data-end=\"1217\">Temel \u00d6zellikler<\/strong><\/p>\n<ul data-start=\"1220\" data-end=\"1537\">\n<li data-start=\"1220\" data-end=\"1251\">\n<p data-start=\"1222\" data-end=\"1251\">Y\u00fcksek g\u00fcvenlik seviyesi (EAL5+)<\/p>\n<\/li>\n<li data-start=\"1252\" data-end=\"1299\">\n<p data-start=\"1254\" data-end=\"1299\">MIFARE Plus&#039;a benzer AES g\u00fcvenli mesajla\u015fma<\/p>\n<\/li>\n<li data-start=\"1300\" data-end=\"1351\">\n<p data-start=\"1302\" data-end=\"1351\">Delege edilmi\u015f uygulama y\u00f6netimi i\u00e7in MIsmartApp<\/p>\n<\/li>\n<li data-start=\"1352\" data-end=\"1404\">\n<p data-start=\"1354\" data-end=\"1404\">\u0130\u015flem MAC, y\u0131rt\u0131lmaya kar\u015f\u0131 koruma ve h\u0131zl\u0131 anahtar yuvarlama<\/p>\n<\/li>\n<li data-start=\"1405\" data-end=\"1477\">\n<p data-start=\"1407\" data-end=\"1477\">\u00c7oklu kirac\u0131\/\u00e7oklu hizmet kartlar\u0131 i\u00e7in Sanal Kart Mimarisi (VCA)<\/p>\n<\/li>\n<li data-start=\"1478\" data-end=\"1537\">\n<p data-start=\"1480\" data-end=\"1537\">\u00d6nceki DESFire nesilleriyle geriye d\u00f6n\u00fck uyumluluk<\/p>\n<\/li>\n<\/ul>","protected":false},"excerpt":{"rendered":"<p>Ula\u015f\u0131m, eri\u015fim ve ak\u0131ll\u0131 \u015fehir kartlar\u0131 i\u00e7in AES g\u00fcvenli\u011fi, ISO14443A ve esnek \u00e7oklu uygulama dosya sistemine sahip 13.56MHz NXP MIFARE DESFire EV2 RFID kartlar\u0131 (2K\/4K\/8K).<\/p>","protected":false},"featured_media":649,"template":"","meta":{"_gspb_post_css":""},"product_brand":[],"product_cat":[15],"product_tag":[],"class_list":{"0":"post-648","1":"product","2":"type-product","3":"status-publish","4":"has-post-thumbnail","6":"product_cat-rfid-cards","8":"first","9":"instock","10":"shipping-taxable","11":"purchasable","12":"product-type-simple"},"_links":{"self":[{"href":"https:\/\/www.cxjsmartcard.com\/tr\/wp-json\/wp\/v2\/product\/648","targetHints":{"allow":["GET"]}}],"collection":[{"href":"https:\/\/www.cxjsmartcard.com\/tr\/wp-json\/wp\/v2\/product"}],"about":[{"href":"https:\/\/www.cxjsmartcard.com\/tr\/wp-json\/wp\/v2\/types\/product"}],"wp:featuredmedia":[{"embeddable":true,"href":"https:\/\/www.cxjsmartcard.com\/tr\/wp-json\/wp\/v2\/media\/649"}],"wp:attachment":[{"href":"https:\/\/www.cxjsmartcard.com\/tr\/wp-json\/wp\/v2\/media?parent=648"}],"wp:term":[{"taxonomy":"product_brand","embeddable":true,"href":"https:\/\/www.cxjsmartcard.com\/tr\/wp-json\/wp\/v2\/product_brand?post=648"},{"taxonomy":"product_cat","embeddable":true,"href":"https:\/\/www.cxjsmartcard.com\/tr\/wp-json\/wp\/v2\/product_cat?post=648"},{"taxonomy":"product_tag","embeddable":true,"href":"https:\/\/www.cxjsmartcard.com\/tr\/wp-json\/wp\/v2\/product_tag?post=648"}],"curies":[{"name":"wp","href":"https:\/\/api.w.org\/{rel}","templated":true}]}}