{"id":643,"date":"2025-11-01T08:29:51","date_gmt":"2025-11-01T08:29:51","guid":{"rendered":"https:\/\/www.cxjsmartcard.com\/?post_type=product&#038;p=643"},"modified":"2025-12-29T01:27:12","modified_gmt":"2025-12-29T01:27:12","slug":"nxp-mifare-desfire-ev1-4k-rfid-smart-card-for-access-control","status":"publish","type":"product","link":"https:\/\/www.cxjsmartcard.com\/tr\/nxp-mifare-desfire-ev1-4k-rfid-smart-card-for-access-control\/","title":{"rendered":"Eri\u015fim Kontrol\u00fc i\u00e7in NXP MIFARE DESFire EV1 4K RFID Ak\u0131ll\u0131 Kart"},"content":{"rendered":"<p data-start=\"67\" data-end=\"417\">NXP MIFARE DESFire EV1 tabanl\u0131, 4KB EEPROM&#039;lu, g\u00fcvenli 13,56 MHz temass\u0131z kart, eri\u015fim kontrol\u00fc, ula\u015f\u0131m bileti, e-\u00f6deme ve kimlik\/sadakat uygulamalar\u0131 i\u00e7in uygundur. ISO\/IEC 14443 Tip A ile uyumludur ve kar\u015f\u0131l\u0131kl\u0131 \u00fc\u00e7 ge\u00e7i\u015fli kimlik do\u011frulama ile birden fazla uygulama ve dosyay\u0131 destekler.<\/p>\n<p data-start=\"419\" data-end=\"449\"><strong data-start=\"419\" data-end=\"447\">Teknik \u00d6zellikler<\/strong><\/p>\n<div class=\"_tableContainer_1rjym_1\">\n<div class=\"group _tableWrapper_1rjym_13 flex w-fit flex-col-reverse\" tabindex=\"-1\">\n<table class=\"w-fit min-w-(--thread-content-width)\" data-start=\"450\" data-end=\"1076\">\n<thead data-start=\"450\" data-end=\"471\">\n<tr data-start=\"450\" data-end=\"471\">\n<th data-start=\"450\" data-end=\"460\" data-col-size=\"sm\">\u00d6zellik<\/th>\n<th data-start=\"460\" data-end=\"471\" data-col-size=\"md\">Detaylar<\/th>\n<\/tr>\n<\/thead>\n<tbody data-start=\"482\" data-end=\"1076\">\n<tr data-start=\"482\" data-end=\"500\">\n<td data-start=\"482\" data-end=\"493\" data-col-size=\"sm\">Malzeme<\/td>\n<td data-col-size=\"md\" data-start=\"493\" data-end=\"500\">PVC<\/td>\n<\/tr>\n<tr data-start=\"501\" data-end=\"556\">\n<td data-start=\"501\" data-end=\"513\" data-col-size=\"sm\">Boyut<\/td>\n<td data-col-size=\"md\" data-start=\"513\" data-end=\"556\">85,6 \u00d7 54 \u00d7 0,88 mm (ISO\/IEC 7810 ID-1)<\/td>\n<\/tr>\n<tr data-start=\"557\" data-end=\"598\">\n<td data-start=\"557\" data-end=\"565\" data-col-size=\"sm\">Renk<\/td>\n<td data-start=\"565\" data-end=\"598\" data-col-size=\"md\">Beyaz (\u00f6zelle\u015ftirilebilir bask\u0131)<\/td>\n<\/tr>\n<tr data-start=\"599\" data-end=\"624\">\n<td data-start=\"599\" data-end=\"611\" data-col-size=\"sm\">S\u0131kl\u0131k<\/td>\n<td data-col-size=\"md\" data-start=\"611\" data-end=\"624\">13,56 MHz<\/td>\n<\/tr>\n<tr data-start=\"625\" data-end=\"661\">\n<td data-start=\"625\" data-end=\"632\" data-col-size=\"sm\">\u00c7ip<\/td>\n<td data-col-size=\"md\" data-start=\"632\" data-end=\"661\">NXP MIFARE DESFire EV1 4K<\/td>\n<\/tr>\n<tr data-start=\"662\" data-end=\"747\">\n<td data-start=\"662\" data-end=\"671\" data-col-size=\"sm\">Haf\u0131za<\/td>\n<td data-start=\"671\" data-end=\"747\" data-col-size=\"md\">4 KB EEPROM; uygulama ba\u015f\u0131na 28 uygulamaya ve 32 dosyaya kadar destek sa\u011flar<\/td>\n<\/tr>\n<tr data-start=\"748\" data-end=\"820\">\n<td data-start=\"748\" data-end=\"760\" data-col-size=\"sm\">Standartlar<\/td>\n<td data-col-size=\"md\" data-start=\"760\" data-end=\"820\">ISO\/IEC 14443 Tip A; ISO\/IEC 7816-4 (iste\u011fe ba\u011fl\u0131 komutlar)<\/td>\n<\/tr>\n<tr data-start=\"821\" data-end=\"903\">\n<td data-start=\"821\" data-end=\"832\" data-col-size=\"sm\">G\u00fcvenlik<\/td>\n<td data-start=\"832\" data-end=\"903\" data-col-size=\"md\">3 ge\u00e7i\u015fli kar\u015f\u0131l\u0131kl\u0131 kimlik do\u011frulama, \u00e7ip \u00fczerinde yedekleme y\u00f6netimi, 7 baytl\u0131k UID<\/td>\n<\/tr>\n<tr data-start=\"904\" data-end=\"946\">\n<td data-start=\"904\" data-end=\"917\" data-col-size=\"sm\">Okuma Aral\u0131\u011f\u0131<\/td>\n<td data-start=\"917\" data-end=\"946\" data-col-size=\"md\">2\u20135 cm (okuyucuya ba\u011fl\u0131)<\/td>\n<\/tr>\n<tr data-start=\"947\" data-end=\"1076\">\n<td data-start=\"947\" data-end=\"962\" data-col-size=\"sm\">Tipik Kullan\u0131mlar<\/td>\n<td data-col-size=\"md\" data-start=\"962\" data-end=\"1037\">Eri\u015fim kontrol\u00fc, toplu ta\u015f\u0131ma, e-\u00f6deme, kimlik ve sadakat programlar\u0131<\/td>\n<\/tr>\n<\/tbody>\n<\/table>\n<\/div>\n<\/div>\n<p data-start=\"1078\" data-end=\"1096\"><strong data-start=\"1078\" data-end=\"1094\">Temel \u00d6zellikler<\/strong><\/p>\n<ul data-start=\"1097\" data-end=\"1370\">\n<li data-start=\"1097\" data-end=\"1178\">\n<p data-start=\"1099\" data-end=\"1178\">Kar\u015f\u0131l\u0131kl\u0131 \u00fc\u00e7 ge\u00e7i\u015fli kimlik do\u011frulama ve geli\u015fmi\u015f kriptografi ile y\u00fcksek g\u00fcvenlik<\/p>\n<\/li>\n<li data-start=\"1179\" data-end=\"1238\">\n<p data-start=\"1181\" data-end=\"1238\">B\u00fcy\u00fck, esnek dosya sistemi (\u00e7oklu uygulama deste\u011fi)<\/p>\n<\/li>\n<li data-start=\"1239\" data-end=\"1288\">\n<p data-start=\"1241\" data-end=\"1288\">Geni\u015f okuyucu uyumlulu\u011fu i\u00e7in a\u00e7\u0131k standartlar<\/p>\n<\/li>\n<li data-start=\"1289\" data-end=\"1370\">\n<p data-start=\"1291\" data-end=\"1370\">Anahtar \u00e7e\u015fitlendirmesi i\u00e7in benzersiz 7 baytl\u0131k UID<\/p>\n<\/li>\n<\/ul>","protected":false},"excerpt":{"rendered":"<p>Eri\u015fim, ta\u015f\u0131ma ve e-\u00f6deme i\u00e7in ISO14443A, 4KB bellek ve g\u00fc\u00e7l\u00fc kimlik do\u011frulama \u00f6zelliklerine sahip 13.56MHz NXP MIFARE DESFire EV1 4K temass\u0131z kart.<\/p>","protected":false},"featured_media":644,"template":"","meta":{"_gspb_post_css":""},"product_brand":[],"product_cat":[15],"product_tag":[],"class_list":{"0":"post-643","1":"product","2":"type-product","3":"status-publish","4":"has-post-thumbnail","6":"product_cat-rfid-cards","8":"first","9":"instock","10":"shipping-taxable","11":"purchasable","12":"product-type-simple"},"_links":{"self":[{"href":"https:\/\/www.cxjsmartcard.com\/tr\/wp-json\/wp\/v2\/product\/643","targetHints":{"allow":["GET"]}}],"collection":[{"href":"https:\/\/www.cxjsmartcard.com\/tr\/wp-json\/wp\/v2\/product"}],"about":[{"href":"https:\/\/www.cxjsmartcard.com\/tr\/wp-json\/wp\/v2\/types\/product"}],"wp:featuredmedia":[{"embeddable":true,"href":"https:\/\/www.cxjsmartcard.com\/tr\/wp-json\/wp\/v2\/media\/644"}],"wp:attachment":[{"href":"https:\/\/www.cxjsmartcard.com\/tr\/wp-json\/wp\/v2\/media?parent=643"}],"wp:term":[{"taxonomy":"product_brand","embeddable":true,"href":"https:\/\/www.cxjsmartcard.com\/tr\/wp-json\/wp\/v2\/product_brand?post=643"},{"taxonomy":"product_cat","embeddable":true,"href":"https:\/\/www.cxjsmartcard.com\/tr\/wp-json\/wp\/v2\/product_cat?post=643"},{"taxonomy":"product_tag","embeddable":true,"href":"https:\/\/www.cxjsmartcard.com\/tr\/wp-json\/wp\/v2\/product_tag?post=643"}],"curies":[{"name":"wp","href":"https:\/\/api.w.org\/{rel}","templated":true}]}}