{"id":637,"date":"2025-11-01T08:26:42","date_gmt":"2025-11-01T08:26:42","guid":{"rendered":"https:\/\/www.cxjsmartcard.com\/?post_type=product&#038;p=637"},"modified":"2025-12-29T01:27:12","modified_gmt":"2025-12-29T01:27:12","slug":"mifare-desfire-ev2-2k-rfid-card","status":"publish","type":"product","link":"https:\/\/www.cxjsmartcard.com\/tr\/mifare-desfire-ev2-2k-rfid-card\/","title":{"rendered":"MIFARE DESFire EV2 2K RFID Kart\u0131"},"content":{"rendered":"<p data-start=\"38\" data-end=\"428\">\u00c7oklu uygulama biletleme, ula\u015f\u0131m, eri\u015fim kontrol\u00fc, konaklama, kamp\u00fcs, nakitsiz \u00f6deme ve ak\u0131ll\u0131 \u015fehir hizmetleri i\u00e7in tasarlanm\u0131\u015f, NXP MIFARE DESFire EV2 2K tabanl\u0131, y\u00fcksek g\u00fcvenlikli 13,56 MHz temass\u0131z ak\u0131ll\u0131 kart. ISO\/IEC 14443A ile uyumludur, 848 kbit\/s&#039;ye kadar h\u0131zl\u0131 veri h\u0131zlar\u0131n\u0131, Ortak Kriter EAL5+ g\u00fcvenlik seviyesini ve esnek dosya\/uygulama y\u00f6netimini destekler.<\/p>\n<p data-start=\"430\" data-end=\"449\"><strong data-start=\"430\" data-end=\"447\">\u015eartname<\/strong><\/p>\n<div class=\"_tableContainer_1rjym_1\">\n<div class=\"group _tableWrapper_1rjym_13 flex w-fit flex-col-reverse\" tabindex=\"-1\">\n<table class=\"w-fit min-w-(--thread-content-width)\" data-start=\"450\" data-end=\"1095\">\n<thead data-start=\"450\" data-end=\"468\">\n<tr data-start=\"450\" data-end=\"468\">\n<th data-start=\"450\" data-end=\"457\" data-col-size=\"sm\">\u00d6\u011fe<\/th>\n<th data-start=\"457\" data-end=\"468\" data-col-size=\"md\">Detaylar<\/th>\n<\/tr>\n<\/thead>\n<tbody data-start=\"479\" data-end=\"1095\">\n<tr data-start=\"479\" data-end=\"511\">\n<td data-start=\"479\" data-end=\"486\" data-col-size=\"sm\">\u00c7ip<\/td>\n<td data-col-size=\"md\" data-start=\"486\" data-end=\"511\">MIFARE DESFire EV2 2K<\/td>\n<\/tr>\n<tr data-start=\"512\" data-end=\"542\">\n<td data-start=\"512\" data-end=\"521\" data-col-size=\"sm\">Haf\u0131za<\/td>\n<td data-col-size=\"md\" data-start=\"521\" data-end=\"542\">2 KByte NV bellek<\/td>\n<\/tr>\n<tr data-start=\"543\" data-end=\"609\">\n<td data-start=\"543\" data-end=\"569\" data-col-size=\"sm\">Standart \/ RF Aray\u00fcz\u00fc<\/td>\n<td data-col-size=\"md\" data-start=\"569\" data-end=\"609\">ISO\/IEC 14443 Tip A (B\u00f6l\u00fcm 2, 3, 4)<\/td>\n<\/tr>\n<tr data-start=\"610\" data-end=\"635\">\n<td data-start=\"610\" data-end=\"622\" data-col-size=\"sm\">S\u0131kl\u0131k<\/td>\n<td data-col-size=\"md\" data-start=\"622\" data-end=\"635\">13,56 MHz<\/td>\n<\/tr>\n<tr data-start=\"636\" data-end=\"680\">\n<td data-start=\"636\" data-end=\"648\" data-col-size=\"sm\">Veri H\u0131z\u0131<\/td>\n<td data-col-size=\"md\" data-start=\"648\" data-end=\"680\">106 \/ 212 \/ 424 \/ 848 kbit\/s<\/td>\n<\/tr>\n<tr data-start=\"681\" data-end=\"736\">\n<td data-start=\"681\" data-end=\"687\" data-col-size=\"sm\">UID<\/td>\n<td data-start=\"687\" data-end=\"736\" data-col-size=\"md\">7 baytl\u0131k benzersiz tan\u0131mlay\u0131c\u0131 (rastgele kimli\u011fi destekler)<\/td>\n<\/tr>\n<tr data-start=\"737\" data-end=\"777\">\n<td data-start=\"737\" data-end=\"744\" data-col-size=\"sm\">Boyut<\/td>\n<td data-start=\"744\" data-end=\"777\" data-col-size=\"md\">85,5 \u00d7 54 mm (CR80) veya \u00f6zel<\/td>\n<\/tr>\n<tr data-start=\"778\" data-end=\"830\">\n<td data-start=\"778\" data-end=\"791\" data-col-size=\"sm\">Okuma Aral\u0131\u011f\u0131<\/td>\n<td data-col-size=\"md\" data-start=\"791\" data-end=\"830\">0\u201310 cm (okuyucuya\/antene ba\u011fl\u0131)<\/td>\n<\/tr>\n<tr data-start=\"831\" data-end=\"868\">\n<td data-start=\"831\" data-end=\"849\" data-col-size=\"sm\">Dayan\u0131kl\u0131l\u0131k Yaz<\/td>\n<td data-col-size=\"md\" data-start=\"849\" data-end=\"868\">\u2265500.000 d\u00f6ng\u00fc<\/td>\n<\/tr>\n<tr data-start=\"869\" data-end=\"898\">\n<td data-start=\"869\" data-end=\"886\" data-col-size=\"sm\">Veri Saklama<\/td>\n<td data-col-size=\"md\" data-start=\"886\" data-end=\"898\">25 y\u0131l<\/td>\n<\/tr>\n<tr data-start=\"899\" data-end=\"942\">\n<td data-start=\"899\" data-end=\"910\" data-col-size=\"sm\">Malzeme<\/td>\n<td data-start=\"910\" data-end=\"942\" data-col-size=\"md\">PVC (\u00f6zel: PET, PET-G, PC)<\/td>\n<\/tr>\n<tr data-start=\"943\" data-end=\"1010\">\n<td data-start=\"943\" data-end=\"954\" data-col-size=\"sm\">Bask\u0131<\/td>\n<td data-start=\"954\" data-end=\"1010\" data-col-size=\"md\">CMYK ofset, serigrafi, ki\u015fiselle\u015ftirme, QR\/barkod<\/td>\n<\/tr>\n<tr data-start=\"1011\" data-end=\"1095\">\n<td data-start=\"1011\" data-end=\"1020\" data-col-size=\"sm\">El sanatlar\u0131<\/td>\n<td data-start=\"1020\" data-end=\"1095\" data-col-size=\"md\">Seri numaras\u0131, manyetik \u015ferit, kabartma\/g\u00f6mme, lazer kodu, s\u0131cak damgalama<\/td>\n<\/tr>\n<\/tbody>\n<\/table>\n<\/div>\n<\/div>\n<p data-start=\"1097\" data-end=\"1116\"><strong data-start=\"1097\" data-end=\"1114\">Temel \u00d6zellikler<\/strong><\/p>\n<div class=\"_tableContainer_1rjym_1\">\n<div class=\"group _tableWrapper_1rjym_13 flex w-fit flex-col-reverse\" tabindex=\"-1\">\n<table class=\"w-fit min-w-(--thread-content-width)\" data-start=\"1117\" data-end=\"1682\">\n<thead data-start=\"1117\" data-end=\"1142\">\n<tr data-start=\"1117\" data-end=\"1142\">\n<th data-start=\"1117\" data-end=\"1127\" data-col-size=\"sm\">\u00d6zellik<\/th>\n<th data-start=\"1127\" data-end=\"1142\" data-col-size=\"md\">Tan\u0131m<\/th>\n<\/tr>\n<\/thead>\n<tbody data-start=\"1153\" data-end=\"1682\">\n<tr data-start=\"1153\" data-end=\"1250\">\n<td data-start=\"1153\" data-end=\"1173\" data-col-size=\"sm\">\u00c7oklu Uygulama<\/td>\n<td data-col-size=\"md\" data-start=\"1173\" data-end=\"1250\">Kart ba\u015f\u0131na neredeyse s\u0131n\u0131rs\u0131z uygulama; uygulama ba\u015f\u0131na 32 dosyaya kadar<\/td>\n<\/tr>\n<tr data-start=\"1251\" data-end=\"1334\">\n<td data-start=\"1251\" data-end=\"1273\" data-col-size=\"sm\">G\u00fcvenli Mimari<\/td>\n<td data-start=\"1273\" data-end=\"1334\" data-col-size=\"md\">AES (128 bit) ve 3DES anahtarlar\u0131, kar\u015f\u0131l\u0131kl\u0131 3 ge\u00e7i\u015fli kimlik do\u011frulama<\/td>\n<\/tr>\n<tr data-start=\"1335\" data-end=\"1394\">\n<td data-start=\"1335\" data-end=\"1353\" data-col-size=\"sm\">\u0130\u015flem MAC<\/td>\n<td data-col-size=\"md\" data-start=\"1353\" data-end=\"1394\">Her i\u015flemin b\u00fct\u00fcnl\u00fc\u011f\u00fcn\u00fc sa\u011flar<\/td>\n<\/tr>\n<tr data-start=\"1395\" data-end=\"1466\">\n<td data-start=\"1395\" data-end=\"1408\" data-col-size=\"sm\">MIsmartApp<\/td>\n<td data-start=\"1408\" data-end=\"1466\" data-col-size=\"md\">Servis operat\u00f6rleri i\u00e7in devredilmi\u015f uygulama y\u00f6netimi<\/td>\n<\/tr>\n<tr data-start=\"1467\" data-end=\"1521\">\n<td data-start=\"1467\" data-end=\"1485\" data-col-size=\"sm\">Yak\u0131nl\u0131k Kontrol\u00fc<\/td>\n<td data-col-size=\"md\" data-start=\"1485\" data-end=\"1521\">R\u00f6le sald\u0131r\u0131lar\u0131na kar\u015f\u0131 koruma<\/td>\n<\/tr>\n<tr data-start=\"1522\" data-end=\"1601\">\n<td data-start=\"1522\" data-end=\"1556\" data-col-size=\"sm\">VCA (Sanal Kart Mimarisi)<\/td>\n<td data-col-size=\"md\" data-start=\"1556\" data-end=\"1601\">Daha iyi gizlilik ve uygulama ayr\u0131m\u0131<\/td>\n<\/tr>\n<tr data-start=\"1602\" data-end=\"1682\">\n<td data-start=\"1602\" data-end=\"1627\" data-col-size=\"sm\">ISO\/IEC 7816-4 Deste\u011fi<\/td>\n<td data-col-size=\"md\" data-start=\"1627\" data-end=\"1682\">Kolay sistem entegrasyonu i\u00e7in APDU ve dosya yap\u0131s\u0131<\/td>\n<\/tr>\n<\/tbody>\n<\/table>\n<\/div>\n<\/div>\n<p data-start=\"1684\" data-end=\"1711\"><strong data-start=\"1684\" data-end=\"1709\">Uygulama Senaryolar\u0131<\/strong><\/p>\n<ul data-start=\"1712\" data-end=\"1963\">\n<li data-start=\"1712\" data-end=\"1764\">\n<p data-start=\"1714\" data-end=\"1764\">Toplu ta\u015f\u0131ma, e-bilet, zaman ve kat\u0131l\u0131m<\/p>\n<\/li>\n<li data-start=\"1765\" data-end=\"1803\">\n<p data-start=\"1767\" data-end=\"1803\">Kamp\u00fcs \/ i\u015fletme \/ otel eri\u015fimi<\/p>\n<\/li>\n<li data-start=\"1804\" data-end=\"1848\">\n<p data-start=\"1806\" data-end=\"1848\">Nakitsiz sat\u0131\u015f ve kapal\u0131 devre \u00f6deme<\/p>\n<\/li>\n<li data-start=\"1849\" data-end=\"1909\">\n<p data-start=\"1851\" data-end=\"1909\">Park etme, bisiklet\/araba payla\u015f\u0131m\u0131 ve k\u00fct\u00fcphaneyi birle\u015ftiren \u015fehir kart\u0131<\/p>\n<\/li>\n<li data-start=\"1910\" data-end=\"1963\">\n<p data-start=\"1912\" data-end=\"1963\">Sadakat, etkinlik ve sosyal medya aktivasyon kartlar\u0131<\/p>\n<\/li>\n<\/ul>","protected":false},"excerpt":{"rendered":"<p>Ula\u015f\u0131m, eri\u015fim kontrol\u00fc ve ak\u0131ll\u0131 \u015fehir projeleri i\u00e7in AES, h\u0131zl\u0131 veri h\u0131z\u0131 ve \u00e7oklu uygulama deste\u011fine sahip y\u00fcksek g\u00fcvenlikli MIFARE DESFire EV2 2K 13.56MHz RFID kart\u0131.<\/p>","protected":false},"featured_media":638,"template":"","meta":{"_gspb_post_css":""},"product_brand":[],"product_cat":[15],"product_tag":[],"class_list":{"0":"post-637","1":"product","2":"type-product","3":"status-publish","4":"has-post-thumbnail","6":"product_cat-rfid-cards","8":"first","9":"instock","10":"shipping-taxable","11":"purchasable","12":"product-type-simple"},"_links":{"self":[{"href":"https:\/\/www.cxjsmartcard.com\/tr\/wp-json\/wp\/v2\/product\/637","targetHints":{"allow":["GET"]}}],"collection":[{"href":"https:\/\/www.cxjsmartcard.com\/tr\/wp-json\/wp\/v2\/product"}],"about":[{"href":"https:\/\/www.cxjsmartcard.com\/tr\/wp-json\/wp\/v2\/types\/product"}],"wp:featuredmedia":[{"embeddable":true,"href":"https:\/\/www.cxjsmartcard.com\/tr\/wp-json\/wp\/v2\/media\/638"}],"wp:attachment":[{"href":"https:\/\/www.cxjsmartcard.com\/tr\/wp-json\/wp\/v2\/media?parent=637"}],"wp:term":[{"taxonomy":"product_brand","embeddable":true,"href":"https:\/\/www.cxjsmartcard.com\/tr\/wp-json\/wp\/v2\/product_brand?post=637"},{"taxonomy":"product_cat","embeddable":true,"href":"https:\/\/www.cxjsmartcard.com\/tr\/wp-json\/wp\/v2\/product_cat?post=637"},{"taxonomy":"product_tag","embeddable":true,"href":"https:\/\/www.cxjsmartcard.com\/tr\/wp-json\/wp\/v2\/product_tag?post=637"}],"curies":[{"name":"wp","href":"https:\/\/api.w.org\/{rel}","templated":true}]}}