{"id":632,"date":"2025-11-01T08:24:27","date_gmt":"2025-11-01T08:24:27","guid":{"rendered":"https:\/\/www.cxjsmartcard.com\/?post_type=product&#038;p=632"},"modified":"2025-12-29T01:27:12","modified_gmt":"2025-12-29T01:27:12","slug":"mifare-classic-ev1-1k-nfc-blank-white-rfid-card","status":"publish","type":"product","link":"https:\/\/www.cxjsmartcard.com\/tr\/mifare-classic-ev1-1k-nfc-blank-white-rfid-card\/","title":{"rendered":"MIFARE Classic EV1 1K NFC Bo\u015f Beyaz RFID Kart\u0131"},"content":{"rendered":"<p data-start=\"54\" data-end=\"430\">MIFARE Classic EV1 1K bo\u015f beyaz 13,56 MHz RFID kart\u0131, eri\u015fim kontrol\u00fc, kimlik do\u011frulama, nakitsiz \u00f6deme, zaman takibi, otel, okul, kul\u00fcp\/SPA, turizm, sa\u011fl\u0131k, s\u00fcpermarket, otopark, promosyonlar ve \u00fcyelik y\u00f6netimi i\u00e7in uygundur. Standart kredi kart\u0131 boyutunda, dayan\u0131kl\u0131 PVC ve istikrarl\u0131 okuma i\u00e7in y\u00fcksek kaliteli anten.<\/p>\n<p data-start=\"432\" data-end=\"457\"><strong data-start=\"432\" data-end=\"455\">Fiziksel Parametreler<\/strong><\/p>\n<div class=\"_tableContainer_1rjym_1\">\n<div class=\"group _tableWrapper_1rjym_13 flex w-fit flex-col-reverse\" tabindex=\"-1\">\n<table class=\"w-fit min-w-(--thread-content-width)\" data-start=\"458\" data-end=\"815\">\n<thead data-start=\"458\" data-end=\"476\">\n<tr data-start=\"458\" data-end=\"476\">\n<th data-start=\"458\" data-end=\"465\" data-col-size=\"sm\">\u00d6\u011fe<\/th>\n<th data-start=\"465\" data-end=\"476\" data-col-size=\"md\">Detaylar<\/th>\n<\/tr>\n<\/thead>\n<tbody data-start=\"487\" data-end=\"815\">\n<tr data-start=\"487\" data-end=\"521\">\n<td data-start=\"487\" data-end=\"498\" data-col-size=\"sm\">Malzeme<\/td>\n<td data-col-size=\"md\" data-start=\"498\" data-end=\"521\">PVC \/ PET \/ Biyo-PVC<\/td>\n<\/tr>\n<tr data-start=\"522\" data-end=\"574\">\n<td data-start=\"522\" data-end=\"537\" data-col-size=\"sm\">Anten Tipi<\/td>\n<td data-start=\"537\" data-end=\"574\" data-col-size=\"md\">Bak\u0131r anten \/ Al\u00fcminyum anten<\/td>\n<\/tr>\n<tr data-start=\"575\" data-end=\"620\">\n<td data-start=\"575\" data-end=\"582\" data-col-size=\"sm\">Boyut<\/td>\n<td data-start=\"582\" data-end=\"620\" data-col-size=\"md\">85,5 \u00d7 54 \u00d7 0,85 mm (\u00f6zelle\u015ftirilebilir)<\/td>\n<\/tr>\n<tr data-start=\"621\" data-end=\"644\">\n<td data-start=\"621\" data-end=\"629\" data-col-size=\"sm\">Renk<\/td>\n<td data-col-size=\"md\" data-start=\"629\" data-end=\"644\">Bo\u015f beyaz<\/td>\n<\/tr>\n<tr data-start=\"645\" data-end=\"672\">\n<td data-start=\"645\" data-end=\"659\" data-col-size=\"sm\">Kart A\u011f\u0131rl\u0131\u011f\u0131<\/td>\n<td data-col-size=\"md\" data-start=\"659\" data-end=\"672\">6 gr\/adet<\/td>\n<\/tr>\n<tr data-start=\"673\" data-end=\"718\">\n<td data-start=\"673\" data-end=\"690\" data-col-size=\"sm\">Y\u00fczey Kaplamas\u0131<\/td>\n<td data-start=\"690\" data-end=\"718\" data-col-size=\"md\">Parlak \/ Mat \/ Buzlu<\/td>\n<\/tr>\n<tr data-start=\"719\" data-end=\"815\">\n<td data-start=\"719\" data-end=\"731\" data-col-size=\"sm\">Ambalajlama<\/td>\n<td data-col-size=\"md\" data-start=\"731\" data-end=\"815\">200 adet\/kutu (22,2 \u00d7 9 \u00d7 5,4 cm), 2000 adet\/karton (49 \u00d7 24,5 \u00d7 13 cm), GW 14 kg<\/td>\n<\/tr>\n<\/tbody>\n<\/table>\n<\/div>\n<\/div>\n<p data-start=\"817\" data-end=\"844\"><strong data-start=\"817\" data-end=\"842\">Elektriksel Parametreler<\/strong><\/p>\n<div class=\"_tableContainer_1rjym_1\">\n<div class=\"group _tableWrapper_1rjym_13 flex w-fit flex-col-reverse\" tabindex=\"-1\">\n<table class=\"w-fit min-w-(--thread-content-width)\" data-start=\"845\" data-end=\"1111\">\n<thead data-start=\"845\" data-end=\"863\">\n<tr data-start=\"845\" data-end=\"863\">\n<th data-start=\"845\" data-end=\"852\" data-col-size=\"sm\">\u00d6\u011fe<\/th>\n<th data-start=\"852\" data-end=\"863\" data-col-size=\"sm\">Detaylar<\/th>\n<\/tr>\n<\/thead>\n<tbody data-start=\"874\" data-end=\"1111\">\n<tr data-start=\"874\" data-end=\"898\">\n<td data-start=\"874\" data-end=\"885\" data-col-size=\"sm\">Protokol<\/td>\n<td data-col-size=\"sm\" data-start=\"885\" data-end=\"898\">ISO14443A<\/td>\n<\/tr>\n<tr data-start=\"899\" data-end=\"924\">\n<td data-start=\"899\" data-end=\"911\" data-col-size=\"sm\">S\u0131kl\u0131k<\/td>\n<td data-start=\"911\" data-end=\"924\" data-col-size=\"sm\">13,56 MHz<\/td>\n<\/tr>\n<tr data-start=\"925\" data-end=\"958\">\n<td data-start=\"925\" data-end=\"932\" data-col-size=\"sm\">\u00c7ip<\/td>\n<td data-start=\"932\" data-end=\"958\" data-col-size=\"sm\">MIFARE Classic\u00ae EV1 1K<\/td>\n<\/tr>\n<tr data-start=\"959\" data-end=\"980\">\n<td data-start=\"959\" data-end=\"968\" data-col-size=\"sm\">Haf\u0131za<\/td>\n<td data-start=\"968\" data-end=\"980\" data-col-size=\"sm\">1K bayt<\/td>\n<\/tr>\n<tr data-start=\"981\" data-end=\"1020\">\n<td data-start=\"981\" data-end=\"1001\" data-col-size=\"sm\">Okuma\/Yazma D\u00f6ng\u00fcleri<\/td>\n<td data-col-size=\"sm\" data-start=\"1001\" data-end=\"1020\">1.000.000 kez<\/td>\n<\/tr>\n<tr data-start=\"1021\" data-end=\"1084\">\n<td data-start=\"1021\" data-end=\"1040\" data-col-size=\"sm\">Okuma Mesafesi<\/td>\n<td data-col-size=\"sm\" data-start=\"1040\" data-end=\"1084\">2\u20136 cm (okuyucuya ve ortama ba\u011fl\u0131)<\/td>\n<\/tr>\n<tr data-start=\"1085\" data-end=\"1111\">\n<td data-start=\"1085\" data-end=\"1099\" data-col-size=\"sm\">Sertifika<\/td>\n<td data-col-size=\"sm\" data-start=\"1099\" data-end=\"1111\">CE, RoHS<\/td>\n<\/tr>\n<\/tbody>\n<\/table>\n<\/div>\n<\/div>\n<p data-start=\"1113\" data-end=\"1140\"><strong data-start=\"1113\" data-end=\"1138\">Malzeme ve Dayan\u0131kl\u0131l\u0131k<\/strong><\/p>\n<ul data-start=\"1141\" data-end=\"1413\">\n<li data-start=\"1141\" data-end=\"1171\">\n<p data-start=\"1143\" data-end=\"1171\">0,84 mm standart kal\u0131nl\u0131k<\/p>\n<\/li>\n<li data-start=\"1172\" data-end=\"1248\">\n<p data-start=\"1174\" data-end=\"1248\">100% saf PVC, katlanmaya dayan\u0131kl\u0131, toksik olmayan, korozyona\/a\u015f\u0131nmaya dayan\u0131kl\u0131<\/p>\n<\/li>\n<li data-start=\"1249\" data-end=\"1318\">\n<p data-start=\"1251\" data-end=\"1318\">Uzun vadeli, y\u00fcksek talepli uygulamalar i\u00e7in RoHS\/REACH ile uyumludur<\/p>\n<\/li>\n<li data-start=\"1319\" data-end=\"1413\">\n<p data-start=\"1321\" data-end=\"1413\">Bask\u0131, ki\u015fiselle\u015ftirme ve kodlama i\u00e7in uygundur<\/p>\n<\/li>\n<\/ul>\n<p data-start=\"1415\" data-end=\"1457\"><strong data-start=\"1415\" data-end=\"1455\">Mevcut Bask\u0131 ve Ki\u015fiselle\u015ftirme<\/strong><\/p>\n<ul data-start=\"1458\" data-end=\"1726\">\n<li data-start=\"1458\" data-end=\"1481\">\n<p data-start=\"1460\" data-end=\"1481\">Barkodlar \/ QR kodlar\u0131<\/p>\n<\/li>\n<li data-start=\"1482\" data-end=\"1521\">\n<p data-start=\"1484\" data-end=\"1521\">Kart y\u00fczeyleri ve kal\u0131nl\u0131k se\u00e7enekleri<\/p>\n<\/li>\n<li data-start=\"1522\" data-end=\"1537\">\n<p data-start=\"1524\" data-end=\"1537\">Kal\u0131p kesme<\/p>\n<\/li>\n<li data-start=\"1538\" data-end=\"1563\">\n<p data-start=\"1540\" data-end=\"1563\">Kabartma ve numaraland\u0131rma<\/p>\n<\/li>\n<li data-start=\"1564\" data-end=\"1588\">\n<p data-start=\"1566\" data-end=\"1588\">\u00c7ip\/sekt\u00f6r kodlamas\u0131<\/p>\n<\/li>\n<li data-start=\"1589\" data-end=\"1617\">\n<p data-start=\"1591\" data-end=\"1617\">Folyo damgalama \/ metalik<\/p>\n<\/li>\n<li data-start=\"1618\" data-end=\"1661\">\n<p data-start=\"1620\" data-end=\"1661\">Spot UV \/ kaz\u0131nabilir \/ imza paneli<\/p>\n<\/li>\n<li data-start=\"1662\" data-end=\"1726\">\n<p data-start=\"1664\" data-end=\"1726\">De\u011fi\u015fken veri yazd\u0131rma<\/p>\n<\/li>\n<\/ul>","protected":false},"excerpt":{"rendered":"<p>Eri\u015fim kontrol\u00fc ve \u00fcyelik i\u00e7in bo\u015f beyaz 13.56MHz MIFARE Classic EV1 1K PVC RFID kart\u0131, ISO14443A uyumlu, dayan\u0131kl\u0131 ve \u00f6zel bask\u0131\/kodlamaya haz\u0131r.<\/p>","protected":false},"featured_media":634,"template":"","meta":{"_gspb_post_css":""},"product_brand":[],"product_cat":[15],"product_tag":[],"class_list":{"0":"post-632","1":"product","2":"type-product","3":"status-publish","4":"has-post-thumbnail","6":"product_cat-rfid-cards","8":"first","9":"instock","10":"shipping-taxable","11":"purchasable","12":"product-type-simple"},"_links":{"self":[{"href":"https:\/\/www.cxjsmartcard.com\/tr\/wp-json\/wp\/v2\/product\/632","targetHints":{"allow":["GET"]}}],"collection":[{"href":"https:\/\/www.cxjsmartcard.com\/tr\/wp-json\/wp\/v2\/product"}],"about":[{"href":"https:\/\/www.cxjsmartcard.com\/tr\/wp-json\/wp\/v2\/types\/product"}],"wp:featuredmedia":[{"embeddable":true,"href":"https:\/\/www.cxjsmartcard.com\/tr\/wp-json\/wp\/v2\/media\/634"}],"wp:attachment":[{"href":"https:\/\/www.cxjsmartcard.com\/tr\/wp-json\/wp\/v2\/media?parent=632"}],"wp:term":[{"taxonomy":"product_brand","embeddable":true,"href":"https:\/\/www.cxjsmartcard.com\/tr\/wp-json\/wp\/v2\/product_brand?post=632"},{"taxonomy":"product_cat","embeddable":true,"href":"https:\/\/www.cxjsmartcard.com\/tr\/wp-json\/wp\/v2\/product_cat?post=632"},{"taxonomy":"product_tag","embeddable":true,"href":"https:\/\/www.cxjsmartcard.com\/tr\/wp-json\/wp\/v2\/product_tag?post=632"}],"curies":[{"name":"wp","href":"https:\/\/api.w.org\/{rel}","templated":true}]}}