{"id":627,"date":"2025-11-01T08:22:49","date_gmt":"2025-11-01T08:22:49","guid":{"rendered":"https:\/\/www.cxjsmartcard.com\/?post_type=product&#038;p=627"},"modified":"2025-12-29T01:27:12","modified_gmt":"2025-12-29T01:27:12","slug":"iso-15693-icode-sli-rfid-smart-nfc-card","status":"publish","type":"product","link":"https:\/\/www.cxjsmartcard.com\/tr\/iso-15693-icode-sli-rfid-smart-nfc-card\/","title":{"rendered":"ISO 15693 ICODE SLI RFID Ak\u0131ll\u0131 NFC Kart\u0131"},"content":{"rendered":"<p data-start=\"46\" data-end=\"378\">13,56 MHz&#039;de \u00e7al\u0131\u015fan, y\u00fcksek performansl\u0131 ISO 15693 ICODE SLI\/SLIX serisi RFID ak\u0131ll\u0131 NFC kart\u0131, uzun okuma mesafesi, ger\u00e7ek \u00e7arp\u0131\u015fma \u00f6nleme ve parola korumal\u0131 bellek \u00f6zelliklerine sahiptir. Eri\u015fim kontrol\u00fc, otel kap\u0131 kilidi kartlar\u0131, topluluk y\u00f6netimi, end\u00fcstriyel etiketleme, k\u00fct\u00fcphane\/varl\u0131k takibi ve ak\u0131ll\u0131 isim kartlar\u0131 i\u00e7in idealdir.<\/p>\n<p data-start=\"380\" data-end=\"399\"><strong data-start=\"380\" data-end=\"397\">\u015eartname<\/strong><\/p>\n<div class=\"_tableContainer_1rjym_1\">\n<div class=\"group _tableWrapper_1rjym_13 flex w-fit flex-col-reverse\" tabindex=\"-1\">\n<table class=\"w-fit min-w-(--thread-content-width)\" data-start=\"400\" data-end=\"1127\">\n<thead data-start=\"400\" data-end=\"418\">\n<tr data-start=\"400\" data-end=\"418\">\n<th data-start=\"400\" data-end=\"407\" data-col-size=\"sm\">\u00d6\u011fe<\/th>\n<th data-start=\"407\" data-end=\"418\" data-col-size=\"md\">Detaylar<\/th>\n<\/tr>\n<\/thead>\n<tbody data-start=\"429\" data-end=\"1127\">\n<tr data-start=\"429\" data-end=\"487\">\n<td data-start=\"429\" data-end=\"444\" data-col-size=\"sm\">\u00dcr\u00fcn Ad\u0131<\/td>\n<td data-start=\"444\" data-end=\"487\" data-col-size=\"md\">ISO 15693 ICODE SLI RFID Ak\u0131ll\u0131 NFC Kart\u0131<\/td>\n<\/tr>\n<tr data-start=\"488\" data-end=\"522\">\n<td data-start=\"488\" data-end=\"499\" data-col-size=\"sm\">Malzeme<\/td>\n<td data-start=\"499\" data-end=\"522\" data-col-size=\"md\">PVC veya OEM malzeme<\/td>\n<\/tr>\n<tr data-start=\"523\" data-end=\"577\">\n<td data-start=\"523\" data-end=\"530\" data-col-size=\"sm\">Boyut<\/td>\n<td data-start=\"530\" data-end=\"577\" data-col-size=\"md\">85,5 \u00d7 54 \u00d7 0,86 mm (\u00f6zel boyutlar kabul edilir)<\/td>\n<\/tr>\n<tr data-start=\"578\" data-end=\"636\">\n<td data-start=\"578\" data-end=\"593\" data-col-size=\"sm\">\u00c7ip Se\u00e7enekleri<\/td>\n<td data-start=\"593\" data-end=\"636\" data-col-size=\"md\">ICODE SLI-S, ICODE SLIX-L, ICODE SLIX-S<\/td>\n<\/tr>\n<tr data-start=\"637\" data-end=\"676\">\n<td data-start=\"637\" data-end=\"648\" data-col-size=\"sm\">Protokol<\/td>\n<td data-start=\"648\" data-end=\"676\" data-col-size=\"md\">ISO\/IEC 15693 (yak\u0131n \u00e7evre)<\/td>\n<\/tr>\n<tr data-start=\"677\" data-end=\"702\">\n<td data-start=\"677\" data-end=\"689\" data-col-size=\"sm\">S\u0131kl\u0131k<\/td>\n<td data-start=\"689\" data-end=\"702\" data-col-size=\"md\">13,56 MHz<\/td>\n<\/tr>\n<tr data-start=\"703\" data-end=\"778\">\n<td data-start=\"703\" data-end=\"712\" data-col-size=\"sm\">Haf\u0131za<\/td>\n<td data-start=\"712\" data-end=\"778\" data-col-size=\"md\">\u00c7ipe ba\u011fl\u0131 olarak 1024 bit (32 blok \u00d7 4 bayt) veya 2048 bit<\/td>\n<\/tr>\n<tr data-start=\"779\" data-end=\"814\">\n<td data-start=\"779\" data-end=\"795\" data-col-size=\"sm\">Veri Transferi<\/td>\n<td data-start=\"795\" data-end=\"814\" data-col-size=\"md\">53 kbit\/s&#039;ye kadar<\/td>\n<\/tr>\n<tr data-start=\"815\" data-end=\"882\">\n<td data-start=\"815\" data-end=\"837\" data-col-size=\"sm\">Okuma\/Yazma Mesafesi<\/td>\n<td data-start=\"837\" data-end=\"882\" data-col-size=\"md\">1,5 m&#039;ye kadar (okuyucuya ve antene ba\u011fl\u0131)<\/td>\n<\/tr>\n<tr data-start=\"883\" data-end=\"927\">\n<td data-start=\"883\" data-end=\"891\" data-col-size=\"sm\">G\u00fc\u00e7<\/td>\n<td data-start=\"891\" data-end=\"927\" data-col-size=\"md\">Temass\u0131z, pil gerektirmez<\/td>\n<\/tr>\n<tr data-start=\"928\" data-end=\"986\">\n<td data-start=\"928\" data-end=\"939\" data-col-size=\"sm\">Bask\u0131<\/td>\n<td data-start=\"939\" data-end=\"986\" data-col-size=\"md\">Ofset \/ Serigrafi \/ Dijital \/ UV bask\u0131<\/td>\n<\/tr>\n<tr data-start=\"987\" data-end=\"1040\">\n<td data-start=\"987\" data-end=\"1007\" data-col-size=\"sm\">Teknik Destek<\/td>\n<td data-start=\"1007\" data-end=\"1040\" data-col-size=\"md\">\u00c7ip kodlama, \u015fifre kurulumu<\/td>\n<\/tr>\n<tr data-start=\"1041\" data-end=\"1127\">\n<td data-start=\"1041\" data-end=\"1056\" data-col-size=\"sm\">Uygulamalar<\/td>\n<td data-start=\"1056\" data-end=\"1127\" data-col-size=\"md\">Eri\u015fim kontrol\u00fc, otel anahtar kart\u0131, topluluk y\u00f6netimi, isim kart\u0131, EAS<\/td>\n<\/tr>\n<\/tbody>\n<\/table>\n<\/div>\n<\/div>\n<p data-start=\"1129\" data-end=\"1158\"><strong data-start=\"1129\" data-end=\"1156\">RF Aray\u00fcz\u00fc ve \u00d6zellikleri<\/strong><\/p>\n<ul data-start=\"1159\" data-end=\"1484\">\n<li data-start=\"1159\" data-end=\"1203\">\n<p data-start=\"1161\" data-end=\"1203\">Temass\u0131z veri ve enerji iletimi<\/p>\n<\/li>\n<li data-start=\"1204\" data-end=\"1238\">\n<p data-start=\"1206\" data-end=\"1238\">1,5 m&#039;ye kadar \u00e7al\u0131\u015fma mesafesi<\/p>\n<\/li>\n<li data-start=\"1239\" data-end=\"1283\">\n<p data-start=\"1241\" data-end=\"1283\">16 bit CRC, \u00e7er\u00e7eveleme, y\u00fcksek veri b\u00fct\u00fcnl\u00fc\u011f\u00fc<\/p>\n<\/li>\n<li data-start=\"1284\" data-end=\"1362\">\n<p data-start=\"1286\" data-end=\"1362\">Ger\u00e7ek \u00e7arp\u0131\u015fma \u00f6nleme: Alandaki birden fazla etiket ayr\u0131 ayr\u0131 tan\u0131mlanabilir<\/p>\n<\/li>\n<li data-start=\"1363\" data-end=\"1390\">\n<p data-start=\"1365\" data-end=\"1390\">EAS, AFI, DSFID deste\u011fi<\/p>\n<\/li>\n<li data-start=\"1391\" data-end=\"1432\">\n<p data-start=\"1393\" data-end=\"1432\">Yazma mesafesi okuma mesafesine e\u015fittir<\/p>\n<\/li>\n<li data-start=\"1433\" data-end=\"1484\">\n<p data-start=\"1435\" data-end=\"1484\">\u0130ste\u011fe ba\u011fl\u0131 gizlilik ve yok etme komutlar\u0131 (SLIX-S&#039;de)<\/p>\n<\/li>\n<\/ul>\n<p data-start=\"1486\" data-end=\"1509\"><strong data-start=\"1486\" data-end=\"1507\">Bellek ve G\u00fcvenlik<\/strong><\/p>\n<ul data-start=\"1510\" data-end=\"1671\">\n<li data-start=\"1510\" data-end=\"1535\">\n<p data-start=\"1512\" data-end=\"1535\">EEPROM 1024\u20132048 bit<\/p>\n<\/li>\n<li data-start=\"1536\" data-end=\"1566\">\n<p data-start=\"1538\" data-end=\"1566\">10\u201350 y\u0131l veri saklama<\/p>\n<\/li>\n<li data-start=\"1567\" data-end=\"1591\">\n<p data-start=\"1569\" data-end=\"1591\">100.000 yazma d\u00f6ng\u00fcs\u00fc<\/p>\n<\/li>\n<li data-start=\"1592\" data-end=\"1620\">\n<p data-start=\"1594\" data-end=\"1620\">Blok ba\u015f\u0131na kilitleme mekanizmas\u0131<\/p>\n<\/li>\n<li data-start=\"1621\" data-end=\"1671\">\n<p data-start=\"1623\" data-end=\"1671\">\u015eifre korumal\u0131 okuma\/yazma, EAS, AFI, gizlilik<\/p>\n<\/li>\n<\/ul>","protected":false},"excerpt":{"rendered":"<p>Eri\u015fim kontrol\u00fc ve otel\/anahtar kart\u0131 projeleri i\u00e7in uzun okuma menzili, \u00e7arp\u0131\u015fma \u00f6nleme, g\u00fcvenli bellek ve tam renkli bask\u0131 \u00f6zelliklerine sahip ISO 15693 13.56MHz ICODE SLI\/SLIX NFC kart\u0131.<\/p>","protected":false},"featured_media":630,"template":"","meta":{"_gspb_post_css":""},"product_brand":[],"product_cat":[15],"product_tag":[],"class_list":{"0":"post-627","1":"product","2":"type-product","3":"status-publish","4":"has-post-thumbnail","6":"product_cat-rfid-cards","8":"first","9":"instock","10":"shipping-taxable","11":"purchasable","12":"product-type-simple"},"_links":{"self":[{"href":"https:\/\/www.cxjsmartcard.com\/tr\/wp-json\/wp\/v2\/product\/627","targetHints":{"allow":["GET"]}}],"collection":[{"href":"https:\/\/www.cxjsmartcard.com\/tr\/wp-json\/wp\/v2\/product"}],"about":[{"href":"https:\/\/www.cxjsmartcard.com\/tr\/wp-json\/wp\/v2\/types\/product"}],"wp:featuredmedia":[{"embeddable":true,"href":"https:\/\/www.cxjsmartcard.com\/tr\/wp-json\/wp\/v2\/media\/630"}],"wp:attachment":[{"href":"https:\/\/www.cxjsmartcard.com\/tr\/wp-json\/wp\/v2\/media?parent=627"}],"wp:term":[{"taxonomy":"product_brand","embeddable":true,"href":"https:\/\/www.cxjsmartcard.com\/tr\/wp-json\/wp\/v2\/product_brand?post=627"},{"taxonomy":"product_cat","embeddable":true,"href":"https:\/\/www.cxjsmartcard.com\/tr\/wp-json\/wp\/v2\/product_cat?post=627"},{"taxonomy":"product_tag","embeddable":true,"href":"https:\/\/www.cxjsmartcard.com\/tr\/wp-json\/wp\/v2\/product_tag?post=627"}],"curies":[{"name":"wp","href":"https:\/\/api.w.org\/{rel}","templated":true}]}}