{"id":621,"date":"2025-11-01T08:20:22","date_gmt":"2025-11-01T08:20:22","guid":{"rendered":"https:\/\/www.cxjsmartcard.com\/?post_type=product&#038;p=621"},"modified":"2025-12-29T01:27:12","modified_gmt":"2025-12-29T01:27:12","slug":"customized-wooden-bamboo-rfid-hotel-key-card","status":"publish","type":"product","link":"https:\/\/www.cxjsmartcard.com\/tr\/customized-wooden-bamboo-rfid-hotel-key-card\/","title":{"rendered":"\u00d6zelle\u015ftirilmi\u015f Ah\u015fap Bambu RFID Otel Anahtar Kart\u0131"},"content":{"rendered":"<p data-start=\"51\" data-end=\"378\">Do\u011fal, biyolojik olarak par\u00e7alanabilir ah\u015fap malzemelerden \u00fcretilen, \u00e7evre dostu ah\u015fap\/bambu RFID otel anahtar kart\u0131, otel logosu, de\u011fi\u015fken veri ve el i\u015fi se\u00e7enekleriyle tamamen \u00f6zelle\u015ftirilebilir. Otel kap\u0131 kilit sistemleri, eri\u015fim kontrol\u00fc, etkinlikler, \u00fcyelik, hediye ve marka kampanyalar\u0131 i\u00e7in uygundur.<\/p>\n<p data-start=\"380\" data-end=\"399\"><strong data-start=\"380\" data-end=\"397\">\u015eartname<\/strong><\/p>\n<div class=\"_tableContainer_1rjym_1\">\n<div class=\"group _tableWrapper_1rjym_13 flex w-fit flex-col-reverse\" tabindex=\"-1\">\n<table class=\"w-fit min-w-(--thread-content-width)\" data-start=\"400\" data-end=\"1166\">\n<thead data-start=\"400\" data-end=\"418\">\n<tr data-start=\"400\" data-end=\"418\">\n<th data-start=\"400\" data-end=\"407\" data-col-size=\"sm\">\u00d6\u011fe<\/th>\n<th data-start=\"407\" data-end=\"418\" data-col-size=\"md\">Detaylar<\/th>\n<\/tr>\n<\/thead>\n<tbody data-start=\"429\" data-end=\"1166\">\n<tr data-start=\"429\" data-end=\"492\">\n<td data-start=\"429\" data-end=\"444\" data-col-size=\"sm\">\u00dcr\u00fcn Ad\u0131<\/td>\n<td data-col-size=\"md\" data-start=\"444\" data-end=\"492\">\u00d6zelle\u015ftirilmi\u015f Ah\u015fap\/Bambu RFID Otel Anahtar Kart\u0131<\/td>\n<\/tr>\n<tr data-start=\"493\" data-end=\"582\">\n<td data-start=\"493\" data-end=\"515\" data-col-size=\"sm\">Mevcut Malzemeler<\/td>\n<td data-col-size=\"md\" data-start=\"515\" data-end=\"582\">Ak\u00e7aa\u011fa\u00e7, Bambu, Ihlamur, Kay\u0131n, Kiraz, Kara Ceviz, Sapelli, Me\u015fe<\/td>\n<\/tr>\n<tr data-start=\"583\" data-end=\"637\">\n<td data-start=\"583\" data-end=\"602\" data-col-size=\"sm\">Kal\u0131nl\u0131k \/ Boyut<\/td>\n<td data-col-size=\"md\" data-start=\"602\" data-end=\"637\">0,8\u20130,84 mm veya 0,76 mm (\u00f6zel)<\/td>\n<\/tr>\n<tr data-start=\"638\" data-end=\"685\">\n<td data-start=\"638\" data-end=\"649\" data-col-size=\"sm\">Protokol<\/td>\n<td data-col-size=\"md\" data-start=\"649\" data-end=\"685\">ISO14443A, ISO15693, ISO18000-6C<\/td>\n<\/tr>\n<tr data-start=\"686\" data-end=\"733\">\n<td data-start=\"686\" data-end=\"698\" data-col-size=\"sm\">S\u0131kl\u0131k<\/td>\n<td data-col-size=\"md\" data-start=\"698\" data-end=\"733\">125 kHz, 13,56 MHz, 860\u2013960 MHz<\/td>\n<\/tr>\n<tr data-start=\"734\" data-end=\"791\">\n<td data-start=\"734\" data-end=\"745\" data-col-size=\"sm\">Bask\u0131<\/td>\n<td data-col-size=\"md\" data-start=\"745\" data-end=\"791\">Lazer bask\u0131 \/ Serigrafi \/ 4C bask\u0131<\/td>\n<\/tr>\n<tr data-start=\"792\" data-end=\"907\">\n<td data-start=\"792\" data-end=\"810\" data-col-size=\"sm\">\u0130ste\u011fe Ba\u011fl\u0131 El Sanatlar\u0131<\/td>\n<td data-col-size=\"md\" data-start=\"810\" data-end=\"907\">S\u0131cak damgalama g\u00fcm\u00fc\u015f\/alt\u0131n, HICO\/LOCO manyetik \u015ferit, Lazer grav\u00fcr, QR kodu, Seri numaralar\u0131<\/td>\n<\/tr>\n<tr data-start=\"908\" data-end=\"998\">\n<td data-start=\"908\" data-end=\"923\" data-col-size=\"sm\">Uygulamalar<\/td>\n<td data-col-size=\"md\" data-start=\"923\" data-end=\"998\">Eri\u015fim kontrol\u00fc, \u00d6demeler, Etkinlikler, Sadakat, Sosyal medya, Otel anahtar kart\u0131<\/td>\n<\/tr>\n<tr data-start=\"999\" data-end=\"1035\">\n<td data-start=\"999\" data-end=\"1009\" data-col-size=\"sm\">\u00d6rnekler<\/td>\n<td data-col-size=\"md\" data-start=\"1009\" data-end=\"1035\">\u00dccretsiz numuneler mevcuttur<\/td>\n<\/tr>\n<tr data-start=\"1036\" data-end=\"1094\">\n<td data-start=\"1036\" data-end=\"1060\" data-col-size=\"sm\">\u00c7evresel \u00d6zellik<\/td>\n<td data-col-size=\"md\" data-start=\"1060\" data-end=\"1094\">Biyolojik olarak par\u00e7alanabilir, 100% geri d\u00f6n\u00fc\u015ft\u00fcr\u00fclebilir<\/td>\n<\/tr>\n<tr data-start=\"1095\" data-end=\"1166\">\n<td data-start=\"1095\" data-end=\"1103\" data-col-size=\"sm\">Notlar<\/td>\n<td data-start=\"1103\" data-end=\"1166\" data-col-size=\"md\">Do\u011fal ah\u015fap, bask\u0131dan sonra doku\/renk farkl\u0131l\u0131klar\u0131na neden olabilir<\/td>\n<\/tr>\n<\/tbody>\n<\/table>\n<\/div>\n<\/div>\n<p data-start=\"1168\" data-end=\"1182\"><strong data-start=\"1168\" data-end=\"1180\">\u00d6zellikler<\/strong><\/p>\n<ul data-start=\"1183\" data-end=\"1529\">\n<li data-start=\"1183\" data-end=\"1244\">\n<p data-start=\"1185\" data-end=\"1244\">Plastik otel anahtar kartlar\u0131n\u0131n yerine do\u011fal g\u00f6r\u00fcn\u00fcml\u00fc ah\u015fap kart<\/p>\n<\/li>\n<li data-start=\"1245\" data-end=\"1320\">\n<p data-start=\"1247\" data-end=\"1320\">Otel ve bina kilitleri i\u00e7in ortak RFID standartlar\u0131n\u0131 (LF\/HF\/UHF) destekler<\/p>\n<\/li>\n<li data-start=\"1321\" data-end=\"1396\">\n<p data-start=\"1323\" data-end=\"1396\">Marka tonuna uygun birden fazla a\u011fa\u00e7 (eko i\u00e7in bambu, premium i\u00e7in ceviz)<\/p>\n<\/li>\n<li data-start=\"1397\" data-end=\"1457\">\n<p data-start=\"1399\" data-end=\"1457\">Butik oteller i\u00e7in logo grav\u00fcr\u00fcn\u00fc ve s\u0131cak folyoyu destekler<\/p>\n<\/li>\n<li data-start=\"1458\" data-end=\"1529\">\n<p data-start=\"1460\" data-end=\"1529\">Misafirperverlik sekt\u00f6r\u00fcnde \u00fcyelik\/Hediye\/VIP\/etkinlik kart\u0131 olarak kullan\u0131labilir<\/p>\n<\/li>\n<\/ul>","protected":false},"excerpt":{"rendered":"<p>ISO14443A\/ISO15693 uyumlulu\u011fu, \u00f6zel logo bask\u0131s\u0131 ve oteller ve eri\u015fim kontrol\u00fc i\u00e7in birinci s\u0131n\u0131f eko kaplamaya sahip biyolojik olarak par\u00e7alanabilir ah\u015fap\/bambu RFID otel anahtar kart\u0131.<\/p>","protected":false},"featured_media":625,"template":"","meta":{"_gspb_post_css":""},"product_brand":[],"product_cat":[15],"product_tag":[],"class_list":{"0":"post-621","1":"product","2":"type-product","3":"status-publish","4":"has-post-thumbnail","6":"product_cat-rfid-cards","8":"first","9":"instock","10":"shipping-taxable","11":"purchasable","12":"product-type-simple"},"_links":{"self":[{"href":"https:\/\/www.cxjsmartcard.com\/tr\/wp-json\/wp\/v2\/product\/621","targetHints":{"allow":["GET"]}}],"collection":[{"href":"https:\/\/www.cxjsmartcard.com\/tr\/wp-json\/wp\/v2\/product"}],"about":[{"href":"https:\/\/www.cxjsmartcard.com\/tr\/wp-json\/wp\/v2\/types\/product"}],"wp:featuredmedia":[{"embeddable":true,"href":"https:\/\/www.cxjsmartcard.com\/tr\/wp-json\/wp\/v2\/media\/625"}],"wp:attachment":[{"href":"https:\/\/www.cxjsmartcard.com\/tr\/wp-json\/wp\/v2\/media?parent=621"}],"wp:term":[{"taxonomy":"product_brand","embeddable":true,"href":"https:\/\/www.cxjsmartcard.com\/tr\/wp-json\/wp\/v2\/product_brand?post=621"},{"taxonomy":"product_cat","embeddable":true,"href":"https:\/\/www.cxjsmartcard.com\/tr\/wp-json\/wp\/v2\/product_cat?post=621"},{"taxonomy":"product_tag","embeddable":true,"href":"https:\/\/www.cxjsmartcard.com\/tr\/wp-json\/wp\/v2\/product_tag?post=621"}],"curies":[{"name":"wp","href":"https:\/\/api.w.org\/{rel}","templated":true}]}}