{"id":615,"date":"2025-11-01T08:18:22","date_gmt":"2025-11-01T08:18:22","guid":{"rendered":"https:\/\/www.cxjsmartcard.com\/?post_type=product&#038;p=615"},"modified":"2025-12-29T01:27:12","modified_gmt":"2025-12-29T01:27:12","slug":"contactless-credit-protector-nfc-bank-anti-theft-rfid-blocking-card","status":"publish","type":"product","link":"https:\/\/www.cxjsmartcard.com\/tr\/contactless-credit-protector-nfc-bank-anti-theft-rfid-blocking-card\/","title":{"rendered":"Temass\u0131z Kredi Koruyucu NFC Banka H\u0131rs\u0131zl\u0131k \u00d6nleyici RFID Engelleme Kart\u0131"},"content":{"rendered":"<p data-start=\"74\" data-end=\"353\">Banka kartlar\u0131n\u0131n ve kimliklerin kopyalanmas\u0131n\u0131 \u00f6nlemek i\u00e7in 13,56 MHz NFC sinyallerini koruyan temass\u0131z RFID engelleme kart\u0131. \u0130nce PVC yap\u0131, tam renkli CMYK \u00f6zelle\u015ftirme ve kolay takma kullan\u0131m\u0131yla tek bir kart, ayn\u0131 c\u00fczdan yuvas\u0131ndaki birden fazla temass\u0131z kart\u0131 koruyabilir.<\/p>\n<p data-start=\"355\" data-end=\"374\"><strong data-start=\"355\" data-end=\"372\">\u015eartname<\/strong><\/p>\n<div class=\"_tableContainer_1rjym_1\">\n<div class=\"group _tableWrapper_1rjym_13 flex w-fit flex-col-reverse\" tabindex=\"-1\">\n<table class=\"w-fit min-w-(--thread-content-width)\" data-start=\"375\" data-end=\"676\">\n<thead data-start=\"375\" data-end=\"393\">\n<tr data-start=\"375\" data-end=\"393\">\n<th data-start=\"375\" data-end=\"382\" data-col-size=\"sm\">\u00d6\u011fe<\/th>\n<th data-start=\"382\" data-end=\"393\" data-col-size=\"md\">Detaylar<\/th>\n<\/tr>\n<\/thead>\n<tbody data-start=\"404\" data-end=\"676\">\n<tr data-start=\"404\" data-end=\"440\">\n<td data-start=\"404\" data-end=\"415\" data-col-size=\"sm\">Malzeme<\/td>\n<td data-col-size=\"md\" data-start=\"415\" data-end=\"440\">PVC + blokaj mod\u00fcl\u00fc<\/td>\n<\/tr>\n<tr data-start=\"441\" data-end=\"471\">\n<td data-start=\"441\" data-end=\"448\" data-col-size=\"sm\">Boyut<\/td>\n<td data-col-size=\"md\" data-start=\"448\" data-end=\"471\">85,5 \u00d7 54 mm (CR80)<\/td>\n<\/tr>\n<tr data-start=\"472\" data-end=\"499\">\n<td data-start=\"472\" data-end=\"484\" data-col-size=\"sm\">Kal\u0131nl\u0131k<\/td>\n<td data-col-size=\"md\" data-start=\"484\" data-end=\"499\">0,76\u20131,5 mm<\/td>\n<\/tr>\n<tr data-start=\"500\" data-end=\"530\">\n<td data-start=\"500\" data-end=\"511\" data-col-size=\"sm\">Bask\u0131<\/td>\n<td data-col-size=\"md\" data-start=\"511\" data-end=\"530\">CMYK tam renkli<\/td>\n<\/tr>\n<tr data-start=\"531\" data-end=\"568\">\n<td data-start=\"531\" data-end=\"552\" data-col-size=\"sm\">Engelleme Frekans\u0131<\/td>\n<td data-col-size=\"md\" data-start=\"552\" data-end=\"568\">HF 13.56 MHz<\/td>\n<\/tr>\n<tr data-start=\"569\" data-end=\"627\">\n<td data-start=\"569\" data-end=\"579\" data-col-size=\"sm\">Paket<\/td>\n<td data-col-size=\"md\" data-start=\"579\" data-end=\"627\">OPP torba; karton (\u00f6zel paketleme mevcuttur)<\/td>\n<\/tr>\n<tr data-start=\"628\" data-end=\"676\">\n<td data-start=\"628\" data-end=\"640\" data-col-size=\"sm\">Kur\u015fun zaman\u0131<\/td>\n<td data-col-size=\"md\" data-start=\"640\" data-end=\"676\">\u00d6demeden sonra 7-10 i\u015f g\u00fcn\u00fc<\/td>\n<\/tr>\n<\/tbody>\n<\/table>\n<\/div>\n<\/div>\n<p data-start=\"678\" data-end=\"956\"><strong data-start=\"678\" data-end=\"694\">Nas\u0131l \u00c7al\u0131\u015f\u0131r?<\/strong><br data-start=\"694\" data-end=\"697\" \/>RFID\/NFC kartlar\u0131 radyo dalgalar\u0131n\u0131 kullan\u0131r ve yak\u0131n mesafeden okunabilen k\u00fc\u00e7\u00fck elektromanyetik alanlar olu\u015fturur. Bloke edici kart, RF sinyalini bozan bir parazit olu\u015fturarak yetkisiz okuyucular\u0131n yak\u0131ndaki temass\u0131z kartlardaki verilere eri\u015fmesini engeller.<\/p>\n<p data-start=\"958\" data-end=\"976\"><strong data-start=\"958\" data-end=\"974\">Temel Faydalar<\/strong><\/p>\n<ul data-start=\"977\" data-end=\"1247\">\n<li data-start=\"977\" data-end=\"1034\">\n<p data-start=\"979\" data-end=\"1034\">Kredi\/banka kartlar\u0131n\u0131n ve kimliklerin RFID\/NFC ile \u00e7al\u0131nmas\u0131n\u0131 \u00f6nler<\/p>\n<\/li>\n<li data-start=\"1035\" data-end=\"1078\">\n<p data-start=\"1037\" data-end=\"1078\">Hantal bloke edici c\u00fczdanlar\u0131\/k\u0131l\u0131flar\u0131 de\u011fi\u015ftirir<\/p>\n<\/li>\n<li data-start=\"1079\" data-end=\"1141\">\n<p data-start=\"1081\" data-end=\"1141\">Tek bir kart, c\u00fczdan cebindeki t\u00fcm temass\u0131z kartlar\u0131 korur<\/p>\n<\/li>\n<li data-start=\"1142\" data-end=\"1190\">\n<p data-start=\"1144\" data-end=\"1190\">Herhangi bir NFC \u00f6zellikli ak\u0131ll\u0131 telefonla kolayca test edilebilir<\/p>\n<\/li>\n<li data-start=\"1191\" data-end=\"1247\">\n<p data-start=\"1193\" data-end=\"1247\">Dayan\u0131kl\u0131 PVC; \u00f6zel sanat eseri ve logo bask\u0131s\u0131n\u0131 destekler<\/p>\n<\/li>\n<\/ul>","protected":false},"excerpt":{"rendered":"<p>13,56 MHz NFC kartlar\u0131n\u0131 kopyalamaktan koruyan ince PVC RFID engelleme kart\u0131; tek bir kart birden fazla kart\u0131 korur ve tam renkli CMYK \u00f6zelle\u015ftirmeyi destekler.<\/p>","protected":false},"featured_media":618,"template":"","meta":{"_gspb_post_css":""},"product_brand":[],"product_cat":[15],"product_tag":[],"class_list":{"0":"post-615","1":"product","2":"type-product","3":"status-publish","4":"has-post-thumbnail","6":"product_cat-rfid-cards","8":"first","9":"instock","10":"shipping-taxable","11":"purchasable","12":"product-type-simple"},"_links":{"self":[{"href":"https:\/\/www.cxjsmartcard.com\/tr\/wp-json\/wp\/v2\/product\/615","targetHints":{"allow":["GET"]}}],"collection":[{"href":"https:\/\/www.cxjsmartcard.com\/tr\/wp-json\/wp\/v2\/product"}],"about":[{"href":"https:\/\/www.cxjsmartcard.com\/tr\/wp-json\/wp\/v2\/types\/product"}],"wp:featuredmedia":[{"embeddable":true,"href":"https:\/\/www.cxjsmartcard.com\/tr\/wp-json\/wp\/v2\/media\/618"}],"wp:attachment":[{"href":"https:\/\/www.cxjsmartcard.com\/tr\/wp-json\/wp\/v2\/media?parent=615"}],"wp:term":[{"taxonomy":"product_brand","embeddable":true,"href":"https:\/\/www.cxjsmartcard.com\/tr\/wp-json\/wp\/v2\/product_brand?post=615"},{"taxonomy":"product_cat","embeddable":true,"href":"https:\/\/www.cxjsmartcard.com\/tr\/wp-json\/wp\/v2\/product_cat?post=615"},{"taxonomy":"product_tag","embeddable":true,"href":"https:\/\/www.cxjsmartcard.com\/tr\/wp-json\/wp\/v2\/product_tag?post=615"}],"curies":[{"name":"wp","href":"https:\/\/api.w.org\/{rel}","templated":true}]}}