{"id":608,"date":"2025-11-01T08:15:35","date_gmt":"2025-11-01T08:15:35","guid":{"rendered":"https:\/\/www.cxjsmartcard.com\/?post_type=product&#038;p=608"},"modified":"2025-12-29T01:27:12","modified_gmt":"2025-12-29T01:27:12","slug":"anti-theft-credit-card-protector-rfid-blocking-card","status":"publish","type":"product","link":"https:\/\/www.cxjsmartcard.com\/tr\/anti-theft-credit-card-protector-rfid-blocking-card\/","title":{"rendered":"H\u0131rs\u0131zl\u0131\u011fa Kar\u015f\u0131 Kredi Kart\u0131 Koruyucu RFID Engelleme Kart\u0131"},"content":{"rendered":"<p data-start=\"58\" data-end=\"460\">Temass\u0131z \u00f6deme kartlar\u0131n\u0131, pasaportlar\u0131, kimlik kartlar\u0131n\u0131 ve di\u011fer 13,56 MHz ak\u0131ll\u0131 kartlar\u0131 yetkisiz taramalara kar\u015f\u0131 korumak i\u00e7in tasarlanm\u0131\u015f RFID engelleme kart\u0131. Kart\u0131n\u0131zla ayn\u0131 c\u00fczdan yuvas\u0131na yerle\u015ftirdi\u011finizde, radyo dalgalar\u0131n\u0131 engelleyen bir parazit alan\u0131 olu\u015fturarak veri h\u0131rs\u0131zl\u0131\u011f\u0131n\u0131 ve kopyalamay\u0131 \u00f6nler. Bankalar, finans, seyahat, kurumsal hediyeler ve ki\u015fisel gizlilik korumas\u0131 i\u00e7in uygundur.<\/p>\n<p data-start=\"462\" data-end=\"481\"><strong data-start=\"462\" data-end=\"479\">\u015eartname<\/strong><\/p>\n<div class=\"_tableContainer_1rjym_1\">\n<div class=\"group _tableWrapper_1rjym_13 flex w-fit flex-col-reverse\" tabindex=\"-1\">\n<table class=\"w-fit min-w-(--thread-content-width)\" data-start=\"482\" data-end=\"1365\">\n<thead data-start=\"482\" data-end=\"500\">\n<tr data-start=\"482\" data-end=\"500\">\n<th data-start=\"482\" data-end=\"489\" data-col-size=\"sm\">\u00d6\u011fe<\/th>\n<th data-start=\"489\" data-end=\"500\" data-col-size=\"md\">Detaylar<\/th>\n<\/tr>\n<\/thead>\n<tbody data-start=\"511\" data-end=\"1365\">\n<tr data-start=\"511\" data-end=\"583\">\n<td data-start=\"511\" data-end=\"526\" data-col-size=\"sm\">\u00dcr\u00fcn Ad\u0131<\/td>\n<td data-col-size=\"md\" data-start=\"526\" data-end=\"583\">RFID Engelleme Kart\u0131 \/ H\u0131rs\u0131zl\u0131\u011fa Kar\u015f\u0131 Kredi Kart\u0131 Koruyucu<\/td>\n<\/tr>\n<tr data-start=\"584\" data-end=\"651\">\n<td data-start=\"584\" data-end=\"595\" data-col-size=\"sm\">\u0130\u015flev<\/td>\n<td data-col-size=\"md\" data-start=\"595\" data-end=\"651\">Veri h\u0131rs\u0131zl\u0131\u011f\u0131n\u0131 \u00f6nlemek i\u00e7in 13,56 MHz RF\/NFC sinyallerini engeller<\/td>\n<\/tr>\n<tr data-start=\"652\" data-end=\"701\">\n<td data-start=\"652\" data-end=\"663\" data-col-size=\"sm\">Malzeme<\/td>\n<td data-col-size=\"md\" data-start=\"663\" data-end=\"701\">Dahili koruma mod\u00fcl\u00fcne sahip PVC<\/td>\n<\/tr>\n<tr data-start=\"702\" data-end=\"741\">\n<td data-start=\"702\" data-end=\"709\" data-col-size=\"sm\">Boyut<\/td>\n<td data-col-size=\"md\" data-start=\"709\" data-end=\"741\">85,5 \u00d7 54 mm (standart CR80)<\/td>\n<\/tr>\n<tr data-start=\"742\" data-end=\"764\">\n<td data-start=\"742\" data-end=\"754\" data-col-size=\"sm\">Kal\u0131nl\u0131k<\/td>\n<td data-col-size=\"md\" data-start=\"754\" data-end=\"764\">1,5 mm<\/td>\n<\/tr>\n<tr data-start=\"765\" data-end=\"785\">\n<td data-start=\"765\" data-end=\"774\" data-col-size=\"sm\">A\u011f\u0131rl\u0131k<\/td>\n<td data-col-size=\"md\" data-start=\"774\" data-end=\"785\">11 g\/adet<\/td>\n<\/tr>\n<tr data-start=\"786\" data-end=\"850\">\n<td data-start=\"786\" data-end=\"808\" data-col-size=\"sm\">Koruma Frekans\u0131<\/td>\n<td data-col-size=\"md\" data-start=\"808\" data-end=\"850\">13,56 MHz (y\u00fcksek frekansl\u0131 ak\u0131ll\u0131 kartlar)<\/td>\n<\/tr>\n<tr data-start=\"851\" data-end=\"899\">\n<td data-start=\"851\" data-end=\"862\" data-col-size=\"sm\">Bask\u0131<\/td>\n<td data-start=\"862\" data-end=\"899\" data-col-size=\"md\">Ofset bask\u0131, dijital bask\u0131<\/td>\n<\/tr>\n<tr data-start=\"900\" data-end=\"994\">\n<td data-start=\"900\" data-end=\"919\" data-col-size=\"sm\">Mevcut El Sanatlar\u0131<\/td>\n<td data-col-size=\"md\" data-start=\"919\" data-end=\"994\">Serigrafi, dinamik QR kodu, dinamik barkod, s\u0131cak damgalama, UV kaplama<\/td>\n<\/tr>\n<tr data-start=\"995\" data-end=\"1054\">\n<td data-start=\"995\" data-end=\"1013\" data-col-size=\"sm\">\u0130\u015faretleme Y\u00f6ntemleri<\/td>\n<td data-col-size=\"md\" data-start=\"1013\" data-end=\"1054\">Lazer kodu, sprey kodu, kabartmal\u0131 kod<\/td>\n<\/tr>\n<tr data-start=\"1055\" data-end=\"1131\">\n<td data-start=\"1055\" data-end=\"1063\" data-col-size=\"sm\">Kullan\u0131m<\/td>\n<td data-col-size=\"md\" data-start=\"1063\" data-end=\"1131\">Kablosuz okumay\u0131 engellemek i\u00e7in banka kartlar\u0131\/pasaportlarla birlikte kullan\u0131n<\/td>\n<\/tr>\n<tr data-start=\"1132\" data-end=\"1205\">\n<td data-start=\"1132\" data-end=\"1144\" data-col-size=\"sm\">Ambalajlama<\/td>\n<td data-col-size=\"md\" data-start=\"1144\" data-end=\"1205\">125 adet\/k\u00fc\u00e7\u00fck kutu; 1000 adet\/karton; 30,5 \u00d7 22,5 \u00d7 20,5 cm<\/td>\n<\/tr>\n<tr data-start=\"1206\" data-end=\"1277\">\n<td data-start=\"1206\" data-end=\"1222\" data-col-size=\"sm\">\u00d6zelle\u015ftirme<\/td>\n<td data-col-size=\"md\" data-start=\"1222\" data-end=\"1277\">Markala\u015fma ve hediyeler i\u00e7in renk, tasar\u0131m, logo bask\u0131s\u0131<\/td>\n<\/tr>\n<tr data-start=\"1278\" data-end=\"1365\">\n<td data-start=\"1278\" data-end=\"1292\" data-col-size=\"sm\">Ba\u015fvuru<\/td>\n<td data-start=\"1292\" data-end=\"1365\" data-col-size=\"md\">Kredi\/banka kartlar\u0131, kimlik, ehliyet, pasaport, \u00fcyelik kartlar\u0131<\/td>\n<\/tr>\n<\/tbody>\n<\/table>\n<\/div>\n<\/div>\n<p data-start=\"1367\" data-end=\"1583\"><strong data-start=\"1367\" data-end=\"1383\">Nas\u0131l \u00c7al\u0131\u015f\u0131r?<\/strong><br data-start=\"1383\" data-end=\"1386\" \/>Kart, okuyucu sinyalini bozan koruyucu bir RF alan\u0131 olu\u015fturur, b\u00f6ylece taray\u0131c\u0131lar yak\u0131n mesafeden bile kart verilerini okuyamaz. Tek bir bloke kart, ayn\u0131 c\u00fczdan cebindeki birka\u00e7 kart\u0131 koruyabilir.<\/p>\n<p data-start=\"1585\" data-end=\"1603\"><strong data-start=\"1585\" data-end=\"1601\">Uygulamalar<\/strong><\/p>\n<ul data-start=\"1604\" data-end=\"1815\">\n<li data-start=\"1604\" data-end=\"1639\">\n<p data-start=\"1606\" data-end=\"1639\">Kredi\/banka kart\u0131 kopyalama \u00f6nleme<\/p>\n<\/li>\n<li data-start=\"1640\" data-end=\"1672\">\n<p data-start=\"1642\" data-end=\"1672\">E-pasaport ve kimlik korumas\u0131<\/p>\n<\/li>\n<li data-start=\"1673\" data-end=\"1713\">\n<p data-start=\"1675\" data-end=\"1713\">NFC \u00f6zellikli ak\u0131ll\u0131 telefon dinleme \u00f6nleme<\/p>\n<\/li>\n<li data-start=\"1714\" data-end=\"1768\">\n<p data-start=\"1716\" data-end=\"1768\">G\u00fcvenlik fonksiyonlu kurumsal promosyon hediyeleri<\/p>\n<\/li>\n<li data-start=\"1769\" data-end=\"1815\">\n<p data-start=\"1771\" data-end=\"1815\">RFID engelleme c\u00fczdanlar\u0131na\/k\u0131l\u0131flar\u0131na alternatif<\/p>\n<\/li>\n<\/ul>","protected":false},"excerpt":{"rendered":"<p>13.56MHz temass\u0131z kartlar\u0131 yetkisiz kablosuz okumalardan koruyan ince PVC RFID blokaj kart\u0131; c\u00fczdan dostu ve markalama i\u00e7in tamamen yazd\u0131r\u0131labilir.<\/p>","protected":false},"featured_media":609,"template":"","meta":{"_gspb_post_css":""},"product_brand":[],"product_cat":[15],"product_tag":[],"class_list":{"0":"post-608","1":"product","2":"type-product","3":"status-publish","4":"has-post-thumbnail","6":"product_cat-rfid-cards","8":"first","9":"instock","10":"shipping-taxable","11":"purchasable","12":"product-type-simple"},"_links":{"self":[{"href":"https:\/\/www.cxjsmartcard.com\/tr\/wp-json\/wp\/v2\/product\/608","targetHints":{"allow":["GET"]}}],"collection":[{"href":"https:\/\/www.cxjsmartcard.com\/tr\/wp-json\/wp\/v2\/product"}],"about":[{"href":"https:\/\/www.cxjsmartcard.com\/tr\/wp-json\/wp\/v2\/types\/product"}],"wp:featuredmedia":[{"embeddable":true,"href":"https:\/\/www.cxjsmartcard.com\/tr\/wp-json\/wp\/v2\/media\/609"}],"wp:attachment":[{"href":"https:\/\/www.cxjsmartcard.com\/tr\/wp-json\/wp\/v2\/media?parent=608"}],"wp:term":[{"taxonomy":"product_brand","embeddable":true,"href":"https:\/\/www.cxjsmartcard.com\/tr\/wp-json\/wp\/v2\/product_brand?post=608"},{"taxonomy":"product_cat","embeddable":true,"href":"https:\/\/www.cxjsmartcard.com\/tr\/wp-json\/wp\/v2\/product_cat?post=608"},{"taxonomy":"product_tag","embeddable":true,"href":"https:\/\/www.cxjsmartcard.com\/tr\/wp-json\/wp\/v2\/product_tag?post=608"}],"curies":[{"name":"wp","href":"https:\/\/api.w.org\/{rel}","templated":true}]}}