{"id":596,"date":"2025-11-01T08:10:10","date_gmt":"2025-11-01T08:10:10","guid":{"rendered":"https:\/\/www.cxjsmartcard.com\/?post_type=product&#038;p=596"},"modified":"2025-12-29T01:27:12","modified_gmt":"2025-12-29T01:27:12","slug":"13-56mhz-contactless-mifare-rfid-smart-cards","status":"publish","type":"product","link":"https:\/\/www.cxjsmartcard.com\/tr\/13-56mhz-contactless-mifare-rfid-smart-cards\/","title":{"rendered":"13,56 MHz Temass\u0131z MIFARE RFID Ak\u0131ll\u0131 Kartlar"},"content":{"rendered":"<p data-start=\"51\" data-end=\"301\">Eri\u015fim kontrol\u00fc, kimlik tespiti, nakitsiz \u00f6deme, zaman takibi, oteller, okullar, kul\u00fcpler\/SPA&#039;lar, turizm, sa\u011fl\u0131k, s\u00fcpermarketler, otopark, promosyonlar ve \u00fcyelik y\u00f6netimi i\u00e7in 13.56MHz temass\u0131z MIFARE RFID ak\u0131ll\u0131 kartlar.<\/p>\n<p data-start=\"303\" data-end=\"322\"><strong data-start=\"303\" data-end=\"320\">\u015eartname<\/strong><\/p>\n<div class=\"_tableContainer_1rjym_1\">\n<div class=\"group _tableWrapper_1rjym_13 flex w-fit flex-col-reverse\" tabindex=\"-1\">\n<table class=\"w-fit min-w-(--thread-content-width)\" data-start=\"323\" data-end=\"958\">\n<thead data-start=\"323\" data-end=\"341\">\n<tr data-start=\"323\" data-end=\"341\">\n<th data-start=\"323\" data-end=\"330\" data-col-size=\"sm\">\u00d6\u011fe<\/th>\n<th data-start=\"330\" data-end=\"341\" data-col-size=\"md\">Detaylar<\/th>\n<\/tr>\n<\/thead>\n<tbody data-start=\"352\" data-end=\"958\">\n<tr data-start=\"352\" data-end=\"420\">\n<td data-start=\"352\" data-end=\"363\" data-col-size=\"sm\">Malzeme<\/td>\n<td data-col-size=\"md\" data-start=\"363\" data-end=\"420\">PVC, PET-G, ABS, PC, PLA, \u015eeffaf PVC, Ah\u015fap, vb.<\/td>\n<\/tr>\n<tr data-start=\"421\" data-end=\"473\">\n<td data-start=\"421\" data-end=\"433\" data-col-size=\"sm\">Boyut<\/td>\n<td data-col-size=\"md\" data-start=\"433\" data-end=\"473\">85,5 \u00d7 54 mm (CR80) veya \u00f6zelle\u015ftirme<\/td>\n<\/tr>\n<tr data-start=\"474\" data-end=\"507\">\n<td data-start=\"474\" data-end=\"486\" data-col-size=\"sm\">Kal\u0131nl\u0131k<\/td>\n<td data-col-size=\"md\" data-start=\"486\" data-end=\"507\">0,84 mm \u00b1 0,05 mm<\/td>\n<\/tr>\n<tr data-start=\"508\" data-end=\"551\">\n<td data-start=\"508\" data-end=\"523\" data-col-size=\"sm\">Kart Y\u00fczeyi<\/td>\n<td data-col-size=\"md\" data-start=\"523\" data-end=\"551\">Parlak \/ Mat \/ Buzlu<\/td>\n<\/tr>\n<tr data-start=\"552\" data-end=\"635\">\n<td data-start=\"552\" data-end=\"563\" data-col-size=\"sm\">Bask\u0131<\/td>\n<td data-col-size=\"md\" data-start=\"563\" data-end=\"635\">Heidelberg CMYK Ofset, Dijital bask\u0131, Serigrafi, Pantone renk<\/td>\n<\/tr>\n<tr data-start=\"636\" data-end=\"706\">\n<td data-start=\"636\" data-end=\"656\" data-col-size=\"sm\">Yazd\u0131r\u0131labilir (bo\u015f)<\/td>\n<td data-col-size=\"md\" data-start=\"656\" data-end=\"706\">Termal Transfer yaz\u0131c\u0131 veya M\u00fcrekkep P\u00fcsk\u00fcrtmeli yaz\u0131c\u0131 i\u00e7in<\/td>\n<\/tr>\n<tr data-start=\"707\" data-end=\"732\">\n<td data-start=\"707\" data-end=\"719\" data-col-size=\"sm\">S\u0131kl\u0131k<\/td>\n<td data-col-size=\"md\" data-start=\"719\" data-end=\"732\">13,56 MHz<\/td>\n<\/tr>\n<tr data-start=\"733\" data-end=\"770\">\n<td data-start=\"733\" data-end=\"753\" data-col-size=\"sm\">Teknik Destek<\/td>\n<td data-col-size=\"md\" data-start=\"753\" data-end=\"770\">\u00c7ip kodlama<\/td>\n<\/tr>\n<tr data-start=\"771\" data-end=\"863\">\n<td data-start=\"771\" data-end=\"781\" data-col-size=\"sm\">Paket<\/td>\n<td data-col-size=\"md\" data-start=\"781\" data-end=\"863\">200 adet\/kutu (21,5\u00d79\u00d75,5 cm); 2000 adet\/karton (49,5\u00d724,5\u00d713,6 cm), 14 kg\/karton<\/td>\n<\/tr>\n<tr data-start=\"864\" data-end=\"958\">\n<td data-start=\"864\" data-end=\"879\" data-col-size=\"sm\">Uygulamalar<\/td>\n<td data-col-size=\"md\" data-start=\"879\" data-end=\"958\">\u00dcyelik, Giri\u015f kontrol\u00fc, Otel, Ula\u015f\u0131m, Sadakat, Promosyon vb.<\/td>\n<\/tr>\n<\/tbody>\n<\/table>\n<\/div>\n<\/div>\n<p data-start=\"960\" data-end=\"978\"><strong data-start=\"960\" data-end=\"976\">\u00c7ip Se\u00e7enekleri<\/strong><\/p>\n<ul data-start=\"979\" data-end=\"1294\">\n<li data-start=\"979\" data-end=\"1029\">\n<p data-start=\"981\" data-end=\"1029\">MIFARE Classic\u00ae EV1 1K, MIFARE Classic\u00ae EV1 4K<\/p>\n<\/li>\n<li data-start=\"1030\" data-end=\"1078\">\n<p data-start=\"1032\" data-end=\"1078\">MIFARE Ultralight\u00ae EV1, MIFARE Ultralight\u00ae C<\/p>\n<\/li>\n<li data-start=\"1079\" data-end=\"1104\">\n<p data-start=\"1081\" data-end=\"1104\">NTAG\u00ae 213 \/ 215 \/ 216<\/p>\n<\/li>\n<li data-start=\"1105\" data-end=\"1156\">\n<p data-start=\"1107\" data-end=\"1156\">MIFARE\u00ae DESFire\u00ae EV1 \/ EV2 \/ EV3 (2K \/ 4K \/ 8K)<\/p>\n<\/li>\n<li data-start=\"1157\" data-end=\"1194\">\n<p data-start=\"1159\" data-end=\"1194\">MIFARE Plus\u00ae EV2, MIFARE Plus\u00ae SE<\/p>\n<\/li>\n<li data-start=\"1195\" data-end=\"1242\">\n<p data-start=\"1197\" data-end=\"1242\">ICODE\u00ae SLI \/ SLIX \/ SLIX2 \/ SLIX-S \/ SLIX-L<\/p>\n<\/li>\n<li data-start=\"1243\" data-end=\"1294\">\n<p data-start=\"1245\" data-end=\"1294\">ISO14443A ve ISO15693 uyumlu \u00e7ipler mevcuttur<\/p>\n<\/li>\n<\/ul>\n<p data-start=\"1296\" data-end=\"1318\"><strong data-start=\"1296\" data-end=\"1316\">Mevcut El Sanatlar\u0131<\/strong><\/p>\n<ul data-start=\"1319\" data-end=\"1615\">\n<li data-start=\"1319\" data-end=\"1350\">\n<p data-start=\"1321\" data-end=\"1350\">Manyetik \u015ferit (HICO\/LOCO)<\/p>\n<\/li>\n<li data-start=\"1351\" data-end=\"1396\">\n<p data-start=\"1353\" data-end=\"1396\">\u0130mza paneli \/ \u00c7izik paneli \/ UV spot<\/p>\n<\/li>\n<li data-start=\"1397\" data-end=\"1428\">\n<p data-start=\"1399\" data-end=\"1428\">Barkod veya QR kod yazd\u0131rma<\/p>\n<\/li>\n<li data-start=\"1429\" data-end=\"1459\">\n<p data-start=\"1431\" data-end=\"1459\">S\u0131cak damgalama (alt\u0131n\/g\u00fcm\u00fc\u015f)<\/p>\n<\/li>\n<li data-start=\"1460\" data-end=\"1472\">\n<p data-start=\"1462\" data-end=\"1472\">Hologram<\/p>\n<\/li>\n<li data-start=\"1473\" data-end=\"1508\">\n<p data-start=\"1475\" data-end=\"1508\">Metalik alt\u0131n\/g\u00fcm\u00fc\u015f arka plan<\/p>\n<\/li>\n<li data-start=\"1509\" data-end=\"1615\">\n<p data-start=\"1511\" data-end=\"1615\">Ki\u015fiselle\u015ftirme: kabartma, lazer, DOD veya termal bask\u0131 (numara, isim, ge\u00e7erlilik), delme deli\u011fi vb.<\/p>\n<\/li>\n<\/ul>\n<p data-start=\"1617\" data-end=\"1649\"><strong data-start=\"1617\" data-end=\"1647\">\u00d6zel Bask\u0131l\u0131 Kart Tasar\u0131m\u0131<\/strong><\/p>\n<ol data-start=\"1650\" data-end=\"1790\">\n<li data-start=\"1650\" data-end=\"1713\">\n<p data-start=\"1653\" data-end=\"1713\">\u0130htiya\u00e7lar\u0131n\u0131z\u0131 bize iletin, size eksiksiz bir kart \u00e7\u00f6z\u00fcm\u00fc sunal\u0131m.<\/p>\n<\/li>\n<li data-start=\"1714\" data-end=\"1790\">\n<p data-start=\"1717\" data-end=\"1790\">Veya orijinal sanat eserini (AI\/PDF) g\u00f6nderin, onay i\u00e7in bir prova g\u00f6nderelim.<\/p>\n<\/li>\n<\/ol>","protected":false},"excerpt":{"rendered":"<p>G\u00fcvenli eri\u015fim, kimlik ve \u00fcyelik programlar\u0131 i\u00e7in \u00e7oklu \u00e7ip se\u00e7enekleri, birinci s\u0131n\u0131f PVC malzemeler ve \u00f6zel bask\u0131ya sahip temass\u0131z 13.56MHz MIFARE RFID kartlar\u0131.<\/p>","protected":false},"featured_media":597,"template":"","meta":{"_gspb_post_css":""},"product_brand":[],"product_cat":[15],"product_tag":[],"class_list":{"0":"post-596","1":"product","2":"type-product","3":"status-publish","4":"has-post-thumbnail","6":"product_cat-rfid-cards","8":"first","9":"instock","10":"shipping-taxable","11":"purchasable","12":"product-type-simple"},"_links":{"self":[{"href":"https:\/\/www.cxjsmartcard.com\/tr\/wp-json\/wp\/v2\/product\/596","targetHints":{"allow":["GET"]}}],"collection":[{"href":"https:\/\/www.cxjsmartcard.com\/tr\/wp-json\/wp\/v2\/product"}],"about":[{"href":"https:\/\/www.cxjsmartcard.com\/tr\/wp-json\/wp\/v2\/types\/product"}],"wp:featuredmedia":[{"embeddable":true,"href":"https:\/\/www.cxjsmartcard.com\/tr\/wp-json\/wp\/v2\/media\/597"}],"wp:attachment":[{"href":"https:\/\/www.cxjsmartcard.com\/tr\/wp-json\/wp\/v2\/media?parent=596"}],"wp:term":[{"taxonomy":"product_brand","embeddable":true,"href":"https:\/\/www.cxjsmartcard.com\/tr\/wp-json\/wp\/v2\/product_brand?post=596"},{"taxonomy":"product_cat","embeddable":true,"href":"https:\/\/www.cxjsmartcard.com\/tr\/wp-json\/wp\/v2\/product_cat?post=596"},{"taxonomy":"product_tag","embeddable":true,"href":"https:\/\/www.cxjsmartcard.com\/tr\/wp-json\/wp\/v2\/product_tag?post=596"}],"curies":[{"name":"wp","href":"https:\/\/api.w.org\/{rel}","templated":true}]}}