{"id":1185,"date":"2025-11-24T08:59:19","date_gmt":"2025-11-24T08:59:19","guid":{"rendered":"https:\/\/www.cxjsmartcard.com\/?post_type=product&#038;p=1185"},"modified":"2025-12-29T01:27:06","modified_gmt":"2025-12-29T01:27:06","slug":"ntag215-nfc-coin-tag-504_byte-blank-programmable-token","status":"publish","type":"product","link":"https:\/\/www.cxjsmartcard.com\/tr\/ntag215-nfc-coin-tag-504_byte-blank-programmable-token\/","title":{"rendered":"NTAG215 NFC Madeni Para Etiketi 504 Bayt Bo\u015f Programlanabilir Jeton"},"content":{"rendered":"<p data-start=\"40\" data-end=\"431\">NTAG215 NFC Madeni Para Etiketi - 504 Bayt Bo\u015f Programlanabilir Jeton, kompakt bir formatta g\u00fcvenilir ve yeniden yaz\u0131labilir belle\u011fe ihtiya\u00e7 duyan projeler i\u00e7in tasarlanm\u0131\u015f, k\u00fc\u00e7\u00fck ve dayan\u0131kl\u0131 bir 13,56 MHz NFC madeni para etiketidir. Orijinal NTAG215 \u00e7ip teknolojisini kullanan bu etiket, 504 bayt kullan\u0131labilir bellek ve 7 bayt benzersiz kimlik sunarak URL&#039;leri, metinleri, kimlikleri, yap\u0131land\u0131rma verilerini, oyun verilerini, sadakat bilgilerini ve daha fazlas\u0131n\u0131 kodlamak i\u00e7in uygundur.<\/p>\n<p data-start=\"433\" data-end=\"814\">Etiket, ISO\/IEC 14443A standard\u0131nda \u00e7al\u0131\u015f\u0131r ve NFC Forum Tip 2 etiketlerini destekleyen \u00e7o\u011fu NFC \u00f6zellikli ak\u0131ll\u0131 telefon, tablet ve okuyucuyla uyumludur. Web sitesi ba\u011flant\u0131lar\u0131, uygulama tetikleyicileri, Wi-Fi yap\u0131land\u0131rmas\u0131, kuponlar veya etkinlik ayr\u0131nt\u0131lar\u0131 gibi verileri okumak veya yazmak i\u00e7in bir telefon veya okuyucuyla dokunman\u0131z yeterlidir. Kodland\u0131ktan sonra, uygulama taraf\u0131ndan gerekmesi halinde de\u011fi\u015fiklik yap\u0131lmas\u0131n\u0131 \u00f6nlemek i\u00e7in veriler kilitlenebilir.<\/p>\n<p data-start=\"816\" data-end=\"1207\">Madeni para tarz\u0131 yap\u0131s\u0131, etiketin kullan\u0131m\u0131n\u0131 ve kurulumunu kolayla\u015ft\u0131r\u0131r. Yayg\u0131n \u00e7aplar 20\u201330 mm&#039;dir (veya iste\u011fe g\u00f6re uyarlanabilir). \u0130nce ve d\u00fcz bir profile sahip olan bu etiket, panellerin arkas\u0131na, muhafazalara, te\u015fhir alanlar\u0131na, anahtarl\u0131k etiketlerine veya rozetlere s\u0131\u011far. Muhafaza genellikle PVC veya ABS plastikten yap\u0131lm\u0131\u015ft\u0131r ve normal i\u00e7 veya kapal\u0131 d\u0131\u015f ortamlarda g\u00fcnl\u00fck a\u015f\u0131nmaya, hafif darbelere ve neme kar\u015f\u0131 iyi bir diren\u00e7 sa\u011flar.<\/p>\n<p data-start=\"1209\" data-end=\"1527\">\u0130\u00e7erisinde kullan\u0131lan NTAG215 \u00e7ipi, h\u0131zl\u0131 ileti\u015fimi, 10 y\u0131la kadar veri saklama s\u00fcresini ve 100.000&#039;e kadar okuma\/yazma d\u00f6ng\u00fcs\u00fcn\u00fc destekler. Bu sayede, sadakat programlar\u0131, eri\u015fim tan\u0131mlay\u0131c\u0131lar\u0131, oyun jetonlar\u0131 veya kullan\u0131m \u00f6m\u00fcrleri boyunca defalarca kodlan\u0131p okunan check-in noktalar\u0131 gibi uzun vadeli projeler i\u00e7in g\u00fcvenilir bir tercih haline gelir.<\/p>\n<p data-start=\"1529\" data-end=\"1608\">Kurulum ve entegrasyon esnektir. Madeni para etiketi \u015funlarla birlikte sa\u011flanabilir:<\/p>\n<ul data-start=\"1610\" data-end=\"1874\">\n<li data-start=\"1610\" data-end=\"1752\">\n<p data-start=\"1612\" data-end=\"1752\"><strong data-start=\"1612\" data-end=\"1632\">Yap\u0131\u015fkanl\u0131 arka y\u00fczey<\/strong> \u2013 Plastik, cam, ah\u015fap veya boyal\u0131 duvarlar gibi temiz, metal olmayan y\u00fczeylere h\u0131zl\u0131 &quot;soy-yap\u0131\u015ft\u0131r&quot; montaj\u0131 i\u00e7in.<\/p>\n<\/li>\n<li data-start=\"1753\" data-end=\"1874\">\n<p data-start=\"1755\" data-end=\"1874\"><strong data-start=\"1755\" data-end=\"1779\">Yap\u0131\u015fkan olmayan versiyon<\/strong> \u2013 muhafazalara, anahtarl\u0131klara, oyuncaklara, oyun par\u00e7alar\u0131na, bilekliklere veya bas\u0131l\u0131 materyallere yerle\u015ftirilmek \u00fczere.<\/p>\n<\/li>\n<\/ul>\n<p data-start=\"1876\" data-end=\"2052\">(Gerekirse metal y\u00fczeylerde kullan\u0131labilmesi i\u00e7in anti-metal versiyonu belirtilebilir; aksi takdirde standart NTAG215 madeni para etiketleri metal olmayan ortamlar i\u00e7in tasarlanm\u0131\u015ft\u0131r.)<\/p>\n<p data-start=\"2054\" data-end=\"2259\">Her etiket, kendi verileriniz i\u00e7in haz\u0131r, bo\u015f ve bi\u00e7imlendirilmemi\u015f olarak g\u00f6nderilir. \u00dccretsiz veya profesyonel NFC yaz\u0131l\u0131mlar\u0131yla, masa\u00fcst\u00fc NFC okuyucular\u0131 veya NFC \u00f6zellikli cep telefonlar\u0131 kullanarak kodlayabilirsiniz. Tipik kullan\u0131m alanlar\u0131 \u015funlard\u0131r:<\/p>\n<ul data-start=\"2261\" data-end=\"2603\">\n<li data-start=\"2261\" data-end=\"2305\">\n<p data-start=\"2263\" data-end=\"2305\">Etkinlik giri\u015f jetonlar\u0131 ve ziyaret\u00e7i rozetleri<\/p>\n<\/li>\n<li data-start=\"2306\" data-end=\"2365\">\n<p data-start=\"2308\" data-end=\"2365\">Ma\u011fazalar, spor salonlar\u0131 ve kul\u00fcpler i\u00e7in sadakat ve \u00fcyelik jetonlar\u0131<\/p>\n<\/li>\n<li data-start=\"2366\" data-end=\"2432\">\n<p data-start=\"2368\" data-end=\"2432\">Gizli dijital i\u00e7erikli oyun par\u00e7alar\u0131 ve koleksiyonluk jetonlar<\/p>\n<\/li>\n<li data-start=\"2433\" data-end=\"2474\">\n<p data-start=\"2435\" data-end=\"2474\">Envanter ve hafif hizmet varl\u0131k etiketleri<\/p>\n<\/li>\n<li data-start=\"2475\" data-end=\"2538\">\n<p data-start=\"2477\" data-end=\"2538\">Ak\u0131ll\u0131 posterler, \u00fcr\u00fcn etiketleri ve pazarlama temas noktalar\u0131<\/p>\n<\/li>\n<li data-start=\"2539\" data-end=\"2603\">\n<p data-start=\"2541\" data-end=\"2603\">Kendin yap ve hobi NFC projeleri, otomasyon tetikleyicileri veya k\u0131sayollar\u0131<\/p>\n<\/li>\n<\/ul>\n<p data-start=\"2605\" data-end=\"2888\">Markalama ve tan\u0131mlama i\u00e7in y\u00fczeye logonuz, metniniz, seri numaralar\u0131n\u0131z, barkodlar\u0131n\u0131z veya QR kodlar\u0131n\u0131zla bask\u0131 yap\u0131labilir. Farkl\u0131 renkler ve sade g\u00f6rseller, gruplar\u0131, kullan\u0131c\u0131 gruplar\u0131n\u0131 veya i\u015flevleri ay\u0131rt etmenize yard\u0131mc\u0131 olur (\u00f6rne\u011fin, farkl\u0131 oyun seviyeleri veya eri\u015fim b\u00f6lgeleri i\u00e7in farkl\u0131 renkler).<\/p>\n<p data-start=\"2890\" data-end=\"3163\">Kompakt boyut, 504 bayt bellek, iyi uyumluluk ve kolay kullan\u0131m aras\u0131ndaki dengeyle NTAG215 NFC Madeni Para Etiketi, i\u00e7eri\u011fi kendiniz kontrol etmek ve form fakt\u00f6r\u00fcn\u00fc temiz ve basit tutmak istedi\u011finiz \u00e7ok \u00e7e\u015fitli NFC uygulamalar\u0131 i\u00e7in pratik bir &quot;bo\u015f jetondur&quot;.<\/p>","protected":false},"excerpt":{"rendered":"<p>504 bayt kullan\u0131c\u0131 haf\u0131zas\u0131na sahip NTAG215 NFC jeton etiketi, ISO14443A NFC Forum Tip 2 uyumlu. Kompakt jeton formunda, bo\u015f ve yeniden yaz\u0131labilir 13,56 MHz jeton, sadakat programlar\u0131, oyunlar, check-in noktalar\u0131, ak\u0131ll\u0131 posterler ve DIY NFC projeleri i\u00e7in idealdir.<\/p>","protected":false},"featured_media":1186,"template":"","meta":{"_gspb_post_css":""},"product_brand":[],"product_cat":[15],"product_tag":[],"class_list":{"0":"post-1185","1":"product","2":"type-product","3":"status-publish","4":"has-post-thumbnail","6":"product_cat-rfid-cards","8":"first","9":"instock","10":"shipping-taxable","11":"purchasable","12":"product-type-simple"},"_links":{"self":[{"href":"https:\/\/www.cxjsmartcard.com\/tr\/wp-json\/wp\/v2\/product\/1185","targetHints":{"allow":["GET"]}}],"collection":[{"href":"https:\/\/www.cxjsmartcard.com\/tr\/wp-json\/wp\/v2\/product"}],"about":[{"href":"https:\/\/www.cxjsmartcard.com\/tr\/wp-json\/wp\/v2\/types\/product"}],"wp:featuredmedia":[{"embeddable":true,"href":"https:\/\/www.cxjsmartcard.com\/tr\/wp-json\/wp\/v2\/media\/1186"}],"wp:attachment":[{"href":"https:\/\/www.cxjsmartcard.com\/tr\/wp-json\/wp\/v2\/media?parent=1185"}],"wp:term":[{"taxonomy":"product_brand","embeddable":true,"href":"https:\/\/www.cxjsmartcard.com\/tr\/wp-json\/wp\/v2\/product_brand?post=1185"},{"taxonomy":"product_cat","embeddable":true,"href":"https:\/\/www.cxjsmartcard.com\/tr\/wp-json\/wp\/v2\/product_cat?post=1185"},{"taxonomy":"product_tag","embeddable":true,"href":"https:\/\/www.cxjsmartcard.com\/tr\/wp-json\/wp\/v2\/product_tag?post=1185"}],"curies":[{"name":"wp","href":"https:\/\/api.w.org\/{rel}","templated":true}]}}