{"id":1180,"date":"2025-11-24T08:56:36","date_gmt":"2025-11-24T08:56:36","guid":{"rendered":"https:\/\/www.cxjsmartcard.com\/?post_type=product&#038;p=1180"},"modified":"2025-12-29T01:27:06","modified_gmt":"2025-12-29T01:27:06","slug":"ntag213-rfid-patrol-tag","status":"publish","type":"product","link":"https:\/\/www.cxjsmartcard.com\/tr\/ntag213-rfid-patrol-tag\/","title":{"rendered":"Ntag213 RFID Devriye Etiketi"},"content":{"rendered":"<p data-start=\"40\" data-end=\"414\">Ntag213 RFID Devriye Etiketi, devriye, depo ve varl\u0131k y\u00f6netim sistemleri i\u00e7in tasarlanm\u0131\u015f kompakt, madeni para tipi bir etikettir. PVC, ABS veya PPS&#039;den \u00fcretilen bu etiket, suya, neme ve darbeye dayan\u0131kl\u0131 sa\u011flam bir diske lamine edilmi\u015ftir. Bu sayede end\u00fcstriyel ortamlarda kap\u0131larda, duvarlarda, ekipmanlarda ve s\u0131k kullan\u0131lan di\u011fer konumlarda g\u00fcvenle kullan\u0131labilir.<\/p>\n<p data-start=\"416\" data-end=\"763\">Etiket, 144 bayt kullan\u0131c\u0131 belle\u011fine ve kararl\u0131 HF performans\u0131na sahip NTAG213&#039;\u00fc kullan\u0131r ve devriye kontrol noktalar\u0131n\u0131, varl\u0131k kimliklerini, denetim kay\u0131tlar\u0131n\u0131 ve di\u011fer temel verileri kaydetmek i\u00e7in uygundur. D\u00fcz ve p\u00fcr\u00fczs\u00fcz y\u00fczeyi, logo, seri numaras\u0131, QR kodu veya barkod basmak i\u00e7in idealdir ve her etiketi hem bir kimlik ta\u015f\u0131y\u0131c\u0131s\u0131 hem de bir markalama \u00f6\u011fesi haline getirir.<\/p>\n<p data-start=\"765\" data-end=\"1111\">Uygulamaya g\u00f6re farkl\u0131 malzeme ve yap\u0131lar mevcuttur. PVC ve ABS versiyonlar\u0131 \u00e7o\u011fu i\u00e7 ve d\u0131\u015f mekan kullan\u0131m\u0131na uygunken, PPS daha zorlu \u00e7al\u0131\u015fma ko\u015fullar\u0131 i\u00e7in se\u00e7ilebilir. \u0130ste\u011fe ba\u011fl\u0131 metal \u00f6nleyici katmanlar, etiket dolap, makine veya raf gibi metal y\u00fczeylere monte edildi\u011finde okuma performans\u0131n\u0131n korunmas\u0131na yard\u0131mc\u0131 olur.<\/p>\n<p data-start=\"1113\" data-end=\"1488\">Montaj\u0131 esnektir. Devriye etiketi, h\u0131zl\u0131 &quot;soy-yap\u0131\u015ft\u0131r&quot; montaj\u0131 i\u00e7in g\u00fc\u00e7l\u00fc 3M yap\u0131\u015fkanl\u0131 arka y\u00fczeyle veya p\u00fcr\u00fczl\u00fc ya da y\u00fcksek titre\u015fimli y\u00fczeylerde mekanik sabitleme i\u00e7in vida delikleriyle birlikte tedarik edilebilir. 25 \/ 30 \/ 34 \/ 40 \/ 52 mm dahil olmak \u00fczere \u00e7e\u015fitli yuvarlak boyutlar mevcuttur ve mevcut armat\u00fcrlere veya tasar\u0131m gereksinimlerine uyacak \u015fekilde talep \u00fczerine \u00f6zel \u00e7aplar \u00fcretilebilir.<\/p>\n<p data-start=\"1490\" data-end=\"1868\">Farkl\u0131 sistemlere uyum sa\u011flamak i\u00e7in birden fazla \u00e7ip ailesi yap\u0131land\u0131r\u0131labilir. HF se\u00e7enekleri aras\u0131nda MIFARE S50, S70, NTAG213\/215\/216, MIFARE Ultralight ve yayg\u0131n NFC ve RFID okuyucularla kullan\u0131m i\u00e7in ICODE SLIX bulunur. Uzun menzilli uygulamalar i\u00e7in, \u00e7ip t\u00fcr\u00fcne, antene ve okuyucuya ba\u011fl\u0131 olarak birka\u00e7 metreye kadar okuma mesafelerine sahip UC G2XL, H3, M4 ve M5 gibi UHF \u00e7ipleri se\u00e7ilebilir.<\/p>\n<p data-start=\"1870\" data-end=\"2273\">Tipik okuma mesafesi, se\u00e7ilen \u00e7ipe, frekansa ve ortama ba\u011fl\u0131 olarak yak\u0131n temastan birka\u00e7 metreye (0-6 m) kadar de\u011fi\u015fir. -25\u2103 ile 60\u2103 aras\u0131ndaki \u00e7al\u0131\u015fma s\u0131cakl\u0131\u011f\u0131, \u00e7o\u011fu i\u00e7 ve yar\u0131 d\u0131\u015f mekan devriye, lojistik ve depo senaryosunu kapsar. M\u00fc\u015fteriler, \u00e7ip boyutunu, t\u00fcr\u00fcn\u00fc, bask\u0131 y\u00f6ntemini (serigrafi veya ofset gibi), y\u00fczey g\u00f6rselini, metale dayan\u0131kl\u0131 yap\u0131land\u0131rmay\u0131 ve kurulum \u015feklini \u00f6zelle\u015ftirebilir.<\/p>\n<p data-start=\"2275\" data-end=\"2705\">Kullan\u0131mda, Ntag213 RFID Devriye Etiketi, g\u00fcvenlik devriye sistemlerinde kontrol noktas\u0131, depolarda palet ve kartonlar i\u00e7in kimlik, makine ve ekipmanlar i\u00e7in kimlik etiketi veya uzun vadeli m\u00fclk takibi i\u00e7in basit ve dayan\u0131kl\u0131 bir varl\u0131k etiketi olarak kullan\u0131labilir. Okuma do\u011frulu\u011funu art\u0131rmaya, denetimleri h\u0131zland\u0131rmaya ve lojistik, fabrikalar, ticari binalar ve di\u011fer tesislerdeki y\u00f6netim platformlar\u0131 i\u00e7in dijital kay\u0131tlar\u0131 desteklemeye yard\u0131mc\u0131 olur.<\/p>","protected":false},"excerpt":{"rendered":"<p>Ntag213 RFID Devriye Etiketi, PVC, ABS veya PPS&#039;den \u00fcretilmi\u015f, 144 bayt belle\u011fe ve iste\u011fe ba\u011fl\u0131 metale dayan\u0131kl\u0131 tasar\u0131ma sahip, su ge\u00e7irmez ve darbeye dayan\u0131kl\u0131 bir madeni para etiketidir. \u00c7e\u015fitli yuvarlak boyutlarda yap\u0131\u015fkanl\u0131 veya vidal\u0131 montaj\u0131 destekler ve depo y\u00f6netimi, varl\u0131k takibi, end\u00fcstriyel uygulamalar ve g\u00fcvenlik devriyesi i\u00e7in HF ve UHF \u00e7ip se\u00e7enekleri sunar.<\/p>","protected":false},"featured_media":1184,"template":"","meta":{"_gspb_post_css":""},"product_brand":[],"product_cat":[29],"product_tag":[],"class_list":{"0":"post-1180","1":"product","2":"type-product","3":"status-publish","4":"has-post-thumbnail","6":"product_cat-nfc-tags","8":"first","9":"instock","10":"shipping-taxable","11":"purchasable","12":"product-type-simple"},"_links":{"self":[{"href":"https:\/\/www.cxjsmartcard.com\/tr\/wp-json\/wp\/v2\/product\/1180","targetHints":{"allow":["GET"]}}],"collection":[{"href":"https:\/\/www.cxjsmartcard.com\/tr\/wp-json\/wp\/v2\/product"}],"about":[{"href":"https:\/\/www.cxjsmartcard.com\/tr\/wp-json\/wp\/v2\/types\/product"}],"wp:featuredmedia":[{"embeddable":true,"href":"https:\/\/www.cxjsmartcard.com\/tr\/wp-json\/wp\/v2\/media\/1184"}],"wp:attachment":[{"href":"https:\/\/www.cxjsmartcard.com\/tr\/wp-json\/wp\/v2\/media?parent=1180"}],"wp:term":[{"taxonomy":"product_brand","embeddable":true,"href":"https:\/\/www.cxjsmartcard.com\/tr\/wp-json\/wp\/v2\/product_brand?post=1180"},{"taxonomy":"product_cat","embeddable":true,"href":"https:\/\/www.cxjsmartcard.com\/tr\/wp-json\/wp\/v2\/product_cat?post=1180"},{"taxonomy":"product_tag","embeddable":true,"href":"https:\/\/www.cxjsmartcard.com\/tr\/wp-json\/wp\/v2\/product_tag?post=1180"}],"curies":[{"name":"wp","href":"https:\/\/api.w.org\/{rel}","templated":true}]}}