{"id":1174,"date":"2025-11-24T08:42:34","date_gmt":"2025-11-24T08:42:34","guid":{"rendered":"https:\/\/www.cxjsmartcard.com\/?post_type=product&#038;p=1174"},"modified":"2025-12-29T01:27:06","modified_gmt":"2025-12-29T01:27:06","slug":"fpc-micro-rfid-nfc-tags-stickers","status":"publish","type":"product","link":"https:\/\/www.cxjsmartcard.com\/tr\/fpc-micro-rfid-nfc-tags-stickers\/","title":{"rendered":"FPC Mikro RFID NFC Etiketleri Etiketleri"},"content":{"rendered":"<p data-start=\"40\" data-end=\"503\">FPC mikro RFID NFC etiket etiketleri, alan\u0131n son derece k\u0131s\u0131tl\u0131 oldu\u011fu durumlarda hassas takip i\u00e7in tasarlanm\u0131\u015f, ultra k\u00fc\u00e7\u00fck ve esnek tan\u0131mlama etiketleridir. Esnek bir FPC anteni ve kompakt taban malzemeleri \u00fczerine in\u015fa edilen bu etiketler, eri\u015fim kontrol\u00fc, varl\u0131k y\u00f6netimi, k\u00fc\u00e7\u00fck \u00fcr\u00fcn takibi (\u00f6rne\u011fin cerrahi aletler, ila\u00e7lar, t\u0131bbi malzemeler), y\u00fcksek de\u011ferli \u00fcr\u00fcnler i\u00e7in marka korumas\u0131 ve hatta hayvan y\u00f6netimi gibi uygulamalar i\u00e7in idealdir.<\/p>\n<p data-start=\"505\" data-end=\"950\">Etiket g\u00f6vdesi, bir FPC antenini ka\u011f\u0131t, PVC veya PET tabanla birle\u015ftirerek dar alanlara veya kavisli y\u00fczeylere kolayca entegre edilebilen ince ve b\u00fck\u00fclebilir bir yap\u0131 sunar. Standart boyutlar aras\u0131nda 5 mm, 7 mm, 8 mm, 9 mm, 10 mm ve 15 mm yuvarlak \u00e7aplar\u0131n yan\u0131 s\u0131ra 8\u00d78 mm, 10\u00d710 mm, 4\u00d712 mm, 6\u00d716 mm, 15\u00d715 mm ve 9\u00d746 mm gibi pop\u00fcler dikd\u00f6rtgen formatlar bulunur. Projeye \u00f6zel ihtiya\u00e7lara g\u00f6re \u00f6zel \u015fekil ve boyutlar \u00fcretilebilir.<\/p>\n<p data-start=\"952\" data-end=\"1487\">K\u00fc\u00e7\u00fck boyutlar\u0131na ra\u011fmen bu mikro etiketler istikrarl\u0131 bir performans sunar. \u00c7ift bak\u0131r anten tasar\u0131m\u0131, \u00e7ipe, okuyucuya ve ortama ba\u011fl\u0131 olarak yakla\u015f\u0131k 1-10 cm&#039;lik tipik bir okuma mesafesini destekleyerek, kontroll\u00fc okuma b\u00f6lgelerinin \u00f6nemli oldu\u011fu durumlarda g\u00fcvenilir k\u0131sa menzilli tan\u0131mlama sa\u011flar. PET yap\u0131s\u0131, su ge\u00e7irmezlik, kimyasallara dayan\u0131kl\u0131l\u0131k ve \u0131s\u0131ya dayan\u0131kl\u0131l\u0131k \u00f6zelliklerini geli\u015ftirerek, etiketleri s\u0131k temizlik, sterilizasyon veya zorlu ko\u015fullar\u0131n yayg\u0131n oldu\u011fu t\u0131bbi, laboratuvar ve end\u00fcstriyel ortamlar i\u00e7in ideal hale getirir.<\/p>\n<p data-start=\"1489\" data-end=\"1990\">Geni\u015f bir sistem yelpazesini desteklemek i\u00e7in etiketler, birden fazla y\u00fcksek frekansl\u0131 entegre devre ve protokolle sunulmaktad\u0131r. Se\u00e7enekler aras\u0131nda MIFARE Classic\u00ae, MIFARE Plus\u00ae, MIFARE DESFire\u00ae, NTAG\u00ae 203\/213\/215\/216 (NFC Forum Tip 2), MIFARE Ultralight\u00ae serisi ve ISO\/IEC 14443A, ISO 15693 ve ISO 18000-3 standartlar\u0131yla uyumlu ICODE\u00ae SLIX ailesi yongalar\u0131 bulunur. Bu, ana ak\u0131m HF okuyucular, end\u00fcstriyel taray\u0131c\u0131lar ve NFC \u00f6zellikli ak\u0131ll\u0131 telefonlarla (NTAG ve MIFARE Ultralight tipi yongalar i\u00e7in) uyumluluk sa\u011flar.<\/p>\n<p data-start=\"1992\" data-end=\"2397\">Tasar\u0131m, \u0131slak yap\u0131\u015ft\u0131rma olarak veya \u00f6zel logo, grafik veya kod bask\u0131s\u0131 ile tamamlanm\u0131\u015f etiketler olarak tedarik edilebilir. Seri numaralar\u0131, barkodlar, QR kodlar\u0131 veya izlenebilirlik ve sahtecili\u011fe kar\u015f\u0131 korumay\u0131 destekleyen markalama \u00f6\u011feleri gibi se\u00e7enekler mevcuttur. Ayr\u0131ca, mikro etiketlerin metal alet veya ekipmanlarda \u00f6nemli bir performans kayb\u0131 olmadan g\u00fcvenilir bir \u015fekilde \u00e7al\u0131\u015fmas\u0131n\u0131 sa\u011flayan metale dayan\u0131kl\u0131 bir konfig\u00fcrasyon da mevcuttur.<\/p>\n<p data-start=\"2399\" data-end=\"2643\">Her etiket, 100.000&#039;den fazla okuma\/yazma d\u00f6ng\u00fcs\u00fcn\u00fc destekleyerek hizmet \u00f6mr\u00fc boyunca uzun s\u00fcreli ve istikrarl\u0131 bir \u00e7al\u0131\u015fma sunar. Pasif HF tasar\u0131m\u0131 pil gerektirmez, bu da bak\u0131m ihtiyac\u0131n\u0131 azalt\u0131r ve nesnelere kal\u0131c\u0131 veya yar\u0131 kal\u0131c\u0131 olarak ba\u011flanmas\u0131n\u0131 sa\u011flar.<\/p>\n<p data-start=\"2645\" data-end=\"2663\"><strong data-start=\"2645\" data-end=\"2661\">Temel \u00d6zellikler<\/strong><\/p>\n<ul data-start=\"2664\" data-end=\"3335\">\n<li data-start=\"2664\" data-end=\"2748\">\n<p data-start=\"2666\" data-end=\"2748\">5 mm \u00e7ap\u0131ndan ba\u015flayan ve kompakt dikd\u00f6rtgen boyutlara sahip ultra k\u00fc\u00e7\u00fck ayak izi<\/p>\n<\/li>\n<li data-start=\"2749\" data-end=\"2818\">\n<p data-start=\"2751\" data-end=\"2818\">Kolay entegrasyon i\u00e7in ka\u011f\u0131t\/PVC\/PET tabanl\u0131 esnek FPC anten<\/p>\n<\/li>\n<li data-start=\"2819\" data-end=\"2926\">\n<p data-start=\"2821\" data-end=\"2926\">Kararl\u0131 k\u0131sa menzilli okuma i\u00e7in \u00e7ift bak\u0131r anten yap\u0131s\u0131 (uygulamaya ba\u011fl\u0131 olarak yakla\u015f\u0131k 1\u201310 cm)<\/p>\n<\/li>\n<li data-start=\"2927\" data-end=\"3011\">\n<p data-start=\"2929\" data-end=\"3011\">Su ge\u00e7irmez, kimyasallara dayan\u0131kl\u0131 ve \u0131s\u0131ya dayan\u0131kl\u0131 performans sunan PET katman\u0131<\/p>\n<\/li>\n<li data-start=\"3012\" data-end=\"3085\">\n<p data-start=\"3014\" data-end=\"3085\">Metalik alet ve ekipmanlarda kullan\u0131m i\u00e7in iste\u011fe ba\u011fl\u0131 anti-metal yap\u0131<\/p>\n<\/li>\n<li data-start=\"3086\" data-end=\"3160\">\n<p data-start=\"3088\" data-end=\"3160\">Islak yerle\u015ftirme format\u0131 veya \u00f6zel logo veya kod bask\u0131s\u0131 ile tamamlanm\u0131\u015f etiket<\/p>\n<\/li>\n<li data-start=\"3161\" data-end=\"3294\">\n<p data-start=\"3163\" data-end=\"3294\">Y\u00fcksek frekansl\u0131 \u00e7ip se\u00e7enekleri: MIFARE Classic\u00ae, MIFARE Plus\u00ae, MIFARE DESFire\u00ae, NTAG\u00ae serisi, MIFARE Ultralight\u00ae, ICODE\u00ae SLIX ailesi<\/p>\n<\/li>\n<li data-start=\"3295\" data-end=\"3335\">\n<p data-start=\"3297\" data-end=\"3335\">Okuma\/yazma dayan\u0131kl\u0131l\u0131\u011f\u0131 &gt;100.000 d\u00f6ng\u00fc<\/p>\n<\/li>\n<\/ul>\n<p data-start=\"3337\" data-end=\"3363\"><strong data-start=\"3337\" data-end=\"3361\">Tipik Uygulamalar<\/strong><\/p>\n<ul data-start=\"3364\" data-end=\"4091\">\n<li data-start=\"3364\" data-end=\"3494\">\n<p data-start=\"3366\" data-end=\"3494\"><strong data-start=\"3366\" data-end=\"3392\">T\u0131bbi ve sa\u011fl\u0131k hizmetleri<\/strong>:Cerrahi aletler, tekrar kullan\u0131labilir t\u0131bbi aletler, ila\u00e7lar ve sterilize edilebilir ekipmanlar\u0131n takibi.<\/p>\n<\/li>\n<li data-start=\"3495\" data-end=\"3628\">\n<p data-start=\"3497\" data-end=\"3628\"><strong data-start=\"3497\" data-end=\"3526\">End\u00fcstriyel ve laboratuvar<\/strong>: Kimyasallara veya \u0131s\u0131ya maruz kalan k\u00fc\u00e7\u00fck bile\u015fenlerin, armat\u00fcrlerin, numunelerin ve kaplar\u0131n tan\u0131mlanmas\u0131.<\/p>\n<\/li>\n<li data-start=\"3629\" data-end=\"3740\">\n<p data-start=\"3631\" data-end=\"3740\"><strong data-start=\"3631\" data-end=\"3651\">Varl\u0131k y\u00f6netimi<\/strong>:Normal etiketlerin s\u0131\u011fmad\u0131\u011f\u0131 k\u00fc\u00e7\u00fck, de\u011ferli varl\u0131k veya ara\u00e7lar\u0131n hassas takibi.<\/p>\n<\/li>\n<li data-start=\"3741\" data-end=\"3852\">\n<p data-start=\"3743\" data-end=\"3852\"><strong data-start=\"3743\" data-end=\"3763\">Marka korumas\u0131<\/strong>: Sahtecili\u011fi \u00f6nlemek amac\u0131yla k\u00fc\u00e7\u00fck, y\u00fcksek de\u011ferli \u00fcr\u00fcnlerin g\u00f6r\u00fcnmez veya gizli bir \u015fekilde etiketlenmesi.<\/p>\n<\/li>\n<li data-start=\"3853\" data-end=\"3961\">\n<p data-start=\"3855\" data-end=\"3961\"><strong data-start=\"3855\" data-end=\"3876\">Hayvan y\u00f6netimi<\/strong>: Boyut ve konforun kritik \u00f6neme sahip oldu\u011fu hayvanlar i\u00e7in etiketleme tasmalar\u0131 veya k\u00fc\u00e7\u00fck cihazlar.<\/p>\n<\/li>\n<li data-start=\"3962\" data-end=\"4091\">\n<p data-start=\"3964\" data-end=\"4091\"><strong data-start=\"3964\" data-end=\"4016\">Eri\u015fim kontrol\u00fc ve k\u00fc\u00e7\u00fck form fakt\u00f6rl\u00fc kimlik bilgileri<\/strong>: Minyat\u00fcr rozetlere, anahtarl\u0131klara veya g\u00f6m\u00fcl\u00fc eri\u015fim cihazlar\u0131na entegrasyon.<\/p>\n<\/li>\n<\/ul>\n<p data-start=\"4093\" data-end=\"4119\"><strong data-start=\"4093\" data-end=\"4117\">Bir Bak\u0131\u015fta Faydalar<\/strong><\/p>\n<ul data-start=\"4120\" data-end=\"4486\">\n<li data-start=\"4120\" data-end=\"4191\">\n<p data-start=\"4122\" data-end=\"4191\">\u00c7ok k\u00fc\u00e7\u00fck veya d\u00fczensiz nesnelerde bile \u00f6\u011fe d\u00fczeyinde izlemeyi etkinle\u015ftirir<\/p>\n<\/li>\n<li data-start=\"4192\" data-end=\"4269\">\n<p data-start=\"4194\" data-end=\"4269\">Nem, \u0131s\u0131 ve kimyasallara maruz kalma durumunda g\u00fcvenilir performans\u0131n\u0131 korur<\/p>\n<\/li>\n<li data-start=\"4270\" data-end=\"4327\">\n<p data-start=\"4272\" data-end=\"4327\">Metal veya metal olmayan ortamlar i\u00e7in yap\u0131land\u0131r\u0131labilir<\/p>\n<\/li>\n<li data-start=\"4328\" data-end=\"4402\">\n<p data-start=\"4330\" data-end=\"4402\">Geni\u015f bir HF\/NFC okuyucu ve mobil cihaz ekosistemiyle uyumludur<\/p>\n<\/li>\n<li data-start=\"4403\" data-end=\"4486\">\n<p data-start=\"4405\" data-end=\"4486\">Proje \u00f6zelinde ihtiya\u00e7lara g\u00f6re son derece \u00f6zelle\u015ftirilebilir d\u00fczen, boyut, \u015fekil ve bask\u0131<\/p>\n<\/li>\n<\/ul>","protected":false},"excerpt":{"rendered":"<p>FPC mikro RFID NFC etiketleri, k\u00fc\u00e7\u00fck e\u015fyalar\u0131n ve y\u00fcksek de\u011ferli varl\u0131klar\u0131n hassas takibi i\u00e7in ultra k\u00fc\u00e7\u00fck, esnek HF etiketlerdir. \u00c7e\u015fitli mikro boyutlarda, \u00e7ip se\u00e7eneklerinde ve \u00f6zel \u015fekillerde mevcut olan bu etiketler, su ge\u00e7irmez, \u0131s\u0131ya ve kimyasallara dayan\u0131kl\u0131 performans sunarken, iste\u011fe ba\u011fl\u0131 metal \u00f6nleyici yap\u0131 ve \u00f6zel logo veya kod bask\u0131s\u0131 da sunar.<\/p>","protected":false},"featured_media":1175,"template":"","meta":{"_gspb_post_css":""},"product_brand":[],"product_cat":[29],"product_tag":[],"class_list":{"0":"post-1174","1":"product","2":"type-product","3":"status-publish","4":"has-post-thumbnail","6":"product_cat-nfc-tags","8":"first","9":"instock","10":"shipping-taxable","11":"purchasable","12":"product-type-simple"},"_links":{"self":[{"href":"https:\/\/www.cxjsmartcard.com\/tr\/wp-json\/wp\/v2\/product\/1174","targetHints":{"allow":["GET"]}}],"collection":[{"href":"https:\/\/www.cxjsmartcard.com\/tr\/wp-json\/wp\/v2\/product"}],"about":[{"href":"https:\/\/www.cxjsmartcard.com\/tr\/wp-json\/wp\/v2\/types\/product"}],"wp:featuredmedia":[{"embeddable":true,"href":"https:\/\/www.cxjsmartcard.com\/tr\/wp-json\/wp\/v2\/media\/1175"}],"wp:attachment":[{"href":"https:\/\/www.cxjsmartcard.com\/tr\/wp-json\/wp\/v2\/media?parent=1174"}],"wp:term":[{"taxonomy":"product_brand","embeddable":true,"href":"https:\/\/www.cxjsmartcard.com\/tr\/wp-json\/wp\/v2\/product_brand?post=1174"},{"taxonomy":"product_cat","embeddable":true,"href":"https:\/\/www.cxjsmartcard.com\/tr\/wp-json\/wp\/v2\/product_cat?post=1174"},{"taxonomy":"product_tag","embeddable":true,"href":"https:\/\/www.cxjsmartcard.com\/tr\/wp-json\/wp\/v2\/product_tag?post=1174"}],"curies":[{"name":"wp","href":"https:\/\/api.w.org\/{rel}","templated":true}]}}