{"id":1168,"date":"2025-11-24T08:39:53","date_gmt":"2025-11-24T08:39:53","guid":{"rendered":"https:\/\/www.cxjsmartcard.com\/?post_type=product&#038;p=1168"},"modified":"2025-12-29T01:27:06","modified_gmt":"2025-12-29T01:27:06","slug":"custom-logo-nfc-rfid-epoxy-key-tag","status":"publish","type":"product","link":"https:\/\/www.cxjsmartcard.com\/tr\/custom-logo-nfc-rfid-epoxy-key-tag\/","title":{"rendered":"\u00d6zel Logo NFC RFID Epoksi Anahtar Etiketi"},"content":{"rendered":"<p data-start=\"40\" data-end=\"448\">\u00d6zel Logo NFC RFID Epoksi Anahtar Etiketi, dayan\u0131kl\u0131l\u0131k, marka kimli\u011fi ve \u00e7ok i\u015flevli NFC\/RFID teknolojisini tek bir \u00fcr\u00fcnde bir araya getiren kompakt ve \u015f\u0131k bir ak\u0131ll\u0131 anahtarl\u0131kt\u0131r. Eri\u015fim kontrol\u00fc, kat\u0131l\u0131m y\u00f6netimi, bilet, ula\u015f\u0131m, nakitsiz \u00f6deme ve \u00fcr\u00fcn kimlik do\u011frulamas\u0131 i\u00e7in idealdir ve kullan\u0131c\u0131 g\u00fcvenini ve marka imaj\u0131n\u0131z\u0131 art\u0131ran birinci s\u0131n\u0131f bir g\u00f6r\u00fcn\u00fcm sunar.<\/p>\n<p data-start=\"450\" data-end=\"753\">Etiket, suya, neme, darbeye, korozyona ve g\u00fcnl\u00fck kullan\u0131ma kar\u015f\u0131 m\u00fckemmel diren\u00e7 sa\u011flayan p\u00fcr\u00fczs\u00fcz epoksi re\u00e7ine y\u00fczeyli bir PVC taban kullan\u0131r. Bu sa\u011flam yap\u0131, yo\u011fun veya a\u00e7\u0131k hava ortamlar\u0131nda bile solmadan veya \u00e7atlamadan anahtarl\u0131klarda, \u00e7antalarda veya ask\u0131larda uzun s\u00fcreli kullan\u0131m i\u00e7in uygundur.<\/p>\n<p data-start=\"755\" data-end=\"1115\">Tasar\u0131m ve g\u00f6r\u00fcn\u00fcm son derece \u00f6zelle\u015ftirilebilir. Yuvarlak, dikd\u00f6rtgen veya \u00f6zel \u015fekiller aras\u0131ndan se\u00e7im yapabilir, boyut ve kal\u0131nl\u0131\u011f\u0131 belirleyebilir ve parlak, mat, lazer veya di\u011fer \u00f6zel kaplama se\u00e7enekleri aras\u0131ndan se\u00e7im yapabilirsiniz. Kurumsal kimli\u011finize veya kampanya tasar\u0131m\u0131n\u0131za uygun olarak y\u00fczeye tam renkli logolar, QR kodlar\u0131, barkodlar, seri numaralar\u0131, desenler ve marka \u00f6\u011feleri bas\u0131labilir.<\/p>\n<p data-start=\"1117\" data-end=\"1551\">Epoksi anahtar etiketi, 13,56 MHz HF (NTAG213\/215\/216, F08, S50, S70, FM11RF08 vb.) ve talep \u00fczerine 125 kHz LF ve 860\u2013960 MHz UHF se\u00e7enekleri de dahil olmak \u00fczere \u00e7ok \u00e7e\u015fitli NFC\/RFID \u00e7iplerini ve frekanslar\u0131n\u0131 destekler. ISO\/IEC 14443, ISO\/IEC 15693 ve ISO\/IEC 18000 gibi yayg\u0131n standartlara uygundur ve bu sayede yayg\u0131n okuyucular, kap\u0131 eri\u015fim sistemleri, kat\u0131l\u0131m terminalleri, bilet do\u011frulay\u0131c\u0131lar\u0131 ve \u00f6deme cihazlar\u0131yla uyumluluk sa\u011flar.<\/p>\n<p data-start=\"1553\" data-end=\"1941\">Okuyucuya ve ortama ba\u011fl\u0131 olarak yakla\u015f\u0131k 2-10 cm&#039;lik tipik okuma mesafesi ve yakla\u015f\u0131k 1 ms temass\u0131z okuma\/yazma h\u0131z\u0131yla, kullan\u0131c\u0131lar kap\u0131 a\u00e7ma, giri\u015f yapma, otob\u00fcse binme veya \u00fcr\u00fcn orijinalli\u011fini do\u011frulama gibi g\u00fcnl\u00fck senaryolarda ak\u0131c\u0131 ve h\u0131zl\u0131 dokunma deneyimlerinin keyfini \u00e7\u0131karabilirler. Etiket tamamen pasiftir ve pil gerektirmez, bu da bak\u0131m\u0131 azalt\u0131r ve g\u00fcvenilirli\u011fi art\u0131r\u0131r.<\/p>\n<p data-start=\"1943\" data-end=\"2296\">Uzun \u00f6m\u00fcrl\u00fc olmas\u0131 i\u00e7in tasarlanan \u00e7ip, 100.000&#039;den fazla okuma\/yazma d\u00f6ng\u00fcs\u00fcn\u00fc ve 10 y\u0131l\u0131 a\u015fk\u0131n hizmet \u00f6mr\u00fcn\u00fc destekler. -20\u2103 ile +55\u2103 aras\u0131ndaki \u00e7al\u0131\u015fma s\u0131cakl\u0131klar\u0131, etiketin ofisler, fabrikalar, oteller, okullar, toplu ta\u015f\u0131ma a\u011flar\u0131, otoparklar, kayak merkezleri ve belediye tesisleri gibi hem i\u00e7 hem de orta dereceli d\u0131\u015f mekan ko\u015fullar\u0131nda kullan\u0131lmas\u0131na olanak tan\u0131r.<\/p>\n<p data-start=\"2298\" data-end=\"2316\"><strong data-start=\"2298\" data-end=\"2314\">Temel \u00d6zellikler<\/strong><\/p>\n<ul data-start=\"2317\" data-end=\"2823\">\n<li data-start=\"2317\" data-end=\"2390\">\n<p data-start=\"2319\" data-end=\"2390\">Uzun s\u00fcreli g\u00fcnl\u00fck kullan\u0131m i\u00e7in su ge\u00e7irmez ve darbeye dayan\u0131kl\u0131 epoksi y\u00fczey<\/p>\n<\/li>\n<li data-start=\"2391\" data-end=\"2474\">\n<p data-start=\"2393\" data-end=\"2474\">Tamamen \u00f6zelle\u015ftirilebilir g\u00f6r\u00fcn\u00fcm: logo, renk, \u015fekil, kal\u0131nl\u0131k ve y\u00fczey kalitesi<\/p>\n<\/li>\n<li data-start=\"2475\" data-end=\"2564\">\n<p data-start=\"2477\" data-end=\"2564\">Farkl\u0131 sistem gereksinimleri i\u00e7in birden fazla \u00e7ipi ve frekans\u0131 (HF\/LF\/UHF) destekler<\/p>\n<\/li>\n<li data-start=\"2565\" data-end=\"2625\">\n<p data-start=\"2567\" data-end=\"2625\">Geni\u015f protokol uyumlulu\u011fu: ISO\/IEC 14443, 15693, 18000<\/p>\n<\/li>\n<li data-start=\"2626\" data-end=\"2691\">\n<p data-start=\"2628\" data-end=\"2691\">Yakla\u015f\u0131k 1 ms okuma\/yazma h\u0131zlar\u0131yla h\u0131zl\u0131, temass\u0131z tarama<\/p>\n<\/li>\n<li data-start=\"2692\" data-end=\"2765\">\n<p data-start=\"2694\" data-end=\"2765\">100.000&#039;den fazla okuma\/yazma d\u00f6ng\u00fcs\u00fc ve 10 y\u0131ldan fazla hizmet \u00f6mr\u00fc<\/p>\n<\/li>\n<li data-start=\"2766\" data-end=\"2823\">\n<p data-start=\"2768\" data-end=\"2823\">Harici g\u00fc\u00e7 kayna\u011f\u0131 gerektirmeyen pasif tasar\u0131m<\/p>\n<\/li>\n<\/ul>\n<p data-start=\"2825\" data-end=\"2853\"><strong data-start=\"2825\" data-end=\"2851\">\u00dcr\u00fcn \u00d6zellikleri<\/strong><\/p>\n<ul data-start=\"2854\" data-end=\"3796\">\n<li data-start=\"2854\" data-end=\"2928\">\n<p data-start=\"2856\" data-end=\"2928\">\u00dcr\u00fcn ad\u0131: NFC Epoksi Anahtar Etiketi \/ Epoksi NFC Kart\u0131 \/ Eri\u015fim Kontrol Kart\u0131<\/p>\n<\/li>\n<li data-start=\"2929\" data-end=\"2989\">\n<p data-start=\"2931\" data-end=\"2989\">Malzemeler: PVC taban + epoksi re\u00e7ine y\u00fczey (\u00f6zelle\u015ftirilebilir)<\/p>\n<\/li>\n<li data-start=\"2990\" data-end=\"3053\">\n<p data-start=\"2992\" data-end=\"3053\">Boyut ve \u015fekil: Yuvarlak, dikd\u00f6rtgen veya talep \u00fczerine \u00f6zel \u015fekilli<\/p>\n<\/li>\n<li data-start=\"3054\" data-end=\"3119\">\n<p data-start=\"3056\" data-end=\"3119\">Y\u00fczey efekti: Parlak, mat, lazer veya di\u011fer \u00f6zel y\u00fczeyler<\/p>\n<\/li>\n<li data-start=\"3120\" data-end=\"3216\">\n<p data-start=\"3122\" data-end=\"3216\">\u00c7ip se\u00e7enekleri: NTAG213, NTAG215, NTAG216, F08, S50, S70, FM11RF08, N424 ve di\u011ferleri istek \u00fczerine<\/p>\n<\/li>\n<li data-start=\"3217\" data-end=\"3291\">\n<p data-start=\"3219\" data-end=\"3291\">Frekans: 13,56 MHz (HF), iste\u011fe ba\u011fl\u0131 125 kHz (LF) ve 860\u2013960 MHz (UHF)<\/p>\n<\/li>\n<li data-start=\"3292\" data-end=\"3352\">\n<p data-start=\"3294\" data-end=\"3352\">Protokoller: ISO\/IEC 14443 \/ ISO\/IEC 15693 \/ ISO\/IEC 18000<\/p>\n<\/li>\n<li data-start=\"3353\" data-end=\"3427\">\n<p data-start=\"3355\" data-end=\"3427\">Okuma aral\u0131\u011f\u0131: Tipik olarak 2\u201310 cm (okuyucuya ve ortama ba\u011fl\u0131 olarak)<\/p>\n<\/li>\n<li data-start=\"3428\" data-end=\"3462\">\n<p data-start=\"3430\" data-end=\"3462\">Okuma\/yazma h\u0131z\u0131: Yakla\u015f\u0131k 1 ms<\/p>\n<\/li>\n<li data-start=\"3463\" data-end=\"3500\">\n<p data-start=\"3465\" data-end=\"3500\">Okuma\/yazma d\u00f6ng\u00fcleri: &gt;100.000 kez<\/p>\n<\/li>\n<li data-start=\"3501\" data-end=\"3539\">\n<p data-start=\"3503\" data-end=\"3539\">\u00c7al\u0131\u015fma s\u0131cakl\u0131\u011f\u0131: -20\u2103 ~ +55\u2103<\/p>\n<\/li>\n<li data-start=\"3540\" data-end=\"3567\">\n<p data-start=\"3542\" data-end=\"3567\">Hizmet \u00f6mr\u00fc: &gt;10 y\u0131l<\/p>\n<\/li>\n<li data-start=\"3568\" data-end=\"3614\">\n<p data-start=\"3570\" data-end=\"3614\">G\u00fc\u00e7 kayna\u011f\u0131: Pasif, pil gerektirmez<\/p>\n<\/li>\n<li data-start=\"3615\" data-end=\"3685\">\n<p data-start=\"3617\" data-end=\"3685\">Teslim s\u00fcresi: Genellikle 10-15 g\u00fcn, \u00e7ipe ve \u00f6zelle\u015ftirmeye ba\u011fl\u0131 olarak<\/p>\n<\/li>\n<li data-start=\"3686\" data-end=\"3796\">\n<p data-start=\"3688\" data-end=\"3796\">\u00d6zel se\u00e7enekler: Logo, QR kodu, barkod, seri numaras\u0131, bask\u0131 stili, \u015fekil, kal\u0131nl\u0131k ve y\u00fczey efekti<\/p>\n<\/li>\n<\/ul>\n<p data-start=\"3798\" data-end=\"3824\"><strong data-start=\"3798\" data-end=\"3822\">Tipik Uygulamalar<\/strong><\/p>\n<ul data-start=\"3825\" data-end=\"4654\">\n<li data-start=\"3825\" data-end=\"3949\">\n<p data-start=\"3827\" data-end=\"3949\"><strong data-start=\"3827\" data-end=\"3856\">Eri\u015fim kontrol\u00fc ve g\u00fcvenlik<\/strong>:Ofis, fabrika, otel, konut binalar\u0131 ve g\u00fcvenlikli alanlar i\u00e7in kap\u0131 ge\u00e7i\u015f kartlar\u0131.<\/p>\n<\/li>\n<li data-start=\"3950\" data-end=\"4083\">\n<p data-start=\"3952\" data-end=\"4083\"><strong data-start=\"3952\" data-end=\"3982\">Kat\u0131l\u0131m ve zaman takibi<\/strong>: H\u0131zl\u0131 ve g\u00fcvenilir kimlik tespiti gerektiren \u00e7al\u0131\u015fan, \u00f6\u011frenci veya etkinlik personeli giri\u015f sistemleri.<\/p>\n<\/li>\n<li data-start=\"4084\" data-end=\"4203\">\n<p data-start=\"4086\" data-end=\"4203\"><strong data-start=\"4086\" data-end=\"4109\">Bilet ve \u00f6deme<\/strong>: Toplu ta\u015f\u0131ma kartlar\u0131, otopark eri\u015fimi, sakl\u0131 de\u011fer veya \u00fcyelik \u00f6deme \u00e7\u00f6z\u00fcmleri.<\/p>\n<\/li>\n<li data-start=\"4204\" data-end=\"4351\">\n<p data-start=\"4206\" data-end=\"4351\"><strong data-start=\"4206\" data-end=\"4254\">\u00dcr\u00fcn kimlik do\u011frulama ve sahtecili\u011fe kar\u015f\u0131 koruma<\/strong>:Markal\u0131 elektronik \u00fcr\u00fcnler, l\u00fcks \u00fcr\u00fcnler ve ila\u00e7lar i\u00e7in orijinalli\u011fi do\u011frulamak amac\u0131yla kullan\u0131lan benzersiz etiketler.<\/p>\n<\/li>\n<li data-start=\"4352\" data-end=\"4502\">\n<p data-start=\"4354\" data-end=\"4502\"><strong data-start=\"4354\" data-end=\"4380\">Pazarlama ve promosyonlar<\/strong>: \u00dcyelik ve sadakat kartlar\u0131, etkinlik hediyelikleri ve sosyal medya veya promosyon kampanyalar\u0131 i\u00e7in etkile\u015fimli NFC pazarlamas\u0131.<\/p>\n<\/li>\n<li data-start=\"4503\" data-end=\"4654\">\n<p data-start=\"4505\" data-end=\"4654\"><strong data-start=\"4505\" data-end=\"4524\">\u00d6zel sekt\u00f6rler<\/strong>: Kayak kartlar\u0131, belediye hizmet kartlar\u0131, bankac\u0131l\u0131k, sa\u011fl\u0131k ve dayan\u0131kl\u0131, g\u00fcvenli kimlik bilgileri gerektiren h\u00fck\u00fcmet uygulamalar\u0131.<\/p>\n<\/li>\n<\/ul>\n<p data-start=\"4656\" data-end=\"4712\"><strong data-start=\"4656\" data-end=\"4710\">Neden \u00d6zel Logo NFC RFID Epoksi Anahtar Etiketimizi Se\u00e7melisiniz?<\/strong><\/p>\n<ul data-start=\"4713\" data-end=\"5188\">\n<li data-start=\"4713\" data-end=\"4799\">\n<p data-start=\"4715\" data-end=\"4799\">Anahtarl\u0131klar ve metal e\u015fyalar\u0131n yak\u0131n\u0131nda kullan\u0131m dahil olmak \u00fczere yo\u011fun trafikte kan\u0131tlanm\u0131\u015f g\u00fcvenilirlik<\/p>\n<\/li>\n<li data-start=\"4800\" data-end=\"4875\">\n<p data-start=\"4802\" data-end=\"4875\">Profesyonel, modern bir g\u00f6r\u00fcn\u00fcm ve his sa\u011flayan birinci s\u0131n\u0131f epoksi kaplama<\/p>\n<\/li>\n<li data-start=\"4876\" data-end=\"4964\">\n<p data-start=\"4878\" data-end=\"4964\">H\u0131zl\u0131 temass\u0131z tarama ve \u00f6\u011frenme e\u011frisi olmadan kolay, sezgisel kullan\u0131c\u0131 deneyimi<\/p>\n<\/li>\n<li data-start=\"4965\" data-end=\"5076\">\n<p data-start=\"4967\" data-end=\"5076\">Zaman i\u00e7inde performans\u0131n\u0131 ve g\u00f6r\u00fcn\u00fcm\u00fcn\u00fc koruyan g\u00fcvenli, toksik olmayan malzemeler ve sa\u011flam, su ge\u00e7irmez tasar\u0131m<\/p>\n<\/li>\n<li data-start=\"5077\" data-end=\"5188\">\n<p data-start=\"5079\" data-end=\"5188\">Y\u00fcksek d\u00fczeyde \u00f6zelle\u015ftirme sayesinde etiket, yaln\u0131zca i\u015flevsel bir kart olmaktan \u00e7\u0131k\u0131p g\u00fc\u00e7l\u00fc bir marka ta\u015f\u0131y\u0131c\u0131s\u0131 haline gelir<\/p>\n<\/li>\n<\/ul>\n<p data-start=\"5190\" data-end=\"5210\"><strong data-start=\"5190\" data-end=\"5208\">SSS (\u00d6zet)<\/strong><\/p>\n<ul data-start=\"5211\" data-end=\"6158\">\n<li data-start=\"5211\" data-end=\"5376\">\n<p data-start=\"5213\" data-end=\"5376\"><strong data-start=\"5213\" data-end=\"5242\">Kap\u0131 eri\u015fim uyumlulu\u011fu<\/strong>: Ofislerde, otellerde ve konut topluluklar\u0131nda yayg\u0131n olarak kullan\u0131lan standart 13.56 MHz NFC okuyucular ve ISO14443 tabanl\u0131 sistemlerle \u00e7al\u0131\u015f\u0131r.<\/p>\n<\/li>\n<li data-start=\"5377\" data-end=\"5522\">\n<p data-start=\"5379\" data-end=\"5522\"><strong data-start=\"5379\" data-end=\"5410\">Epoksi y\u00fczeyin dayan\u0131kl\u0131l\u0131\u011f\u0131<\/strong>: Epoksi \u00e7izilmeye kar\u015f\u0131 dayan\u0131kl\u0131d\u0131r, neme kar\u015f\u0131 dayan\u0131kl\u0131d\u0131r ve uzun s\u00fcreli g\u00fcnl\u00fck kullan\u0131mda \u015feffaf ve kararl\u0131 kalacak \u015fekilde tasarlanm\u0131\u015ft\u0131r.<\/p>\n<\/li>\n<li data-start=\"5523\" data-end=\"5656\">\n<p data-start=\"5525\" data-end=\"5656\"><strong data-start=\"5525\" data-end=\"5550\">\u00d6zelle\u015ftirme se\u00e7enekleri<\/strong>: \u015eekil, boyut, kal\u0131nl\u0131k, renk, logo, QR\/barkod, seri numaras\u0131 ve y\u00fczey kaplama se\u00e7enekleri mevcuttur.<\/p>\n<\/li>\n<li data-start=\"5657\" data-end=\"5789\">\n<p data-start=\"5659\" data-end=\"5789\"><strong data-start=\"5659\" data-end=\"5678\">Desteklenen yongalar<\/strong>: NTAG213\/215\/216, F08, S50\/S70, FM11RF08, N424 ve talep \u00fczerine farkl\u0131 kapasite ve fonksiyonlarda di\u011ferleri.<\/p>\n<\/li>\n<li data-start=\"5790\" data-end=\"5885\">\n<p data-start=\"5792\" data-end=\"5885\"><strong data-start=\"5792\" data-end=\"5811\">\u00dcretim s\u00fcresi<\/strong>: Genellikle miktara, \u00e7ip t\u00fcr\u00fcne ve sanat eserine ba\u011fl\u0131 olarak yakla\u015f\u0131k 10-15 g\u00fcn.<\/p>\n<\/li>\n<li data-start=\"5886\" data-end=\"6008\">\n<p data-start=\"5888\" data-end=\"6008\"><strong data-start=\"5888\" data-end=\"5910\">\u00c7ok i\u015flevli kullan\u0131m<\/strong>:Bir etiket eri\u015fim kontrol, kat\u0131l\u0131m, \u00f6deme ve kimlik do\u011frulama sistemlerine entegre edilebilir.<\/p>\n<\/li>\n<li data-start=\"6009\" data-end=\"6158\">\n<p data-start=\"6011\" data-end=\"6158\"><strong data-start=\"6011\" data-end=\"6035\">Okuma aral\u0131\u011f\u0131 \u00fczerindeki etkisi<\/strong>: Epoksi tabakas\u0131n\u0131n etkisi minimaldir; okuma mesafesi \u00e7o\u011funlukla anten tasar\u0131m\u0131na ve okuyucu g\u00fcc\u00fcne ba\u011fl\u0131d\u0131r, genellikle 2\u201310 cm.<\/p>\n<\/li>\n<\/ul>","protected":false},"excerpt":{"rendered":"<p>Logo bask\u0131l\u0131, \u00f6zelle\u015ftirilebilir NFC RFID epoksi anahtarl\u0131k, \u00e7e\u015fitli \u015fekil, \u00e7ip ve frekans se\u00e7enekleriyle mevcuttur. Eri\u015fim kontrol\u00fc, kat\u0131l\u0131m, bilet, \u00f6deme, pazarlama ve \u00fcr\u00fcn kimlik do\u011frulamas\u0131 i\u00e7in su ge\u00e7irmez, dayan\u0131kl\u0131 ve pasif tasar\u0131ma sahiptir.<\/p>","protected":false},"featured_media":1170,"template":"","meta":{"_gspb_post_css":""},"product_brand":[],"product_cat":[29],"product_tag":[],"class_list":{"0":"post-1168","1":"product","2":"type-product","3":"status-publish","4":"has-post-thumbnail","6":"product_cat-nfc-tags","8":"first","9":"instock","10":"shipping-taxable","11":"purchasable","12":"product-type-simple"},"_links":{"self":[{"href":"https:\/\/www.cxjsmartcard.com\/tr\/wp-json\/wp\/v2\/product\/1168","targetHints":{"allow":["GET"]}}],"collection":[{"href":"https:\/\/www.cxjsmartcard.com\/tr\/wp-json\/wp\/v2\/product"}],"about":[{"href":"https:\/\/www.cxjsmartcard.com\/tr\/wp-json\/wp\/v2\/types\/product"}],"wp:featuredmedia":[{"embeddable":true,"href":"https:\/\/www.cxjsmartcard.com\/tr\/wp-json\/wp\/v2\/media\/1170"}],"wp:attachment":[{"href":"https:\/\/www.cxjsmartcard.com\/tr\/wp-json\/wp\/v2\/media?parent=1168"}],"wp:term":[{"taxonomy":"product_brand","embeddable":true,"href":"https:\/\/www.cxjsmartcard.com\/tr\/wp-json\/wp\/v2\/product_brand?post=1168"},{"taxonomy":"product_cat","embeddable":true,"href":"https:\/\/www.cxjsmartcard.com\/tr\/wp-json\/wp\/v2\/product_cat?post=1168"},{"taxonomy":"product_tag","embeddable":true,"href":"https:\/\/www.cxjsmartcard.com\/tr\/wp-json\/wp\/v2\/product_tag?post=1168"}],"curies":[{"name":"wp","href":"https:\/\/api.w.org\/{rel}","templated":true}]}}