{"id":1162,"date":"2025-11-24T08:36:41","date_gmt":"2025-11-24T08:36:41","guid":{"rendered":"https:\/\/www.cxjsmartcard.com\/?post_type=product&#038;p=1162"},"modified":"2025-12-29T01:27:06","modified_gmt":"2025-12-29T01:27:06","slug":"anti-metal-nfc-coin-tag","status":"publish","type":"product","link":"https:\/\/www.cxjsmartcard.com\/tr\/anti-metal-nfc-coin-tag\/","title":{"rendered":"Anti-metal NFC Madeni Para Etiketi"},"content":{"rendered":"<p data-start=\"31\" data-end=\"547\">Metal y\u00fczeylerde g\u00fcvenilir performans i\u00e7in tasarlanm\u0131\u015f, ISO\/IEC 14443A ve ISO 18000-3 standartlar\u0131na tamamen uygun ve t\u00fcm 13,56 MHz Tip A NFC okuyucular ve antenlerle uyumlu olan Anti-metal NFC etiketi, yakla\u015f\u0131k 1-5 cm (ve okuyucu g\u00fcc\u00fcne ve ortama ba\u011fl\u0131 olarak yakla\u015f\u0131k 10 cm&#039;ye kadar) sabit bir okuma aral\u0131\u011f\u0131 sunarak, mobil \u00f6deme, e-bilet ve \u00fcr\u00fcn do\u011frulama gibi profesyonel uygulamalarda yak\u0131n mesafeden tan\u0131mlama ve etkile\u015fim i\u00e7in idealdir.<\/p>\n<p data-start=\"549\" data-end=\"877\">NTAG\u00ae 213, NTAG\u00ae 215 ve di\u011fer yayg\u0131n NFC \u00e7ipleriyle \u00fcretilen bu metal \u00fczeri madeni para etiketi, hem 7 baytl\u0131k UID hem de geni\u015f kullan\u0131c\u0131 belle\u011fi se\u00e7enekleri (144 bayt veya 504 bayt) sunar. Tam okuma\/yazma i\u015flemlerini, 10 y\u0131la kadar veri saklama s\u00fcresini ve 100.000&#039;e kadar programlama d\u00f6ng\u00fcs\u00fcn\u00fc destekleyerek zorlu projelerde uzun vadeli g\u00fcvenilirlik sa\u011flar.<\/p>\n<p data-start=\"879\" data-end=\"1222\">Etiket, metal ortamlar i\u00e7in optimize edilmi\u015f bir yap\u0131ya sahip, kompakt 20 mm yuvarlak bir form fakt\u00f6r\u00fcne sahiptir: serbest b\u0131rakma ka\u011f\u0131d\u0131 \u00fczerinde al\u00fcminyum kaz\u0131nm\u0131\u015f anten, su ge\u00e7irmez bir PVC y\u00fczey ve anti-metal ferrit katmanla kapl\u0131d\u0131r. Bu yap\u0131, NFC antenini metal parazitlerinden etkili bir \u015fekilde izole ederken, etiketi ince ve kolay entegre edilebilir tutar.<\/p>\n<p data-start=\"1224\" data-end=\"1464\">Kendinden yap\u0131\u015fkanl\u0131 arka y\u00fczeyi sayesinde kurulumu h\u0131zl\u0131 ve kolayd\u0131r; metal dolaplara, aletlere, makinelere, kap\u0131lara veya di\u011fer metal e\u015fyalara kolayca yap\u0131\u015ft\u0131rabilirsiniz. Her kutu 200 par\u00e7a i\u00e7erir ve bu da orta ve b\u00fcy\u00fck \u00f6l\u00e7ekli projelerde kullan\u0131ma uygundur.<\/p>\n<p data-start=\"1466\" data-end=\"1745\">Markala\u015fma ve entegrasyon ihtiya\u00e7lar\u0131 i\u00e7in etiket zengin \u00f6zelle\u015ftirmeyi destekler: farkl\u0131 \u00e7ip modelleri, anten tasar\u0131mlar\u0131, malzemeler, yap\u0131\u015ft\u0131r\u0131c\u0131\/tutkal se\u00e7eneklerinin yan\u0131 s\u0131ra \u00f6zel bask\u0131 ve \u00f6zel el sanatlar\u0131 (logolar, seri numaralar\u0131, barkodlar, QR kodlar\u0131 veya renkli \u00e7izimler gibi) se\u00e7ebilirsiniz.<\/p>\n<p data-start=\"1747\" data-end=\"1764\">RFID Parametreleri<\/p>\n<ul data-start=\"1765\" data-end=\"2167\">\n<li data-start=\"1765\" data-end=\"1798\">\n<p data-start=\"1767\" data-end=\"1798\">T\u00fcr: Anti-metal NFC madeni para etiketi<\/p>\n<\/li>\n<li data-start=\"1799\" data-end=\"1842\">\n<p data-start=\"1801\" data-end=\"1842\">Protokol: ISO\/IEC 14443 A ve ISO 18000-3<\/p>\n<\/li>\n<li data-start=\"1843\" data-end=\"1883\">\n<p data-start=\"1845\" data-end=\"1883\">Frekans: 13.56MHz (k\u00fcresel HF band\u0131)<\/p>\n<\/li>\n<li data-start=\"1884\" data-end=\"1933\">\n<p data-start=\"1886\" data-end=\"1933\">\u00c7ip se\u00e7enekleri: NTAG\u00ae 213, NTAG\u00ae 215 ve di\u011ferleri<\/p>\n<\/li>\n<li data-start=\"1934\" data-end=\"1992\">\n<p data-start=\"1936\" data-end=\"1992\">Bellek: 7 bayt UID; kullan\u0131c\u0131 belle\u011fi 144 bayt veya 504 bayt<\/p>\n<\/li>\n<li data-start=\"1993\" data-end=\"2018\">\n<p data-start=\"1995\" data-end=\"2018\">Okuma\/Yazma: Destekleniyor<\/p>\n<\/li>\n<li data-start=\"2019\" data-end=\"2087\">\n<p data-start=\"2021\" data-end=\"2087\">Tipik okuma aral\u0131\u011f\u0131: 1\u20135 cm (okuyucuya ve ortama ba\u011fl\u0131 olarak)<\/p>\n<\/li>\n<li data-start=\"2088\" data-end=\"2122\">\n<p data-start=\"2090\" data-end=\"2122\">Veri saklama: 10 y\u0131la kadar<\/p>\n<\/li>\n<li data-start=\"2123\" data-end=\"2167\">\n<p data-start=\"2125\" data-end=\"2167\">Programlama d\u00f6ng\u00fcleri: 100.000 d\u00f6ng\u00fcye kadar<\/p>\n<\/li>\n<\/ul>\n<p data-start=\"2169\" data-end=\"2190\">Fiziksel Parametreler<\/p>\n<ul data-start=\"2191\" data-end=\"2672\">\n<li data-start=\"2191\" data-end=\"2230\">\n<p data-start=\"2193\" data-end=\"2230\">Boyut: 20 mm \u00e7ap\u0131nda yuvarlak madeni para etiketi<\/p>\n<\/li>\n<li data-start=\"2231\" data-end=\"2268\">\n<p data-start=\"2233\" data-end=\"2268\">Alt tabaka malzemesi: Ay\u0131r\u0131c\u0131 ka\u011f\u0131t<\/p>\n<\/li>\n<li data-start=\"2269\" data-end=\"2307\">\n<p data-start=\"2271\" data-end=\"2307\">Anten malzemesi: Al\u00fcminyum a\u015f\u0131nd\u0131rma<\/p>\n<\/li>\n<li data-start=\"2308\" data-end=\"2376\">\n<p data-start=\"2310\" data-end=\"2376\">Y\u00fczey malzemesi: PVC, su ge\u00e7irmez, anti-metal ferrit katmanl\u0131<\/p>\n<\/li>\n<li data-start=\"2377\" data-end=\"2433\">\n<p data-start=\"2379\" data-end=\"2433\">Kodlama: Destekleniyor (\u00f6n kodlama veya bo\u015f iste\u011fe ba\u011fl\u0131)<\/p>\n<\/li>\n<li data-start=\"2434\" data-end=\"2494\">\n<p data-start=\"2436\" data-end=\"2494\">Montaj: Kendinden yap\u0131\u015fkanl\u0131, metal y\u00fczeylere uygundur<\/p>\n<\/li>\n<li data-start=\"2495\" data-end=\"2534\">\n<p data-start=\"2497\" data-end=\"2534\">\u00c7al\u0131\u015fma s\u0131cakl\u0131\u011f\u0131: -25\u2103 ila +65\u2103<\/p>\n<\/li>\n<li data-start=\"2535\" data-end=\"2569\">\n<p data-start=\"2537\" data-end=\"2569\">\u00c7al\u0131\u015fma nemi: 20%\u201390% RH<\/p>\n<\/li>\n<li data-start=\"2570\" data-end=\"2596\">\n<p data-start=\"2572\" data-end=\"2596\">Paketleme: 200 adet\/kutu<\/p>\n<\/li>\n<li data-start=\"2597\" data-end=\"2672\">\n<p data-start=\"2599\" data-end=\"2672\">\u00d6zelle\u015ftirilmi\u015f hizmet: \u00c7ip \/ Anten \/ Malzeme \/ Yap\u0131\u015ft\u0131r\u0131c\u0131 \/ Bask\u0131 \/ El Sanatlar\u0131<\/p>\n<\/li>\n<\/ul>\n<p data-start=\"2674\" data-end=\"2708\">Uygulamalar ve Pazar Avantajlar\u0131<\/p>\n<ul data-start=\"2709\" data-end=\"4180\">\n<li data-start=\"2709\" data-end=\"2893\">\n<p data-start=\"2711\" data-end=\"2893\">Mobil \u00f6demeler ve temass\u0131z i\u015flemler:<br data-start=\"2754\" data-end=\"2757\" \/>H\u0131zl\u0131 ve g\u00fcvenli mobil \u00f6deme, dijital c\u00fczdanlar ve metal tezgahlarda veya terminallerde nakitsiz perakende sat\u0131\u015f i\u00e7in NFC \u00f6zellikli cihazlarla kullan\u0131l\u0131r.<\/p>\n<\/li>\n<li data-start=\"2895\" data-end=\"3051\">\n<p data-start=\"2897\" data-end=\"3051\">E-bilet ve etkinlik eri\u015fimi:<br data-start=\"2924\" data-end=\"2927\" \/>Konser, sergi, ula\u015f\u0131m ve mekan eri\u015fim kontrol\u00fc i\u00e7in uygundur, h\u0131zl\u0131 tarama ve sorunsuz giri\u015f imkan\u0131 sa\u011flar.<\/p>\n<\/li>\n<li data-start=\"3053\" data-end=\"3229\">\n<p data-start=\"3055\" data-end=\"3229\">\u00dcr\u00fcn kimlik do\u011frulama ve sahtecili\u011fe kar\u015f\u0131 m\u00fccadele:<br data-start=\"3100\" data-end=\"3103\" \/>Elektronik, l\u00fcks \u00fcr\u00fcnler veya ila\u00e7lar gibi markal\u0131 \u00fcr\u00fcnlerin orijinalli\u011fini do\u011frulamaya ve marka de\u011ferini korumaya yard\u0131mc\u0131 olur.<\/p>\n<\/li>\n<li data-start=\"3231\" data-end=\"3396\">\n<p data-start=\"3233\" data-end=\"3396\">Varl\u0131k y\u00f6netimi ve envanter takibi:<br data-start=\"3271\" data-end=\"3274\" \/>Metal alet, ekipman, raf ve makinelerin etiketlenmesinde, takibin, say\u0131m ve bak\u0131m kay\u0131tlar\u0131n\u0131n basitle\u015ftirilmesinde idealdir.<\/p>\n<\/li>\n<li data-start=\"3398\" data-end=\"3556\">\n<p data-start=\"3400\" data-end=\"3556\">Bek\u00e7i tur \/ devriye sistemleri:<br data-start=\"3428\" data-end=\"3431\" \/>Metal duvarlar, kap\u0131lar veya tesislerde devriye kontrol noktas\u0131 olarak \u00e7al\u0131\u015f\u0131r ve gardiyanlar\u0131n devriye rotalar\u0131n\u0131 do\u011fru bir \u015fekilde dinlemelerine ve kaydetmelerine olanak tan\u0131r.<\/p>\n<\/li>\n<li data-start=\"3558\" data-end=\"3713\">\n<p data-start=\"3560\" data-end=\"3713\">Eri\u015fim kontrol\u00fc ve ak\u0131ll\u0131 kilitler:<br data-start=\"3589\" data-end=\"3592\" \/>Ofis, fabrika, depo ve konut binalar\u0131ndaki metal kap\u0131 veya \u00e7er\u00e7evelerdeki NFC ge\u00e7i\u015f sistemleriyle e\u015fle\u015fir.<\/p>\n<\/li>\n<li data-start=\"3715\" data-end=\"3840\">\n<p data-start=\"3717\" data-end=\"3840\">Kat\u0131l\u0131m y\u00f6netimi:<br data-start=\"3739\" data-end=\"3742\" \/>NFC cihazlar\u0131 arac\u0131l\u0131\u011f\u0131yla personel, \u00f6\u011frenci, ta\u015feron veya etkinlik personeli i\u00e7in kat\u0131l\u0131m kontrol\u00fcn\u00fc destekler.<\/p>\n<\/li>\n<li data-start=\"3842\" data-end=\"4007\">\n<p data-start=\"3844\" data-end=\"4007\">Ak\u0131ll\u0131 paketleme ve etkile\u015fimli pazarlama:<br data-start=\"3884\" data-end=\"3887\" \/>Ak\u0131ll\u0131 telefonlar \u00fczerinden kullan\u0131ld\u0131\u011f\u0131nda web sayfalar\u0131n\u0131, promosyonlar\u0131 veya dijital kampanyalar\u0131 ba\u015flatmak i\u00e7in ambalajlara veya te\u015fhir ekranlar\u0131na yerle\u015ftirilir.<\/p>\n<\/li>\n<li data-start=\"4009\" data-end=\"4180\">\n<p data-start=\"4011\" data-end=\"4180\">B\u00fcy\u00fcyen pazar talebi:<br data-start=\"4033\" data-end=\"4036\" \/>Ak\u0131ll\u0131 \u015fehirler, lojistik, perakende, g\u00fcvenlik, end\u00fcstriyel \u00fcretim, i\u015f g\u00fcc\u00fc y\u00f6netimi ve di\u011fer IoT ve y\u00fcksek teknoloji senaryolar\u0131nda yayg\u0131n olarak kullan\u0131l\u0131r.<\/p>\n<\/li>\n<\/ul>\n<p data-start=\"4182\" data-end=\"4223\">Neden Anti-Metal NFC Madeni Para Etiketimizi Se\u00e7melisiniz?<\/p>\n<ul data-start=\"4224\" data-end=\"4703\">\n<li data-start=\"4224\" data-end=\"4307\">\n<p data-start=\"4226\" data-end=\"4307\">Metal y\u00fczeylerde uzun s\u00fcreli kullan\u0131m i\u00e7in sa\u011flam, su ge\u00e7irmez ve metale dayan\u0131kl\u0131 yap\u0131<\/p>\n<\/li>\n<li data-start=\"4308\" data-end=\"4377\">\n<p data-start=\"4310\" data-end=\"4377\">ISO 14443A NFC okuyucular ve 13,56 MHz cihazlarla tam uyumludur<\/p>\n<\/li>\n<li data-start=\"4378\" data-end=\"4493\">\n<p data-start=\"4380\" data-end=\"4493\">Projenize veya markan\u0131za uyacak \u015fekilde \u00e7ip, anten, malzeme, yap\u0131\u015ft\u0131r\u0131c\u0131, bask\u0131 ve el i\u015f\u00e7ili\u011fi i\u00e7in esnek \u00f6zelle\u015ftirme<\/p>\n<\/li>\n<li data-start=\"4494\" data-end=\"4574\">\n<p data-start=\"4496\" data-end=\"4574\">100.000&#039;e kadar yazma d\u00f6ng\u00fcs\u00fc ve 10 y\u0131ll\u0131k veri saklama s\u00fcresiyle uzun hizmet \u00f6mr\u00fc<\/p>\n<\/li>\n<li data-start=\"4575\" data-end=\"4703\">\n<p data-start=\"4577\" data-end=\"4703\">\u00d6deme, kimlik do\u011frulama, eri\u015fim kontrol\u00fc, kat\u0131l\u0131m takibi, devriye sistemleri ve daha fazla metal \u00fcst\u00fc NFC uygulamas\u0131 i\u00e7in uygundur<\/p>\n<\/li>\n<\/ul>","protected":false},"excerpt":{"rendered":"<p data-start=\"4736\" data-end=\"5000\">13,56 MHz ISO\/IEC 14443A okuyucular i\u00e7in tasarlanm\u0131\u015f, dayan\u0131kl\u0131, metal \u00fczeri NFC madeni para etiketi. Su ge\u00e7irmez PVC + ferrit yap\u0131, NTAG213\/NTAG215 \u00e7ipler, kendinden yap\u0131\u015fkanl\u0131 arka y\u00fczey, metal y\u00fczeylerde \u00f6deme, e-bilet, kimlik do\u011frulama, eri\u015fim kontrol\u00fc, kat\u0131l\u0131m ve devriye i\u00e7in idealdir.<\/p>\n<p data-start=\"5002\" data-end=\"5014\">Temel \u00f6zellikler:<\/p>\n<ul data-start=\"5015\" data-end=\"5358\">\n<li data-start=\"5015\" data-end=\"5041\">\n<p data-start=\"5017\" data-end=\"5041\">Frekans: 13.56MHz HF<\/p>\n<\/li>\n<li data-start=\"5042\" data-end=\"5081\">\n<p data-start=\"5044\" data-end=\"5081\">Protokol: ISO\/IEC 14443 A ve 18000-3<\/p>\n<\/li>\n<li data-start=\"5082\" data-end=\"5125\">\n<p data-start=\"5084\" data-end=\"5125\">\u00c7ip: NTAG\u00ae 213 \/ NTAG\u00ae 215, 7 bayt UID<\/p>\n<\/li>\n<li data-start=\"5126\" data-end=\"5165\">\n<p data-start=\"5128\" data-end=\"5165\">Kullan\u0131c\u0131 belle\u011fi: 144 bayt veya 504 bayt<\/p>\n<\/li>\n<li data-start=\"5166\" data-end=\"5206\">\n<p data-start=\"5168\" data-end=\"5206\">Boyut: \u00d820 mm madeni para etiketi, kendinden yap\u0131\u015fkanl\u0131<\/p>\n<\/li>\n<li data-start=\"5207\" data-end=\"5292\">\n<p data-start=\"5209\" data-end=\"5292\">Yap\u0131: Al\u00fcminyum anten + ay\u0131rma ka\u011f\u0131d\u0131 + su ge\u00e7irmez PVC + anti-metal ferrit<\/p>\n<\/li>\n<li data-start=\"5293\" data-end=\"5358\">\n<p data-start=\"5295\" data-end=\"5358\">Dayan\u0131kl\u0131l\u0131k: 10 y\u0131ll\u0131k veri saklama, 100.000 programlama d\u00f6ng\u00fcs\u00fc<\/p>\n<\/li>\n<\/ul>","protected":false},"featured_media":1166,"template":"","meta":{"_gspb_post_css":""},"product_brand":[],"product_cat":[29],"product_tag":[],"class_list":{"0":"post-1162","1":"product","2":"type-product","3":"status-publish","4":"has-post-thumbnail","6":"product_cat-nfc-tags","8":"first","9":"instock","10":"shipping-taxable","11":"purchasable","12":"product-type-simple"},"_links":{"self":[{"href":"https:\/\/www.cxjsmartcard.com\/tr\/wp-json\/wp\/v2\/product\/1162","targetHints":{"allow":["GET"]}}],"collection":[{"href":"https:\/\/www.cxjsmartcard.com\/tr\/wp-json\/wp\/v2\/product"}],"about":[{"href":"https:\/\/www.cxjsmartcard.com\/tr\/wp-json\/wp\/v2\/types\/product"}],"wp:featuredmedia":[{"embeddable":true,"href":"https:\/\/www.cxjsmartcard.com\/tr\/wp-json\/wp\/v2\/media\/1166"}],"wp:attachment":[{"href":"https:\/\/www.cxjsmartcard.com\/tr\/wp-json\/wp\/v2\/media?parent=1162"}],"wp:term":[{"taxonomy":"product_brand","embeddable":true,"href":"https:\/\/www.cxjsmartcard.com\/tr\/wp-json\/wp\/v2\/product_brand?post=1162"},{"taxonomy":"product_cat","embeddable":true,"href":"https:\/\/www.cxjsmartcard.com\/tr\/wp-json\/wp\/v2\/product_cat?post=1162"},{"taxonomy":"product_tag","embeddable":true,"href":"https:\/\/www.cxjsmartcard.com\/tr\/wp-json\/wp\/v2\/product_tag?post=1162"}],"curies":[{"name":"wp","href":"https:\/\/api.w.org\/{rel}","templated":true}]}}