{"id":954,"date":"2025-11-03T09:30:20","date_gmt":"2025-11-03T09:30:20","guid":{"rendered":"https:\/\/www.cxjsmartcard.com\/?post_type=product&#038;p=954"},"modified":"2025-12-29T01:27:07","modified_gmt":"2025-12-29T01:27:07","slug":"nxp-mifare-ultralight-ev1-nfc-sticker","status":"publish","type":"product","link":"https:\/\/www.cxjsmartcard.com\/th\/nxp-mifare-ultralight-ev1-nfc-sticker\/","title":{"rendered":"\u0e2a\u0e15\u0e34\u0e01\u0e40\u0e01\u0e2d\u0e23\u0e4c NFC NXP MIFARE Ultralight EV1"},"content":{"rendered":"<p data-start=\"49\" data-end=\"419\">\u0e2a\u0e15\u0e34\u0e01\u0e40\u0e01\u0e2d\u0e23\u0e4c NFC \u0e17\u0e35\u0e48\u0e43\u0e0a\u0e49 MIFARE Ultralight\u00ae EV1 \u0e40\u0e1e\u0e37\u0e48\u0e2d\u0e1b\u0e23\u0e30\u0e2a\u0e1a\u0e01\u0e32\u0e23\u0e13\u0e4c\u0e01\u0e32\u0e23\u0e41\u0e15\u0e30\u0e17\u0e35\u0e48\u0e1b\u0e25\u0e2d\u0e14\u0e20\u0e31\u0e22 \u0e23\u0e27\u0e14\u0e40\u0e23\u0e47\u0e27 \u0e41\u0e25\u0e30\u0e43\u0e0a\u0e49\u0e07\u0e32\u0e19\u0e44\u0e14\u0e49\u0e01\u0e31\u0e1a\u0e42\u0e17\u0e23\u0e28\u0e31\u0e1e\u0e17\u0e4c \u0e40\u0e2b\u0e21\u0e32\u0e30\u0e2a\u0e33\u0e2b\u0e23\u0e31\u0e1a\u0e01\u0e32\u0e23\u0e0a\u0e33\u0e23\u0e30\u0e40\u0e07\u0e34\u0e19\u0e1c\u0e48\u0e32\u0e19\u0e21\u0e37\u0e2d\u0e16\u0e37\u0e2d \u0e01\u0e32\u0e23\u0e04\u0e27\u0e1a\u0e04\u0e38\u0e21\u0e01\u0e32\u0e23\u0e40\u0e02\u0e49\u0e32\u0e16\u0e36\u0e07 \u0e01\u0e32\u0e23\u0e2d\u0e2d\u0e01\u0e15\u0e31\u0e4b\u0e27\u0e2d\u0e34\u0e40\u0e25\u0e47\u0e01\u0e17\u0e23\u0e2d\u0e19\u0e34\u0e01\u0e2a\u0e4c \u0e04\u0e27\u0e32\u0e21\u0e20\u0e31\u0e01\u0e14\u0e35 \u0e01\u0e32\u0e23\u0e15\u0e25\u0e32\u0e14 \u0e41\u0e25\u0e30\u0e01\u0e32\u0e23\u0e15\u0e23\u0e27\u0e08\u0e2a\u0e2d\u0e1a\u0e1c\u0e25\u0e34\u0e15\u0e20\u0e31\u0e13\u0e11\u0e4c \u0e41\u0e15\u0e48\u0e25\u0e30\u0e41\u0e17\u0e47\u0e01\u0e23\u0e2d\u0e07\u0e23\u0e31\u0e1a\u0e01\u0e32\u0e23\u0e1b\u0e49\u0e2d\u0e07\u0e01\u0e31\u0e19\u0e01\u0e32\u0e23\u0e0a\u0e19\u0e01\u0e31\u0e19 \u0e41\u0e25\u0e30\u0e21\u0e35 UID \u0e02\u0e19\u0e32\u0e14 7 \u0e44\u0e1a\u0e15\u0e4c \u0e2b\u0e19\u0e48\u0e27\u0e22\u0e04\u0e27\u0e32\u0e21\u0e08\u0e33 OTP \u0e15\u0e31\u0e27\u0e19\u0e31\u0e1a\u0e17\u0e32\u0e07\u0e40\u0e14\u0e35\u0e22\u0e27 \u0e25\u0e32\u0e22\u0e40\u0e0b\u0e47\u0e19\u0e15\u0e49\u0e19\u0e09\u0e1a\u0e31\u0e1a ECC \u0e41\u0e25\u0e30\u0e01\u0e32\u0e23\u0e1b\u0e49\u0e2d\u0e07\u0e01\u0e31\u0e19\u0e14\u0e49\u0e27\u0e22\u0e23\u0e2b\u0e31\u0e2a\u0e1c\u0e48\u0e32\u0e19 (\u0e15\u0e31\u0e27\u0e40\u0e25\u0e37\u0e2d\u0e01\u0e40\u0e2a\u0e23\u0e34\u0e21).<\/p>\n<p data-start=\"421\" data-end=\"560\"><strong data-start=\"421\" data-end=\"445\">\u0e27\u0e31\u0e2a\u0e14\u0e38\u0e41\u0e25\u0e30\u0e01\u0e32\u0e23\u0e1e\u0e34\u0e21\u0e1e\u0e4c<\/strong><br data-start=\"445\" data-end=\"448\" \/>\u0e01\u0e23\u0e30\u0e14\u0e32\u0e29 \u0e01\u0e23\u0e30\u0e14\u0e32\u0e29\u0e21\u0e35\u0e01\u0e32\u0e27\u0e43\u0e19\u0e15\u0e31\u0e27 PVC \u0e1e\u0e25\u0e32\u0e2a\u0e15\u0e34\u0e01\u0e2d\u0e48\u0e2d\u0e19 \u0e2b\u0e23\u0e37\u0e2d PET \u0e1e\u0e23\u0e49\u0e2d\u0e21\u0e01\u0e32\u0e23\u0e1e\u0e34\u0e21\u0e1e\u0e4c\u0e2a\u0e35\u0e40\u0e15\u0e47\u0e21\u0e23\u0e39\u0e1b\u0e41\u0e1a\u0e1a (\u0e42\u0e25\u0e42\u0e01\u0e49 \u0e01\u0e23\u0e32\u0e1f\u0e34\u0e01 \u0e02\u0e49\u0e2d\u0e21\u0e39\u0e25\u0e41\u0e1b\u0e23\u0e1c\u0e31\u0e19).<\/p>\n<p data-start=\"562\" data-end=\"655\"><strong data-start=\"562\" data-end=\"586\">\u0e02\u0e19\u0e32\u0e14 (\u0e1b\u0e23\u0e31\u0e1a\u0e41\u0e15\u0e48\u0e07\u0e44\u0e14\u0e49)<\/strong><br data-start=\"586\" data-end=\"589\" \/>\u00d825 \u0e21\u0e21., 25\u00d725 \u0e21\u0e21., 30\u00d730 \u0e21\u0e21., 40\u00d740 \u0e21\u0e21., 50\u00d750 \u0e21\u0e21. \u0e41\u0e25\u0e30\u0e23\u0e39\u0e1b\u0e17\u0e23\u0e07\u0e17\u0e35\u0e48\u0e01\u0e33\u0e2b\u0e19\u0e14\u0e40\u0e2d\u0e07.<\/p>\n<p data-start=\"657\" data-end=\"752\"><strong data-start=\"657\" data-end=\"690\">\u0e0a\u0e34\u0e1b\u0e17\u0e35\u0e48\u0e40\u0e02\u0e49\u0e32\u0e01\u0e31\u0e19\u0e44\u0e14\u0e49 (\u0e15\u0e32\u0e21\u0e04\u0e33\u0e02\u0e2d)<\/strong><br data-start=\"690\" data-end=\"693\" \/>MIFARE Ultralight\u00ae \/ Ultralight\u00ae C \u2022 NTAG\u00ae 203 \/ 213 \/ 216.<\/p>\n<p data-start=\"754\" data-end=\"946\"><strong data-start=\"754\" data-end=\"770\">\u0e41\u0e2d\u0e1b\u0e1e\u0e25\u0e34\u0e40\u0e04\u0e0a\u0e31\u0e19<\/strong><br data-start=\"770\" data-end=\"773\" \/>\u0e01\u0e32\u0e23\u0e0a\u0e33\u0e23\u0e30\u0e40\u0e07\u0e34\u0e19\u0e1c\u0e48\u0e32\u0e19\u0e21\u0e37\u0e2d\u0e16\u0e37\u0e2d\u0e41\u0e1a\u0e1a\u0e44\u0e23\u0e49\u0e2a\u0e31\u0e21\u0e1c\u0e31\u0e2a \u2022 \u0e01\u0e32\u0e23\u0e04\u0e27\u0e1a\u0e04\u0e38\u0e21\u0e01\u0e32\u0e23\u0e40\u0e02\u0e49\u0e32\u0e16\u0e36\u0e07 \u2022 \u0e15\u0e31\u0e4b\u0e27\u0e2d\u0e34\u0e40\u0e25\u0e47\u0e01\u0e17\u0e23\u0e2d\u0e19\u0e34\u0e01\u0e2a\u0e4c\u0e2a\u0e33\u0e2b\u0e23\u0e31\u0e1a\u0e07\u0e32\u0e19\u0e01\u0e34\u0e08\u0e01\u0e23\u0e23\u0e21\u0e41\u0e25\u0e30\u0e1a\u0e31\u0e15\u0e23\u0e1c\u0e48\u0e32\u0e19\u0e23\u0e32\u0e22\u0e27\u0e31\u0e19 \u2022 \u0e42\u0e1b\u0e23\u0e41\u0e01\u0e23\u0e21\u0e2a\u0e30\u0e2a\u0e21\u0e04\u0e30\u0e41\u0e19\u0e19\u0e41\u0e25\u0e30\u0e41\u0e04\u0e21\u0e40\u0e1b\u0e0d\u0e01\u0e32\u0e23\u0e15\u0e25\u0e32\u0e14 \u2022 \u0e01\u0e32\u0e23\u0e15\u0e23\u0e27\u0e08\u0e2a\u0e2d\u0e1a\u0e1c\u0e25\u0e34\u0e15\u0e20\u0e31\u0e13\u0e11\u0e4c\u0e41\u0e25\u0e30\u0e01\u0e32\u0e23\u0e40\u0e02\u0e49\u0e32\u0e16\u0e36\u0e07\u0e40\u0e19\u0e37\u0e49\u0e2d\u0e2b\u0e32\u0e14\u0e34\u0e08\u0e34\u0e17\u0e31\u0e25.<\/p>\n<p data-start=\"948\" data-end=\"1144\"><strong data-start=\"948\" data-end=\"964\">\u0e1b\u0e23\u0e30\u0e42\u0e22\u0e0a\u0e19\u0e4c\u0e2b\u0e25\u0e31\u0e01<\/strong><br data-start=\"964\" data-end=\"967\" \/>\u0e18\u0e38\u0e23\u0e01\u0e23\u0e23\u0e21\u0e14\u0e48\u0e27\u0e19 (&lt;35 \u0e21\u0e34\u0e25\u0e25\u0e34\u0e27\u0e34\u0e19\u0e32\u0e17\u0e35) \u2022 \u0e01\u0e32\u0e23\u0e2d\u0e2d\u0e01\u0e41\u0e1a\u0e1a\u0e17\u0e35\u0e48\u0e1b\u0e25\u0e2d\u0e14\u0e20\u0e31\u0e22\u0e41\u0e25\u0e30\u0e1b\u0e49\u0e2d\u0e07\u0e01\u0e31\u0e19\u0e01\u0e32\u0e23\u0e07\u0e31\u0e14\u0e41\u0e07\u0e30 \u2022 \u0e01\u0e32\u0e23\u0e1a\u0e39\u0e23\u0e13\u0e32\u0e01\u0e32\u0e23\u0e17\u0e35\u0e48\u0e22\u0e37\u0e14\u0e2b\u0e22\u0e38\u0e48\u0e19\u0e43\u0e19\u0e15\u0e31\u0e4b\u0e27 \u0e1a\u0e31\u0e15\u0e23 \u0e41\u0e25\u0e30\u0e09\u0e25\u0e32\u0e01 \u2022 \u0e40\u0e04\u0e23\u0e37\u0e48\u0e2d\u0e07\u0e0a\u0e31\u0e48\u0e07\u0e2a\u0e33\u0e2b\u0e23\u0e31\u0e1a\u0e01\u0e32\u0e23\u0e43\u0e0a\u0e49\u0e07\u0e32\u0e19\u0e08\u0e33\u0e19\u0e27\u0e19\u0e21\u0e32\u0e01\u0e41\u0e25\u0e30\u0e2a\u0e20\u0e32\u0e1e\u0e41\u0e27\u0e14\u0e25\u0e49\u0e2d\u0e21\u0e17\u0e35\u0e48\u0e21\u0e35\u0e01\u0e32\u0e23\u0e23\u0e31\u0e1a\u0e2a\u0e48\u0e07\u0e02\u0e49\u0e2d\u0e21\u0e39\u0e25\u0e2a\u0e39\u0e07.<\/p>\n<h2 data-start=\"1146\" data-end=\"1171\">\u0e15\u0e32\u0e23\u0e32\u0e07 (\u0e02\u0e49\u0e2d\u0e21\u0e39\u0e25\u0e08\u0e33\u0e40\u0e1e\u0e32\u0e30)<\/h2>\n<div class=\"_tableContainer_1rjym_1\">\n<div class=\"group _tableWrapper_1rjym_13 flex w-fit flex-col-reverse\" tabindex=\"-1\">\n<table class=\"w-fit min-w-(--thread-content-width)\" data-start=\"1173\" data-end=\"2573\">\n<thead data-start=\"1173\" data-end=\"1278\">\n<tr data-start=\"1173\" data-end=\"1278\">\n<th data-start=\"1173\" data-end=\"1191\" data-col-size=\"sm\">\u0e2b\u0e21\u0e27\u0e14\u0e2b\u0e21\u0e39\u0e48<\/th>\n<th data-start=\"1191\" data-end=\"1214\" data-col-size=\"sm\">\u0e1e\u0e32\u0e23\u0e32\u0e21\u0e34\u0e40\u0e15\u0e2d\u0e23\u0e4c<\/th>\n<th data-start=\"1214\" data-end=\"1278\" data-col-size=\"md\">\u0e04\u0e48\u0e32<\/th>\n<\/tr>\n<\/thead>\n<tbody data-start=\"1385\" data-end=\"2573\">\n<tr data-start=\"1385\" data-end=\"1490\">\n<td data-start=\"1385\" data-end=\"1403\" data-col-size=\"sm\">\u0e1c\u0e25\u0e34\u0e15\u0e20\u0e31\u0e13\u0e11\u0e4c<\/td>\n<td data-start=\"1403\" data-end=\"1426\" data-col-size=\"sm\">\u0e1e\u0e34\u0e21\u0e1e\u0e4c<\/td>\n<td data-start=\"1426\" data-end=\"1490\" data-col-size=\"md\">\u0e2a\u0e15\u0e34\u0e4a\u0e01\u0e40\u0e01\u0e2d\u0e23\u0e4c\/\u0e09\u0e25\u0e32\u0e01 NFC<\/td>\n<\/tr>\n<tr data-start=\"1491\" data-end=\"1596\">\n<td data-start=\"1491\" data-end=\"1509\" data-col-size=\"sm\">\u0e2d\u0e32\u0e23\u0e4c\u0e40\u0e2d\u0e1f<\/td>\n<td data-start=\"1509\" data-end=\"1532\" data-col-size=\"sm\">\u0e04\u0e27\u0e32\u0e21\u0e16\u0e35\u0e48<\/td>\n<td data-col-size=\"md\" data-start=\"1532\" data-end=\"1596\">13.56 \u0e40\u0e21\u0e01\u0e30\u0e40\u0e2e\u0e34\u0e23\u0e15\u0e0b\u0e4c<\/td>\n<\/tr>\n<tr data-start=\"1597\" data-end=\"1702\">\n<td data-start=\"1597\" data-end=\"1616\" data-col-size=\"sm\"><\/td>\n<td data-col-size=\"sm\" data-start=\"1616\" data-end=\"1638\">\u0e42\u0e1b\u0e23\u0e42\u0e15\u0e04\u0e2d\u0e25<\/td>\n<td data-col-size=\"md\" data-start=\"1638\" data-end=\"1702\">ISO\/IEC 14443 \u0e1b\u0e23\u0e30\u0e40\u0e20\u0e17 A<\/td>\n<\/tr>\n<tr data-start=\"1703\" data-end=\"1808\">\n<td data-start=\"1703\" data-end=\"1721\" data-col-size=\"sm\">\u0e44\u0e2d\u0e0b\u0e35<\/td>\n<td data-start=\"1721\" data-end=\"1744\" data-col-size=\"sm\">\u0e04\u0e48\u0e32\u0e40\u0e23\u0e34\u0e48\u0e21\u0e15\u0e49\u0e19<\/td>\n<td data-col-size=\"md\" data-start=\"1744\" data-end=\"1808\">MIFARE Ultralight\u00ae EV1<\/td>\n<\/tr>\n<tr data-start=\"1809\" data-end=\"1935\">\n<td data-start=\"1809\" data-end=\"1827\" data-col-size=\"sm\">\u0e04\u0e27\u0e32\u0e21\u0e1b\u0e25\u0e2d\u0e14\u0e20\u0e31\u0e22<\/td>\n<td data-start=\"1827\" data-end=\"1850\" data-col-size=\"sm\">\u0e04\u0e38\u0e13\u0e2a\u0e21\u0e1a\u0e31\u0e15\u0e34<\/td>\n<td data-col-size=\"md\" data-start=\"1850\" data-end=\"1935\">UID 7 \u0e44\u0e1a\u0e15\u0e4c; OTP; \u0e15\u0e31\u0e27\u0e19\u0e31\u0e1a\u0e17\u0e32\u0e07\u0e40\u0e14\u0e35\u0e22\u0e27; \u0e25\u0e32\u0e22\u0e40\u0e0b\u0e47\u0e19\u0e15\u0e49\u0e19\u0e09\u0e1a\u0e31\u0e1a ECC; \u0e01\u0e32\u0e23\u0e1b\u0e49\u0e2d\u0e07\u0e01\u0e31\u0e19\u0e14\u0e49\u0e27\u0e22\u0e23\u0e2b\u0e31\u0e2a\u0e1c\u0e48\u0e32\u0e19<\/td>\n<\/tr>\n<tr data-start=\"1936\" data-end=\"2041\">\n<td data-start=\"1936\" data-end=\"1954\" data-col-size=\"sm\">\u0e23\u0e30\u0e1a\u0e1a\u0e1b\u0e49\u0e2d\u0e07\u0e01\u0e31\u0e19\u0e01\u0e32\u0e23\u0e0a\u0e19<\/td>\n<td data-col-size=\"sm\" data-start=\"1954\" data-end=\"1977\">\u0e01\u0e32\u0e23\u0e2d\u0e48\u0e32\u0e19\u0e41\u0e1a\u0e1a\u0e2b\u0e25\u0e32\u0e22\u0e41\u0e17\u0e47\u0e01<\/td>\n<td data-col-size=\"md\" data-start=\"1977\" data-end=\"2041\">\u0e44\u0e14\u0e49\u0e23\u0e31\u0e1a\u0e01\u0e32\u0e23\u0e2a\u0e19\u0e31\u0e1a\u0e2a\u0e19\u0e38\u0e19<\/td>\n<\/tr>\n<tr data-start=\"2042\" data-end=\"2147\">\n<td data-start=\"2042\" data-end=\"2060\" data-col-size=\"sm\">\u0e27\u0e31\u0e2a\u0e14\u0e38<\/td>\n<td data-col-size=\"sm\" data-start=\"2060\" data-end=\"2083\">\u0e1e\u0e37\u0e49\u0e19\u0e1c\u0e34\u0e27\/\u0e1e\u0e37\u0e49\u0e19\u0e1c\u0e34\u0e27<\/td>\n<td data-col-size=\"md\" data-start=\"2083\" data-end=\"2147\">\u0e01\u0e23\u0e30\u0e14\u0e32\u0e29, \u0e01\u0e23\u0e30\u0e14\u0e32\u0e29\u0e21\u0e35\u0e01\u0e32\u0e27\u0e43\u0e19\u0e15\u0e31\u0e27, PVC, \u0e1e\u0e25\u0e32\u0e2a\u0e15\u0e34\u0e01\u0e2d\u0e48\u0e2d\u0e19, PET<\/td>\n<\/tr>\n<tr data-start=\"2148\" data-end=\"2253\">\n<td data-start=\"2148\" data-end=\"2166\" data-col-size=\"sm\">\u0e02\u0e19\u0e32\u0e14<\/td>\n<td data-col-size=\"sm\" data-start=\"2166\" data-end=\"2189\">\u0e02\u0e19\u0e32\u0e14\u0e21\u0e32\u0e15\u0e23\u0e10\u0e32\u0e19<\/td>\n<td data-col-size=\"md\" data-start=\"2189\" data-end=\"2253\">\u00d825 \u0e21\u0e21.; 25\u00d725; 30\u00d730; 40\u00d740; 50\u00d750 \u0e21\u0e21.; \u0e01\u0e33\u0e2b\u0e19\u0e14\u0e40\u0e2d\u0e07<\/td>\n<\/tr>\n<tr data-start=\"2254\" data-end=\"2359\">\n<td data-start=\"2254\" data-end=\"2272\" data-col-size=\"sm\">\u0e01\u0e32\u0e23\u0e1e\u0e34\u0e21\u0e1e\u0e4c<\/td>\n<td data-col-size=\"sm\" data-start=\"2272\" data-end=\"2295\">\u0e27\u0e34\u0e18\u0e35\u0e01\u0e32\u0e23<\/td>\n<td data-col-size=\"md\" data-start=\"2295\" data-end=\"2359\">\u0e2a\u0e35\u0e40\u0e15\u0e47\u0e21\u0e23\u0e39\u0e1b\u0e41\u0e1a\u0e1a (\u0e42\u0e25\u0e42\u0e01\u0e49, \u0e01\u0e23\u0e32\u0e1f\u0e34\u0e01, \u0e02\u0e49\u0e2d\u0e21\u0e39\u0e25\u0e15\u0e31\u0e27\u0e41\u0e1b\u0e23)<\/td>\n<\/tr>\n<tr data-start=\"2360\" data-end=\"2465\">\n<td data-start=\"2360\" data-end=\"2378\" data-col-size=\"sm\">\u0e15\u0e31\u0e27\u0e40\u0e25\u0e37\u0e2d\u0e01<\/td>\n<td data-col-size=\"sm\" data-start=\"2378\" data-end=\"2401\">\u0e0a\u0e34\u0e1b\u0e17\u0e32\u0e07\u0e40\u0e25\u0e37\u0e2d\u0e01<\/td>\n<td data-col-size=\"md\" data-start=\"2401\" data-end=\"2465\">\u0e40\u0e1a\u0e32\u0e21\u0e32\u0e01 C; \u0e40\u0e2d\u0e47\u0e19\u0e41\u0e17\u0e47\u0e01 203\/213\/216<\/td>\n<\/tr>\n<tr data-start=\"2466\" data-end=\"2573\">\n<td data-start=\"2466\" data-end=\"2484\" data-col-size=\"sm\">\u0e01\u0e23\u0e13\u0e35\u0e01\u0e32\u0e23\u0e43\u0e0a\u0e49\u0e07\u0e32\u0e19<\/td>\n<td data-start=\"2484\" data-end=\"2507\" data-col-size=\"sm\">\u0e41\u0e2d\u0e1b\u0e1e\u0e25\u0e34\u0e40\u0e04\u0e0a\u0e31\u0e19<\/td>\n<td data-col-size=\"md\" data-start=\"2507\" data-end=\"2573\">\u0e01\u0e32\u0e23\u0e0a\u0e33\u0e23\u0e30\u0e40\u0e07\u0e34\u0e19 \u0e01\u0e32\u0e23\u0e40\u0e02\u0e49\u0e32\u0e16\u0e36\u0e07 \u0e15\u0e31\u0e4b\u0e27\u0e2d\u0e34\u0e40\u0e25\u0e47\u0e01\u0e17\u0e23\u0e2d\u0e19\u0e34\u0e01\u0e2a\u0e4c \u0e04\u0e27\u0e32\u0e21\u0e20\u0e31\u0e01\u0e14\u0e35\/\u0e01\u0e32\u0e23\u0e15\u0e25\u0e32\u0e14 \u0e01\u0e32\u0e23\u0e22\u0e37\u0e19\u0e22\u0e31\u0e19\u0e15\u0e31\u0e27\u0e15\u0e19<\/td>\n<\/tr>\n<\/tbody>\n<\/table>\n<\/div>\n<\/div>","protected":false},"excerpt":{"rendered":"<p>\u0e2a\u0e15\u0e34\u0e01\u0e40\u0e01\u0e2d\u0e23\u0e4c NFC \u0e17\u0e35\u0e48\u0e21\u0e35 MIFARE Ultralight EV1\u2014ISO 14443A \u0e41\u0e15\u0e30\u0e2d\u0e22\u0e48\u0e32\u0e07\u0e1b\u0e25\u0e2d\u0e14\u0e20\u0e31\u0e22\u0e41\u0e25\u0e30\u0e23\u0e27\u0e14\u0e40\u0e23\u0e47\u0e27 \u0e1b\u0e49\u0e2d\u0e07\u0e01\u0e31\u0e19\u0e01\u0e32\u0e23\u0e0a\u0e19 \u0e41\u0e25\u0e30\u0e1e\u0e34\u0e21\u0e1e\u0e4c\u0e44\u0e14\u0e49\u0e40\u0e15\u0e47\u0e21\u0e2a\u0e35\u0e2a\u0e31\u0e19\u0e2a\u0e33\u0e2b\u0e23\u0e31\u0e1a\u0e01\u0e32\u0e23\u0e0a\u0e33\u0e23\u0e30\u0e40\u0e07\u0e34\u0e19 \u0e01\u0e32\u0e23\u0e40\u0e02\u0e49\u0e32\u0e16\u0e36\u0e07 \u0e01\u0e32\u0e23\u0e2d\u0e2d\u0e01\u0e15\u0e31\u0e4b\u0e27\u0e2d\u0e34\u0e40\u0e25\u0e47\u0e01\u0e17\u0e23\u0e2d\u0e19\u0e34\u0e01\u0e2a\u0e4c \u0e41\u0e25\u0e30\u0e41\u0e04\u0e21\u0e40\u0e1b\u0e0d\u0e02\u0e2d\u0e07\u0e41\u0e1a\u0e23\u0e19\u0e14\u0e4c.<\/p>","protected":false},"featured_media":955,"template":"","meta":{"_gspb_post_css":""},"product_brand":[],"product_cat":[29],"product_tag":[],"class_list":{"0":"post-954","1":"product","2":"type-product","3":"status-publish","4":"has-post-thumbnail","6":"product_cat-nfc-tags","8":"first","9":"instock","10":"shipping-taxable","11":"purchasable","12":"product-type-simple"},"_links":{"self":[{"href":"https:\/\/www.cxjsmartcard.com\/th\/wp-json\/wp\/v2\/product\/954","targetHints":{"allow":["GET"]}}],"collection":[{"href":"https:\/\/www.cxjsmartcard.com\/th\/wp-json\/wp\/v2\/product"}],"about":[{"href":"https:\/\/www.cxjsmartcard.com\/th\/wp-json\/wp\/v2\/types\/product"}],"wp:featuredmedia":[{"embeddable":true,"href":"https:\/\/www.cxjsmartcard.com\/th\/wp-json\/wp\/v2\/media\/955"}],"wp:attachment":[{"href":"https:\/\/www.cxjsmartcard.com\/th\/wp-json\/wp\/v2\/media?parent=954"}],"wp:term":[{"taxonomy":"product_brand","embeddable":true,"href":"https:\/\/www.cxjsmartcard.com\/th\/wp-json\/wp\/v2\/product_brand?post=954"},{"taxonomy":"product_cat","embeddable":true,"href":"https:\/\/www.cxjsmartcard.com\/th\/wp-json\/wp\/v2\/product_cat?post=954"},{"taxonomy":"product_tag","embeddable":true,"href":"https:\/\/www.cxjsmartcard.com\/th\/wp-json\/wp\/v2\/product_tag?post=954"}],"curies":[{"name":"wp","href":"https:\/\/api.w.org\/{rel}","templated":true}]}}