{"id":995,"date":"2025-11-03T09:46:30","date_gmt":"2025-11-03T09:46:30","guid":{"rendered":"https:\/\/www.cxjsmartcard.com\/?post_type=product&#038;p=995"},"modified":"2025-12-29T01:27:06","modified_gmt":"2025-12-29T01:27:06","slug":"uhf-rfid-keychain-key-fob","status":"publish","type":"product","link":"https:\/\/www.cxjsmartcard.com\/pt\/uhf-rfid-keychain-key-fob\/","title":{"rendered":"Chaveiro RFID UHF"},"content":{"rendered":"<p data-start=\"37\" data-end=\"311\">Chaveiro RFID UHF em ABS para rastreamento de ativos, controle de acesso e log\u00edstica. Opera em 860\u2013960 MHz (EPC Gen2), suporta leitura em lote de m\u00faltiplas tags e \u00e9 leve, dur\u00e1vel e personaliz\u00e1vel para uso individual ou corporativo.<\/p>\n<p data-start=\"313\" data-end=\"331\"><strong data-start=\"313\" data-end=\"329\">Principais caracter\u00edsticas<\/strong><\/p>\n<ul data-start=\"332\" data-end=\"806\">\n<li data-start=\"332\" data-end=\"389\">\n<p data-start=\"334\" data-end=\"389\">Revestimento em ABS; resistente a impactos e corros\u00e3o; \u221220 \u2103 a +70 \u2103<\/p>\n<\/li>\n<li data-start=\"390\" data-end=\"460\">\n<p data-start=\"392\" data-end=\"460\">UHF 860\u2013960 MHz; EPC C1G2\/ISO 18000-6C; mem\u00f3ria EPC\/Usu\u00e1rio de 96\u2013512 bits<\/p>\n<\/li>\n<li data-start=\"461\" data-end=\"517\">\n<p data-start=\"463\" data-end=\"517\">Dist\u00e2ncia de leitura: 3\u201310 m (dependendo do leitor\/ambiente)<\/p>\n<\/li>\n<li data-start=\"518\" data-end=\"575\">\n<p data-start=\"520\" data-end=\"575\">Identifica\u00e7\u00e3o de m\u00faltiplas etiquetas para digitaliza\u00e7\u00e3o de alta efici\u00eancia<\/p>\n<\/li>\n<li data-start=\"576\" data-end=\"643\">\n<p data-start=\"578\" data-end=\"643\">Compacto: dimens\u00f5es t\u00edpicas de 50 \u00d7 30 \u00d7 5 mm; 10\u201320 g; furo para chaveiro\/cord\u00e3o<\/p>\n<\/li>\n<li data-start=\"644\" data-end=\"701\">\n<p data-start=\"646\" data-end=\"701\">Prote\u00e7\u00e3o IP65\/IP67 opcional; vida \u00fatil superior a 10 anos.<\/p>\n<\/li>\n<li data-start=\"702\" data-end=\"749\">\n<p data-start=\"704\" data-end=\"749\">Op\u00e7\u00f5es de chip: NXP UCODE 8\/9, Alien H3\/H4\/H9<\/p>\n<\/li>\n<li data-start=\"750\" data-end=\"806\">\n<p data-start=\"752\" data-end=\"806\">Variante opcional de HF (13,56 MHz, ISO 14443A) sob encomenda.<\/p>\n<\/li>\n<\/ul>\n<p data-start=\"808\" data-end=\"984\"><strong data-start=\"808\" data-end=\"824\">Aplica\u00e7\u00f5es<\/strong><br data-start=\"824\" data-end=\"827\" \/>Gest\u00e3o de ativos empresariais \u2022 Controle de acesso inteligente e registro de entrada \u2022 Armazenagem e log\u00edstica \u2022 Rastreabilidade no varejo\/combate \u00e0 falsifica\u00e7\u00e3o \u2022 Etiquetagem de animais de estima\u00e7\u00e3o\/itens de valor.<\/p>\n<p data-start=\"986\" data-end=\"1175\"><strong data-start=\"986\" data-end=\"1016\">Grupos de clientes aplic\u00e1veis<\/strong><br data-start=\"1016\" data-end=\"1019\" \/>Log\u00edstica e cadeia de suprimentos \u2022 Opera\u00e7\u00f5es de manufatura e armazenagem \u2022 Edif\u00edcios inteligentes\/gest\u00e3o de propriedades \u2022 Marcas de varejo\/servi\u00e7os antifalsifica\u00e7\u00e3o \u2022 Usu\u00e1rios individuais.<\/p>\n<h2 data-start=\"1177\" data-end=\"1202\">Tabela (Especifica\u00e7\u00f5es)<\/h2>\n<div class=\"_tableContainer_1rjym_1\">\n<div class=\"group _tableWrapper_1rjym_13 flex w-fit flex-col-reverse\" tabindex=\"-1\">\n<table class=\"w-fit min-w-(--thread-content-width)\" data-start=\"1204\" data-end=\"3123\">\n<thead data-start=\"1204\" data-end=\"1305\">\n<tr data-start=\"1204\" data-end=\"1305\">\n<th data-start=\"1204\" data-end=\"1225\" data-col-size=\"sm\">Categoria<\/th>\n<th data-start=\"1225\" data-end=\"1253\" data-col-size=\"sm\">Par\u00e2metro<\/th>\n<th data-start=\"1253\" data-end=\"1305\" data-col-size=\"md\">Valor<\/th>\n<\/tr>\n<\/thead>\n<tbody data-start=\"1407\" data-end=\"3123\">\n<tr data-start=\"1407\" data-end=\"1507\">\n<td data-start=\"1407\" data-end=\"1427\" data-col-size=\"sm\">Produto<\/td>\n<td data-col-size=\"sm\" data-start=\"1427\" data-end=\"1455\">Nome<\/td>\n<td data-col-size=\"md\" data-start=\"1455\" data-end=\"1507\">Chaveiro ABS UHF RFID<\/td>\n<\/tr>\n<tr data-start=\"1508\" data-end=\"1608\">\n<td data-start=\"1508\" data-end=\"1528\" data-col-size=\"sm\">Dimens\u00f5es<\/td>\n<td data-col-size=\"sm\" data-start=\"1528\" data-end=\"1556\">Tamanho\/Peso<\/td>\n<td data-col-size=\"md\" data-start=\"1556\" data-end=\"1608\">50 \u00d7 30 \u00d7 5 mm (t\u00edpico); 10\u201320g<\/td>\n<\/tr>\n<tr data-start=\"1609\" data-end=\"1709\">\n<td data-start=\"1609\" data-end=\"1629\" data-col-size=\"sm\">Materiais<\/td>\n<td data-start=\"1629\" data-end=\"1657\" data-col-size=\"sm\">Habita\u00e7\u00e3o<\/td>\n<td data-col-size=\"md\" data-start=\"1657\" data-end=\"1709\">ABS (pl\u00e1stico de engenharia)<\/td>\n<\/tr>\n<tr data-start=\"1710\" data-end=\"1810\">\n<td data-start=\"1710\" data-end=\"1730\" data-col-size=\"sm\">RF (UHF)<\/td>\n<td data-col-size=\"sm\" data-start=\"1730\" data-end=\"1758\">Frequ\u00eancia\/Protocolo<\/td>\n<td data-col-size=\"md\" data-start=\"1758\" data-end=\"1810\">860\u2013960 MHz; ISO 18000-6C \/ EPC C1G2<\/td>\n<\/tr>\n<tr data-start=\"1811\" data-end=\"1911\">\n<td data-start=\"1811\" data-end=\"1831\" data-col-size=\"sm\">Mem\u00f3ria<\/td>\n<td data-col-size=\"sm\" data-start=\"1831\" data-end=\"1859\">EPC\/Usu\u00e1rio<\/td>\n<td data-col-size=\"md\" data-start=\"1859\" data-end=\"1911\">96\u2013512 bits (configur\u00e1vel)<\/td>\n<\/tr>\n<tr data-start=\"1912\" data-end=\"2012\">\n<td data-start=\"1912\" data-end=\"1932\" data-col-size=\"sm\">Desempenho<\/td>\n<td data-start=\"1932\" data-end=\"1960\" data-col-size=\"sm\">Intervalo de leitura<\/td>\n<td data-start=\"1960\" data-end=\"2012\" data-col-size=\"md\">3\u201310 m (dependendo do leitor\/ambiente)<\/td>\n<\/tr>\n<tr data-start=\"2013\" data-end=\"2113\">\n<td data-start=\"2013\" data-end=\"2033\" data-col-size=\"sm\">Capacidade de processamento<\/td>\n<td data-start=\"2033\" data-end=\"2061\" data-col-size=\"sm\">Leitura m\u00faltipla<\/td>\n<td data-col-size=\"md\" data-start=\"2061\" data-end=\"2113\">Leitura em lote de centenas de etiquetas por segundo<\/td>\n<\/tr>\n<tr data-start=\"2114\" data-end=\"2214\">\n<td data-start=\"2114\" data-end=\"2134\" data-col-size=\"sm\">Ambiente<\/td>\n<td data-start=\"2134\" data-end=\"2162\" data-col-size=\"sm\">Temperatura de opera\u00e7\u00e3o<\/td>\n<td data-start=\"2162\" data-end=\"2214\" data-col-size=\"md\">\u221220 \u2103 a +70 \u2103<\/td>\n<\/tr>\n<tr data-start=\"2215\" data-end=\"2315\">\n<td data-start=\"2215\" data-end=\"2235\" data-col-size=\"sm\">Prote\u00e7\u00e3o<\/td>\n<td data-start=\"2235\" data-end=\"2263\" data-col-size=\"sm\">Classifica\u00e7\u00e3o de entrada<\/td>\n<td data-start=\"2263\" data-end=\"2315\" data-col-size=\"md\">IP65 \/ IP67 (opcional)<\/td>\n<\/tr>\n<tr data-start=\"2316\" data-end=\"2416\">\n<td data-start=\"2316\" data-end=\"2336\" data-col-size=\"sm\">Longevidade<\/td>\n<td data-start=\"2336\" data-end=\"2364\" data-col-size=\"sm\">Vida \u00fatil<\/td>\n<td data-col-size=\"md\" data-start=\"2364\" data-end=\"2416\">&gt;10 anos (ambiente normal)<\/td>\n<\/tr>\n<tr data-start=\"2417\" data-end=\"2517\">\n<td data-start=\"2417\" data-end=\"2437\" data-col-size=\"sm\">Personaliza\u00e7\u00e3o<\/td>\n<td data-col-size=\"sm\" data-start=\"2437\" data-end=\"2465\">Cor\/Acabamento<\/td>\n<td data-col-size=\"md\" data-start=\"2465\" data-end=\"2517\">Cores personalizadas; impress\u00e3o de logotipo\/ID\/QR\/c\u00f3digo de barras<\/td>\n<\/tr>\n<tr data-start=\"2518\" data-end=\"2618\">\n<td data-start=\"2518\" data-end=\"2538\" data-col-size=\"sm\">Op\u00e7\u00f5es de CI<\/td>\n<td data-start=\"2538\" data-end=\"2566\" data-col-size=\"sm\">Batatas fritas<\/td>\n<td data-col-size=\"md\" data-start=\"2566\" data-end=\"2618\">UCODE 8\/9; Alien H3\/H4\/H9<\/td>\n<\/tr>\n<tr data-start=\"2619\" data-end=\"2719\">\n<td data-start=\"2619\" data-end=\"2639\" data-col-size=\"sm\">Variante (HF)<\/td>\n<td data-start=\"2639\" data-end=\"2667\" data-col-size=\"sm\">Opcional<\/td>\n<td data-start=\"2667\" data-end=\"2719\" data-col-size=\"md\">13,56 MHz; ISO 14443A (sob consulta)<\/td>\n<\/tr>\n<tr data-start=\"2720\" data-end=\"2820\">\n<td data-start=\"2720\" data-end=\"2740\" data-col-size=\"sm\">Casos de uso<\/td>\n<td data-col-size=\"sm\" data-start=\"2740\" data-end=\"2768\">Aplica\u00e7\u00f5es<\/td>\n<td data-col-size=\"md\" data-start=\"2768\" data-end=\"2820\">Acesso, ativos, log\u00edstica, varejo, animais de estima\u00e7\u00e3o\/itens<\/td>\n<\/tr>\n<tr data-start=\"2821\" data-end=\"2921\">\n<td data-start=\"2821\" data-end=\"2841\" data-col-size=\"sm\">MOQ<\/td>\n<td data-col-size=\"sm\" data-start=\"2841\" data-end=\"2869\">Pedido m\u00ednimo<\/td>\n<td data-col-size=\"md\" data-start=\"2869\" data-end=\"2921\">200 unidades<\/td>\n<\/tr>\n<tr data-start=\"2922\" data-end=\"3022\">\n<td data-start=\"2922\" data-end=\"2942\" data-col-size=\"sm\">Caracter\u00edsticas especiais<\/td>\n<td data-col-size=\"sm\" data-start=\"2942\" data-end=\"2970\">Atributos<\/td>\n<td data-col-size=\"md\" data-start=\"2970\" data-end=\"3022\">\u00c0 prova d&#039;\u00e1gua\/resistente \u00e0s intemp\u00e9ries; mini etiqueta<\/td>\n<\/tr>\n<tr data-start=\"3023\" data-end=\"3123\">\n<td data-start=\"3023\" data-end=\"3043\" data-col-size=\"sm\">Origem<\/td>\n<td data-col-size=\"sm\" data-start=\"3043\" data-end=\"3071\">Local de origem<\/td>\n<td data-col-size=\"md\" data-start=\"3071\" data-end=\"3123\">Guangdong, China<\/td>\n<\/tr>\n<\/tbody>\n<\/table>\n<\/div>\n<\/div>","protected":false},"excerpt":{"rendered":"<p>Chaveiro RFID UHF ABS para ativos e acesso \u2014 860\u2013960 MHz EPC Gen2, alcance de leitura de 3 a 10 m, identifica\u00e7\u00e3o multi-tag, design compacto de 50\u00d730\u00d75 mm, cores\/impress\u00e3o personaliz\u00e1veis e IP65\/67 opcional.<\/p>","protected":false},"featured_media":998,"template":"","meta":{"_gspb_post_css":""},"product_brand":[],"product_cat":[30],"product_tag":[],"class_list":{"0":"post-995","1":"product","2":"type-product","3":"status-publish","4":"has-post-thumbnail","6":"product_cat-rfid-keyfobs","8":"first","9":"instock","10":"shipping-taxable","11":"purchasable","12":"product-type-simple"},"_links":{"self":[{"href":"https:\/\/www.cxjsmartcard.com\/pt\/wp-json\/wp\/v2\/product\/995","targetHints":{"allow":["GET"]}}],"collection":[{"href":"https:\/\/www.cxjsmartcard.com\/pt\/wp-json\/wp\/v2\/product"}],"about":[{"href":"https:\/\/www.cxjsmartcard.com\/pt\/wp-json\/wp\/v2\/types\/product"}],"wp:featuredmedia":[{"embeddable":true,"href":"https:\/\/www.cxjsmartcard.com\/pt\/wp-json\/wp\/v2\/media\/998"}],"wp:attachment":[{"href":"https:\/\/www.cxjsmartcard.com\/pt\/wp-json\/wp\/v2\/media?parent=995"}],"wp:term":[{"taxonomy":"product_brand","embeddable":true,"href":"https:\/\/www.cxjsmartcard.com\/pt\/wp-json\/wp\/v2\/product_brand?post=995"},{"taxonomy":"product_cat","embeddable":true,"href":"https:\/\/www.cxjsmartcard.com\/pt\/wp-json\/wp\/v2\/product_cat?post=995"},{"taxonomy":"product_tag","embeddable":true,"href":"https:\/\/www.cxjsmartcard.com\/pt\/wp-json\/wp\/v2\/product_tag?post=995"}],"curies":[{"name":"wp","href":"https:\/\/api.w.org\/{rel}","templated":true}]}}