{"id":990,"date":"2025-11-03T09:44:33","date_gmt":"2025-11-03T09:44:33","guid":{"rendered":"https:\/\/www.cxjsmartcard.com\/?post_type=product&#038;p=990"},"modified":"2025-12-29T01:27:06","modified_gmt":"2025-12-29T01:27:06","slug":"rfid-keychain-waterproof-key-fob-tag","status":"publish","type":"product","link":"https:\/\/www.cxjsmartcard.com\/pt\/rfid-keychain-waterproof-key-fob-tag\/","title":{"rendered":"Chaveiro RFID \u00e0 prova d&#039;\u00e1gua com etiqueta para chaves."},"content":{"rendered":"<p data-start=\"48\" data-end=\"312\">Chaveiro RFID\/NFC dur\u00e1vel para acesso e identifica\u00e7\u00e3o di\u00e1rios. As carca\u00e7as em PVC\/ABS\/ep\u00f3xi s\u00e3o \u00e0 prova d&#039;\u00e1gua e suportam impress\u00e3o e n\u00fameros de s\u00e9rie personalizados. Dispon\u00edvel nas frequ\u00eancias LF, HF e UHF para compatibilidade com sistemas novos ou antigos.<\/p>\n<p data-start=\"314\" data-end=\"328\"><strong data-start=\"314\" data-end=\"326\">Caracter\u00edsticas<\/strong><\/p>\n<ul data-start=\"329\" data-end=\"596\">\n<li data-start=\"329\" data-end=\"359\">\n<p data-start=\"331\" data-end=\"359\">Materiais: PVC, ABS, ep\u00f3xi<\/p>\n<\/li>\n<li data-start=\"360\" data-end=\"410\">\n<p data-start=\"362\" data-end=\"410\">Frequ\u00eancias: 125 kHz \u2022 13,56 MHz \u2022 860\u2013960 MHz<\/p>\n<\/li>\n<li data-start=\"411\" data-end=\"447\">\n<p data-start=\"413\" data-end=\"447\">Impress\u00e3o: logotipo e n\u00famero de s\u00e9rie<\/p>\n<\/li>\n<li data-start=\"448\" data-end=\"552\">\n<p data-start=\"450\" data-end=\"552\">Op\u00e7\u00f5es de chip: RFID 1K (MIFARE 1K), NTAG213\/215, H9, NXP UCODE 9, TK4100, EM4305, EM4200, T5577, etc.<\/p>\n<\/li>\n<li data-start=\"553\" data-end=\"596\">\n<p data-start=\"555\" data-end=\"596\">Cores: preto, branco, verde, azul, outras<\/p>\n<\/li>\n<\/ul>\n<p data-start=\"598\" data-end=\"769\"><strong data-start=\"598\" data-end=\"614\">Aplica\u00e7\u00f5es<\/strong><br data-start=\"614\" data-end=\"617\" \/>Controle de acesso, frequ\u00eancia, identifica\u00e7\u00e3o, log\u00edstica, automa\u00e7\u00e3o industrial, ingressos, associa\u00e7\u00e3o, transporte p\u00fablico, pagamento sem dinheiro, piscinas, lavanderia.<\/p>\n<p data-start=\"771\" data-end=\"803\"><strong data-start=\"771\" data-end=\"801\">Notas (implanta\u00e7\u00f5es comuns)<\/strong><\/p>\n<ul data-start=\"804\" data-end=\"1010\">\n<li data-start=\"804\" data-end=\"911\">\n<p data-start=\"806\" data-end=\"911\"><strong data-start=\"806\" data-end=\"820\">125 kHz LF<\/strong>: port\u00f5es de acesso, elevadores, entrada de edif\u00edcios \u2014 chips como ATA5577, TK4100, EM4200, EM4305.<\/p>\n<\/li>\n<li data-start=\"912\" data-end=\"1010\">\n<p data-start=\"914\" data-end=\"1010\"><strong data-start=\"914\" data-end=\"943\">13,56 MHz HF (ISO 14443A)<\/strong>: fechaduras individuais de apartamentos\/portas \u2014 chips como MIFARE 1K, NTAG213.<\/p>\n<\/li>\n<\/ul>\n<h2 data-start=\"1012\" data-end=\"1037\">Tabela (Especifica\u00e7\u00f5es)<\/h2>\n<div class=\"_tableContainer_1rjym_1\">\n<div class=\"group _tableWrapper_1rjym_13 flex w-fit flex-col-reverse\" tabindex=\"-1\">\n<table class=\"w-fit min-w-(--thread-content-width)\" data-start=\"1039\" data-end=\"2203\">\n<thead data-start=\"1039\" data-end=\"1135\">\n<tr data-start=\"1039\" data-end=\"1135\">\n<th data-start=\"1039\" data-end=\"1057\" data-col-size=\"sm\">Categoria<\/th>\n<th data-start=\"1057\" data-end=\"1077\" data-col-size=\"sm\">Par\u00e2metro<\/th>\n<th data-start=\"1077\" data-end=\"1135\" data-col-size=\"lg\">Valor<\/th>\n<\/tr>\n<\/thead>\n<tbody data-start=\"1233\" data-end=\"2203\">\n<tr data-start=\"1233\" data-end=\"1329\">\n<td data-start=\"1233\" data-end=\"1251\" data-col-size=\"sm\">Produto<\/td>\n<td data-col-size=\"sm\" data-start=\"1251\" data-end=\"1271\">Tipo<\/td>\n<td data-col-size=\"lg\" data-start=\"1271\" data-end=\"1329\">Chaveiro RFID \u00e0 prova d&#039;\u00e1gua<\/td>\n<\/tr>\n<tr data-start=\"1330\" data-end=\"1426\">\n<td data-start=\"1330\" data-end=\"1348\" data-col-size=\"sm\">Materiais<\/td>\n<td data-start=\"1348\" data-end=\"1368\" data-col-size=\"sm\">Habita\u00e7\u00e3o<\/td>\n<td data-col-size=\"lg\" data-start=\"1368\" data-end=\"1426\">PVC, ABS, Ep\u00f3xi<\/td>\n<\/tr>\n<tr data-start=\"1427\" data-end=\"1523\">\n<td data-start=\"1427\" data-end=\"1445\" data-col-size=\"sm\">Bandas de RF<\/td>\n<td data-start=\"1445\" data-end=\"1465\" data-col-size=\"sm\">Freq\u00fc\u00eancia<\/td>\n<td data-start=\"1465\" data-end=\"1523\" data-col-size=\"lg\">125 kHz; 13,56 MHz; 860\u2013960 MHz<\/td>\n<\/tr>\n<tr data-start=\"1524\" data-end=\"1620\">\n<td data-start=\"1524\" data-end=\"1542\" data-col-size=\"sm\">Personaliza\u00e7\u00e3o<\/td>\n<td data-start=\"1542\" data-end=\"1562\" data-col-size=\"sm\">Impress\u00e3o<\/td>\n<td data-start=\"1562\" data-end=\"1620\" data-col-size=\"lg\">Impress\u00e3o de logotipos; n\u00fameros de s\u00e9rie<\/td>\n<\/tr>\n<tr data-start=\"1621\" data-end=\"1739\">\n<td data-start=\"1621\" data-end=\"1639\" data-col-size=\"sm\">Op\u00e7\u00f5es de CI<\/td>\n<td data-start=\"1639\" data-end=\"1659\" data-col-size=\"sm\">Batatas fritas<\/td>\n<td data-col-size=\"lg\" data-start=\"1659\" data-end=\"1739\">RFID1K; NTAG213\/215; H9; NXP UCODE 9; TK4100; EM4305; EM4200; T5577; outros<\/td>\n<\/tr>\n<tr data-start=\"1740\" data-end=\"1836\">\n<td data-start=\"1740\" data-end=\"1758\" data-col-size=\"sm\">Cores<\/td>\n<td data-col-size=\"sm\" data-start=\"1758\" data-end=\"1778\">Variantes<\/td>\n<td data-col-size=\"lg\" data-start=\"1778\" data-end=\"1836\">Preto, branco, verde, azul, etc.<\/td>\n<\/tr>\n<tr data-start=\"1837\" data-end=\"2009\">\n<td data-start=\"1837\" data-end=\"1855\" data-col-size=\"sm\">Aplica\u00e7\u00f5es<\/td>\n<td data-col-size=\"sm\" data-start=\"1855\" data-end=\"1875\">Casos de uso<\/td>\n<td data-col-size=\"lg\" data-start=\"1875\" data-end=\"2009\">Controle de acesso; frequ\u00eancia; identifica\u00e7\u00e3o; log\u00edstica; automa\u00e7\u00e3o industrial; ingressos; associa\u00e7\u00e3o; transporte p\u00fablico; pagamento eletr\u00f4nico; piscinas; lavanderia<\/td>\n<\/tr>\n<tr data-start=\"2010\" data-end=\"2106\">\n<td data-start=\"2010\" data-end=\"2028\" data-col-size=\"sm\">Orienta\u00e7\u00e3o<\/td>\n<td data-col-size=\"sm\" data-start=\"2028\" data-end=\"2048\">Uso t\u00edpico de LF<\/td>\n<td data-col-size=\"lg\" data-start=\"2048\" data-end=\"2106\">Comodidades (port\u00f5es, elevadores, edif\u00edcios)<\/td>\n<\/tr>\n<tr data-start=\"2107\" data-end=\"2203\">\n<td data-start=\"2107\" data-end=\"2125\" data-col-size=\"sm\">Orienta\u00e7\u00e3o<\/td>\n<td data-start=\"2125\" data-end=\"2145\" data-col-size=\"sm\">Uso t\u00edpico de HF<\/td>\n<td data-col-size=\"lg\" data-start=\"2145\" data-end=\"2203\">Fechaduras para portas de apartamentos\/quartos (ISO 14443A)<\/td>\n<\/tr>\n<\/tbody>\n<\/table>\n<\/div>\n<\/div>","protected":false},"excerpt":{"rendered":"<p>Chaveiro RFID\/NFC \u00e0 prova d&#039;\u00e1gua em PVC\/ABS\/ep\u00f3xi com impress\u00e3o personalizada. Compat\u00edvel com LF 125 kHz, HF 13,56 MHz e UHF 860\u2013960 MHz com diversas op\u00e7\u00f5es de chips para acesso e identifica\u00e7\u00e3o.<\/p>","protected":false},"featured_media":993,"template":"","meta":{"_gspb_post_css":""},"product_brand":[],"product_cat":[30],"product_tag":[],"class_list":{"0":"post-990","1":"product","2":"type-product","3":"status-publish","4":"has-post-thumbnail","6":"product_cat-rfid-keyfobs","8":"first","9":"instock","10":"shipping-taxable","11":"purchasable","12":"product-type-simple"},"_links":{"self":[{"href":"https:\/\/www.cxjsmartcard.com\/pt\/wp-json\/wp\/v2\/product\/990","targetHints":{"allow":["GET"]}}],"collection":[{"href":"https:\/\/www.cxjsmartcard.com\/pt\/wp-json\/wp\/v2\/product"}],"about":[{"href":"https:\/\/www.cxjsmartcard.com\/pt\/wp-json\/wp\/v2\/types\/product"}],"wp:featuredmedia":[{"embeddable":true,"href":"https:\/\/www.cxjsmartcard.com\/pt\/wp-json\/wp\/v2\/media\/993"}],"wp:attachment":[{"href":"https:\/\/www.cxjsmartcard.com\/pt\/wp-json\/wp\/v2\/media?parent=990"}],"wp:term":[{"taxonomy":"product_brand","embeddable":true,"href":"https:\/\/www.cxjsmartcard.com\/pt\/wp-json\/wp\/v2\/product_brand?post=990"},{"taxonomy":"product_cat","embeddable":true,"href":"https:\/\/www.cxjsmartcard.com\/pt\/wp-json\/wp\/v2\/product_cat?post=990"},{"taxonomy":"product_tag","embeddable":true,"href":"https:\/\/www.cxjsmartcard.com\/pt\/wp-json\/wp\/v2\/product_tag?post=990"}],"curies":[{"name":"wp","href":"https:\/\/api.w.org\/{rel}","templated":true}]}}