{"id":985,"date":"2025-11-03T09:43:06","date_gmt":"2025-11-03T09:43:06","guid":{"rendered":"https:\/\/www.cxjsmartcard.com\/?post_type=product&#038;p=985"},"modified":"2025-12-29T01:27:06","modified_gmt":"2025-12-29T01:27:06","slug":"ntag213-nfc-keychain-key-fob","status":"publish","type":"product","link":"https:\/\/www.cxjsmartcard.com\/pt\/ntag213-nfc-keychain-key-fob\/","title":{"rendered":"Chaveiro NFC NTAG213"},"content":{"rendered":"<p data-start=\"40\" data-end=\"315\">Chaveiro NFC resistente com NXP NTAG213 para acesso di\u00e1rio e toques r\u00e1pidos com smartphones. O corpo em ABS \u00e0 prova d&#039;\u00e1gua inclui um anel de metal e suporta impress\u00e3o personalizada, c\u00f3digos de barras\/QR e codifica\u00e7\u00e3o de dados para f\u00e1cil implementa\u00e7\u00e3o em controle de acesso e uso em redes sociais.<\/p>\n<p data-start=\"317\" data-end=\"335\"><strong data-start=\"317\" data-end=\"333\">Principais caracter\u00edsticas<\/strong><\/p>\n<ul data-start=\"336\" data-end=\"625\">\n<li data-start=\"336\" data-end=\"374\">\n<p data-start=\"338\" data-end=\"374\">HF 13,56 MHz, ISO\/IEC 14443A (NFC)<\/p>\n<\/li>\n<li data-start=\"375\" data-end=\"422\">\n<p data-start=\"377\" data-end=\"422\">Mem\u00f3ria de usu\u00e1rio de 144 bytes; \u2265100.000 ciclos de grava\u00e7\u00e3o<\/p>\n<\/li>\n<li data-start=\"423\" data-end=\"480\">\n<p data-start=\"425\" data-end=\"480\">Alcance de leitura t\u00edpico: 2\u20133 cm (dependendo do dispositivo\/antena)<\/p>\n<\/li>\n<li data-start=\"481\" data-end=\"521\">\n<p data-start=\"483\" data-end=\"521\">Carca\u00e7a em ABS\/pl\u00e1stico; v\u00e1rias cores<\/p>\n<\/li>\n<li data-start=\"522\" data-end=\"584\">\n<p data-start=\"524\" data-end=\"584\">Impress\u00e3o em uma ou v\u00e1rias cores; c\u00f3digo de barras\/QR; codifica\u00e7\u00e3o de dados<\/p>\n<\/li>\n<li data-start=\"585\" data-end=\"625\">\n<p data-start=\"587\" data-end=\"625\">Tamanho padr\u00e3o 41 \u00d7 32 mm; personaliz\u00e1vel<\/p>\n<\/li>\n<\/ul>\n<p data-start=\"627\" data-end=\"761\"><strong data-start=\"627\" data-end=\"643\">Aplica\u00e7\u00f5es<\/strong><br data-start=\"643\" data-end=\"646\" \/>Controle de acesso e fechaduras de portas \u2022 M\u00eddias sociais e links inteligentes \u2022 Check-in de eventos \u2022 Identifica\u00e7\u00e3o di\u00e1ria e marca\u00e7\u00e3o de membros.<\/p>\n<h2 data-start=\"763\" data-end=\"788\">Tabela (Especifica\u00e7\u00f5es)<\/h2>\n<div class=\"_tableContainer_1rjym_1\">\n<div class=\"group _tableWrapper_1rjym_13 flex w-fit flex-col-reverse\" tabindex=\"-1\">\n<table class=\"w-fit min-w-(--thread-content-width)\" data-start=\"790\" data-end=\"2082\">\n<thead data-start=\"790\" data-end=\"873\">\n<tr data-start=\"790\" data-end=\"873\">\n<th data-start=\"790\" data-end=\"808\" data-col-size=\"sm\">Categoria<\/th>\n<th data-start=\"808\" data-end=\"830\" data-col-size=\"sm\">Par\u00e2metro<\/th>\n<th data-start=\"830\" data-end=\"873\" data-col-size=\"md\">Valor<\/th>\n<\/tr>\n<\/thead>\n<tbody data-start=\"958\" data-end=\"2082\">\n<tr data-start=\"958\" data-end=\"1041\">\n<td data-start=\"958\" data-end=\"976\" data-col-size=\"sm\">Produto<\/td>\n<td data-start=\"976\" data-end=\"998\" data-col-size=\"sm\">Nome<\/td>\n<td data-col-size=\"md\" data-start=\"998\" data-end=\"1041\">Chaveiro NFC NTAG213<\/td>\n<\/tr>\n<tr data-start=\"1042\" data-end=\"1125\">\n<td data-start=\"1042\" data-end=\"1060\" data-col-size=\"sm\">RF<\/td>\n<td data-start=\"1060\" data-end=\"1082\" data-col-size=\"sm\">Freq\u00fc\u00eancia<\/td>\n<td data-start=\"1082\" data-end=\"1125\" data-col-size=\"md\">13,56 MHz (HF)<\/td>\n<\/tr>\n<tr data-start=\"1126\" data-end=\"1209\">\n<td data-start=\"1126\" data-end=\"1144\" data-col-size=\"sm\"><\/td>\n<td data-col-size=\"sm\" data-start=\"1144\" data-end=\"1166\">Protocolo<\/td>\n<td data-col-size=\"md\" data-start=\"1166\" data-end=\"1209\">ISO\/IEC 14443A<\/td>\n<\/tr>\n<tr data-start=\"1210\" data-end=\"1293\">\n<td data-start=\"1210\" data-end=\"1228\" data-col-size=\"sm\">Mem\u00f3ria<\/td>\n<td data-start=\"1228\" data-end=\"1250\" data-col-size=\"sm\">Capacidade do usu\u00e1rio<\/td>\n<td data-start=\"1250\" data-end=\"1293\" data-col-size=\"md\">144 bytes<\/td>\n<\/tr>\n<tr data-start=\"1294\" data-end=\"1377\">\n<td data-start=\"1294\" data-end=\"1312\" data-col-size=\"sm\">Resist\u00eancia<\/td>\n<td data-start=\"1312\" data-end=\"1334\" data-col-size=\"sm\">Ciclos de escrita<\/td>\n<td data-col-size=\"md\" data-start=\"1334\" data-end=\"1377\">\u2265100.000<\/td>\n<\/tr>\n<tr data-start=\"1378\" data-end=\"1461\">\n<td data-start=\"1378\" data-end=\"1396\" data-col-size=\"sm\">Desempenho<\/td>\n<td data-col-size=\"sm\" data-start=\"1396\" data-end=\"1418\">Intervalo de leitura<\/td>\n<td data-col-size=\"md\" data-start=\"1418\" data-end=\"1461\">2\u20133 cm<\/td>\n<\/tr>\n<tr data-start=\"1462\" data-end=\"1545\">\n<td data-start=\"1462\" data-end=\"1480\" data-col-size=\"sm\">Materiais<\/td>\n<td data-col-size=\"sm\" data-start=\"1480\" data-end=\"1502\">Habita\u00e7\u00e3o<\/td>\n<td data-col-size=\"md\" data-start=\"1502\" data-end=\"1545\">ABS \/ Pl\u00e1stico (\u00e0 prova d&#039;\u00e1gua)<\/td>\n<\/tr>\n<tr data-start=\"1546\" data-end=\"1629\">\n<td data-start=\"1546\" data-end=\"1564\" data-col-size=\"sm\">Dimens\u00f5es<\/td>\n<td data-start=\"1564\" data-end=\"1586\" data-col-size=\"sm\">Tamanho<\/td>\n<td data-col-size=\"md\" data-start=\"1586\" data-end=\"1629\">41 \u00d7 32 mm (personaliz\u00e1vel)<\/td>\n<\/tr>\n<tr data-start=\"1630\" data-end=\"1722\">\n<td data-start=\"1630\" data-end=\"1648\" data-col-size=\"sm\">Cores<\/td>\n<td data-col-size=\"sm\" data-start=\"1648\" data-end=\"1670\">Op\u00e7\u00f5es<\/td>\n<td data-col-size=\"md\" data-start=\"1670\" data-end=\"1722\">Preto, amarelo, vermelho, verde, azul, rosa ou personalizado.<\/td>\n<\/tr>\n<tr data-start=\"1723\" data-end=\"1821\">\n<td data-start=\"1723\" data-end=\"1741\" data-col-size=\"sm\">Personaliza\u00e7\u00e3o<\/td>\n<td data-col-size=\"sm\" data-start=\"1741\" data-end=\"1763\">Arte<\/td>\n<td data-col-size=\"md\" data-start=\"1763\" data-end=\"1821\">Impress\u00e3o em uma ou v\u00e1rias cores; C\u00f3digo de barras\/QR; Codifica\u00e7\u00e3o de dados<\/td>\n<\/tr>\n<tr data-start=\"1822\" data-end=\"1906\">\n<td data-start=\"1822\" data-end=\"1840\" data-col-size=\"sm\">Ambiente<\/td>\n<td data-start=\"1840\" data-end=\"1862\" data-col-size=\"sm\">Temperatura de opera\u00e7\u00e3o<\/td>\n<td data-start=\"1862\" data-end=\"1906\" data-col-size=\"md\">\u221220 \u2103 a +55 \u2103<\/td>\n<\/tr>\n<tr data-start=\"1907\" data-end=\"1990\">\n<td data-start=\"1907\" data-end=\"1925\" data-col-size=\"sm\">Embalagem<\/td>\n<td data-col-size=\"sm\" data-start=\"1925\" data-end=\"1947\">Formato de entrega<\/td>\n<td data-col-size=\"md\" data-start=\"1947\" data-end=\"1990\">100 unidades por saco; 10 sacos por caixa<\/td>\n<\/tr>\n<tr data-start=\"1991\" data-end=\"2082\">\n<td data-start=\"1991\" data-end=\"2009\" data-col-size=\"sm\">Casos de uso<\/td>\n<td data-start=\"2009\" data-end=\"2031\" data-col-size=\"sm\">Aplica\u00e7\u00f5es t\u00edpicas<\/td>\n<td data-col-size=\"md\" data-start=\"2031\" data-end=\"2082\">Redes sociais, controle de acesso, sistemas de fechaduras de portas<\/td>\n<\/tr>\n<\/tbody>\n<\/table>\n<\/div>\n<\/div>","protected":false},"excerpt":{"rendered":"<p>Chaveiro NFC em ABS com NTAG213 \u2014 13,56 MHz, mem\u00f3ria de 144 bytes, alcance de leitura de 2 a 3 cm, caixa \u00e0 prova d&#039;\u00e1gua, cores\/impress\u00e3o personalizadas e codifica\u00e7\u00e3o de dados para acesso e conex\u00f5es inteligentes.<\/p>","protected":false},"featured_media":986,"template":"","meta":{"_gspb_post_css":""},"product_brand":[],"product_cat":[30],"product_tag":[],"class_list":{"0":"post-985","1":"product","2":"type-product","3":"status-publish","4":"has-post-thumbnail","6":"product_cat-rfid-keyfobs","8":"first","9":"instock","10":"shipping-taxable","11":"purchasable","12":"product-type-simple"},"_links":{"self":[{"href":"https:\/\/www.cxjsmartcard.com\/pt\/wp-json\/wp\/v2\/product\/985","targetHints":{"allow":["GET"]}}],"collection":[{"href":"https:\/\/www.cxjsmartcard.com\/pt\/wp-json\/wp\/v2\/product"}],"about":[{"href":"https:\/\/www.cxjsmartcard.com\/pt\/wp-json\/wp\/v2\/types\/product"}],"wp:featuredmedia":[{"embeddable":true,"href":"https:\/\/www.cxjsmartcard.com\/pt\/wp-json\/wp\/v2\/media\/986"}],"wp:attachment":[{"href":"https:\/\/www.cxjsmartcard.com\/pt\/wp-json\/wp\/v2\/media?parent=985"}],"wp:term":[{"taxonomy":"product_brand","embeddable":true,"href":"https:\/\/www.cxjsmartcard.com\/pt\/wp-json\/wp\/v2\/product_brand?post=985"},{"taxonomy":"product_cat","embeddable":true,"href":"https:\/\/www.cxjsmartcard.com\/pt\/wp-json\/wp\/v2\/product_cat?post=985"},{"taxonomy":"product_tag","embeddable":true,"href":"https:\/\/www.cxjsmartcard.com\/pt\/wp-json\/wp\/v2\/product_tag?post=985"}],"curies":[{"name":"wp","href":"https:\/\/api.w.org\/{rel}","templated":true}]}}